{"id":3378266,"date":"2025-06-03T12:20:02","date_gmt":"2025-06-03T09:20:02","guid":{"rendered":"https:\/\/tallinndesignhouse.com\/toode\/kaelakee-night-shell\/"},"modified":"2026-04-29T01:01:25","modified_gmt":"2026-04-28T22:01:25","slug":"kaelakee-night-shell","status":"publish","type":"product","link":"https:\/\/tallinndesignhouse.com\/en\/toode\/kaelakee-night-shell\/","title":{"rendered":"Night Shell necklace"},"content":{"rendered":"<p>Night Shell necklace by NRTN. Size: 24 \u00d7 15 \u00d7 6 mm. Chain length 45 cm. Materials: Silver 925, 14K Gold Plating or Gunmetal Plating, Oxidised Silver Chain. Sound of the ocean, mystics, and the passing of time. The NIGHT FIRE capsule collection develops the iconography of temporal romanticism and vibrant rituals. The SAMADHI FIRE collection draws profound inspiration from both Thai and Sino traditional patterns, seamlessly weaving these rich cultural elements into intricate, three-dimensional forms that give birth to a new myth within a post-apocalyptic hyperreality.<\/p>\n","protected":false},"excerpt":{"rendered":"<p>Night Shell necklace by NRTN. Size: 24 \u00d7 15 \u00d7 6 mm. Chain length 45 cm. Materials: Silver 925, 14K Gold Plating or Gunmetal Plating, Oxidised Silver Chain. Sound of the ocean, mystics, and the passing of time. The NIGHT FIRE capsule collection develops the iconography of temporal romanticism and vibrant rituals. The SAMADHI FIRE [&hellip;]<\/p>\n","protected":false},"featured_media":3378237,"template":"","meta":{"_acf_changed":false},"product_brand":[],"product_cat":[2127,3223,3718],"product_tag":[2819],"class_list":{"0":"post-3378266","1":"product","2":"type-product","3":"status-publish","4":"has-post-thumbnail","6":"product_cat-necklaces","7":"product_cat-jewellery-en","8":"product_cat-winter-style","9":"product_tag-women","10":"pa_brand-nrtn-en","11":"pa_varv-black-en","12":"pa_varv-golden-en","13":"pa_varv-silver-en","15":"first","16":"instock","17":"taxable","18":"shipping-taxable","19":"purchasable","20":"product-type-variable"},"acf":[],"yoast_head":"<!-- This site is optimized with the Yoast SEO plugin v26.0 - https:\/\/yoast.com\/wordpress\/plugins\/seo\/ -->\n<title>NRTN Night Shell necklace - Tallinn Design House<\/title>\n<meta name=\"description\" content=\"NRTN kaelakee Night Shell. M\u00f5\u00f5dud: 24 \u00d7 15 \u00d7 6 mm | Keti pikkus: 45 cm.\" \/>\n<meta name=\"robots\" content=\"index, follow, max-snippet:-1, max-image-preview:large, max-video-preview:-1\" \/>\n<link rel=\"canonical\" href=\"https:\/\/tallinndesignhouse.com\/toode\/kaelakee-night-shell\/\" \/>\n<meta property=\"og:locale\" content=\"en_US\" \/>\n<meta property=\"og:type\" content=\"article\" \/>\n<meta property=\"og:title\" content=\"NRTN Night Shell necklace - Tallinn Design House\" \/>\n<meta property=\"og:description\" content=\"NRTN kaelakee Night Shell. M\u00f5\u00f5dud: 24 \u00d7 15 \u00d7 6 mm | Keti pikkus: 45 cm.\" \/>\n<meta property=\"og:url\" content=\"https:\/\/tallinndesignhouse.com\/toode\/kaelakee-night-shell\/\" \/>\n<meta property=\"og:site_name\" content=\"Tallinn Design House\" \/>\n<meta property=\"article:modified_time\" content=\"2026-04-28T22:01:25+00:00\" \/>\n<meta property=\"og:image\" content=\"https:\/\/tallinndesignhouse.com\/wp-content\/uploads\/2025\/06\/Kaelakee-Night-Shell-hobedane-NRTN_.jpg\" \/>\n\t<meta property=\"og:image:width\" content=\"1080\" \/>\n\t<meta property=\"og:image:height\" content=\"1350\" \/>\n\t<meta property=\"og:image:type\" content=\"image\/jpeg\" \/>\n<meta name=\"twitter:card\" content=\"summary_large_image\" \/>\n<meta name=\"twitter:label1\" content=\"Est. reading time\" \/>\n\t<meta name=\"twitter:data1\" content=\"1 minute\" \/>\n<script type=\"application\/ld+json\" class=\"yoast-schema-graph\">{\"@context\":\"https:\/\/schema.org\",\"@graph\":[{\"@type\":\"WebPage\",\"@id\":\"https:\/\/tallinndesignhouse.com\/toode\/kaelakee-night-shell\/\",\"url\":\"https:\/\/tallinndesignhouse.com\/toode\/kaelakee-night-shell\/\",\"name\":\"NRTN Night Shell necklace - Tallinn Design House\",\"isPartOf\":{\"@id\":\"https:\/\/tallinndesignhouse.com\/#website\"},\"primaryImageOfPage\":{\"@id\":\"https:\/\/tallinndesignhouse.com\/toode\/kaelakee-night-shell\/#primaryimage\"},\"image\":{\"@id\":\"https:\/\/tallinndesignhouse.com\/toode\/kaelakee-night-shell\/#primaryimage\"},\"thumbnailUrl\":\"https:\/\/tallinndesignhouse.com\/wp-content\/uploads\/2025\/06\/Kaelakee-Night-Shell-hobedane-NRTN_.jpg\",\"datePublished\":\"2025-06-03T09:20:02+00:00\",\"dateModified\":\"2026-04-28T22:01:25+00:00\",\"description\":\"NRTN kaelakee Night Shell. M\u00f5\u00f5dud: 24 \u00d7 15 \u00d7 6 mm | Keti pikkus: 45 cm.\",\"breadcrumb\":{\"@id\":\"https:\/\/tallinndesignhouse.com\/toode\/kaelakee-night-shell\/#breadcrumb\"},\"inLanguage\":\"en-US\",\"potentialAction\":[{\"@type\":\"ReadAction\",\"target\":[\"https:\/\/tallinndesignhouse.com\/toode\/kaelakee-night-shell\/\"]}]},{\"@type\":\"ImageObject\",\"inLanguage\":\"en-US\",\"@id\":\"https:\/\/tallinndesignhouse.com\/toode\/kaelakee-night-shell\/#primaryimage\",\"url\":\"https:\/\/tallinndesignhouse.com\/wp-content\/uploads\/2025\/06\/Kaelakee-Night-Shell-hobedane-NRTN_.jpg\",\"contentUrl\":\"https:\/\/tallinndesignhouse.com\/wp-content\/uploads\/2025\/06\/Kaelakee-Night-Shell-hobedane-NRTN_.jpg\",\"width\":1080,\"height\":1350,\"caption\":\"Kaelakee Night Shell ho\u0303bedane - NRTN_\"},{\"@type\":\"BreadcrumbList\",\"@id\":\"https:\/\/tallinndesignhouse.com\/toode\/kaelakee-night-shell\/#breadcrumb\",\"itemListElement\":[{\"@type\":\"ListItem\",\"position\":1,\"name\":\"Home\",\"item\":\"https:\/\/tallinndesignhouse.com\/en\/\"},{\"@type\":\"ListItem\",\"position\":2,\"name\":\"Shop\",\"item\":\"https:\/\/tallinndesignhouse.com\/en\/shop\/\"},{\"@type\":\"ListItem\",\"position\":3,\"name\":\"Night Shell necklace\"}]},{\"@type\":\"WebSite\",\"@id\":\"https:\/\/tallinndesignhouse.com\/#website\",\"url\":\"https:\/\/tallinndesignhouse.com\/\",\"name\":\"Tallinn Design House\",\"description\":\"Eesti disain Rotermanni kvartalis\",\"potentialAction\":[{\"@type\":\"SearchAction\",\"target\":{\"@type\":\"EntryPoint\",\"urlTemplate\":\"https:\/\/tallinndesignhouse.com\/?s={search_term_string}\"},\"query-input\":{\"@type\":\"PropertyValueSpecification\",\"valueRequired\":true,\"valueName\":\"search_term_string\"}}],\"inLanguage\":\"en-US\"}]}<\/script>\n<!-- \/ Yoast SEO plugin. -->","yoast_head_json":{"title":"NRTN Night Shell necklace - Tallinn Design House","description":"NRTN kaelakee Night Shell. M\u00f5\u00f5dud: 24 \u00d7 15 \u00d7 6 mm | Keti pikkus: 45 cm.","robots":{"index":"index","follow":"follow","max-snippet":"max-snippet:-1","max-image-preview":"max-image-preview:large","max-video-preview":"max-video-preview:-1"},"canonical":"https:\/\/tallinndesignhouse.com\/toode\/kaelakee-night-shell\/","og_locale":"en_US","og_type":"article","og_title":"NRTN Night Shell necklace - Tallinn Design House","og_description":"NRTN kaelakee Night Shell. M\u00f5\u00f5dud: 24 \u00d7 15 \u00d7 6 mm | Keti pikkus: 45 cm.","og_url":"https:\/\/tallinndesignhouse.com\/toode\/kaelakee-night-shell\/","og_site_name":"Tallinn Design House","article_modified_time":"2026-04-28T22:01:25+00:00","og_image":[{"width":1080,"height":1350,"url":"https:\/\/tallinndesignhouse.com\/wp-content\/uploads\/2025\/06\/Kaelakee-Night-Shell-hobedane-NRTN_.jpg","type":"image\/jpeg"}],"twitter_card":"summary_large_image","twitter_misc":{"Est. reading time":"1 minute"},"schema":{"@context":"https:\/\/schema.org","@graph":[{"@type":"WebPage","@id":"https:\/\/tallinndesignhouse.com\/toode\/kaelakee-night-shell\/","url":"https:\/\/tallinndesignhouse.com\/toode\/kaelakee-night-shell\/","name":"NRTN Night Shell necklace - Tallinn Design House","isPartOf":{"@id":"https:\/\/tallinndesignhouse.com\/#website"},"primaryImageOfPage":{"@id":"https:\/\/tallinndesignhouse.com\/toode\/kaelakee-night-shell\/#primaryimage"},"image":{"@id":"https:\/\/tallinndesignhouse.com\/toode\/kaelakee-night-shell\/#primaryimage"},"thumbnailUrl":"https:\/\/tallinndesignhouse.com\/wp-content\/uploads\/2025\/06\/Kaelakee-Night-Shell-hobedane-NRTN_.jpg","datePublished":"2025-06-03T09:20:02+00:00","dateModified":"2026-04-28T22:01:25+00:00","description":"NRTN kaelakee Night Shell. M\u00f5\u00f5dud: 24 \u00d7 15 \u00d7 6 mm | Keti pikkus: 45 cm.","breadcrumb":{"@id":"https:\/\/tallinndesignhouse.com\/toode\/kaelakee-night-shell\/#breadcrumb"},"inLanguage":"en-US","potentialAction":[{"@type":"ReadAction","target":["https:\/\/tallinndesignhouse.com\/toode\/kaelakee-night-shell\/"]}]},{"@type":"ImageObject","inLanguage":"en-US","@id":"https:\/\/tallinndesignhouse.com\/toode\/kaelakee-night-shell\/#primaryimage","url":"https:\/\/tallinndesignhouse.com\/wp-content\/uploads\/2025\/06\/Kaelakee-Night-Shell-hobedane-NRTN_.jpg","contentUrl":"https:\/\/tallinndesignhouse.com\/wp-content\/uploads\/2025\/06\/Kaelakee-Night-Shell-hobedane-NRTN_.jpg","width":1080,"height":1350,"caption":"Kaelakee Night Shell ho\u0303bedane - NRTN_"},{"@type":"BreadcrumbList","@id":"https:\/\/tallinndesignhouse.com\/toode\/kaelakee-night-shell\/#breadcrumb","itemListElement":[{"@type":"ListItem","position":1,"name":"Home","item":"https:\/\/tallinndesignhouse.com\/en\/"},{"@type":"ListItem","position":2,"name":"Shop","item":"https:\/\/tallinndesignhouse.com\/en\/shop\/"},{"@type":"ListItem","position":3,"name":"Night Shell necklace"}]},{"@type":"WebSite","@id":"https:\/\/tallinndesignhouse.com\/#website","url":"https:\/\/tallinndesignhouse.com\/","name":"Tallinn Design House","description":"Eesti disain Rotermanni kvartalis","potentialAction":[{"@type":"SearchAction","target":{"@type":"EntryPoint","urlTemplate":"https:\/\/tallinndesignhouse.com\/?s={search_term_string}"},"query-input":{"@type":"PropertyValueSpecification","valueRequired":true,"valueName":"search_term_string"}}],"inLanguage":"en-US"}]}},"_links":{"self":[{"href":"https:\/\/tallinndesignhouse.com\/en\/wp-json\/wp\/v2\/product\/3378266","targetHints":{"allow":["GET"]}}],"collection":[{"href":"https:\/\/tallinndesignhouse.com\/en\/wp-json\/wp\/v2\/product"}],"about":[{"href":"https:\/\/tallinndesignhouse.com\/en\/wp-json\/wp\/v2\/types\/product"}],"wp:featuredmedia":[{"embeddable":true,"href":"https:\/\/tallinndesignhouse.com\/en\/wp-json\/wp\/v2\/media\/3378237"}],"wp:attachment":[{"href":"https:\/\/tallinndesignhouse.com\/en\/wp-json\/wp\/v2\/media?parent=3378266"}],"wp:term":[{"taxonomy":"product_brand","embeddable":true,"href":"https:\/\/tallinndesignhouse.com\/en\/wp-json\/wp\/v2\/product_brand?post=3378266"},{"taxonomy":"product_cat","embeddable":true,"href":"https:\/\/tallinndesignhouse.com\/en\/wp-json\/wp\/v2\/product_cat?post=3378266"},{"taxonomy":"product_tag","embeddable":true,"href":"https:\/\/tallinndesignhouse.com\/en\/wp-json\/wp\/v2\/product_tag?post=3378266"}],"curies":[{"name":"wp","href":"https:\/\/api.w.org\/{rel}","templated":true}]}}