{"id":3378565,"date":"2025-06-09T10:20:10","date_gmt":"2025-06-09T07:20:10","guid":{"rendered":"https:\/\/tallinndesignhouse.com\/toode\/sametist-t-sark-heart\/"},"modified":"2026-04-29T00:58:41","modified_gmt":"2026-04-28T21:58:41","slug":"sametist-t-sark-heart","status":"publish","type":"product","link":"https:\/\/tallinndesignhouse.com\/en\/toode\/sametist-t-sark-heart\/","title":{"rendered":"Heart Velour T-shirt"},"content":{"rendered":"<p>Boxy T-shirt in black velour with French lace heart by Kriss Soonik can be worn in two ways. Material: 80% cotton, 20% polyester. Reversible. Machine wash 30\u00b0C. Made in Estonia. Model measurements: height 177 cm; bust 84 cm; waist 62 cm; hips 90 cm. Model wears size M.<\/p>\n","protected":false},"excerpt":{"rendered":"<p>Boxy T-shirt in black velour with French lace heart by Kriss Soonik can be worn in two ways. Material: 80% cotton, 20% polyester. Reversible. Machine wash 30\u00b0C. Made in Estonia. Model measurements: height 177 cm; bust 84 cm; waist 62 cm; hips 90 cm. Model wears size M.<\/p>\n","protected":false},"featured_media":3378590,"template":"","meta":{"_acf_changed":false},"product_brand":[],"product_cat":[887,888],"product_tag":[2819],"class_list":{"0":"post-3378565","1":"product","2":"type-product","3":"status-publish","4":"has-post-thumbnail","6":"product_cat-roivad","7":"product_cat-sargid_ja_pluusid","8":"product_tag-women","9":"pa_brand-kriss-soonik-en","11":"pa_suurus-m-en","12":"pa_suurus-s-en","13":"pa_suurus-l-en","17":"pa_varv-black-en","20":"first","21":"instock","22":"taxable","23":"shipping-taxable","24":"purchasable","25":"product-type-variable"},"acf":[],"yoast_head":"<!-- This site is optimized with the Yoast SEO plugin v26.0 - https:\/\/yoast.com\/wordpress\/plugins\/seo\/ -->\n<title>Kriss Soonik Heart Velour T-shirt - Tallinn Design House<\/title>\n<meta name=\"description\" content=\"Kriss Soonik sametist t-s\u00e4rk Heart. Materjal: 80% puuvill, 20% pol\u00fcester. P\u00f6\u00f6ratav (kahepoolne). Masinpesu 30\u00b0C.\" \/>\n<meta name=\"robots\" content=\"index, follow, max-snippet:-1, max-image-preview:large, max-video-preview:-1\" \/>\n<link rel=\"canonical\" href=\"https:\/\/tallinndesignhouse.com\/toode\/sametist-t-sark-heart\/\" \/>\n<meta property=\"og:locale\" content=\"en_US\" \/>\n<meta property=\"og:type\" content=\"article\" \/>\n<meta property=\"og:title\" content=\"Kriss Soonik Heart Velour T-shirt - Tallinn Design House\" \/>\n<meta property=\"og:description\" content=\"Kriss Soonik sametist t-s\u00e4rk Heart. Materjal: 80% puuvill, 20% pol\u00fcester. P\u00f6\u00f6ratav (kahepoolne). Masinpesu 30\u00b0C.\" \/>\n<meta property=\"og:url\" content=\"https:\/\/tallinndesignhouse.com\/toode\/sametist-t-sark-heart\/\" \/>\n<meta property=\"og:site_name\" content=\"Tallinn Design House\" \/>\n<meta property=\"article:modified_time\" content=\"2026-04-28T21:58:41+00:00\" \/>\n<meta property=\"og:image\" content=\"https:\/\/tallinndesignhouse.com\/wp-content\/uploads\/2025\/06\/Sametist-t-sark-Heart-Kriss-Soonik_.jpg\" \/>\n\t<meta property=\"og:image:width\" content=\"1080\" \/>\n\t<meta property=\"og:image:height\" content=\"1350\" \/>\n\t<meta property=\"og:image:type\" content=\"image\/jpeg\" \/>\n<meta name=\"twitter:card\" content=\"summary_large_image\" \/>\n<meta name=\"twitter:label1\" content=\"Est. reading time\" \/>\n\t<meta name=\"twitter:data1\" content=\"1 minute\" \/>\n<script type=\"application\/ld+json\" class=\"yoast-schema-graph\">{\"@context\":\"https:\/\/schema.org\",\"@graph\":[{\"@type\":\"WebPage\",\"@id\":\"https:\/\/tallinndesignhouse.com\/toode\/sametist-t-sark-heart\/\",\"url\":\"https:\/\/tallinndesignhouse.com\/toode\/sametist-t-sark-heart\/\",\"name\":\"Kriss Soonik Heart Velour T-shirt - Tallinn Design House\",\"isPartOf\":{\"@id\":\"https:\/\/tallinndesignhouse.com\/#website\"},\"primaryImageOfPage\":{\"@id\":\"https:\/\/tallinndesignhouse.com\/toode\/sametist-t-sark-heart\/#primaryimage\"},\"image\":{\"@id\":\"https:\/\/tallinndesignhouse.com\/toode\/sametist-t-sark-heart\/#primaryimage\"},\"thumbnailUrl\":\"https:\/\/tallinndesignhouse.com\/wp-content\/uploads\/2025\/06\/Sametist-t-sark-Heart-Kriss-Soonik_.jpg\",\"datePublished\":\"2025-06-09T07:20:10+00:00\",\"dateModified\":\"2026-04-28T21:58:41+00:00\",\"description\":\"Kriss Soonik sametist t-s\u00e4rk Heart. Materjal: 80% puuvill, 20% pol\u00fcester. P\u00f6\u00f6ratav (kahepoolne). Masinpesu 30\u00b0C.\",\"breadcrumb\":{\"@id\":\"https:\/\/tallinndesignhouse.com\/toode\/sametist-t-sark-heart\/#breadcrumb\"},\"inLanguage\":\"en-US\",\"potentialAction\":[{\"@type\":\"ReadAction\",\"target\":[\"https:\/\/tallinndesignhouse.com\/toode\/sametist-t-sark-heart\/\"]}]},{\"@type\":\"ImageObject\",\"inLanguage\":\"en-US\",\"@id\":\"https:\/\/tallinndesignhouse.com\/toode\/sametist-t-sark-heart\/#primaryimage\",\"url\":\"https:\/\/tallinndesignhouse.com\/wp-content\/uploads\/2025\/06\/Sametist-t-sark-Heart-Kriss-Soonik_.jpg\",\"contentUrl\":\"https:\/\/tallinndesignhouse.com\/wp-content\/uploads\/2025\/06\/Sametist-t-sark-Heart-Kriss-Soonik_.jpg\",\"width\":1080,\"height\":1350,\"caption\":\"Sametist t-sa\u0308rk Heart - Kriss Soonik_\"},{\"@type\":\"BreadcrumbList\",\"@id\":\"https:\/\/tallinndesignhouse.com\/toode\/sametist-t-sark-heart\/#breadcrumb\",\"itemListElement\":[{\"@type\":\"ListItem\",\"position\":1,\"name\":\"Home\",\"item\":\"https:\/\/tallinndesignhouse.com\/en\/\"},{\"@type\":\"ListItem\",\"position\":2,\"name\":\"Shop\",\"item\":\"https:\/\/tallinndesignhouse.com\/en\/shop\/\"},{\"@type\":\"ListItem\",\"position\":3,\"name\":\"Heart Velour T-shirt\"}]},{\"@type\":\"WebSite\",\"@id\":\"https:\/\/tallinndesignhouse.com\/#website\",\"url\":\"https:\/\/tallinndesignhouse.com\/\",\"name\":\"Tallinn Design House\",\"description\":\"Eesti disain Rotermanni kvartalis\",\"potentialAction\":[{\"@type\":\"SearchAction\",\"target\":{\"@type\":\"EntryPoint\",\"urlTemplate\":\"https:\/\/tallinndesignhouse.com\/?s={search_term_string}\"},\"query-input\":{\"@type\":\"PropertyValueSpecification\",\"valueRequired\":true,\"valueName\":\"search_term_string\"}}],\"inLanguage\":\"en-US\"}]}<\/script>\n<!-- \/ Yoast SEO plugin. -->","yoast_head_json":{"title":"Kriss Soonik Heart Velour T-shirt - Tallinn Design House","description":"Kriss Soonik sametist t-s\u00e4rk Heart. Materjal: 80% puuvill, 20% pol\u00fcester. P\u00f6\u00f6ratav (kahepoolne). Masinpesu 30\u00b0C.","robots":{"index":"index","follow":"follow","max-snippet":"max-snippet:-1","max-image-preview":"max-image-preview:large","max-video-preview":"max-video-preview:-1"},"canonical":"https:\/\/tallinndesignhouse.com\/toode\/sametist-t-sark-heart\/","og_locale":"en_US","og_type":"article","og_title":"Kriss Soonik Heart Velour T-shirt - Tallinn Design House","og_description":"Kriss Soonik sametist t-s\u00e4rk Heart. Materjal: 80% puuvill, 20% pol\u00fcester. P\u00f6\u00f6ratav (kahepoolne). Masinpesu 30\u00b0C.","og_url":"https:\/\/tallinndesignhouse.com\/toode\/sametist-t-sark-heart\/","og_site_name":"Tallinn Design House","article_modified_time":"2026-04-28T21:58:41+00:00","og_image":[{"width":1080,"height":1350,"url":"https:\/\/tallinndesignhouse.com\/wp-content\/uploads\/2025\/06\/Sametist-t-sark-Heart-Kriss-Soonik_.jpg","type":"image\/jpeg"}],"twitter_card":"summary_large_image","twitter_misc":{"Est. reading time":"1 minute"},"schema":{"@context":"https:\/\/schema.org","@graph":[{"@type":"WebPage","@id":"https:\/\/tallinndesignhouse.com\/toode\/sametist-t-sark-heart\/","url":"https:\/\/tallinndesignhouse.com\/toode\/sametist-t-sark-heart\/","name":"Kriss Soonik Heart Velour T-shirt - Tallinn Design House","isPartOf":{"@id":"https:\/\/tallinndesignhouse.com\/#website"},"primaryImageOfPage":{"@id":"https:\/\/tallinndesignhouse.com\/toode\/sametist-t-sark-heart\/#primaryimage"},"image":{"@id":"https:\/\/tallinndesignhouse.com\/toode\/sametist-t-sark-heart\/#primaryimage"},"thumbnailUrl":"https:\/\/tallinndesignhouse.com\/wp-content\/uploads\/2025\/06\/Sametist-t-sark-Heart-Kriss-Soonik_.jpg","datePublished":"2025-06-09T07:20:10+00:00","dateModified":"2026-04-28T21:58:41+00:00","description":"Kriss Soonik sametist t-s\u00e4rk Heart. Materjal: 80% puuvill, 20% pol\u00fcester. P\u00f6\u00f6ratav (kahepoolne). Masinpesu 30\u00b0C.","breadcrumb":{"@id":"https:\/\/tallinndesignhouse.com\/toode\/sametist-t-sark-heart\/#breadcrumb"},"inLanguage":"en-US","potentialAction":[{"@type":"ReadAction","target":["https:\/\/tallinndesignhouse.com\/toode\/sametist-t-sark-heart\/"]}]},{"@type":"ImageObject","inLanguage":"en-US","@id":"https:\/\/tallinndesignhouse.com\/toode\/sametist-t-sark-heart\/#primaryimage","url":"https:\/\/tallinndesignhouse.com\/wp-content\/uploads\/2025\/06\/Sametist-t-sark-Heart-Kriss-Soonik_.jpg","contentUrl":"https:\/\/tallinndesignhouse.com\/wp-content\/uploads\/2025\/06\/Sametist-t-sark-Heart-Kriss-Soonik_.jpg","width":1080,"height":1350,"caption":"Sametist t-sa\u0308rk Heart - Kriss Soonik_"},{"@type":"BreadcrumbList","@id":"https:\/\/tallinndesignhouse.com\/toode\/sametist-t-sark-heart\/#breadcrumb","itemListElement":[{"@type":"ListItem","position":1,"name":"Home","item":"https:\/\/tallinndesignhouse.com\/en\/"},{"@type":"ListItem","position":2,"name":"Shop","item":"https:\/\/tallinndesignhouse.com\/en\/shop\/"},{"@type":"ListItem","position":3,"name":"Heart Velour T-shirt"}]},{"@type":"WebSite","@id":"https:\/\/tallinndesignhouse.com\/#website","url":"https:\/\/tallinndesignhouse.com\/","name":"Tallinn Design House","description":"Eesti disain Rotermanni kvartalis","potentialAction":[{"@type":"SearchAction","target":{"@type":"EntryPoint","urlTemplate":"https:\/\/tallinndesignhouse.com\/?s={search_term_string}"},"query-input":{"@type":"PropertyValueSpecification","valueRequired":true,"valueName":"search_term_string"}}],"inLanguage":"en-US"}]}},"_links":{"self":[{"href":"https:\/\/tallinndesignhouse.com\/en\/wp-json\/wp\/v2\/product\/3378565","targetHints":{"allow":["GET"]}}],"collection":[{"href":"https:\/\/tallinndesignhouse.com\/en\/wp-json\/wp\/v2\/product"}],"about":[{"href":"https:\/\/tallinndesignhouse.com\/en\/wp-json\/wp\/v2\/types\/product"}],"wp:featuredmedia":[{"embeddable":true,"href":"https:\/\/tallinndesignhouse.com\/en\/wp-json\/wp\/v2\/media\/3378590"}],"wp:attachment":[{"href":"https:\/\/tallinndesignhouse.com\/en\/wp-json\/wp\/v2\/media?parent=3378565"}],"wp:term":[{"taxonomy":"product_brand","embeddable":true,"href":"https:\/\/tallinndesignhouse.com\/en\/wp-json\/wp\/v2\/product_brand?post=3378565"},{"taxonomy":"product_cat","embeddable":true,"href":"https:\/\/tallinndesignhouse.com\/en\/wp-json\/wp\/v2\/product_cat?post=3378565"},{"taxonomy":"product_tag","embeddable":true,"href":"https:\/\/tallinndesignhouse.com\/en\/wp-json\/wp\/v2\/product_tag?post=3378565"}],"curies":[{"name":"wp","href":"https:\/\/api.w.org\/{rel}","templated":true}]}}