{"id":3378710,"date":"2025-06-11T20:20:05","date_gmt":"2025-06-11T17:20:05","guid":{"rendered":"https:\/\/tallinndesignhouse.com\/toode\/puksid-alicante\/"},"modified":"2026-04-12T00:55:43","modified_gmt":"2026-04-11T21:55:43","slug":"puksid-alicante","status":"publish","type":"product","link":"https:\/\/tallinndesignhouse.com\/en\/toode\/puksid-alicante\/","title":{"rendered":"Pants Alicante"},"content":{"rendered":"<p>Wide-leg pull on pants Alicante by August. Deep side pockets. Fits true to size. Mid- rise, cut for a relaxed fit. Non-stretchy, mid-weight fabric. Elasticated waist detail in the back for a comfortable fit. Soft and silky fabric texture that has a wonderful drape. Easy to style and effortlessly cool &#8211; looks chic with flats as well as heels. Composition &#8211; 100% Tencel (OEKO-TEX). Care &#8211; delicate machine or hand wash, low heat iron on reversed side. Sustainability &#8211; Tencel is produced by environmentally responsible process from the sustainably sourced natural raw material eucalyptus wood pulp. It is highly breathable and wicks away moisture. Tencel is hypoallergenic and won\u2019t irritate those with sensitive skin. As a plant-derived fibre, it is also biodegradable. Tencel looks and feels like silk. The material has a slight sheen and feels soft to the touch. A lot of fabrics tend to shrink in the wash, however, Tencel won\u2019t lose its shape in fact it tends to feel softer after every wash. Model is 176 cm \/ 5\u00b49\u201d tall and wearing size 36 \/ UK 8 \/ US 4. ALICANTE pants are designed and manufactured in Estonia. Fabric origin \u2013 Italy.<\/p>\n","protected":false},"excerpt":{"rendered":"<p>Wide-leg pull on pants Alicante by August. Deep side pockets. Fits true to size. Mid- rise, cut for a relaxed fit. Non-stretchy, mid-weight fabric. Elasticated waist detail in the back for a comfortable fit. Soft and silky fabric texture that has a wonderful drape. Easy to style and effortlessly cool &#8211; looks chic with flats [&hellip;]<\/p>\n","protected":false},"featured_media":3378724,"template":"","meta":{"_acf_changed":false},"product_brand":[],"product_cat":[2013,2837,3718],"product_tag":[2819],"class_list":{"0":"post-3378710","1":"product","2":"type-product","3":"status-publish","4":"has-post-thumbnail","6":"product_cat-pants","7":"product_cat-clothes","8":"product_cat-winter-style","9":"product_tag-women","10":"pa_brand-august","11":"pa_brand-august-en","12":"pa_suurus-1082","13":"pa_suurus-36-en","14":"pa_suurus-38-en","15":"pa_suurus-1083","16":"pa_suurus-1086","17":"pa_suurus-40-en","18":"pa_suurus-42-en","19":"pa_suurus-1087","21":"first","22":"instock","23":"taxable","24":"shipping-taxable","25":"purchasable","26":"product-type-variable"},"acf":[],"yoast_head":"<!-- This site is optimized with the Yoast SEO plugin v26.0 - https:\/\/yoast.com\/wordpress\/plugins\/seo\/ -->\n<title>August Pants Alicante - Tallinn Design House<\/title>\n<meta name=\"description\" content=\"August p\u00fcksid Alicante. K\u00fclgedel s\u00fcgavad taskud. Vastab suurusele \u2013 vali oma tavaline suurus. Keskmise v\u00f6\u00f6kohaga, vabalt langeva l\u00f5ikega.\" \/>\n<meta name=\"robots\" content=\"index, follow, max-snippet:-1, max-image-preview:large, max-video-preview:-1\" \/>\n<link rel=\"canonical\" href=\"https:\/\/tallinndesignhouse.com\/toode\/puksid-alicante\/\" \/>\n<meta property=\"og:locale\" content=\"en_US\" \/>\n<meta property=\"og:type\" content=\"article\" \/>\n<meta property=\"og:title\" content=\"August Pants Alicante - Tallinn Design House\" \/>\n<meta property=\"og:description\" content=\"August p\u00fcksid Alicante. K\u00fclgedel s\u00fcgavad taskud. Vastab suurusele \u2013 vali oma tavaline suurus. Keskmise v\u00f6\u00f6kohaga, vabalt langeva l\u00f5ikega.\" \/>\n<meta property=\"og:url\" content=\"https:\/\/tallinndesignhouse.com\/toode\/puksid-alicante\/\" \/>\n<meta property=\"og:site_name\" content=\"Tallinn Design House\" \/>\n<meta property=\"article:modified_time\" content=\"2026-04-11T21:55:43+00:00\" \/>\n<meta property=\"og:image\" content=\"https:\/\/tallinndesignhouse.com\/wp-content\/uploads\/2025\/06\/Puksid-Alicante-August_.jpg\" \/>\n\t<meta property=\"og:image:width\" content=\"1080\" \/>\n\t<meta property=\"og:image:height\" content=\"1350\" \/>\n\t<meta property=\"og:image:type\" content=\"image\/jpeg\" \/>\n<meta name=\"twitter:card\" content=\"summary_large_image\" \/>\n<meta name=\"twitter:label1\" content=\"Est. reading time\" \/>\n\t<meta name=\"twitter:data1\" content=\"1 minute\" \/>\n<script type=\"application\/ld+json\" class=\"yoast-schema-graph\">{\"@context\":\"https:\/\/schema.org\",\"@graph\":[{\"@type\":\"WebPage\",\"@id\":\"https:\/\/tallinndesignhouse.com\/toode\/puksid-alicante\/\",\"url\":\"https:\/\/tallinndesignhouse.com\/toode\/puksid-alicante\/\",\"name\":\"August Pants Alicante - Tallinn Design House\",\"isPartOf\":{\"@id\":\"https:\/\/tallinndesignhouse.com\/#website\"},\"primaryImageOfPage\":{\"@id\":\"https:\/\/tallinndesignhouse.com\/toode\/puksid-alicante\/#primaryimage\"},\"image\":{\"@id\":\"https:\/\/tallinndesignhouse.com\/toode\/puksid-alicante\/#primaryimage\"},\"thumbnailUrl\":\"https:\/\/tallinndesignhouse.com\/wp-content\/uploads\/2025\/06\/Puksid-Alicante-August_.jpg\",\"datePublished\":\"2025-06-11T17:20:05+00:00\",\"dateModified\":\"2026-04-11T21:55:43+00:00\",\"description\":\"August p\u00fcksid Alicante. K\u00fclgedel s\u00fcgavad taskud. Vastab suurusele \u2013 vali oma tavaline suurus. Keskmise v\u00f6\u00f6kohaga, vabalt langeva l\u00f5ikega.\",\"breadcrumb\":{\"@id\":\"https:\/\/tallinndesignhouse.com\/toode\/puksid-alicante\/#breadcrumb\"},\"inLanguage\":\"en-US\",\"potentialAction\":[{\"@type\":\"ReadAction\",\"target\":[\"https:\/\/tallinndesignhouse.com\/toode\/puksid-alicante\/\"]}]},{\"@type\":\"ImageObject\",\"inLanguage\":\"en-US\",\"@id\":\"https:\/\/tallinndesignhouse.com\/toode\/puksid-alicante\/#primaryimage\",\"url\":\"https:\/\/tallinndesignhouse.com\/wp-content\/uploads\/2025\/06\/Puksid-Alicante-August_.jpg\",\"contentUrl\":\"https:\/\/tallinndesignhouse.com\/wp-content\/uploads\/2025\/06\/Puksid-Alicante-August_.jpg\",\"width\":1080,\"height\":1350,\"caption\":\"Pu\u0308ksid Alicante - August_\"},{\"@type\":\"BreadcrumbList\",\"@id\":\"https:\/\/tallinndesignhouse.com\/toode\/puksid-alicante\/#breadcrumb\",\"itemListElement\":[{\"@type\":\"ListItem\",\"position\":1,\"name\":\"Home\",\"item\":\"https:\/\/tallinndesignhouse.com\/en\/\"},{\"@type\":\"ListItem\",\"position\":2,\"name\":\"Shop\",\"item\":\"https:\/\/tallinndesignhouse.com\/en\/shop\/\"},{\"@type\":\"ListItem\",\"position\":3,\"name\":\"Pants Alicante\"}]},{\"@type\":\"WebSite\",\"@id\":\"https:\/\/tallinndesignhouse.com\/#website\",\"url\":\"https:\/\/tallinndesignhouse.com\/\",\"name\":\"Tallinn Design House\",\"description\":\"Eesti disain Rotermanni kvartalis\",\"potentialAction\":[{\"@type\":\"SearchAction\",\"target\":{\"@type\":\"EntryPoint\",\"urlTemplate\":\"https:\/\/tallinndesignhouse.com\/?s={search_term_string}\"},\"query-input\":{\"@type\":\"PropertyValueSpecification\",\"valueRequired\":true,\"valueName\":\"search_term_string\"}}],\"inLanguage\":\"en-US\"}]}<\/script>\n<!-- \/ Yoast SEO plugin. -->","yoast_head_json":{"title":"August Pants Alicante - Tallinn Design House","description":"August p\u00fcksid Alicante. K\u00fclgedel s\u00fcgavad taskud. Vastab suurusele \u2013 vali oma tavaline suurus. Keskmise v\u00f6\u00f6kohaga, vabalt langeva l\u00f5ikega.","robots":{"index":"index","follow":"follow","max-snippet":"max-snippet:-1","max-image-preview":"max-image-preview:large","max-video-preview":"max-video-preview:-1"},"canonical":"https:\/\/tallinndesignhouse.com\/toode\/puksid-alicante\/","og_locale":"en_US","og_type":"article","og_title":"August Pants Alicante - Tallinn Design House","og_description":"August p\u00fcksid Alicante. K\u00fclgedel s\u00fcgavad taskud. Vastab suurusele \u2013 vali oma tavaline suurus. Keskmise v\u00f6\u00f6kohaga, vabalt langeva l\u00f5ikega.","og_url":"https:\/\/tallinndesignhouse.com\/toode\/puksid-alicante\/","og_site_name":"Tallinn Design House","article_modified_time":"2026-04-11T21:55:43+00:00","og_image":[{"width":1080,"height":1350,"url":"https:\/\/tallinndesignhouse.com\/wp-content\/uploads\/2025\/06\/Puksid-Alicante-August_.jpg","type":"image\/jpeg"}],"twitter_card":"summary_large_image","twitter_misc":{"Est. reading time":"1 minute"},"schema":{"@context":"https:\/\/schema.org","@graph":[{"@type":"WebPage","@id":"https:\/\/tallinndesignhouse.com\/toode\/puksid-alicante\/","url":"https:\/\/tallinndesignhouse.com\/toode\/puksid-alicante\/","name":"August Pants Alicante - Tallinn Design House","isPartOf":{"@id":"https:\/\/tallinndesignhouse.com\/#website"},"primaryImageOfPage":{"@id":"https:\/\/tallinndesignhouse.com\/toode\/puksid-alicante\/#primaryimage"},"image":{"@id":"https:\/\/tallinndesignhouse.com\/toode\/puksid-alicante\/#primaryimage"},"thumbnailUrl":"https:\/\/tallinndesignhouse.com\/wp-content\/uploads\/2025\/06\/Puksid-Alicante-August_.jpg","datePublished":"2025-06-11T17:20:05+00:00","dateModified":"2026-04-11T21:55:43+00:00","description":"August p\u00fcksid Alicante. K\u00fclgedel s\u00fcgavad taskud. Vastab suurusele \u2013 vali oma tavaline suurus. Keskmise v\u00f6\u00f6kohaga, vabalt langeva l\u00f5ikega.","breadcrumb":{"@id":"https:\/\/tallinndesignhouse.com\/toode\/puksid-alicante\/#breadcrumb"},"inLanguage":"en-US","potentialAction":[{"@type":"ReadAction","target":["https:\/\/tallinndesignhouse.com\/toode\/puksid-alicante\/"]}]},{"@type":"ImageObject","inLanguage":"en-US","@id":"https:\/\/tallinndesignhouse.com\/toode\/puksid-alicante\/#primaryimage","url":"https:\/\/tallinndesignhouse.com\/wp-content\/uploads\/2025\/06\/Puksid-Alicante-August_.jpg","contentUrl":"https:\/\/tallinndesignhouse.com\/wp-content\/uploads\/2025\/06\/Puksid-Alicante-August_.jpg","width":1080,"height":1350,"caption":"Pu\u0308ksid Alicante - August_"},{"@type":"BreadcrumbList","@id":"https:\/\/tallinndesignhouse.com\/toode\/puksid-alicante\/#breadcrumb","itemListElement":[{"@type":"ListItem","position":1,"name":"Home","item":"https:\/\/tallinndesignhouse.com\/en\/"},{"@type":"ListItem","position":2,"name":"Shop","item":"https:\/\/tallinndesignhouse.com\/en\/shop\/"},{"@type":"ListItem","position":3,"name":"Pants Alicante"}]},{"@type":"WebSite","@id":"https:\/\/tallinndesignhouse.com\/#website","url":"https:\/\/tallinndesignhouse.com\/","name":"Tallinn Design House","description":"Eesti disain Rotermanni kvartalis","potentialAction":[{"@type":"SearchAction","target":{"@type":"EntryPoint","urlTemplate":"https:\/\/tallinndesignhouse.com\/?s={search_term_string}"},"query-input":{"@type":"PropertyValueSpecification","valueRequired":true,"valueName":"search_term_string"}}],"inLanguage":"en-US"}]}},"_links":{"self":[{"href":"https:\/\/tallinndesignhouse.com\/en\/wp-json\/wp\/v2\/product\/3378710","targetHints":{"allow":["GET"]}}],"collection":[{"href":"https:\/\/tallinndesignhouse.com\/en\/wp-json\/wp\/v2\/product"}],"about":[{"href":"https:\/\/tallinndesignhouse.com\/en\/wp-json\/wp\/v2\/types\/product"}],"wp:featuredmedia":[{"embeddable":true,"href":"https:\/\/tallinndesignhouse.com\/en\/wp-json\/wp\/v2\/media\/3378724"}],"wp:attachment":[{"href":"https:\/\/tallinndesignhouse.com\/en\/wp-json\/wp\/v2\/media?parent=3378710"}],"wp:term":[{"taxonomy":"product_brand","embeddable":true,"href":"https:\/\/tallinndesignhouse.com\/en\/wp-json\/wp\/v2\/product_brand?post=3378710"},{"taxonomy":"product_cat","embeddable":true,"href":"https:\/\/tallinndesignhouse.com\/en\/wp-json\/wp\/v2\/product_cat?post=3378710"},{"taxonomy":"product_tag","embeddable":true,"href":"https:\/\/tallinndesignhouse.com\/en\/wp-json\/wp\/v2\/product_tag?post=3378710"}],"curies":[{"name":"wp","href":"https:\/\/api.w.org\/{rel}","templated":true}]}}