{"id":3378989,"date":"2025-06-27T12:35:02","date_gmt":"2025-06-27T09:35:02","guid":{"rendered":"https:\/\/tallinndesignhouse.com\/toode\/mori-puusakorsett\/"},"modified":"2026-04-13T00:55:46","modified_gmt":"2026-04-12T21:55:46","slug":"mori-puusakorsett","status":"publish","type":"product","link":"https:\/\/tallinndesignhouse.com\/en\/toode\/mori-puusakorsett\/","title":{"rendered":"Mori Hip Corset"},"content":{"rendered":"<p>Tailored hip corset by August is cut from heavy-weight wool cotton blend fabric. Lined with soft viscose. Sleek zip detail on the side. Wear it as a statement piece for elevated everyday looks or evening edge. Contoured to flatter the natural curves of your waist and hips. Perfect for styling over dresses, pants, skirts, oversized shirts, or lightweight outerwear. Composition: 70% cotton, 25% wool, 5% elastane, lining 100% viscose. Care &#8211; dry clean only. Model is 176 cm tall and wearing size S. Mori corset is designed and manufactured in Estonia.<\/p>\n","protected":false},"excerpt":{"rendered":"<p>Tailored hip corset by August is cut from heavy-weight wool cotton blend fabric. Lined with soft viscose. Sleek zip detail on the side. Wear it as a statement piece for elevated everyday looks or evening edge. Contoured to flatter the natural curves of your waist and hips. Perfect for styling over dresses, pants, skirts, oversized [&hellip;]<\/p>\n","protected":false},"featured_media":3379002,"template":"","meta":{"_acf_changed":false},"product_brand":[],"product_cat":[3296,3718],"product_tag":[2819],"class_list":{"0":"post-3378989","1":"product","2":"type-product","3":"status-publish","4":"has-post-thumbnail","6":"product_cat-accessories-en","7":"product_cat-winter-style","8":"product_tag-women","9":"pa_brand-august","10":"pa_brand-august-en","11":"pa_suurus-l","12":"pa_suurus-l-en","13":"pa_suurus-m","14":"pa_suurus-m-en","15":"pa_suurus-s-en","16":"pa_suurus-s","18":"first","19":"instock","20":"taxable","21":"shipping-taxable","22":"purchasable","23":"product-type-variable"},"acf":[],"yoast_head":"<!-- This site is optimized with the Yoast SEO plugin v26.0 - https:\/\/yoast.com\/wordpress\/plugins\/seo\/ -->\n<title>August Mori Hip Corset - Tallinn Design House<\/title>\n<meta name=\"description\" content=\"August Mori puusakorsett. T\u00e4iuslik valik kleitide, p\u00fckste, seelikute, oversized-s\u00e4rkide v\u00f5i kerge pealisr\u00f5iva peale kihiliseks stiliseerimiseks.\" \/>\n<meta name=\"robots\" content=\"index, follow, max-snippet:-1, max-image-preview:large, max-video-preview:-1\" \/>\n<link rel=\"canonical\" href=\"https:\/\/tallinndesignhouse.com\/toode\/mori-puusakorsett\/\" \/>\n<meta property=\"og:locale\" content=\"en_US\" \/>\n<meta property=\"og:type\" content=\"article\" \/>\n<meta property=\"og:title\" content=\"August Mori Hip Corset - Tallinn Design House\" \/>\n<meta property=\"og:description\" content=\"August Mori puusakorsett. T\u00e4iuslik valik kleitide, p\u00fckste, seelikute, oversized-s\u00e4rkide v\u00f5i kerge pealisr\u00f5iva peale kihiliseks stiliseerimiseks.\" \/>\n<meta property=\"og:url\" content=\"https:\/\/tallinndesignhouse.com\/toode\/mori-puusakorsett\/\" \/>\n<meta property=\"og:site_name\" content=\"Tallinn Design House\" \/>\n<meta property=\"article:modified_time\" content=\"2026-04-12T21:55:46+00:00\" \/>\n<meta property=\"og:image\" content=\"https:\/\/tallinndesignhouse.com\/wp-content\/uploads\/2025\/06\/Mori-puusakorsett-August_2.jpg\" \/>\n\t<meta property=\"og:image:width\" content=\"1080\" \/>\n\t<meta property=\"og:image:height\" content=\"1350\" \/>\n\t<meta property=\"og:image:type\" content=\"image\/jpeg\" \/>\n<meta name=\"twitter:card\" content=\"summary_large_image\" \/>\n<script type=\"application\/ld+json\" class=\"yoast-schema-graph\">{\"@context\":\"https:\/\/schema.org\",\"@graph\":[{\"@type\":\"WebPage\",\"@id\":\"https:\/\/tallinndesignhouse.com\/toode\/mori-puusakorsett\/\",\"url\":\"https:\/\/tallinndesignhouse.com\/toode\/mori-puusakorsett\/\",\"name\":\"August Mori Hip Corset - Tallinn Design House\",\"isPartOf\":{\"@id\":\"https:\/\/tallinndesignhouse.com\/#website\"},\"primaryImageOfPage\":{\"@id\":\"https:\/\/tallinndesignhouse.com\/toode\/mori-puusakorsett\/#primaryimage\"},\"image\":{\"@id\":\"https:\/\/tallinndesignhouse.com\/toode\/mori-puusakorsett\/#primaryimage\"},\"thumbnailUrl\":\"https:\/\/tallinndesignhouse.com\/wp-content\/uploads\/2025\/06\/Mori-puusakorsett-August_2.jpg\",\"datePublished\":\"2025-06-27T09:35:02+00:00\",\"dateModified\":\"2026-04-12T21:55:46+00:00\",\"description\":\"August Mori puusakorsett. T\u00e4iuslik valik kleitide, p\u00fckste, seelikute, oversized-s\u00e4rkide v\u00f5i kerge pealisr\u00f5iva peale kihiliseks stiliseerimiseks.\",\"breadcrumb\":{\"@id\":\"https:\/\/tallinndesignhouse.com\/toode\/mori-puusakorsett\/#breadcrumb\"},\"inLanguage\":\"en-US\",\"potentialAction\":[{\"@type\":\"ReadAction\",\"target\":[\"https:\/\/tallinndesignhouse.com\/toode\/mori-puusakorsett\/\"]}]},{\"@type\":\"ImageObject\",\"inLanguage\":\"en-US\",\"@id\":\"https:\/\/tallinndesignhouse.com\/toode\/mori-puusakorsett\/#primaryimage\",\"url\":\"https:\/\/tallinndesignhouse.com\/wp-content\/uploads\/2025\/06\/Mori-puusakorsett-August_2.jpg\",\"contentUrl\":\"https:\/\/tallinndesignhouse.com\/wp-content\/uploads\/2025\/06\/Mori-puusakorsett-August_2.jpg\",\"width\":1080,\"height\":1350,\"caption\":\"Mori puusakorsett - August_2\"},{\"@type\":\"BreadcrumbList\",\"@id\":\"https:\/\/tallinndesignhouse.com\/toode\/mori-puusakorsett\/#breadcrumb\",\"itemListElement\":[{\"@type\":\"ListItem\",\"position\":1,\"name\":\"Home\",\"item\":\"https:\/\/tallinndesignhouse.com\/en\/\"},{\"@type\":\"ListItem\",\"position\":2,\"name\":\"Shop\",\"item\":\"https:\/\/tallinndesignhouse.com\/en\/shop\/\"},{\"@type\":\"ListItem\",\"position\":3,\"name\":\"Mori Hip Corset\"}]},{\"@type\":\"WebSite\",\"@id\":\"https:\/\/tallinndesignhouse.com\/#website\",\"url\":\"https:\/\/tallinndesignhouse.com\/\",\"name\":\"Tallinn Design House\",\"description\":\"Eesti disain Rotermanni kvartalis\",\"potentialAction\":[{\"@type\":\"SearchAction\",\"target\":{\"@type\":\"EntryPoint\",\"urlTemplate\":\"https:\/\/tallinndesignhouse.com\/?s={search_term_string}\"},\"query-input\":{\"@type\":\"PropertyValueSpecification\",\"valueRequired\":true,\"valueName\":\"search_term_string\"}}],\"inLanguage\":\"en-US\"}]}<\/script>\n<!-- \/ Yoast SEO plugin. -->","yoast_head_json":{"title":"August Mori Hip Corset - Tallinn Design House","description":"August Mori puusakorsett. T\u00e4iuslik valik kleitide, p\u00fckste, seelikute, oversized-s\u00e4rkide v\u00f5i kerge pealisr\u00f5iva peale kihiliseks stiliseerimiseks.","robots":{"index":"index","follow":"follow","max-snippet":"max-snippet:-1","max-image-preview":"max-image-preview:large","max-video-preview":"max-video-preview:-1"},"canonical":"https:\/\/tallinndesignhouse.com\/toode\/mori-puusakorsett\/","og_locale":"en_US","og_type":"article","og_title":"August Mori Hip Corset - Tallinn Design House","og_description":"August Mori puusakorsett. T\u00e4iuslik valik kleitide, p\u00fckste, seelikute, oversized-s\u00e4rkide v\u00f5i kerge pealisr\u00f5iva peale kihiliseks stiliseerimiseks.","og_url":"https:\/\/tallinndesignhouse.com\/toode\/mori-puusakorsett\/","og_site_name":"Tallinn Design House","article_modified_time":"2026-04-12T21:55:46+00:00","og_image":[{"width":1080,"height":1350,"url":"https:\/\/tallinndesignhouse.com\/wp-content\/uploads\/2025\/06\/Mori-puusakorsett-August_2.jpg","type":"image\/jpeg"}],"twitter_card":"summary_large_image","schema":{"@context":"https:\/\/schema.org","@graph":[{"@type":"WebPage","@id":"https:\/\/tallinndesignhouse.com\/toode\/mori-puusakorsett\/","url":"https:\/\/tallinndesignhouse.com\/toode\/mori-puusakorsett\/","name":"August Mori Hip Corset - Tallinn Design House","isPartOf":{"@id":"https:\/\/tallinndesignhouse.com\/#website"},"primaryImageOfPage":{"@id":"https:\/\/tallinndesignhouse.com\/toode\/mori-puusakorsett\/#primaryimage"},"image":{"@id":"https:\/\/tallinndesignhouse.com\/toode\/mori-puusakorsett\/#primaryimage"},"thumbnailUrl":"https:\/\/tallinndesignhouse.com\/wp-content\/uploads\/2025\/06\/Mori-puusakorsett-August_2.jpg","datePublished":"2025-06-27T09:35:02+00:00","dateModified":"2026-04-12T21:55:46+00:00","description":"August Mori puusakorsett. T\u00e4iuslik valik kleitide, p\u00fckste, seelikute, oversized-s\u00e4rkide v\u00f5i kerge pealisr\u00f5iva peale kihiliseks stiliseerimiseks.","breadcrumb":{"@id":"https:\/\/tallinndesignhouse.com\/toode\/mori-puusakorsett\/#breadcrumb"},"inLanguage":"en-US","potentialAction":[{"@type":"ReadAction","target":["https:\/\/tallinndesignhouse.com\/toode\/mori-puusakorsett\/"]}]},{"@type":"ImageObject","inLanguage":"en-US","@id":"https:\/\/tallinndesignhouse.com\/toode\/mori-puusakorsett\/#primaryimage","url":"https:\/\/tallinndesignhouse.com\/wp-content\/uploads\/2025\/06\/Mori-puusakorsett-August_2.jpg","contentUrl":"https:\/\/tallinndesignhouse.com\/wp-content\/uploads\/2025\/06\/Mori-puusakorsett-August_2.jpg","width":1080,"height":1350,"caption":"Mori puusakorsett - August_2"},{"@type":"BreadcrumbList","@id":"https:\/\/tallinndesignhouse.com\/toode\/mori-puusakorsett\/#breadcrumb","itemListElement":[{"@type":"ListItem","position":1,"name":"Home","item":"https:\/\/tallinndesignhouse.com\/en\/"},{"@type":"ListItem","position":2,"name":"Shop","item":"https:\/\/tallinndesignhouse.com\/en\/shop\/"},{"@type":"ListItem","position":3,"name":"Mori Hip Corset"}]},{"@type":"WebSite","@id":"https:\/\/tallinndesignhouse.com\/#website","url":"https:\/\/tallinndesignhouse.com\/","name":"Tallinn Design House","description":"Eesti disain Rotermanni kvartalis","potentialAction":[{"@type":"SearchAction","target":{"@type":"EntryPoint","urlTemplate":"https:\/\/tallinndesignhouse.com\/?s={search_term_string}"},"query-input":{"@type":"PropertyValueSpecification","valueRequired":true,"valueName":"search_term_string"}}],"inLanguage":"en-US"}]}},"_links":{"self":[{"href":"https:\/\/tallinndesignhouse.com\/en\/wp-json\/wp\/v2\/product\/3378989","targetHints":{"allow":["GET"]}}],"collection":[{"href":"https:\/\/tallinndesignhouse.com\/en\/wp-json\/wp\/v2\/product"}],"about":[{"href":"https:\/\/tallinndesignhouse.com\/en\/wp-json\/wp\/v2\/types\/product"}],"wp:featuredmedia":[{"embeddable":true,"href":"https:\/\/tallinndesignhouse.com\/en\/wp-json\/wp\/v2\/media\/3379002"}],"wp:attachment":[{"href":"https:\/\/tallinndesignhouse.com\/en\/wp-json\/wp\/v2\/media?parent=3378989"}],"wp:term":[{"taxonomy":"product_brand","embeddable":true,"href":"https:\/\/tallinndesignhouse.com\/en\/wp-json\/wp\/v2\/product_brand?post=3378989"},{"taxonomy":"product_cat","embeddable":true,"href":"https:\/\/tallinndesignhouse.com\/en\/wp-json\/wp\/v2\/product_cat?post=3378989"},{"taxonomy":"product_tag","embeddable":true,"href":"https:\/\/tallinndesignhouse.com\/en\/wp-json\/wp\/v2\/product_tag?post=3378989"}],"curies":[{"name":"wp","href":"https:\/\/api.w.org\/{rel}","templated":true}]}}