{"id":3379012,"date":"2025-06-27T15:35:02","date_gmt":"2025-06-27T12:35:02","guid":{"rendered":"https:\/\/tallinndesignhouse.com\/toode\/meeste-iluratik-squared-red\/"},"modified":"2026-04-18T00:59:41","modified_gmt":"2026-04-17T21:59:41","slug":"meeste-iluratik-squared-red","status":"publish","type":"product","link":"https:\/\/tallinndesignhouse.com\/en\/toode\/meeste-iluratik-squared-red\/","title":{"rendered":"Men\u2019s Pocket Square Squared Red"},"content":{"rendered":"<p>The Men\u2019s Pocket Square Squared Red by Miurio is a classic accessory featuring a striking checkered pattern in red, blue, and yellow tones. It\u2019s the perfect fashion statement for men looking to express their style. The pattern was designed by Rita Assor. Miurio fabrics and printing inks are OEKO-TEX certified. Sold as a limited collection. Digitally printed. Hand-rolled edges. Packaged in a gift box. Size: 40&#215;40 cm. Material: 100% silk twill. Care: Dry clean only.<\/p>\n","protected":false},"excerpt":{"rendered":"<p>The Men\u2019s Pocket Square Squared Red by Miurio is a classic accessory featuring a striking checkered pattern in red, blue, and yellow tones. It\u2019s the perfect fashion statement for men looking to express their style. The pattern was designed by Rita Assor. Miurio fabrics and printing inks are OEKO-TEX certified. Sold as a limited collection. [&hellip;]<\/p>\n","protected":false},"featured_media":3379016,"template":"","meta":{"_acf_changed":false},"product_brand":[],"product_cat":[881,113],"product_tag":[2820],"class_list":{"0":"post-3379012","1":"product","2":"type-product","3":"status-publish","4":"has-post-thumbnail","6":"product_cat-muud_aksessuaarid","7":"product_cat-aksessuaarid","8":"product_tag-mehed","9":"pa_brand-miurio","12":"first","13":"instock","14":"taxable","15":"shipping-taxable","16":"purchasable","17":"product-type-simple"},"acf":[],"yoast_head":"<!-- This site is optimized with the Yoast SEO plugin v26.0 - https:\/\/yoast.com\/wordpress\/plugins\/seo\/ -->\n<title>Miurio Men\u2019s Pocket Square Squared Red - Tallinn Design House<\/title>\n<meta name=\"description\" content=\"Miurio meeste ilur\u00e4tik Squared Red. M\u00fc\u00fcakse piiratud kollektsioonina. K\u00e4sitsi palistatud. Pakendatud kinkekarpi. Suurus 40x40 cm. Materjal: 100% twillsiid.\" \/>\n<meta name=\"robots\" content=\"index, follow, max-snippet:-1, max-image-preview:large, max-video-preview:-1\" \/>\n<link rel=\"canonical\" href=\"https:\/\/tallinndesignhouse.com\/toode\/meeste-iluratik-squared-red\/\" \/>\n<meta property=\"og:locale\" content=\"en_US\" \/>\n<meta property=\"og:type\" content=\"article\" \/>\n<meta property=\"og:title\" content=\"Miurio Men\u2019s Pocket Square Squared Red - Tallinn Design House\" \/>\n<meta property=\"og:description\" content=\"Miurio meeste ilur\u00e4tik Squared Red. M\u00fc\u00fcakse piiratud kollektsioonina. K\u00e4sitsi palistatud. Pakendatud kinkekarpi. Suurus 40x40 cm. Materjal: 100% twillsiid.\" \/>\n<meta property=\"og:url\" content=\"https:\/\/tallinndesignhouse.com\/toode\/meeste-iluratik-squared-red\/\" \/>\n<meta property=\"og:site_name\" content=\"Tallinn Design House\" \/>\n<meta property=\"article:modified_time\" content=\"2026-04-17T21:59:41+00:00\" \/>\n<meta property=\"og:image\" content=\"https:\/\/tallinndesignhouse.com\/wp-content\/uploads\/2025\/06\/Meeste-iluratik-Squared-Red-Miurio_2.jpg\" \/>\n\t<meta property=\"og:image:width\" content=\"1080\" \/>\n\t<meta property=\"og:image:height\" content=\"1350\" \/>\n\t<meta property=\"og:image:type\" content=\"image\/jpeg\" \/>\n<meta name=\"twitter:card\" content=\"summary_large_image\" \/>\n<script type=\"application\/ld+json\" class=\"yoast-schema-graph\">{\"@context\":\"https:\/\/schema.org\",\"@graph\":[{\"@type\":\"WebPage\",\"@id\":\"https:\/\/tallinndesignhouse.com\/toode\/meeste-iluratik-squared-red\/\",\"url\":\"https:\/\/tallinndesignhouse.com\/toode\/meeste-iluratik-squared-red\/\",\"name\":\"Miurio Men\u2019s Pocket Square Squared Red - Tallinn Design House\",\"isPartOf\":{\"@id\":\"https:\/\/tallinndesignhouse.com\/#website\"},\"primaryImageOfPage\":{\"@id\":\"https:\/\/tallinndesignhouse.com\/toode\/meeste-iluratik-squared-red\/#primaryimage\"},\"image\":{\"@id\":\"https:\/\/tallinndesignhouse.com\/toode\/meeste-iluratik-squared-red\/#primaryimage\"},\"thumbnailUrl\":\"https:\/\/tallinndesignhouse.com\/wp-content\/uploads\/2025\/06\/Meeste-iluratik-Squared-Red-Miurio_2.jpg\",\"datePublished\":\"2025-06-27T12:35:02+00:00\",\"dateModified\":\"2026-04-17T21:59:41+00:00\",\"description\":\"Miurio meeste ilur\u00e4tik Squared Red. M\u00fc\u00fcakse piiratud kollektsioonina. K\u00e4sitsi palistatud. Pakendatud kinkekarpi. Suurus 40x40 cm. Materjal: 100% twillsiid.\",\"breadcrumb\":{\"@id\":\"https:\/\/tallinndesignhouse.com\/toode\/meeste-iluratik-squared-red\/#breadcrumb\"},\"inLanguage\":\"en-US\",\"potentialAction\":[{\"@type\":\"ReadAction\",\"target\":[\"https:\/\/tallinndesignhouse.com\/toode\/meeste-iluratik-squared-red\/\"]}]},{\"@type\":\"ImageObject\",\"inLanguage\":\"en-US\",\"@id\":\"https:\/\/tallinndesignhouse.com\/toode\/meeste-iluratik-squared-red\/#primaryimage\",\"url\":\"https:\/\/tallinndesignhouse.com\/wp-content\/uploads\/2025\/06\/Meeste-iluratik-Squared-Red-Miurio_2.jpg\",\"contentUrl\":\"https:\/\/tallinndesignhouse.com\/wp-content\/uploads\/2025\/06\/Meeste-iluratik-Squared-Red-Miurio_2.jpg\",\"width\":1080,\"height\":1350,\"caption\":\"Meeste ilura\u0308tik Squared Red - Miurio_2\"},{\"@type\":\"BreadcrumbList\",\"@id\":\"https:\/\/tallinndesignhouse.com\/toode\/meeste-iluratik-squared-red\/#breadcrumb\",\"itemListElement\":[{\"@type\":\"ListItem\",\"position\":1,\"name\":\"Home\",\"item\":\"https:\/\/tallinndesignhouse.com\/en\/\"},{\"@type\":\"ListItem\",\"position\":2,\"name\":\"Shop\",\"item\":\"https:\/\/tallinndesignhouse.com\/en\/shop\/\"},{\"@type\":\"ListItem\",\"position\":3,\"name\":\"Men\u2019s Pocket Square Squared Red\"}]},{\"@type\":\"WebSite\",\"@id\":\"https:\/\/tallinndesignhouse.com\/#website\",\"url\":\"https:\/\/tallinndesignhouse.com\/\",\"name\":\"Tallinn Design House\",\"description\":\"Eesti disain Rotermanni kvartalis\",\"potentialAction\":[{\"@type\":\"SearchAction\",\"target\":{\"@type\":\"EntryPoint\",\"urlTemplate\":\"https:\/\/tallinndesignhouse.com\/?s={search_term_string}\"},\"query-input\":{\"@type\":\"PropertyValueSpecification\",\"valueRequired\":true,\"valueName\":\"search_term_string\"}}],\"inLanguage\":\"en-US\"}]}<\/script>\n<!-- \/ Yoast SEO plugin. -->","yoast_head_json":{"title":"Miurio Men\u2019s Pocket Square Squared Red - Tallinn Design House","description":"Miurio meeste ilur\u00e4tik Squared Red. M\u00fc\u00fcakse piiratud kollektsioonina. K\u00e4sitsi palistatud. Pakendatud kinkekarpi. Suurus 40x40 cm. Materjal: 100% twillsiid.","robots":{"index":"index","follow":"follow","max-snippet":"max-snippet:-1","max-image-preview":"max-image-preview:large","max-video-preview":"max-video-preview:-1"},"canonical":"https:\/\/tallinndesignhouse.com\/toode\/meeste-iluratik-squared-red\/","og_locale":"en_US","og_type":"article","og_title":"Miurio Men\u2019s Pocket Square Squared Red - Tallinn Design House","og_description":"Miurio meeste ilur\u00e4tik Squared Red. M\u00fc\u00fcakse piiratud kollektsioonina. K\u00e4sitsi palistatud. Pakendatud kinkekarpi. Suurus 40x40 cm. Materjal: 100% twillsiid.","og_url":"https:\/\/tallinndesignhouse.com\/toode\/meeste-iluratik-squared-red\/","og_site_name":"Tallinn Design House","article_modified_time":"2026-04-17T21:59:41+00:00","og_image":[{"width":1080,"height":1350,"url":"https:\/\/tallinndesignhouse.com\/wp-content\/uploads\/2025\/06\/Meeste-iluratik-Squared-Red-Miurio_2.jpg","type":"image\/jpeg"}],"twitter_card":"summary_large_image","schema":{"@context":"https:\/\/schema.org","@graph":[{"@type":"WebPage","@id":"https:\/\/tallinndesignhouse.com\/toode\/meeste-iluratik-squared-red\/","url":"https:\/\/tallinndesignhouse.com\/toode\/meeste-iluratik-squared-red\/","name":"Miurio Men\u2019s Pocket Square Squared Red - Tallinn Design House","isPartOf":{"@id":"https:\/\/tallinndesignhouse.com\/#website"},"primaryImageOfPage":{"@id":"https:\/\/tallinndesignhouse.com\/toode\/meeste-iluratik-squared-red\/#primaryimage"},"image":{"@id":"https:\/\/tallinndesignhouse.com\/toode\/meeste-iluratik-squared-red\/#primaryimage"},"thumbnailUrl":"https:\/\/tallinndesignhouse.com\/wp-content\/uploads\/2025\/06\/Meeste-iluratik-Squared-Red-Miurio_2.jpg","datePublished":"2025-06-27T12:35:02+00:00","dateModified":"2026-04-17T21:59:41+00:00","description":"Miurio meeste ilur\u00e4tik Squared Red. M\u00fc\u00fcakse piiratud kollektsioonina. K\u00e4sitsi palistatud. Pakendatud kinkekarpi. Suurus 40x40 cm. Materjal: 100% twillsiid.","breadcrumb":{"@id":"https:\/\/tallinndesignhouse.com\/toode\/meeste-iluratik-squared-red\/#breadcrumb"},"inLanguage":"en-US","potentialAction":[{"@type":"ReadAction","target":["https:\/\/tallinndesignhouse.com\/toode\/meeste-iluratik-squared-red\/"]}]},{"@type":"ImageObject","inLanguage":"en-US","@id":"https:\/\/tallinndesignhouse.com\/toode\/meeste-iluratik-squared-red\/#primaryimage","url":"https:\/\/tallinndesignhouse.com\/wp-content\/uploads\/2025\/06\/Meeste-iluratik-Squared-Red-Miurio_2.jpg","contentUrl":"https:\/\/tallinndesignhouse.com\/wp-content\/uploads\/2025\/06\/Meeste-iluratik-Squared-Red-Miurio_2.jpg","width":1080,"height":1350,"caption":"Meeste ilura\u0308tik Squared Red - Miurio_2"},{"@type":"BreadcrumbList","@id":"https:\/\/tallinndesignhouse.com\/toode\/meeste-iluratik-squared-red\/#breadcrumb","itemListElement":[{"@type":"ListItem","position":1,"name":"Home","item":"https:\/\/tallinndesignhouse.com\/en\/"},{"@type":"ListItem","position":2,"name":"Shop","item":"https:\/\/tallinndesignhouse.com\/en\/shop\/"},{"@type":"ListItem","position":3,"name":"Men\u2019s Pocket Square Squared Red"}]},{"@type":"WebSite","@id":"https:\/\/tallinndesignhouse.com\/#website","url":"https:\/\/tallinndesignhouse.com\/","name":"Tallinn Design House","description":"Eesti disain Rotermanni kvartalis","potentialAction":[{"@type":"SearchAction","target":{"@type":"EntryPoint","urlTemplate":"https:\/\/tallinndesignhouse.com\/?s={search_term_string}"},"query-input":{"@type":"PropertyValueSpecification","valueRequired":true,"valueName":"search_term_string"}}],"inLanguage":"en-US"}]}},"_links":{"self":[{"href":"https:\/\/tallinndesignhouse.com\/en\/wp-json\/wp\/v2\/product\/3379012","targetHints":{"allow":["GET"]}}],"collection":[{"href":"https:\/\/tallinndesignhouse.com\/en\/wp-json\/wp\/v2\/product"}],"about":[{"href":"https:\/\/tallinndesignhouse.com\/en\/wp-json\/wp\/v2\/types\/product"}],"wp:featuredmedia":[{"embeddable":true,"href":"https:\/\/tallinndesignhouse.com\/en\/wp-json\/wp\/v2\/media\/3379016"}],"wp:attachment":[{"href":"https:\/\/tallinndesignhouse.com\/en\/wp-json\/wp\/v2\/media?parent=3379012"}],"wp:term":[{"taxonomy":"product_brand","embeddable":true,"href":"https:\/\/tallinndesignhouse.com\/en\/wp-json\/wp\/v2\/product_brand?post=3379012"},{"taxonomy":"product_cat","embeddable":true,"href":"https:\/\/tallinndesignhouse.com\/en\/wp-json\/wp\/v2\/product_cat?post=3379012"},{"taxonomy":"product_tag","embeddable":true,"href":"https:\/\/tallinndesignhouse.com\/en\/wp-json\/wp\/v2\/product_tag?post=3379012"}],"curies":[{"name":"wp","href":"https:\/\/api.w.org\/{rel}","templated":true}]}}