{"id":3379059,"date":"2025-07-02T09:35:15","date_gmt":"2025-07-02T06:35:15","guid":{"rendered":"https:\/\/tallinndesignhouse.com\/toode\/korvarongad-eksootilised-viljad-helesinine\/"},"modified":"2026-04-29T01:02:55","modified_gmt":"2026-04-28T22:02:55","slug":"korvarongad-eksootilised-viljad-helesinine","status":"publish","type":"product","link":"https:\/\/tallinndesignhouse.com\/en\/toode\/korvarongad-eksootilised-viljad-helesinine\/","title":{"rendered":"Exotic Fruit Earrings Lightblue Long"},"content":{"rendered":"<p>Earrings from jewelry collection Exotic Fruits by Kaia Saarna are one of a kind. Earrings are made from original nectarine stone and silver 925. Every earrings pair are unique because every nectarine stone is non-recurring as in nature. All my jewellery have a jewelry maker mark. Earrings are for pierced ears and will come in a gift box. Size: 3 cm x 7,5 cm. Weight: 21,5 g. Material: silver 925, agate, nectarine stone. Colour: blue &#038; lightblue.<\/p>\n","protected":false},"excerpt":{"rendered":"<p>Earrings from jewelry collection Exotic Fruits by Kaia Saarna are one of a kind. Earrings are made from original nectarine stone and silver 925. Every earrings pair are unique because every nectarine stone is non-recurring as in nature. All my jewellery have a jewelry maker mark. Earrings are for pierced ears and will come in [&hellip;]<\/p>\n","protected":false},"featured_media":3379061,"template":"","meta":{"_acf_changed":false},"product_brand":[],"product_cat":[876,116],"product_tag":[2818],"class_list":{"0":"post-3379059","1":"product","2":"type-product","3":"status-publish","4":"has-post-thumbnail","6":"product_cat-korvarongad","7":"product_cat-ehted","8":"product_tag-naised","9":"pa_brand-kaia-saarna-jewellery-art","12":"first","13":"instock","14":"taxable","15":"shipping-taxable","16":"purchasable","17":"product-type-simple"},"acf":[],"yoast_head":"<!-- This site is optimized with the Yoast SEO plugin v26.0 - https:\/\/yoast.com\/wordpress\/plugins\/seo\/ -->\n<title>Kaia Saarna Exotic Fruit Earrings Lightblue Long - Tallinn Design House<\/title>\n<meta name=\"description\" content=\"Kaia Saarna k\u00f5rvar\u00f5ngad Eksootilised viljad helesinine. Suurus: 3 cm x 7,5 cm. Kaal: 21,5 g. Materjal: h\u00f5be 925, ahhaat, nektariini kivi. V\u00e4rv: sinine &amp; helesinine.\" \/>\n<meta name=\"robots\" content=\"index, follow, max-snippet:-1, max-image-preview:large, max-video-preview:-1\" \/>\n<link rel=\"canonical\" href=\"https:\/\/tallinndesignhouse.com\/toode\/korvarongad-eksootilised-viljad-helesinine\/\" \/>\n<meta property=\"og:locale\" content=\"en_US\" \/>\n<meta property=\"og:type\" content=\"article\" \/>\n<meta property=\"og:title\" content=\"Kaia Saarna Exotic Fruit Earrings Lightblue Long - Tallinn Design House\" \/>\n<meta property=\"og:description\" content=\"Kaia Saarna k\u00f5rvar\u00f5ngad Eksootilised viljad helesinine. Suurus: 3 cm x 7,5 cm. Kaal: 21,5 g. Materjal: h\u00f5be 925, ahhaat, nektariini kivi. V\u00e4rv: sinine &amp; helesinine.\" \/>\n<meta property=\"og:url\" content=\"https:\/\/tallinndesignhouse.com\/toode\/korvarongad-eksootilised-viljad-helesinine\/\" \/>\n<meta property=\"og:site_name\" content=\"Tallinn Design House\" \/>\n<meta property=\"article:modified_time\" content=\"2026-04-28T22:02:55+00:00\" \/>\n<meta property=\"og:image\" content=\"https:\/\/tallinndesignhouse.com\/wp-content\/uploads\/2025\/07\/Korvarongad-Eksootilised-viljad-helesinine-Kaia-Saarna_.jpg\" \/>\n\t<meta property=\"og:image:width\" content=\"1080\" \/>\n\t<meta property=\"og:image:height\" content=\"1350\" \/>\n\t<meta property=\"og:image:type\" content=\"image\/jpeg\" \/>\n<meta name=\"twitter:card\" content=\"summary_large_image\" \/>\n<meta name=\"twitter:label1\" content=\"Est. reading time\" \/>\n\t<meta name=\"twitter:data1\" content=\"1 minute\" \/>\n<script type=\"application\/ld+json\" class=\"yoast-schema-graph\">{\"@context\":\"https:\/\/schema.org\",\"@graph\":[{\"@type\":\"WebPage\",\"@id\":\"https:\/\/tallinndesignhouse.com\/toode\/korvarongad-eksootilised-viljad-helesinine\/\",\"url\":\"https:\/\/tallinndesignhouse.com\/toode\/korvarongad-eksootilised-viljad-helesinine\/\",\"name\":\"Kaia Saarna Exotic Fruit Earrings Lightblue Long - Tallinn Design House\",\"isPartOf\":{\"@id\":\"https:\/\/tallinndesignhouse.com\/#website\"},\"primaryImageOfPage\":{\"@id\":\"https:\/\/tallinndesignhouse.com\/toode\/korvarongad-eksootilised-viljad-helesinine\/#primaryimage\"},\"image\":{\"@id\":\"https:\/\/tallinndesignhouse.com\/toode\/korvarongad-eksootilised-viljad-helesinine\/#primaryimage\"},\"thumbnailUrl\":\"https:\/\/tallinndesignhouse.com\/wp-content\/uploads\/2025\/07\/Korvarongad-Eksootilised-viljad-helesinine-Kaia-Saarna_.jpg\",\"datePublished\":\"2025-07-02T06:35:15+00:00\",\"dateModified\":\"2026-04-28T22:02:55+00:00\",\"description\":\"Kaia Saarna k\u00f5rvar\u00f5ngad Eksootilised viljad helesinine. Suurus: 3 cm x 7,5 cm. Kaal: 21,5 g. Materjal: h\u00f5be 925, ahhaat, nektariini kivi. V\u00e4rv: sinine & helesinine.\",\"breadcrumb\":{\"@id\":\"https:\/\/tallinndesignhouse.com\/toode\/korvarongad-eksootilised-viljad-helesinine\/#breadcrumb\"},\"inLanguage\":\"en-US\",\"potentialAction\":[{\"@type\":\"ReadAction\",\"target\":[\"https:\/\/tallinndesignhouse.com\/toode\/korvarongad-eksootilised-viljad-helesinine\/\"]}]},{\"@type\":\"ImageObject\",\"inLanguage\":\"en-US\",\"@id\":\"https:\/\/tallinndesignhouse.com\/toode\/korvarongad-eksootilised-viljad-helesinine\/#primaryimage\",\"url\":\"https:\/\/tallinndesignhouse.com\/wp-content\/uploads\/2025\/07\/Korvarongad-Eksootilised-viljad-helesinine-Kaia-Saarna_.jpg\",\"contentUrl\":\"https:\/\/tallinndesignhouse.com\/wp-content\/uploads\/2025\/07\/Korvarongad-Eksootilised-viljad-helesinine-Kaia-Saarna_.jpg\",\"width\":1080,\"height\":1350,\"caption\":\"Ko\u0303rvaro\u0303ngad Eksootilised viljad helesinine - Kaia Saarna_\"},{\"@type\":\"BreadcrumbList\",\"@id\":\"https:\/\/tallinndesignhouse.com\/toode\/korvarongad-eksootilised-viljad-helesinine\/#breadcrumb\",\"itemListElement\":[{\"@type\":\"ListItem\",\"position\":1,\"name\":\"Home\",\"item\":\"https:\/\/tallinndesignhouse.com\/en\/\"},{\"@type\":\"ListItem\",\"position\":2,\"name\":\"Shop\",\"item\":\"https:\/\/tallinndesignhouse.com\/en\/shop\/\"},{\"@type\":\"ListItem\",\"position\":3,\"name\":\"Exotic Fruit Earrings Lightblue Long\"}]},{\"@type\":\"WebSite\",\"@id\":\"https:\/\/tallinndesignhouse.com\/#website\",\"url\":\"https:\/\/tallinndesignhouse.com\/\",\"name\":\"Tallinn Design House\",\"description\":\"Eesti disain Rotermanni kvartalis\",\"potentialAction\":[{\"@type\":\"SearchAction\",\"target\":{\"@type\":\"EntryPoint\",\"urlTemplate\":\"https:\/\/tallinndesignhouse.com\/?s={search_term_string}\"},\"query-input\":{\"@type\":\"PropertyValueSpecification\",\"valueRequired\":true,\"valueName\":\"search_term_string\"}}],\"inLanguage\":\"en-US\"}]}<\/script>\n<!-- \/ Yoast SEO plugin. -->","yoast_head_json":{"title":"Kaia Saarna Exotic Fruit Earrings Lightblue Long - Tallinn Design House","description":"Kaia Saarna k\u00f5rvar\u00f5ngad Eksootilised viljad helesinine. Suurus: 3 cm x 7,5 cm. Kaal: 21,5 g. Materjal: h\u00f5be 925, ahhaat, nektariini kivi. V\u00e4rv: sinine & helesinine.","robots":{"index":"index","follow":"follow","max-snippet":"max-snippet:-1","max-image-preview":"max-image-preview:large","max-video-preview":"max-video-preview:-1"},"canonical":"https:\/\/tallinndesignhouse.com\/toode\/korvarongad-eksootilised-viljad-helesinine\/","og_locale":"en_US","og_type":"article","og_title":"Kaia Saarna Exotic Fruit Earrings Lightblue Long - Tallinn Design House","og_description":"Kaia Saarna k\u00f5rvar\u00f5ngad Eksootilised viljad helesinine. Suurus: 3 cm x 7,5 cm. Kaal: 21,5 g. Materjal: h\u00f5be 925, ahhaat, nektariini kivi. V\u00e4rv: sinine & helesinine.","og_url":"https:\/\/tallinndesignhouse.com\/toode\/korvarongad-eksootilised-viljad-helesinine\/","og_site_name":"Tallinn Design House","article_modified_time":"2026-04-28T22:02:55+00:00","og_image":[{"width":1080,"height":1350,"url":"https:\/\/tallinndesignhouse.com\/wp-content\/uploads\/2025\/07\/Korvarongad-Eksootilised-viljad-helesinine-Kaia-Saarna_.jpg","type":"image\/jpeg"}],"twitter_card":"summary_large_image","twitter_misc":{"Est. reading time":"1 minute"},"schema":{"@context":"https:\/\/schema.org","@graph":[{"@type":"WebPage","@id":"https:\/\/tallinndesignhouse.com\/toode\/korvarongad-eksootilised-viljad-helesinine\/","url":"https:\/\/tallinndesignhouse.com\/toode\/korvarongad-eksootilised-viljad-helesinine\/","name":"Kaia Saarna Exotic Fruit Earrings Lightblue Long - Tallinn Design House","isPartOf":{"@id":"https:\/\/tallinndesignhouse.com\/#website"},"primaryImageOfPage":{"@id":"https:\/\/tallinndesignhouse.com\/toode\/korvarongad-eksootilised-viljad-helesinine\/#primaryimage"},"image":{"@id":"https:\/\/tallinndesignhouse.com\/toode\/korvarongad-eksootilised-viljad-helesinine\/#primaryimage"},"thumbnailUrl":"https:\/\/tallinndesignhouse.com\/wp-content\/uploads\/2025\/07\/Korvarongad-Eksootilised-viljad-helesinine-Kaia-Saarna_.jpg","datePublished":"2025-07-02T06:35:15+00:00","dateModified":"2026-04-28T22:02:55+00:00","description":"Kaia Saarna k\u00f5rvar\u00f5ngad Eksootilised viljad helesinine. Suurus: 3 cm x 7,5 cm. Kaal: 21,5 g. Materjal: h\u00f5be 925, ahhaat, nektariini kivi. V\u00e4rv: sinine & helesinine.","breadcrumb":{"@id":"https:\/\/tallinndesignhouse.com\/toode\/korvarongad-eksootilised-viljad-helesinine\/#breadcrumb"},"inLanguage":"en-US","potentialAction":[{"@type":"ReadAction","target":["https:\/\/tallinndesignhouse.com\/toode\/korvarongad-eksootilised-viljad-helesinine\/"]}]},{"@type":"ImageObject","inLanguage":"en-US","@id":"https:\/\/tallinndesignhouse.com\/toode\/korvarongad-eksootilised-viljad-helesinine\/#primaryimage","url":"https:\/\/tallinndesignhouse.com\/wp-content\/uploads\/2025\/07\/Korvarongad-Eksootilised-viljad-helesinine-Kaia-Saarna_.jpg","contentUrl":"https:\/\/tallinndesignhouse.com\/wp-content\/uploads\/2025\/07\/Korvarongad-Eksootilised-viljad-helesinine-Kaia-Saarna_.jpg","width":1080,"height":1350,"caption":"Ko\u0303rvaro\u0303ngad Eksootilised viljad helesinine - Kaia Saarna_"},{"@type":"BreadcrumbList","@id":"https:\/\/tallinndesignhouse.com\/toode\/korvarongad-eksootilised-viljad-helesinine\/#breadcrumb","itemListElement":[{"@type":"ListItem","position":1,"name":"Home","item":"https:\/\/tallinndesignhouse.com\/en\/"},{"@type":"ListItem","position":2,"name":"Shop","item":"https:\/\/tallinndesignhouse.com\/en\/shop\/"},{"@type":"ListItem","position":3,"name":"Exotic Fruit Earrings Lightblue Long"}]},{"@type":"WebSite","@id":"https:\/\/tallinndesignhouse.com\/#website","url":"https:\/\/tallinndesignhouse.com\/","name":"Tallinn Design House","description":"Eesti disain Rotermanni kvartalis","potentialAction":[{"@type":"SearchAction","target":{"@type":"EntryPoint","urlTemplate":"https:\/\/tallinndesignhouse.com\/?s={search_term_string}"},"query-input":{"@type":"PropertyValueSpecification","valueRequired":true,"valueName":"search_term_string"}}],"inLanguage":"en-US"}]}},"_links":{"self":[{"href":"https:\/\/tallinndesignhouse.com\/en\/wp-json\/wp\/v2\/product\/3379059","targetHints":{"allow":["GET"]}}],"collection":[{"href":"https:\/\/tallinndesignhouse.com\/en\/wp-json\/wp\/v2\/product"}],"about":[{"href":"https:\/\/tallinndesignhouse.com\/en\/wp-json\/wp\/v2\/types\/product"}],"wp:featuredmedia":[{"embeddable":true,"href":"https:\/\/tallinndesignhouse.com\/en\/wp-json\/wp\/v2\/media\/3379061"}],"wp:attachment":[{"href":"https:\/\/tallinndesignhouse.com\/en\/wp-json\/wp\/v2\/media?parent=3379059"}],"wp:term":[{"taxonomy":"product_brand","embeddable":true,"href":"https:\/\/tallinndesignhouse.com\/en\/wp-json\/wp\/v2\/product_brand?post=3379059"},{"taxonomy":"product_cat","embeddable":true,"href":"https:\/\/tallinndesignhouse.com\/en\/wp-json\/wp\/v2\/product_cat?post=3379059"},{"taxonomy":"product_tag","embeddable":true,"href":"https:\/\/tallinndesignhouse.com\/en\/wp-json\/wp\/v2\/product_tag?post=3379059"}],"curies":[{"name":"wp","href":"https:\/\/api.w.org\/{rel}","templated":true}]}}