{"id":3379596,"date":"2025-07-28T12:05:02","date_gmt":"2025-07-28T09:05:02","guid":{"rendered":"https:\/\/tallinndesignhouse.com\/toode\/como-sark\/"},"modified":"2026-05-13T08:20:03","modified_gmt":"2026-05-13T05:20:03","slug":"como-sark","status":"publish","type":"product","link":"https:\/\/tallinndesignhouse.com\/en\/toode\/como-sark\/","title":{"rendered":"Como shirt"},"content":{"rendered":"<p>COMO is a summer shirt by Ellen Richard made of soft linen fabric that goes well with both trousers and skirts. The shirt has wide balloon sleeves and comes with a long belt. The COMO shirt is suitable for both everyday wear and more formal events. The shirt is handmade in Estonia. The model is wearing a size 36. Material: 100% linen. Care: 30C machine wash.<\/p>\n","protected":false},"excerpt":{"rendered":"<p>COMO is a summer shirt by Ellen Richard made of soft linen fabric that goes well with both trousers and skirts. The shirt has wide balloon sleeves and comes with a long belt. The COMO shirt is suitable for both everyday wear and more formal events. The shirt is handmade in Estonia. The model is [&hellip;]<\/p>\n","protected":false},"featured_media":3379607,"template":"","meta":{"_acf_changed":false},"product_brand":[],"product_cat":[888,887],"product_tag":[2818],"class_list":{"0":"post-3379596","1":"product","2":"type-product","3":"status-publish","4":"has-post-thumbnail","6":"product_cat-sargid_ja_pluusid","7":"product_cat-roivad","8":"product_tag-naised","9":"pa_brand-ellen-richard","11":"pa_suurus-1082","13":"pa_suurus-1083","15":"pa_varv-must","16":"pa_varv-pruun","19":"pa_varv-punane","21":"pa_varv-valge","24":"first","25":"instock","26":"taxable","27":"shipping-taxable","28":"purchasable","29":"product-type-variable"},"acf":[],"yoast_head":"<!-- This site is optimized with the Yoast SEO plugin v26.0 - https:\/\/yoast.com\/wordpress\/plugins\/seo\/ -->\n<title>Ellen Richard Como shirt - Tallinn Design House<\/title>\n<meta name=\"description\" content=\"Ellen Richard Como s\u00e4rk sobib nii igap\u00e4evaseks kandmiseks kui pidulikumatele s\u00fcndmustele. S\u00e4rk on valminud k\u00e4sit\u00f6\u00f6na Eestis. Materjal: 100% linane.\" \/>\n<meta name=\"robots\" content=\"index, follow, max-snippet:-1, max-image-preview:large, max-video-preview:-1\" \/>\n<link rel=\"canonical\" href=\"https:\/\/tallinndesignhouse.com\/toode\/como-sark\/\" \/>\n<meta property=\"og:locale\" content=\"en_US\" \/>\n<meta property=\"og:type\" content=\"article\" \/>\n<meta property=\"og:title\" content=\"Ellen Richard Como shirt - Tallinn Design House\" \/>\n<meta property=\"og:description\" content=\"Ellen Richard Como s\u00e4rk sobib nii igap\u00e4evaseks kandmiseks kui pidulikumatele s\u00fcndmustele. S\u00e4rk on valminud k\u00e4sit\u00f6\u00f6na Eestis. Materjal: 100% linane.\" \/>\n<meta property=\"og:url\" content=\"https:\/\/tallinndesignhouse.com\/toode\/como-sark\/\" \/>\n<meta property=\"og:site_name\" content=\"Tallinn Design House\" \/>\n<meta property=\"article:modified_time\" content=\"2026-05-13T05:20:03+00:00\" \/>\n<meta property=\"og:image\" content=\"https:\/\/tallinndesignhouse.com\/wp-content\/uploads\/2025\/07\/Como-sark-valge-Ellen-Richard_22.jpg\" \/>\n\t<meta property=\"og:image:width\" content=\"1080\" \/>\n\t<meta property=\"og:image:height\" content=\"1350\" \/>\n\t<meta property=\"og:image:type\" content=\"image\/jpeg\" \/>\n<meta name=\"twitter:card\" content=\"summary_large_image\" \/>\n<meta name=\"twitter:label1\" content=\"Est. reading time\" \/>\n\t<meta name=\"twitter:data1\" content=\"1 minute\" \/>\n<script type=\"application\/ld+json\" class=\"yoast-schema-graph\">{\"@context\":\"https:\/\/schema.org\",\"@graph\":[{\"@type\":\"WebPage\",\"@id\":\"https:\/\/tallinndesignhouse.com\/toode\/como-sark\/\",\"url\":\"https:\/\/tallinndesignhouse.com\/toode\/como-sark\/\",\"name\":\"Ellen Richard Como shirt - Tallinn Design House\",\"isPartOf\":{\"@id\":\"https:\/\/tallinndesignhouse.com\/#website\"},\"primaryImageOfPage\":{\"@id\":\"https:\/\/tallinndesignhouse.com\/toode\/como-sark\/#primaryimage\"},\"image\":{\"@id\":\"https:\/\/tallinndesignhouse.com\/toode\/como-sark\/#primaryimage\"},\"thumbnailUrl\":\"https:\/\/tallinndesignhouse.com\/wp-content\/uploads\/2025\/07\/Como-sark-valge-Ellen-Richard_22.jpg\",\"datePublished\":\"2025-07-28T09:05:02+00:00\",\"dateModified\":\"2026-05-13T05:20:03+00:00\",\"description\":\"Ellen Richard Como s\u00e4rk sobib nii igap\u00e4evaseks kandmiseks kui pidulikumatele s\u00fcndmustele. S\u00e4rk on valminud k\u00e4sit\u00f6\u00f6na Eestis. Materjal: 100% linane.\",\"breadcrumb\":{\"@id\":\"https:\/\/tallinndesignhouse.com\/toode\/como-sark\/#breadcrumb\"},\"inLanguage\":\"en-US\",\"potentialAction\":[{\"@type\":\"ReadAction\",\"target\":[\"https:\/\/tallinndesignhouse.com\/toode\/como-sark\/\"]}]},{\"@type\":\"ImageObject\",\"inLanguage\":\"en-US\",\"@id\":\"https:\/\/tallinndesignhouse.com\/toode\/como-sark\/#primaryimage\",\"url\":\"https:\/\/tallinndesignhouse.com\/wp-content\/uploads\/2025\/07\/Como-sark-valge-Ellen-Richard_22.jpg\",\"contentUrl\":\"https:\/\/tallinndesignhouse.com\/wp-content\/uploads\/2025\/07\/Como-sark-valge-Ellen-Richard_22.jpg\",\"width\":1080,\"height\":1350,\"caption\":\"Como sa\u0308rk valge - Ellen Richard_22\"},{\"@type\":\"BreadcrumbList\",\"@id\":\"https:\/\/tallinndesignhouse.com\/toode\/como-sark\/#breadcrumb\",\"itemListElement\":[{\"@type\":\"ListItem\",\"position\":1,\"name\":\"Home\",\"item\":\"https:\/\/tallinndesignhouse.com\/en\/\"},{\"@type\":\"ListItem\",\"position\":2,\"name\":\"Shop\",\"item\":\"https:\/\/tallinndesignhouse.com\/en\/shop\/\"},{\"@type\":\"ListItem\",\"position\":3,\"name\":\"Como shirt\"}]},{\"@type\":\"WebSite\",\"@id\":\"https:\/\/tallinndesignhouse.com\/#website\",\"url\":\"https:\/\/tallinndesignhouse.com\/\",\"name\":\"Tallinn Design House\",\"description\":\"Eesti disain Rotermanni kvartalis\",\"potentialAction\":[{\"@type\":\"SearchAction\",\"target\":{\"@type\":\"EntryPoint\",\"urlTemplate\":\"https:\/\/tallinndesignhouse.com\/?s={search_term_string}\"},\"query-input\":{\"@type\":\"PropertyValueSpecification\",\"valueRequired\":true,\"valueName\":\"search_term_string\"}}],\"inLanguage\":\"en-US\"}]}<\/script>\n<!-- \/ Yoast SEO plugin. -->","yoast_head_json":{"title":"Ellen Richard Como shirt - Tallinn Design House","description":"Ellen Richard Como s\u00e4rk sobib nii igap\u00e4evaseks kandmiseks kui pidulikumatele s\u00fcndmustele. S\u00e4rk on valminud k\u00e4sit\u00f6\u00f6na Eestis. Materjal: 100% linane.","robots":{"index":"index","follow":"follow","max-snippet":"max-snippet:-1","max-image-preview":"max-image-preview:large","max-video-preview":"max-video-preview:-1"},"canonical":"https:\/\/tallinndesignhouse.com\/toode\/como-sark\/","og_locale":"en_US","og_type":"article","og_title":"Ellen Richard Como shirt - Tallinn Design House","og_description":"Ellen Richard Como s\u00e4rk sobib nii igap\u00e4evaseks kandmiseks kui pidulikumatele s\u00fcndmustele. S\u00e4rk on valminud k\u00e4sit\u00f6\u00f6na Eestis. Materjal: 100% linane.","og_url":"https:\/\/tallinndesignhouse.com\/toode\/como-sark\/","og_site_name":"Tallinn Design House","article_modified_time":"2026-05-13T05:20:03+00:00","og_image":[{"width":1080,"height":1350,"url":"https:\/\/tallinndesignhouse.com\/wp-content\/uploads\/2025\/07\/Como-sark-valge-Ellen-Richard_22.jpg","type":"image\/jpeg"}],"twitter_card":"summary_large_image","twitter_misc":{"Est. reading time":"1 minute"},"schema":{"@context":"https:\/\/schema.org","@graph":[{"@type":"WebPage","@id":"https:\/\/tallinndesignhouse.com\/toode\/como-sark\/","url":"https:\/\/tallinndesignhouse.com\/toode\/como-sark\/","name":"Ellen Richard Como shirt - Tallinn Design House","isPartOf":{"@id":"https:\/\/tallinndesignhouse.com\/#website"},"primaryImageOfPage":{"@id":"https:\/\/tallinndesignhouse.com\/toode\/como-sark\/#primaryimage"},"image":{"@id":"https:\/\/tallinndesignhouse.com\/toode\/como-sark\/#primaryimage"},"thumbnailUrl":"https:\/\/tallinndesignhouse.com\/wp-content\/uploads\/2025\/07\/Como-sark-valge-Ellen-Richard_22.jpg","datePublished":"2025-07-28T09:05:02+00:00","dateModified":"2026-05-13T05:20:03+00:00","description":"Ellen Richard Como s\u00e4rk sobib nii igap\u00e4evaseks kandmiseks kui pidulikumatele s\u00fcndmustele. S\u00e4rk on valminud k\u00e4sit\u00f6\u00f6na Eestis. Materjal: 100% linane.","breadcrumb":{"@id":"https:\/\/tallinndesignhouse.com\/toode\/como-sark\/#breadcrumb"},"inLanguage":"en-US","potentialAction":[{"@type":"ReadAction","target":["https:\/\/tallinndesignhouse.com\/toode\/como-sark\/"]}]},{"@type":"ImageObject","inLanguage":"en-US","@id":"https:\/\/tallinndesignhouse.com\/toode\/como-sark\/#primaryimage","url":"https:\/\/tallinndesignhouse.com\/wp-content\/uploads\/2025\/07\/Como-sark-valge-Ellen-Richard_22.jpg","contentUrl":"https:\/\/tallinndesignhouse.com\/wp-content\/uploads\/2025\/07\/Como-sark-valge-Ellen-Richard_22.jpg","width":1080,"height":1350,"caption":"Como sa\u0308rk valge - Ellen Richard_22"},{"@type":"BreadcrumbList","@id":"https:\/\/tallinndesignhouse.com\/toode\/como-sark\/#breadcrumb","itemListElement":[{"@type":"ListItem","position":1,"name":"Home","item":"https:\/\/tallinndesignhouse.com\/en\/"},{"@type":"ListItem","position":2,"name":"Shop","item":"https:\/\/tallinndesignhouse.com\/en\/shop\/"},{"@type":"ListItem","position":3,"name":"Como shirt"}]},{"@type":"WebSite","@id":"https:\/\/tallinndesignhouse.com\/#website","url":"https:\/\/tallinndesignhouse.com\/","name":"Tallinn Design House","description":"Eesti disain Rotermanni kvartalis","potentialAction":[{"@type":"SearchAction","target":{"@type":"EntryPoint","urlTemplate":"https:\/\/tallinndesignhouse.com\/?s={search_term_string}"},"query-input":{"@type":"PropertyValueSpecification","valueRequired":true,"valueName":"search_term_string"}}],"inLanguage":"en-US"}]}},"_links":{"self":[{"href":"https:\/\/tallinndesignhouse.com\/en\/wp-json\/wp\/v2\/product\/3379596","targetHints":{"allow":["GET"]}}],"collection":[{"href":"https:\/\/tallinndesignhouse.com\/en\/wp-json\/wp\/v2\/product"}],"about":[{"href":"https:\/\/tallinndesignhouse.com\/en\/wp-json\/wp\/v2\/types\/product"}],"wp:featuredmedia":[{"embeddable":true,"href":"https:\/\/tallinndesignhouse.com\/en\/wp-json\/wp\/v2\/media\/3379607"}],"wp:attachment":[{"href":"https:\/\/tallinndesignhouse.com\/en\/wp-json\/wp\/v2\/media?parent=3379596"}],"wp:term":[{"taxonomy":"product_brand","embeddable":true,"href":"https:\/\/tallinndesignhouse.com\/en\/wp-json\/wp\/v2\/product_brand?post=3379596"},{"taxonomy":"product_cat","embeddable":true,"href":"https:\/\/tallinndesignhouse.com\/en\/wp-json\/wp\/v2\/product_cat?post=3379596"},{"taxonomy":"product_tag","embeddable":true,"href":"https:\/\/tallinndesignhouse.com\/en\/wp-json\/wp\/v2\/product_tag?post=3379596"}],"curies":[{"name":"wp","href":"https:\/\/api.w.org\/{rel}","templated":true}]}}