{"id":3380516,"date":"2025-08-29T12:35:02","date_gmt":"2025-08-29T09:35:02","guid":{"rendered":"https:\/\/tallinndesignhouse.com\/toode\/korvarongad-gilded-secret\/"},"modified":"2026-04-13T01:04:12","modified_gmt":"2026-04-12T22:04:12","slug":"korvarongad-gilded-secret","status":"publish","type":"product","link":"https:\/\/tallinndesignhouse.com\/en\/toode\/korvarongad-gilded-secret\/","title":{"rendered":"Earrings Gilded Secret"},"content":{"rendered":"<p>The earrings Gilded Secret by Vetka are light and comfortable to wear. Hypoallergenic. Post- Made from 316L stainless steel (&#8220;surgical steel&#8221;), sutable for sensitive skin. Handmade embroidery \u2013 each pair is crafted entirely by hand, ensuring a one-of-a-kind character. Materials- Fabric, glass beads, plastic beads. Perfect gift. The Giftbox included. One earring size: width 2,5-3,5 cm, length 9,0 cm(including hanging elements). Each piece in this collection is a whisper from a forgotten century, hand-embroidered with symbols lifted from enchanted legends: The star, a timeless guide through darkness, carrying wishes, omens, and light; The heart, a vessel of love and spirit, ever pulsing with memory and devotion. The eye, an ancient talisman that repels the evil gaze, forever open to hidden truths. This is a vow between eras, sewn with reverent care by hand, and meant to be worn by those who still read meaning in the stars.<\/p>\n","protected":false},"excerpt":{"rendered":"<p>The earrings Gilded Secret by Vetka are light and comfortable to wear. Hypoallergenic. Post- Made from 316L stainless steel (&#8220;surgical steel&#8221;), sutable for sensitive skin. Handmade embroidery \u2013 each pair is crafted entirely by hand, ensuring a one-of-a-kind character. Materials- Fabric, glass beads, plastic beads. Perfect gift. The Giftbox included. One earring size: width 2,5-3,5 [&hellip;]<\/p>\n","protected":false},"featured_media":3380503,"template":"","meta":{"_acf_changed":false},"product_brand":[],"product_cat":[1955,3223],"product_tag":[2819],"class_list":{"0":"post-3380516","1":"product","2":"type-product","3":"status-publish","4":"has-post-thumbnail","6":"product_cat-earrings","7":"product_cat-jewellery-en","8":"product_tag-women","9":"pa_brand-vetka","10":"pa_brand-vetka-en","12":"first","13":"instock","14":"taxable","15":"shipping-taxable","16":"purchasable","17":"product-type-simple"},"acf":[],"yoast_head":"<!-- This site is optimized with the Yoast SEO plugin v26.0 - https:\/\/yoast.com\/wordpress\/plugins\/seo\/ -->\n<title>Vetka Earrings Gilded Secret - Tallinn Design House<\/title>\n<meta name=\"description\" content=\"Vetka k\u00f5rvar\u00f5ngad Gilded Secret. Materjalid \u2013 kangas, klaashelmed, plasthelmed. Ideaalne kingitus. Kaasas kinkekarp. \u00dche k\u00f5rvar\u00f5nga suurus on 3,5 x 9 cm.\" \/>\n<meta name=\"robots\" content=\"index, follow, max-snippet:-1, max-image-preview:large, max-video-preview:-1\" \/>\n<link rel=\"canonical\" href=\"https:\/\/tallinndesignhouse.com\/toode\/korvarongad-gilded-secret\/\" \/>\n<meta property=\"og:locale\" content=\"en_US\" \/>\n<meta property=\"og:type\" content=\"article\" \/>\n<meta property=\"og:title\" content=\"Vetka Earrings Gilded Secret - Tallinn Design House\" \/>\n<meta property=\"og:description\" content=\"Vetka k\u00f5rvar\u00f5ngad Gilded Secret. Materjalid \u2013 kangas, klaashelmed, plasthelmed. Ideaalne kingitus. Kaasas kinkekarp. \u00dche k\u00f5rvar\u00f5nga suurus on 3,5 x 9 cm.\" \/>\n<meta property=\"og:url\" content=\"https:\/\/tallinndesignhouse.com\/toode\/korvarongad-gilded-secret\/\" \/>\n<meta property=\"og:site_name\" content=\"Tallinn Design House\" \/>\n<meta property=\"article:modified_time\" content=\"2026-04-12T22:04:12+00:00\" \/>\n<meta property=\"og:image\" content=\"https:\/\/tallinndesignhouse.com\/wp-content\/uploads\/2025\/08\/Korvarongad-Gilded-Secret-Vetka_.jpg\" \/>\n\t<meta property=\"og:image:width\" content=\"1080\" \/>\n\t<meta property=\"og:image:height\" content=\"1350\" \/>\n\t<meta property=\"og:image:type\" content=\"image\/jpeg\" \/>\n<meta name=\"twitter:card\" content=\"summary_large_image\" \/>\n<meta name=\"twitter:label1\" content=\"Est. reading time\" \/>\n\t<meta name=\"twitter:data1\" content=\"1 minute\" \/>\n<script type=\"application\/ld+json\" class=\"yoast-schema-graph\">{\"@context\":\"https:\/\/schema.org\",\"@graph\":[{\"@type\":\"WebPage\",\"@id\":\"https:\/\/tallinndesignhouse.com\/toode\/korvarongad-gilded-secret\/\",\"url\":\"https:\/\/tallinndesignhouse.com\/toode\/korvarongad-gilded-secret\/\",\"name\":\"Vetka Earrings Gilded Secret - Tallinn Design House\",\"isPartOf\":{\"@id\":\"https:\/\/tallinndesignhouse.com\/#website\"},\"primaryImageOfPage\":{\"@id\":\"https:\/\/tallinndesignhouse.com\/toode\/korvarongad-gilded-secret\/#primaryimage\"},\"image\":{\"@id\":\"https:\/\/tallinndesignhouse.com\/toode\/korvarongad-gilded-secret\/#primaryimage\"},\"thumbnailUrl\":\"https:\/\/tallinndesignhouse.com\/wp-content\/uploads\/2025\/08\/Korvarongad-Gilded-Secret-Vetka_.jpg\",\"datePublished\":\"2025-08-29T09:35:02+00:00\",\"dateModified\":\"2026-04-12T22:04:12+00:00\",\"description\":\"Vetka k\u00f5rvar\u00f5ngad Gilded Secret. Materjalid \u2013 kangas, klaashelmed, plasthelmed. Ideaalne kingitus. Kaasas kinkekarp. \u00dche k\u00f5rvar\u00f5nga suurus on 3,5 x 9 cm.\",\"breadcrumb\":{\"@id\":\"https:\/\/tallinndesignhouse.com\/toode\/korvarongad-gilded-secret\/#breadcrumb\"},\"inLanguage\":\"en-US\",\"potentialAction\":[{\"@type\":\"ReadAction\",\"target\":[\"https:\/\/tallinndesignhouse.com\/toode\/korvarongad-gilded-secret\/\"]}]},{\"@type\":\"ImageObject\",\"inLanguage\":\"en-US\",\"@id\":\"https:\/\/tallinndesignhouse.com\/toode\/korvarongad-gilded-secret\/#primaryimage\",\"url\":\"https:\/\/tallinndesignhouse.com\/wp-content\/uploads\/2025\/08\/Korvarongad-Gilded-Secret-Vetka_.jpg\",\"contentUrl\":\"https:\/\/tallinndesignhouse.com\/wp-content\/uploads\/2025\/08\/Korvarongad-Gilded-Secret-Vetka_.jpg\",\"width\":1080,\"height\":1350,\"caption\":\"Ko\u0303rvaro\u0303ngad Gilded Secret - Vetka_\"},{\"@type\":\"BreadcrumbList\",\"@id\":\"https:\/\/tallinndesignhouse.com\/toode\/korvarongad-gilded-secret\/#breadcrumb\",\"itemListElement\":[{\"@type\":\"ListItem\",\"position\":1,\"name\":\"Home\",\"item\":\"https:\/\/tallinndesignhouse.com\/en\/\"},{\"@type\":\"ListItem\",\"position\":2,\"name\":\"Shop\",\"item\":\"https:\/\/tallinndesignhouse.com\/en\/shop\/\"},{\"@type\":\"ListItem\",\"position\":3,\"name\":\"Earrings Gilded Secret\"}]},{\"@type\":\"WebSite\",\"@id\":\"https:\/\/tallinndesignhouse.com\/#website\",\"url\":\"https:\/\/tallinndesignhouse.com\/\",\"name\":\"Tallinn Design House\",\"description\":\"Eesti disain Rotermanni kvartalis\",\"potentialAction\":[{\"@type\":\"SearchAction\",\"target\":{\"@type\":\"EntryPoint\",\"urlTemplate\":\"https:\/\/tallinndesignhouse.com\/?s={search_term_string}\"},\"query-input\":{\"@type\":\"PropertyValueSpecification\",\"valueRequired\":true,\"valueName\":\"search_term_string\"}}],\"inLanguage\":\"en-US\"}]}<\/script>\n<!-- \/ Yoast SEO plugin. -->","yoast_head_json":{"title":"Vetka Earrings Gilded Secret - Tallinn Design House","description":"Vetka k\u00f5rvar\u00f5ngad Gilded Secret. Materjalid \u2013 kangas, klaashelmed, plasthelmed. Ideaalne kingitus. Kaasas kinkekarp. \u00dche k\u00f5rvar\u00f5nga suurus on 3,5 x 9 cm.","robots":{"index":"index","follow":"follow","max-snippet":"max-snippet:-1","max-image-preview":"max-image-preview:large","max-video-preview":"max-video-preview:-1"},"canonical":"https:\/\/tallinndesignhouse.com\/toode\/korvarongad-gilded-secret\/","og_locale":"en_US","og_type":"article","og_title":"Vetka Earrings Gilded Secret - Tallinn Design House","og_description":"Vetka k\u00f5rvar\u00f5ngad Gilded Secret. Materjalid \u2013 kangas, klaashelmed, plasthelmed. Ideaalne kingitus. Kaasas kinkekarp. \u00dche k\u00f5rvar\u00f5nga suurus on 3,5 x 9 cm.","og_url":"https:\/\/tallinndesignhouse.com\/toode\/korvarongad-gilded-secret\/","og_site_name":"Tallinn Design House","article_modified_time":"2026-04-12T22:04:12+00:00","og_image":[{"width":1080,"height":1350,"url":"https:\/\/tallinndesignhouse.com\/wp-content\/uploads\/2025\/08\/Korvarongad-Gilded-Secret-Vetka_.jpg","type":"image\/jpeg"}],"twitter_card":"summary_large_image","twitter_misc":{"Est. reading time":"1 minute"},"schema":{"@context":"https:\/\/schema.org","@graph":[{"@type":"WebPage","@id":"https:\/\/tallinndesignhouse.com\/toode\/korvarongad-gilded-secret\/","url":"https:\/\/tallinndesignhouse.com\/toode\/korvarongad-gilded-secret\/","name":"Vetka Earrings Gilded Secret - Tallinn Design House","isPartOf":{"@id":"https:\/\/tallinndesignhouse.com\/#website"},"primaryImageOfPage":{"@id":"https:\/\/tallinndesignhouse.com\/toode\/korvarongad-gilded-secret\/#primaryimage"},"image":{"@id":"https:\/\/tallinndesignhouse.com\/toode\/korvarongad-gilded-secret\/#primaryimage"},"thumbnailUrl":"https:\/\/tallinndesignhouse.com\/wp-content\/uploads\/2025\/08\/Korvarongad-Gilded-Secret-Vetka_.jpg","datePublished":"2025-08-29T09:35:02+00:00","dateModified":"2026-04-12T22:04:12+00:00","description":"Vetka k\u00f5rvar\u00f5ngad Gilded Secret. Materjalid \u2013 kangas, klaashelmed, plasthelmed. Ideaalne kingitus. Kaasas kinkekarp. \u00dche k\u00f5rvar\u00f5nga suurus on 3,5 x 9 cm.","breadcrumb":{"@id":"https:\/\/tallinndesignhouse.com\/toode\/korvarongad-gilded-secret\/#breadcrumb"},"inLanguage":"en-US","potentialAction":[{"@type":"ReadAction","target":["https:\/\/tallinndesignhouse.com\/toode\/korvarongad-gilded-secret\/"]}]},{"@type":"ImageObject","inLanguage":"en-US","@id":"https:\/\/tallinndesignhouse.com\/toode\/korvarongad-gilded-secret\/#primaryimage","url":"https:\/\/tallinndesignhouse.com\/wp-content\/uploads\/2025\/08\/Korvarongad-Gilded-Secret-Vetka_.jpg","contentUrl":"https:\/\/tallinndesignhouse.com\/wp-content\/uploads\/2025\/08\/Korvarongad-Gilded-Secret-Vetka_.jpg","width":1080,"height":1350,"caption":"Ko\u0303rvaro\u0303ngad Gilded Secret - Vetka_"},{"@type":"BreadcrumbList","@id":"https:\/\/tallinndesignhouse.com\/toode\/korvarongad-gilded-secret\/#breadcrumb","itemListElement":[{"@type":"ListItem","position":1,"name":"Home","item":"https:\/\/tallinndesignhouse.com\/en\/"},{"@type":"ListItem","position":2,"name":"Shop","item":"https:\/\/tallinndesignhouse.com\/en\/shop\/"},{"@type":"ListItem","position":3,"name":"Earrings Gilded Secret"}]},{"@type":"WebSite","@id":"https:\/\/tallinndesignhouse.com\/#website","url":"https:\/\/tallinndesignhouse.com\/","name":"Tallinn Design House","description":"Eesti disain Rotermanni kvartalis","potentialAction":[{"@type":"SearchAction","target":{"@type":"EntryPoint","urlTemplate":"https:\/\/tallinndesignhouse.com\/?s={search_term_string}"},"query-input":{"@type":"PropertyValueSpecification","valueRequired":true,"valueName":"search_term_string"}}],"inLanguage":"en-US"}]}},"_links":{"self":[{"href":"https:\/\/tallinndesignhouse.com\/en\/wp-json\/wp\/v2\/product\/3380516","targetHints":{"allow":["GET"]}}],"collection":[{"href":"https:\/\/tallinndesignhouse.com\/en\/wp-json\/wp\/v2\/product"}],"about":[{"href":"https:\/\/tallinndesignhouse.com\/en\/wp-json\/wp\/v2\/types\/product"}],"wp:featuredmedia":[{"embeddable":true,"href":"https:\/\/tallinndesignhouse.com\/en\/wp-json\/wp\/v2\/media\/3380503"}],"wp:attachment":[{"href":"https:\/\/tallinndesignhouse.com\/en\/wp-json\/wp\/v2\/media?parent=3380516"}],"wp:term":[{"taxonomy":"product_brand","embeddable":true,"href":"https:\/\/tallinndesignhouse.com\/en\/wp-json\/wp\/v2\/product_brand?post=3380516"},{"taxonomy":"product_cat","embeddable":true,"href":"https:\/\/tallinndesignhouse.com\/en\/wp-json\/wp\/v2\/product_cat?post=3380516"},{"taxonomy":"product_tag","embeddable":true,"href":"https:\/\/tallinndesignhouse.com\/en\/wp-json\/wp\/v2\/product_tag?post=3380516"}],"curies":[{"name":"wp","href":"https:\/\/api.w.org\/{rel}","templated":true}]}}