{"id":3380538,"date":"2025-08-31T15:35:02","date_gmt":"2025-08-31T12:35:02","guid":{"rendered":"https:\/\/tallinndesignhouse.com\/toode\/mustad-luhemad-laiad-puksid\/"},"modified":"2026-05-02T01:02:52","modified_gmt":"2026-05-01T22:02:52","slug":"mustad-luhemad-laiad-puksid","status":"publish","type":"product","link":"https:\/\/tallinndesignhouse.com\/en\/toode\/mustad-luhemad-laiad-puksid\/","title":{"rendered":"Black Cropped Wide-leg Pants"},"content":{"rendered":"<p>Black Cropped Wide-leg Pants by Raili N\u00f5lvak. Made of heavier cotton satin. Zipper on the left side. With pockets. Leg\u00b4s side detail  is with ties that can be styled in different ways. Sizes: 36 (waist 66 cm, hips 92 cm); 38 (waist 70 cm, hips 96 cm); 40 (waist 74 cm, hips 100 cm); 42 (waist 78 cm, hips 104 cm); 44 (waist 82 cm, hips 108 cm). Inseam length: 50 cm. Leg width at hem: 34 cm. Composition: 97% cotton, 3% elastane. Care: Machine wash at 40 \u00b0C.<\/p>\n","protected":false},"excerpt":{"rendered":"<p>Black Cropped Wide-leg Pants by Raili N\u00f5lvak. Made of heavier cotton satin. Zipper on the left side. With pockets. Leg\u00b4s side detail is with ties that can be styled in different ways. Sizes: 36 (waist 66 cm, hips 92 cm); 38 (waist 70 cm, hips 96 cm); 40 (waist 74 cm, hips 100 cm); 42 [&hellip;]<\/p>\n","protected":false},"featured_media":3380614,"template":"","meta":{"_acf_changed":false},"product_brand":[],"product_cat":[2013,2837],"product_tag":[2819],"class_list":{"0":"post-3380538","1":"product","2":"type-product","3":"status-publish","4":"has-post-thumbnail","6":"product_cat-pants","7":"product_cat-clothes","8":"product_tag-women","9":"pa_brand-raili-nolvak-en","11":"pa_suurus-1082","13":"pa_suurus-1083","15":"pa_suurus-1086","17":"pa_suurus-1087","19":"pa_suurus-1200","22":"first","23":"instock","24":"taxable","25":"shipping-taxable","26":"purchasable","27":"product-type-variable"},"acf":[],"yoast_head":"<!-- This site is optimized with the Yoast SEO plugin v26.0 - https:\/\/yoast.com\/wordpress\/plugins\/seo\/ -->\n<title>Black Cropped Wide-leg Pants - Tallinn Design House<\/title>\n<meta name=\"description\" content=\"Raili N\u00f5lvak mustad l\u00fchemad laiad p\u00fcksid. Koostis: 97% puuvill, 3% elastaan. Hooldus: Masinpesu 40 \u00b0C juures.\" \/>\n<meta name=\"robots\" content=\"index, follow, max-snippet:-1, max-image-preview:large, max-video-preview:-1\" \/>\n<link rel=\"canonical\" href=\"https:\/\/tallinndesignhouse.com\/toode\/mustad-luhemad-laiad-puksid\/\" \/>\n<meta property=\"og:locale\" content=\"en_US\" \/>\n<meta property=\"og:type\" content=\"article\" \/>\n<meta property=\"og:title\" content=\"Black Cropped Wide-leg Pants - Tallinn Design House\" \/>\n<meta property=\"og:description\" content=\"Raili N\u00f5lvak mustad l\u00fchemad laiad p\u00fcksid. Koostis: 97% puuvill, 3% elastaan. Hooldus: Masinpesu 40 \u00b0C juures.\" \/>\n<meta property=\"og:url\" content=\"https:\/\/tallinndesignhouse.com\/toode\/mustad-luhemad-laiad-puksid\/\" \/>\n<meta property=\"og:site_name\" content=\"Tallinn Design House\" \/>\n<meta property=\"article:modified_time\" content=\"2026-05-01T22:02:52+00:00\" \/>\n<meta property=\"og:image\" content=\"https:\/\/tallinndesignhouse.com\/wp-content\/uploads\/2025\/08\/Mustad-luhemad-laiad-puksid-Raili-Nolvak.jpg\" \/>\n\t<meta property=\"og:image:width\" content=\"1080\" \/>\n\t<meta property=\"og:image:height\" content=\"1350\" \/>\n\t<meta property=\"og:image:type\" content=\"image\/jpeg\" \/>\n<meta name=\"twitter:card\" content=\"summary_large_image\" \/>\n<script type=\"application\/ld+json\" class=\"yoast-schema-graph\">{\"@context\":\"https:\/\/schema.org\",\"@graph\":[{\"@type\":\"WebPage\",\"@id\":\"https:\/\/tallinndesignhouse.com\/toode\/mustad-luhemad-laiad-puksid\/\",\"url\":\"https:\/\/tallinndesignhouse.com\/toode\/mustad-luhemad-laiad-puksid\/\",\"name\":\"Black Cropped Wide-leg Pants - Tallinn Design House\",\"isPartOf\":{\"@id\":\"https:\/\/tallinndesignhouse.com\/#website\"},\"primaryImageOfPage\":{\"@id\":\"https:\/\/tallinndesignhouse.com\/toode\/mustad-luhemad-laiad-puksid\/#primaryimage\"},\"image\":{\"@id\":\"https:\/\/tallinndesignhouse.com\/toode\/mustad-luhemad-laiad-puksid\/#primaryimage\"},\"thumbnailUrl\":\"https:\/\/tallinndesignhouse.com\/wp-content\/uploads\/2025\/08\/Mustad-luhemad-laiad-puksid-Raili-Nolvak.jpg\",\"datePublished\":\"2025-08-31T12:35:02+00:00\",\"dateModified\":\"2026-05-01T22:02:52+00:00\",\"description\":\"Raili N\u00f5lvak mustad l\u00fchemad laiad p\u00fcksid. Koostis: 97% puuvill, 3% elastaan. Hooldus: Masinpesu 40 \u00b0C juures.\",\"breadcrumb\":{\"@id\":\"https:\/\/tallinndesignhouse.com\/toode\/mustad-luhemad-laiad-puksid\/#breadcrumb\"},\"inLanguage\":\"en-US\",\"potentialAction\":[{\"@type\":\"ReadAction\",\"target\":[\"https:\/\/tallinndesignhouse.com\/toode\/mustad-luhemad-laiad-puksid\/\"]}]},{\"@type\":\"ImageObject\",\"inLanguage\":\"en-US\",\"@id\":\"https:\/\/tallinndesignhouse.com\/toode\/mustad-luhemad-laiad-puksid\/#primaryimage\",\"url\":\"https:\/\/tallinndesignhouse.com\/wp-content\/uploads\/2025\/08\/Mustad-luhemad-laiad-puksid-Raili-Nolvak.jpg\",\"contentUrl\":\"https:\/\/tallinndesignhouse.com\/wp-content\/uploads\/2025\/08\/Mustad-luhemad-laiad-puksid-Raili-Nolvak.jpg\",\"width\":1080,\"height\":1350,\"caption\":\"Mustad lu\u0308hemad laiad pu\u0308ksid Raili No\u0303lvak\"},{\"@type\":\"BreadcrumbList\",\"@id\":\"https:\/\/tallinndesignhouse.com\/toode\/mustad-luhemad-laiad-puksid\/#breadcrumb\",\"itemListElement\":[{\"@type\":\"ListItem\",\"position\":1,\"name\":\"Home\",\"item\":\"https:\/\/tallinndesignhouse.com\/en\/\"},{\"@type\":\"ListItem\",\"position\":2,\"name\":\"Shop\",\"item\":\"https:\/\/tallinndesignhouse.com\/en\/shop\/\"},{\"@type\":\"ListItem\",\"position\":3,\"name\":\"Black Cropped Wide-leg Pants\"}]},{\"@type\":\"WebSite\",\"@id\":\"https:\/\/tallinndesignhouse.com\/#website\",\"url\":\"https:\/\/tallinndesignhouse.com\/\",\"name\":\"Tallinn Design House\",\"description\":\"Eesti disain Rotermanni kvartalis\",\"potentialAction\":[{\"@type\":\"SearchAction\",\"target\":{\"@type\":\"EntryPoint\",\"urlTemplate\":\"https:\/\/tallinndesignhouse.com\/?s={search_term_string}\"},\"query-input\":{\"@type\":\"PropertyValueSpecification\",\"valueRequired\":true,\"valueName\":\"search_term_string\"}}],\"inLanguage\":\"en-US\"}]}<\/script>\n<!-- \/ Yoast SEO plugin. -->","yoast_head_json":{"title":"Black Cropped Wide-leg Pants - Tallinn Design House","description":"Raili N\u00f5lvak mustad l\u00fchemad laiad p\u00fcksid. Koostis: 97% puuvill, 3% elastaan. Hooldus: Masinpesu 40 \u00b0C juures.","robots":{"index":"index","follow":"follow","max-snippet":"max-snippet:-1","max-image-preview":"max-image-preview:large","max-video-preview":"max-video-preview:-1"},"canonical":"https:\/\/tallinndesignhouse.com\/toode\/mustad-luhemad-laiad-puksid\/","og_locale":"en_US","og_type":"article","og_title":"Black Cropped Wide-leg Pants - Tallinn Design House","og_description":"Raili N\u00f5lvak mustad l\u00fchemad laiad p\u00fcksid. Koostis: 97% puuvill, 3% elastaan. Hooldus: Masinpesu 40 \u00b0C juures.","og_url":"https:\/\/tallinndesignhouse.com\/toode\/mustad-luhemad-laiad-puksid\/","og_site_name":"Tallinn Design House","article_modified_time":"2026-05-01T22:02:52+00:00","og_image":[{"width":1080,"height":1350,"url":"https:\/\/tallinndesignhouse.com\/wp-content\/uploads\/2025\/08\/Mustad-luhemad-laiad-puksid-Raili-Nolvak.jpg","type":"image\/jpeg"}],"twitter_card":"summary_large_image","schema":{"@context":"https:\/\/schema.org","@graph":[{"@type":"WebPage","@id":"https:\/\/tallinndesignhouse.com\/toode\/mustad-luhemad-laiad-puksid\/","url":"https:\/\/tallinndesignhouse.com\/toode\/mustad-luhemad-laiad-puksid\/","name":"Black Cropped Wide-leg Pants - Tallinn Design House","isPartOf":{"@id":"https:\/\/tallinndesignhouse.com\/#website"},"primaryImageOfPage":{"@id":"https:\/\/tallinndesignhouse.com\/toode\/mustad-luhemad-laiad-puksid\/#primaryimage"},"image":{"@id":"https:\/\/tallinndesignhouse.com\/toode\/mustad-luhemad-laiad-puksid\/#primaryimage"},"thumbnailUrl":"https:\/\/tallinndesignhouse.com\/wp-content\/uploads\/2025\/08\/Mustad-luhemad-laiad-puksid-Raili-Nolvak.jpg","datePublished":"2025-08-31T12:35:02+00:00","dateModified":"2026-05-01T22:02:52+00:00","description":"Raili N\u00f5lvak mustad l\u00fchemad laiad p\u00fcksid. Koostis: 97% puuvill, 3% elastaan. Hooldus: Masinpesu 40 \u00b0C juures.","breadcrumb":{"@id":"https:\/\/tallinndesignhouse.com\/toode\/mustad-luhemad-laiad-puksid\/#breadcrumb"},"inLanguage":"en-US","potentialAction":[{"@type":"ReadAction","target":["https:\/\/tallinndesignhouse.com\/toode\/mustad-luhemad-laiad-puksid\/"]}]},{"@type":"ImageObject","inLanguage":"en-US","@id":"https:\/\/tallinndesignhouse.com\/toode\/mustad-luhemad-laiad-puksid\/#primaryimage","url":"https:\/\/tallinndesignhouse.com\/wp-content\/uploads\/2025\/08\/Mustad-luhemad-laiad-puksid-Raili-Nolvak.jpg","contentUrl":"https:\/\/tallinndesignhouse.com\/wp-content\/uploads\/2025\/08\/Mustad-luhemad-laiad-puksid-Raili-Nolvak.jpg","width":1080,"height":1350,"caption":"Mustad lu\u0308hemad laiad pu\u0308ksid Raili No\u0303lvak"},{"@type":"BreadcrumbList","@id":"https:\/\/tallinndesignhouse.com\/toode\/mustad-luhemad-laiad-puksid\/#breadcrumb","itemListElement":[{"@type":"ListItem","position":1,"name":"Home","item":"https:\/\/tallinndesignhouse.com\/en\/"},{"@type":"ListItem","position":2,"name":"Shop","item":"https:\/\/tallinndesignhouse.com\/en\/shop\/"},{"@type":"ListItem","position":3,"name":"Black Cropped Wide-leg Pants"}]},{"@type":"WebSite","@id":"https:\/\/tallinndesignhouse.com\/#website","url":"https:\/\/tallinndesignhouse.com\/","name":"Tallinn Design House","description":"Eesti disain Rotermanni kvartalis","potentialAction":[{"@type":"SearchAction","target":{"@type":"EntryPoint","urlTemplate":"https:\/\/tallinndesignhouse.com\/?s={search_term_string}"},"query-input":{"@type":"PropertyValueSpecification","valueRequired":true,"valueName":"search_term_string"}}],"inLanguage":"en-US"}]}},"_links":{"self":[{"href":"https:\/\/tallinndesignhouse.com\/en\/wp-json\/wp\/v2\/product\/3380538","targetHints":{"allow":["GET"]}}],"collection":[{"href":"https:\/\/tallinndesignhouse.com\/en\/wp-json\/wp\/v2\/product"}],"about":[{"href":"https:\/\/tallinndesignhouse.com\/en\/wp-json\/wp\/v2\/types\/product"}],"wp:featuredmedia":[{"embeddable":true,"href":"https:\/\/tallinndesignhouse.com\/en\/wp-json\/wp\/v2\/media\/3380614"}],"wp:attachment":[{"href":"https:\/\/tallinndesignhouse.com\/en\/wp-json\/wp\/v2\/media?parent=3380538"}],"wp:term":[{"taxonomy":"product_brand","embeddable":true,"href":"https:\/\/tallinndesignhouse.com\/en\/wp-json\/wp\/v2\/product_brand?post=3380538"},{"taxonomy":"product_cat","embeddable":true,"href":"https:\/\/tallinndesignhouse.com\/en\/wp-json\/wp\/v2\/product_cat?post=3380538"},{"taxonomy":"product_tag","embeddable":true,"href":"https:\/\/tallinndesignhouse.com\/en\/wp-json\/wp\/v2\/product_tag?post=3380538"}],"curies":[{"name":"wp","href":"https:\/\/api.w.org\/{rel}","templated":true}]}}