{"id":3380549,"date":"2025-08-31T15:35:04","date_gmt":"2025-08-31T12:35:04","guid":{"rendered":"https:\/\/tallinndesignhouse.com\/toode\/kahvaturohelised-avarad-puksid\/"},"modified":"2026-05-03T01:01:50","modified_gmt":"2026-05-02T22:01:50","slug":"kahvaturohelised-avarad-puksid","status":"publish","type":"product","link":"https:\/\/tallinndesignhouse.com\/en\/toode\/kahvaturohelised-avarad-puksid\/","title":{"rendered":"Light Green Wide-Leg Pants"},"content":{"rendered":"<p>Light Green Wide-Leg Pants by Raili N\u00f5lvak. Elastic waistband with drawstring. With pockets. Ankle length. Turn-up detail at the hem. (Model in the photo is 181 cm tall). Made from soft, heavier light green viscose jersey. Sizes: 36 (waist 66 cm, hips 92 cm); 38 (waist 70 cm, hips 96 cm); 40 (waist 74 cm, hips 100 cm); 42 (waist 78 cm, hips 104 cm). Inseam length: 67 cm. Composition: 70% viscose, 27% polyamide, 3% elastane. Care: Gentle machine wash at 30 \u00b0C.<\/p>\n","protected":false},"excerpt":{"rendered":"<p>Light Green Wide-Leg Pants by Raili N\u00f5lvak. Elastic waistband with drawstring. With pockets. Ankle length. Turn-up detail at the hem. (Model in the photo is 181 cm tall). Made from soft, heavier light green viscose jersey. Sizes: 36 (waist 66 cm, hips 92 cm); 38 (waist 70 cm, hips 96 cm); 40 (waist 74 cm, [&hellip;]<\/p>\n","protected":false},"featured_media":3380598,"template":"","meta":{"_acf_changed":false},"product_brand":[],"product_cat":[885,887,3717],"product_tag":[2818],"class_list":{"0":"post-3380549","1":"product","2":"type-product","3":"status-publish","4":"has-post-thumbnail","6":"product_cat-puksid","7":"product_cat-roivad","8":"product_cat-kevadised-tooted","9":"product_tag-naised","10":"pa_brand-raili-nolvak","12":"pa_suurus-1082","14":"pa_suurus-1083","16":"pa_suurus-1086","18":"pa_suurus-1087","21":"first","22":"instock","23":"taxable","24":"shipping-taxable","25":"purchasable","26":"product-type-variable"},"acf":[],"yoast_head":"<!-- This site is optimized with the Yoast SEO plugin v26.0 - https:\/\/yoast.com\/wordpress\/plugins\/seo\/ -->\n<title>Raili N\u00f5lvak Light Green Wide-Leg Pants - Tallinn Design House<\/title>\n<meta name=\"description\" content=\"Raili N\u00f5lvak kahvaturohelised avarad p\u00fcksid. V\u00e4rvli sees kumm ja n\u00f6\u00f6r. Taskutega. Pikkus pahkluuni. All\u00e4\u00e4res tagasip\u00f6\u00f6ratud detail.\" \/>\n<meta name=\"robots\" content=\"index, follow, max-snippet:-1, max-image-preview:large, max-video-preview:-1\" \/>\n<link rel=\"canonical\" href=\"https:\/\/tallinndesignhouse.com\/toode\/kahvaturohelised-avarad-puksid\/\" \/>\n<meta property=\"og:locale\" content=\"en_US\" \/>\n<meta property=\"og:type\" content=\"article\" \/>\n<meta property=\"og:title\" content=\"Raili N\u00f5lvak Light Green Wide-Leg Pants - Tallinn Design House\" \/>\n<meta property=\"og:description\" content=\"Raili N\u00f5lvak kahvaturohelised avarad p\u00fcksid. V\u00e4rvli sees kumm ja n\u00f6\u00f6r. Taskutega. Pikkus pahkluuni. All\u00e4\u00e4res tagasip\u00f6\u00f6ratud detail.\" \/>\n<meta property=\"og:url\" content=\"https:\/\/tallinndesignhouse.com\/toode\/kahvaturohelised-avarad-puksid\/\" \/>\n<meta property=\"og:site_name\" content=\"Tallinn Design House\" \/>\n<meta property=\"article:modified_time\" content=\"2026-05-02T22:01:50+00:00\" \/>\n<meta property=\"og:image\" content=\"https:\/\/tallinndesignhouse.com\/wp-content\/uploads\/2025\/08\/Kahvaturohelised-avarad-puksid-Raili-Nolvak2.jpg\" \/>\n\t<meta property=\"og:image:width\" content=\"1080\" \/>\n\t<meta property=\"og:image:height\" content=\"1350\" \/>\n\t<meta property=\"og:image:type\" content=\"image\/jpeg\" \/>\n<meta name=\"twitter:card\" content=\"summary_large_image\" \/>\n<script type=\"application\/ld+json\" class=\"yoast-schema-graph\">{\"@context\":\"https:\/\/schema.org\",\"@graph\":[{\"@type\":\"WebPage\",\"@id\":\"https:\/\/tallinndesignhouse.com\/toode\/kahvaturohelised-avarad-puksid\/\",\"url\":\"https:\/\/tallinndesignhouse.com\/toode\/kahvaturohelised-avarad-puksid\/\",\"name\":\"Raili N\u00f5lvak Light Green Wide-Leg Pants - Tallinn Design House\",\"isPartOf\":{\"@id\":\"https:\/\/tallinndesignhouse.com\/#website\"},\"primaryImageOfPage\":{\"@id\":\"https:\/\/tallinndesignhouse.com\/toode\/kahvaturohelised-avarad-puksid\/#primaryimage\"},\"image\":{\"@id\":\"https:\/\/tallinndesignhouse.com\/toode\/kahvaturohelised-avarad-puksid\/#primaryimage\"},\"thumbnailUrl\":\"https:\/\/tallinndesignhouse.com\/wp-content\/uploads\/2025\/08\/Kahvaturohelised-avarad-puksid-Raili-Nolvak2.jpg\",\"datePublished\":\"2025-08-31T12:35:04+00:00\",\"dateModified\":\"2026-05-02T22:01:50+00:00\",\"description\":\"Raili N\u00f5lvak kahvaturohelised avarad p\u00fcksid. V\u00e4rvli sees kumm ja n\u00f6\u00f6r. Taskutega. Pikkus pahkluuni. All\u00e4\u00e4res tagasip\u00f6\u00f6ratud detail.\",\"breadcrumb\":{\"@id\":\"https:\/\/tallinndesignhouse.com\/toode\/kahvaturohelised-avarad-puksid\/#breadcrumb\"},\"inLanguage\":\"en-US\",\"potentialAction\":[{\"@type\":\"ReadAction\",\"target\":[\"https:\/\/tallinndesignhouse.com\/toode\/kahvaturohelised-avarad-puksid\/\"]}]},{\"@type\":\"ImageObject\",\"inLanguage\":\"en-US\",\"@id\":\"https:\/\/tallinndesignhouse.com\/toode\/kahvaturohelised-avarad-puksid\/#primaryimage\",\"url\":\"https:\/\/tallinndesignhouse.com\/wp-content\/uploads\/2025\/08\/Kahvaturohelised-avarad-puksid-Raili-Nolvak2.jpg\",\"contentUrl\":\"https:\/\/tallinndesignhouse.com\/wp-content\/uploads\/2025\/08\/Kahvaturohelised-avarad-puksid-Raili-Nolvak2.jpg\",\"width\":1080,\"height\":1350,\"caption\":\"Kahvaturohelised avarad pu\u0308ksid Raili No\u0303lvak2\"},{\"@type\":\"BreadcrumbList\",\"@id\":\"https:\/\/tallinndesignhouse.com\/toode\/kahvaturohelised-avarad-puksid\/#breadcrumb\",\"itemListElement\":[{\"@type\":\"ListItem\",\"position\":1,\"name\":\"Home\",\"item\":\"https:\/\/tallinndesignhouse.com\/en\/\"},{\"@type\":\"ListItem\",\"position\":2,\"name\":\"Shop\",\"item\":\"https:\/\/tallinndesignhouse.com\/en\/shop\/\"},{\"@type\":\"ListItem\",\"position\":3,\"name\":\"Light Green Wide-Leg Pants\"}]},{\"@type\":\"WebSite\",\"@id\":\"https:\/\/tallinndesignhouse.com\/#website\",\"url\":\"https:\/\/tallinndesignhouse.com\/\",\"name\":\"Tallinn Design House\",\"description\":\"Eesti disain Rotermanni kvartalis\",\"potentialAction\":[{\"@type\":\"SearchAction\",\"target\":{\"@type\":\"EntryPoint\",\"urlTemplate\":\"https:\/\/tallinndesignhouse.com\/?s={search_term_string}\"},\"query-input\":{\"@type\":\"PropertyValueSpecification\",\"valueRequired\":true,\"valueName\":\"search_term_string\"}}],\"inLanguage\":\"en-US\"}]}<\/script>\n<!-- \/ Yoast SEO plugin. -->","yoast_head_json":{"title":"Raili N\u00f5lvak Light Green Wide-Leg Pants - Tallinn Design House","description":"Raili N\u00f5lvak kahvaturohelised avarad p\u00fcksid. V\u00e4rvli sees kumm ja n\u00f6\u00f6r. Taskutega. Pikkus pahkluuni. All\u00e4\u00e4res tagasip\u00f6\u00f6ratud detail.","robots":{"index":"index","follow":"follow","max-snippet":"max-snippet:-1","max-image-preview":"max-image-preview:large","max-video-preview":"max-video-preview:-1"},"canonical":"https:\/\/tallinndesignhouse.com\/toode\/kahvaturohelised-avarad-puksid\/","og_locale":"en_US","og_type":"article","og_title":"Raili N\u00f5lvak Light Green Wide-Leg Pants - Tallinn Design House","og_description":"Raili N\u00f5lvak kahvaturohelised avarad p\u00fcksid. V\u00e4rvli sees kumm ja n\u00f6\u00f6r. Taskutega. Pikkus pahkluuni. All\u00e4\u00e4res tagasip\u00f6\u00f6ratud detail.","og_url":"https:\/\/tallinndesignhouse.com\/toode\/kahvaturohelised-avarad-puksid\/","og_site_name":"Tallinn Design House","article_modified_time":"2026-05-02T22:01:50+00:00","og_image":[{"width":1080,"height":1350,"url":"https:\/\/tallinndesignhouse.com\/wp-content\/uploads\/2025\/08\/Kahvaturohelised-avarad-puksid-Raili-Nolvak2.jpg","type":"image\/jpeg"}],"twitter_card":"summary_large_image","schema":{"@context":"https:\/\/schema.org","@graph":[{"@type":"WebPage","@id":"https:\/\/tallinndesignhouse.com\/toode\/kahvaturohelised-avarad-puksid\/","url":"https:\/\/tallinndesignhouse.com\/toode\/kahvaturohelised-avarad-puksid\/","name":"Raili N\u00f5lvak Light Green Wide-Leg Pants - Tallinn Design House","isPartOf":{"@id":"https:\/\/tallinndesignhouse.com\/#website"},"primaryImageOfPage":{"@id":"https:\/\/tallinndesignhouse.com\/toode\/kahvaturohelised-avarad-puksid\/#primaryimage"},"image":{"@id":"https:\/\/tallinndesignhouse.com\/toode\/kahvaturohelised-avarad-puksid\/#primaryimage"},"thumbnailUrl":"https:\/\/tallinndesignhouse.com\/wp-content\/uploads\/2025\/08\/Kahvaturohelised-avarad-puksid-Raili-Nolvak2.jpg","datePublished":"2025-08-31T12:35:04+00:00","dateModified":"2026-05-02T22:01:50+00:00","description":"Raili N\u00f5lvak kahvaturohelised avarad p\u00fcksid. V\u00e4rvli sees kumm ja n\u00f6\u00f6r. Taskutega. Pikkus pahkluuni. All\u00e4\u00e4res tagasip\u00f6\u00f6ratud detail.","breadcrumb":{"@id":"https:\/\/tallinndesignhouse.com\/toode\/kahvaturohelised-avarad-puksid\/#breadcrumb"},"inLanguage":"en-US","potentialAction":[{"@type":"ReadAction","target":["https:\/\/tallinndesignhouse.com\/toode\/kahvaturohelised-avarad-puksid\/"]}]},{"@type":"ImageObject","inLanguage":"en-US","@id":"https:\/\/tallinndesignhouse.com\/toode\/kahvaturohelised-avarad-puksid\/#primaryimage","url":"https:\/\/tallinndesignhouse.com\/wp-content\/uploads\/2025\/08\/Kahvaturohelised-avarad-puksid-Raili-Nolvak2.jpg","contentUrl":"https:\/\/tallinndesignhouse.com\/wp-content\/uploads\/2025\/08\/Kahvaturohelised-avarad-puksid-Raili-Nolvak2.jpg","width":1080,"height":1350,"caption":"Kahvaturohelised avarad pu\u0308ksid Raili No\u0303lvak2"},{"@type":"BreadcrumbList","@id":"https:\/\/tallinndesignhouse.com\/toode\/kahvaturohelised-avarad-puksid\/#breadcrumb","itemListElement":[{"@type":"ListItem","position":1,"name":"Home","item":"https:\/\/tallinndesignhouse.com\/en\/"},{"@type":"ListItem","position":2,"name":"Shop","item":"https:\/\/tallinndesignhouse.com\/en\/shop\/"},{"@type":"ListItem","position":3,"name":"Light Green Wide-Leg Pants"}]},{"@type":"WebSite","@id":"https:\/\/tallinndesignhouse.com\/#website","url":"https:\/\/tallinndesignhouse.com\/","name":"Tallinn Design House","description":"Eesti disain Rotermanni kvartalis","potentialAction":[{"@type":"SearchAction","target":{"@type":"EntryPoint","urlTemplate":"https:\/\/tallinndesignhouse.com\/?s={search_term_string}"},"query-input":{"@type":"PropertyValueSpecification","valueRequired":true,"valueName":"search_term_string"}}],"inLanguage":"en-US"}]}},"_links":{"self":[{"href":"https:\/\/tallinndesignhouse.com\/en\/wp-json\/wp\/v2\/product\/3380549","targetHints":{"allow":["GET"]}}],"collection":[{"href":"https:\/\/tallinndesignhouse.com\/en\/wp-json\/wp\/v2\/product"}],"about":[{"href":"https:\/\/tallinndesignhouse.com\/en\/wp-json\/wp\/v2\/types\/product"}],"wp:featuredmedia":[{"embeddable":true,"href":"https:\/\/tallinndesignhouse.com\/en\/wp-json\/wp\/v2\/media\/3380598"}],"wp:attachment":[{"href":"https:\/\/tallinndesignhouse.com\/en\/wp-json\/wp\/v2\/media?parent=3380549"}],"wp:term":[{"taxonomy":"product_brand","embeddable":true,"href":"https:\/\/tallinndesignhouse.com\/en\/wp-json\/wp\/v2\/product_brand?post=3380549"},{"taxonomy":"product_cat","embeddable":true,"href":"https:\/\/tallinndesignhouse.com\/en\/wp-json\/wp\/v2\/product_cat?post=3380549"},{"taxonomy":"product_tag","embeddable":true,"href":"https:\/\/tallinndesignhouse.com\/en\/wp-json\/wp\/v2\/product_tag?post=3380549"}],"curies":[{"name":"wp","href":"https:\/\/api.w.org\/{rel}","templated":true}]}}