{"id":3380558,"date":"2025-08-31T15:35:05","date_gmt":"2025-08-31T12:35:05","guid":{"rendered":"https:\/\/tallinndesignhouse.com\/toode\/must-linane-pluus\/"},"modified":"2026-04-12T01:01:37","modified_gmt":"2026-04-11T22:01:37","slug":"must-linane-pluus","status":"publish","type":"product","link":"https:\/\/tallinndesignhouse.com\/en\/toode\/must-linane-pluus\/","title":{"rendered":"Black Linen Blouse"},"content":{"rendered":"<p>Black Linen Blouse by Raili N\u00f5lvak. Pleated front with button closure. Classic collar. Half sleeves with elastic cuffs. Nicely fitted at the waistline. Made of lighter black linen fabric. Sizes: S (36\u201338) bust 88 cm, waist 70 cm; M (40\u201342) bust 96 cm, waist 78 cm; L (44\u201346) bust 104 cm, waist 86 cm. Back length: 60 cm. Composition: 100% linen. Care: Gentle machine wash at 30 \u00b0C.<\/p>\n","protected":false},"excerpt":{"rendered":"<p>Black Linen Blouse by Raili N\u00f5lvak. Pleated front with button closure. Classic collar. Half sleeves with elastic cuffs. Nicely fitted at the waistline. Made of lighter black linen fabric. Sizes: S (36\u201338) bust 88 cm, waist 70 cm; M (40\u201342) bust 96 cm, waist 78 cm; L (44\u201346) bust 104 cm, waist 86 cm. Back [&hellip;]<\/p>\n","protected":false},"featured_media":3380606,"template":"","meta":{"_acf_changed":false},"product_brand":[],"product_cat":[1957,2837,3718],"product_tag":[2819],"class_list":{"0":"post-3380558","1":"product","2":"type-product","3":"status-publish","4":"has-post-thumbnail","6":"product_cat-shirts-and-blouses","7":"product_cat-clothes","8":"product_cat-winter-style","9":"product_tag-women","10":"pa_brand-raili-nolvak","11":"pa_brand-raili-nolvak-en","12":"pa_suurus-l-en","13":"pa_suurus-l","14":"pa_suurus-m-en","15":"pa_suurus-m","16":"pa_suurus-s-en","17":"pa_suurus-s","19":"first","20":"instock","21":"taxable","22":"shipping-taxable","23":"purchasable","24":"product-type-variable"},"acf":[],"yoast_head":"<!-- This site is optimized with the Yoast SEO plugin v26.0 - https:\/\/yoast.com\/wordpress\/plugins\/seo\/ -->\n<title>Raili N\u00f5lvak Black Linen Blouse - Tallinn Design House<\/title>\n<meta name=\"description\" content=\"Raili N\u00f5lvak must linane pluus. Volditud rinnaga, eest n\u00f6\u00f6pidega. Kraega. Poolvarrukas, varruka otstes kumm. Taljejoonel piisavalt taljes.\" \/>\n<meta name=\"robots\" content=\"index, follow, max-snippet:-1, max-image-preview:large, max-video-preview:-1\" \/>\n<link rel=\"canonical\" href=\"https:\/\/tallinndesignhouse.com\/toode\/must-linane-pluus\/\" \/>\n<meta property=\"og:locale\" content=\"en_US\" \/>\n<meta property=\"og:type\" content=\"article\" \/>\n<meta property=\"og:title\" content=\"Raili N\u00f5lvak Black Linen Blouse - Tallinn Design House\" \/>\n<meta property=\"og:description\" content=\"Raili N\u00f5lvak must linane pluus. Volditud rinnaga, eest n\u00f6\u00f6pidega. Kraega. Poolvarrukas, varruka otstes kumm. Taljejoonel piisavalt taljes.\" \/>\n<meta property=\"og:url\" content=\"https:\/\/tallinndesignhouse.com\/toode\/must-linane-pluus\/\" \/>\n<meta property=\"og:site_name\" content=\"Tallinn Design House\" \/>\n<meta property=\"article:modified_time\" content=\"2026-04-11T22:01:37+00:00\" \/>\n<meta property=\"og:image\" content=\"https:\/\/tallinndesignhouse.com\/wp-content\/uploads\/2025\/08\/Must-linane-pluus-Raili-Nolvak-.jpg\" \/>\n\t<meta property=\"og:image:width\" content=\"1080\" \/>\n\t<meta property=\"og:image:height\" content=\"1350\" \/>\n\t<meta property=\"og:image:type\" content=\"image\/jpeg\" \/>\n<meta name=\"twitter:card\" content=\"summary_large_image\" \/>\n<meta name=\"twitter:label1\" content=\"Est. reading time\" \/>\n\t<meta name=\"twitter:data1\" content=\"1 minute\" \/>\n<script type=\"application\/ld+json\" class=\"yoast-schema-graph\">{\"@context\":\"https:\/\/schema.org\",\"@graph\":[{\"@type\":\"WebPage\",\"@id\":\"https:\/\/tallinndesignhouse.com\/toode\/must-linane-pluus\/\",\"url\":\"https:\/\/tallinndesignhouse.com\/toode\/must-linane-pluus\/\",\"name\":\"Raili N\u00f5lvak Black Linen Blouse - Tallinn Design House\",\"isPartOf\":{\"@id\":\"https:\/\/tallinndesignhouse.com\/#website\"},\"primaryImageOfPage\":{\"@id\":\"https:\/\/tallinndesignhouse.com\/toode\/must-linane-pluus\/#primaryimage\"},\"image\":{\"@id\":\"https:\/\/tallinndesignhouse.com\/toode\/must-linane-pluus\/#primaryimage\"},\"thumbnailUrl\":\"https:\/\/tallinndesignhouse.com\/wp-content\/uploads\/2025\/08\/Must-linane-pluus-Raili-Nolvak-.jpg\",\"datePublished\":\"2025-08-31T12:35:05+00:00\",\"dateModified\":\"2026-04-11T22:01:37+00:00\",\"description\":\"Raili N\u00f5lvak must linane pluus. Volditud rinnaga, eest n\u00f6\u00f6pidega. Kraega. Poolvarrukas, varruka otstes kumm. Taljejoonel piisavalt taljes.\",\"breadcrumb\":{\"@id\":\"https:\/\/tallinndesignhouse.com\/toode\/must-linane-pluus\/#breadcrumb\"},\"inLanguage\":\"en-US\",\"potentialAction\":[{\"@type\":\"ReadAction\",\"target\":[\"https:\/\/tallinndesignhouse.com\/toode\/must-linane-pluus\/\"]}]},{\"@type\":\"ImageObject\",\"inLanguage\":\"en-US\",\"@id\":\"https:\/\/tallinndesignhouse.com\/toode\/must-linane-pluus\/#primaryimage\",\"url\":\"https:\/\/tallinndesignhouse.com\/wp-content\/uploads\/2025\/08\/Must-linane-pluus-Raili-Nolvak-.jpg\",\"contentUrl\":\"https:\/\/tallinndesignhouse.com\/wp-content\/uploads\/2025\/08\/Must-linane-pluus-Raili-Nolvak-.jpg\",\"width\":1080,\"height\":1350,\"caption\":\"Must linane pluus Raili No\u0303lvak\"},{\"@type\":\"BreadcrumbList\",\"@id\":\"https:\/\/tallinndesignhouse.com\/toode\/must-linane-pluus\/#breadcrumb\",\"itemListElement\":[{\"@type\":\"ListItem\",\"position\":1,\"name\":\"Home\",\"item\":\"https:\/\/tallinndesignhouse.com\/en\/\"},{\"@type\":\"ListItem\",\"position\":2,\"name\":\"Shop\",\"item\":\"https:\/\/tallinndesignhouse.com\/en\/shop\/\"},{\"@type\":\"ListItem\",\"position\":3,\"name\":\"Black Linen Blouse\"}]},{\"@type\":\"WebSite\",\"@id\":\"https:\/\/tallinndesignhouse.com\/#website\",\"url\":\"https:\/\/tallinndesignhouse.com\/\",\"name\":\"Tallinn Design House\",\"description\":\"Eesti disain Rotermanni kvartalis\",\"potentialAction\":[{\"@type\":\"SearchAction\",\"target\":{\"@type\":\"EntryPoint\",\"urlTemplate\":\"https:\/\/tallinndesignhouse.com\/?s={search_term_string}\"},\"query-input\":{\"@type\":\"PropertyValueSpecification\",\"valueRequired\":true,\"valueName\":\"search_term_string\"}}],\"inLanguage\":\"en-US\"}]}<\/script>\n<!-- \/ Yoast SEO plugin. -->","yoast_head_json":{"title":"Raili N\u00f5lvak Black Linen Blouse - Tallinn Design House","description":"Raili N\u00f5lvak must linane pluus. Volditud rinnaga, eest n\u00f6\u00f6pidega. Kraega. Poolvarrukas, varruka otstes kumm. Taljejoonel piisavalt taljes.","robots":{"index":"index","follow":"follow","max-snippet":"max-snippet:-1","max-image-preview":"max-image-preview:large","max-video-preview":"max-video-preview:-1"},"canonical":"https:\/\/tallinndesignhouse.com\/toode\/must-linane-pluus\/","og_locale":"en_US","og_type":"article","og_title":"Raili N\u00f5lvak Black Linen Blouse - Tallinn Design House","og_description":"Raili N\u00f5lvak must linane pluus. Volditud rinnaga, eest n\u00f6\u00f6pidega. Kraega. Poolvarrukas, varruka otstes kumm. Taljejoonel piisavalt taljes.","og_url":"https:\/\/tallinndesignhouse.com\/toode\/must-linane-pluus\/","og_site_name":"Tallinn Design House","article_modified_time":"2026-04-11T22:01:37+00:00","og_image":[{"width":1080,"height":1350,"url":"https:\/\/tallinndesignhouse.com\/wp-content\/uploads\/2025\/08\/Must-linane-pluus-Raili-Nolvak-.jpg","type":"image\/jpeg"}],"twitter_card":"summary_large_image","twitter_misc":{"Est. reading time":"1 minute"},"schema":{"@context":"https:\/\/schema.org","@graph":[{"@type":"WebPage","@id":"https:\/\/tallinndesignhouse.com\/toode\/must-linane-pluus\/","url":"https:\/\/tallinndesignhouse.com\/toode\/must-linane-pluus\/","name":"Raili N\u00f5lvak Black Linen Blouse - Tallinn Design House","isPartOf":{"@id":"https:\/\/tallinndesignhouse.com\/#website"},"primaryImageOfPage":{"@id":"https:\/\/tallinndesignhouse.com\/toode\/must-linane-pluus\/#primaryimage"},"image":{"@id":"https:\/\/tallinndesignhouse.com\/toode\/must-linane-pluus\/#primaryimage"},"thumbnailUrl":"https:\/\/tallinndesignhouse.com\/wp-content\/uploads\/2025\/08\/Must-linane-pluus-Raili-Nolvak-.jpg","datePublished":"2025-08-31T12:35:05+00:00","dateModified":"2026-04-11T22:01:37+00:00","description":"Raili N\u00f5lvak must linane pluus. Volditud rinnaga, eest n\u00f6\u00f6pidega. Kraega. Poolvarrukas, varruka otstes kumm. Taljejoonel piisavalt taljes.","breadcrumb":{"@id":"https:\/\/tallinndesignhouse.com\/toode\/must-linane-pluus\/#breadcrumb"},"inLanguage":"en-US","potentialAction":[{"@type":"ReadAction","target":["https:\/\/tallinndesignhouse.com\/toode\/must-linane-pluus\/"]}]},{"@type":"ImageObject","inLanguage":"en-US","@id":"https:\/\/tallinndesignhouse.com\/toode\/must-linane-pluus\/#primaryimage","url":"https:\/\/tallinndesignhouse.com\/wp-content\/uploads\/2025\/08\/Must-linane-pluus-Raili-Nolvak-.jpg","contentUrl":"https:\/\/tallinndesignhouse.com\/wp-content\/uploads\/2025\/08\/Must-linane-pluus-Raili-Nolvak-.jpg","width":1080,"height":1350,"caption":"Must linane pluus Raili No\u0303lvak"},{"@type":"BreadcrumbList","@id":"https:\/\/tallinndesignhouse.com\/toode\/must-linane-pluus\/#breadcrumb","itemListElement":[{"@type":"ListItem","position":1,"name":"Home","item":"https:\/\/tallinndesignhouse.com\/en\/"},{"@type":"ListItem","position":2,"name":"Shop","item":"https:\/\/tallinndesignhouse.com\/en\/shop\/"},{"@type":"ListItem","position":3,"name":"Black Linen Blouse"}]},{"@type":"WebSite","@id":"https:\/\/tallinndesignhouse.com\/#website","url":"https:\/\/tallinndesignhouse.com\/","name":"Tallinn Design House","description":"Eesti disain Rotermanni kvartalis","potentialAction":[{"@type":"SearchAction","target":{"@type":"EntryPoint","urlTemplate":"https:\/\/tallinndesignhouse.com\/?s={search_term_string}"},"query-input":{"@type":"PropertyValueSpecification","valueRequired":true,"valueName":"search_term_string"}}],"inLanguage":"en-US"}]}},"_links":{"self":[{"href":"https:\/\/tallinndesignhouse.com\/en\/wp-json\/wp\/v2\/product\/3380558","targetHints":{"allow":["GET"]}}],"collection":[{"href":"https:\/\/tallinndesignhouse.com\/en\/wp-json\/wp\/v2\/product"}],"about":[{"href":"https:\/\/tallinndesignhouse.com\/en\/wp-json\/wp\/v2\/types\/product"}],"wp:featuredmedia":[{"embeddable":true,"href":"https:\/\/tallinndesignhouse.com\/en\/wp-json\/wp\/v2\/media\/3380606"}],"wp:attachment":[{"href":"https:\/\/tallinndesignhouse.com\/en\/wp-json\/wp\/v2\/media?parent=3380558"}],"wp:term":[{"taxonomy":"product_brand","embeddable":true,"href":"https:\/\/tallinndesignhouse.com\/en\/wp-json\/wp\/v2\/product_brand?post=3380558"},{"taxonomy":"product_cat","embeddable":true,"href":"https:\/\/tallinndesignhouse.com\/en\/wp-json\/wp\/v2\/product_cat?post=3380558"},{"taxonomy":"product_tag","embeddable":true,"href":"https:\/\/tallinndesignhouse.com\/en\/wp-json\/wp\/v2\/product_tag?post=3380558"}],"curies":[{"name":"wp","href":"https:\/\/api.w.org\/{rel}","templated":true}]}}