{"id":3380566,"date":"2025-08-31T15:35:06","date_gmt":"2025-08-31T12:35:06","guid":{"rendered":"https:\/\/tallinndesignhouse.com\/toode\/sinine-seosega-kleit\/"},"modified":"2026-05-02T01:02:56","modified_gmt":"2026-05-01T22:02:56","slug":"sinine-seosega-kleit","status":"publish","type":"product","link":"https:\/\/tallinndesignhouse.com\/en\/toode\/sinine-seosega-kleit\/","title":{"rendered":"Blue Dress with Tie Belt"},"content":{"rendered":"<p>Blue Dress with Tie Belt by Raili N\u00f5lvak. The belt is tied crosswise at the front, then crossed at the back, and knotted in front. Blue dress with short sleeves. Pockets in side seams. Made of a slightly stretchy, breathable linen-viscose blend. Lightly A-line silhouette. Zipper at the back. Unlined. Sizes: S (bust 88 cm, waist 70 cm, hips 96 cm); M (bust 96 cm, waist 78 cm, hips 104 cm); L (bust 104 cm, waist 86 cm, hips 112 cm); XL (bust 112 cm, waist 94 cm, hips 120 cm). Back length: 110 cm. Composition: 60% viscose, 37% linen, 3% elastane. Care: Gentle machine wash allowed. Wash in a laundry bag to prevent the belt straps from being damaged in the machine.<\/p>\n","protected":false},"excerpt":{"rendered":"<p>Blue Dress with Tie Belt by Raili N\u00f5lvak. The belt is tied crosswise at the front, then crossed at the back, and knotted in front. Blue dress with short sleeves. Pockets in side seams. Made of a slightly stretchy, breathable linen-viscose blend. Lightly A-line silhouette. Zipper at the back. Unlined. Sizes: S (bust 88 cm, [&hellip;]<\/p>\n","protected":false},"featured_media":3380644,"template":"","meta":{"_acf_changed":false},"product_brand":[],"product_cat":[874,887,3717],"product_tag":[2818],"class_list":{"0":"post-3380566","1":"product","2":"type-product","3":"status-publish","4":"has-post-thumbnail","6":"product_cat-kleidid","7":"product_cat-roivad","8":"product_cat-kevadised-tooted","9":"product_tag-naised","10":"pa_brand-raili-nolvak","12":"pa_suurus-l","14":"pa_suurus-m","16":"pa_suurus-s","19":"first","20":"instock","21":"taxable","22":"shipping-taxable","23":"purchasable","24":"product-type-variable"},"acf":[],"yoast_head":"<!-- This site is optimized with the Yoast SEO plugin v26.0 - https:\/\/yoast.com\/wordpress\/plugins\/seo\/ -->\n<title>Raili N\u00f5lvak Blue Dress with Tie Belt - Tallinn Design House<\/title>\n<meta name=\"description\" content=\"Raili N\u00f5lvak sinine seosega kleit. V\u00f6\u00f6 seotakse eest risti, siis seljatagant risti ja ette s\u00f5lme. Sinine kleit l\u00fchikeste varrukatega. K\u00fclje\u00f5mbluses taskud.\" \/>\n<meta name=\"robots\" content=\"index, follow, max-snippet:-1, max-image-preview:large, max-video-preview:-1\" \/>\n<link rel=\"canonical\" href=\"https:\/\/tallinndesignhouse.com\/toode\/sinine-seosega-kleit\/\" \/>\n<meta property=\"og:locale\" content=\"en_US\" \/>\n<meta property=\"og:type\" content=\"article\" \/>\n<meta property=\"og:title\" content=\"Raili N\u00f5lvak Blue Dress with Tie Belt - Tallinn Design House\" \/>\n<meta property=\"og:description\" content=\"Raili N\u00f5lvak sinine seosega kleit. V\u00f6\u00f6 seotakse eest risti, siis seljatagant risti ja ette s\u00f5lme. Sinine kleit l\u00fchikeste varrukatega. K\u00fclje\u00f5mbluses taskud.\" \/>\n<meta property=\"og:url\" content=\"https:\/\/tallinndesignhouse.com\/toode\/sinine-seosega-kleit\/\" \/>\n<meta property=\"og:site_name\" content=\"Tallinn Design House\" \/>\n<meta property=\"article:modified_time\" content=\"2026-05-01T22:02:56+00:00\" \/>\n<meta property=\"og:image\" content=\"https:\/\/tallinndesignhouse.com\/wp-content\/uploads\/2025\/08\/Sinine-seosega-kleit-Raili-Nolvak-2.jpg\" \/>\n\t<meta property=\"og:image:width\" content=\"1080\" \/>\n\t<meta property=\"og:image:height\" content=\"1350\" \/>\n\t<meta property=\"og:image:type\" content=\"image\/jpeg\" \/>\n<meta name=\"twitter:card\" content=\"summary_large_image\" \/>\n<meta name=\"twitter:label1\" content=\"Est. reading time\" \/>\n\t<meta name=\"twitter:data1\" content=\"1 minute\" \/>\n<script type=\"application\/ld+json\" class=\"yoast-schema-graph\">{\"@context\":\"https:\/\/schema.org\",\"@graph\":[{\"@type\":\"WebPage\",\"@id\":\"https:\/\/tallinndesignhouse.com\/toode\/sinine-seosega-kleit\/\",\"url\":\"https:\/\/tallinndesignhouse.com\/toode\/sinine-seosega-kleit\/\",\"name\":\"Raili N\u00f5lvak Blue Dress with Tie Belt - Tallinn Design House\",\"isPartOf\":{\"@id\":\"https:\/\/tallinndesignhouse.com\/#website\"},\"primaryImageOfPage\":{\"@id\":\"https:\/\/tallinndesignhouse.com\/toode\/sinine-seosega-kleit\/#primaryimage\"},\"image\":{\"@id\":\"https:\/\/tallinndesignhouse.com\/toode\/sinine-seosega-kleit\/#primaryimage\"},\"thumbnailUrl\":\"https:\/\/tallinndesignhouse.com\/wp-content\/uploads\/2025\/08\/Sinine-seosega-kleit-Raili-Nolvak-2.jpg\",\"datePublished\":\"2025-08-31T12:35:06+00:00\",\"dateModified\":\"2026-05-01T22:02:56+00:00\",\"description\":\"Raili N\u00f5lvak sinine seosega kleit. V\u00f6\u00f6 seotakse eest risti, siis seljatagant risti ja ette s\u00f5lme. Sinine kleit l\u00fchikeste varrukatega. K\u00fclje\u00f5mbluses taskud.\",\"breadcrumb\":{\"@id\":\"https:\/\/tallinndesignhouse.com\/toode\/sinine-seosega-kleit\/#breadcrumb\"},\"inLanguage\":\"en-US\",\"potentialAction\":[{\"@type\":\"ReadAction\",\"target\":[\"https:\/\/tallinndesignhouse.com\/toode\/sinine-seosega-kleit\/\"]}]},{\"@type\":\"ImageObject\",\"inLanguage\":\"en-US\",\"@id\":\"https:\/\/tallinndesignhouse.com\/toode\/sinine-seosega-kleit\/#primaryimage\",\"url\":\"https:\/\/tallinndesignhouse.com\/wp-content\/uploads\/2025\/08\/Sinine-seosega-kleit-Raili-Nolvak-2.jpg\",\"contentUrl\":\"https:\/\/tallinndesignhouse.com\/wp-content\/uploads\/2025\/08\/Sinine-seosega-kleit-Raili-Nolvak-2.jpg\",\"width\":1080,\"height\":1350,\"caption\":\"Sinine seosega kleit Raili No\u0303lvak 2\"},{\"@type\":\"BreadcrumbList\",\"@id\":\"https:\/\/tallinndesignhouse.com\/toode\/sinine-seosega-kleit\/#breadcrumb\",\"itemListElement\":[{\"@type\":\"ListItem\",\"position\":1,\"name\":\"Home\",\"item\":\"https:\/\/tallinndesignhouse.com\/en\/\"},{\"@type\":\"ListItem\",\"position\":2,\"name\":\"Shop\",\"item\":\"https:\/\/tallinndesignhouse.com\/en\/shop\/\"},{\"@type\":\"ListItem\",\"position\":3,\"name\":\"Blue Dress with Tie Belt\"}]},{\"@type\":\"WebSite\",\"@id\":\"https:\/\/tallinndesignhouse.com\/#website\",\"url\":\"https:\/\/tallinndesignhouse.com\/\",\"name\":\"Tallinn Design House\",\"description\":\"Eesti disain Rotermanni kvartalis\",\"potentialAction\":[{\"@type\":\"SearchAction\",\"target\":{\"@type\":\"EntryPoint\",\"urlTemplate\":\"https:\/\/tallinndesignhouse.com\/?s={search_term_string}\"},\"query-input\":{\"@type\":\"PropertyValueSpecification\",\"valueRequired\":true,\"valueName\":\"search_term_string\"}}],\"inLanguage\":\"en-US\"}]}<\/script>\n<!-- \/ Yoast SEO plugin. -->","yoast_head_json":{"title":"Raili N\u00f5lvak Blue Dress with Tie Belt - Tallinn Design House","description":"Raili N\u00f5lvak sinine seosega kleit. V\u00f6\u00f6 seotakse eest risti, siis seljatagant risti ja ette s\u00f5lme. Sinine kleit l\u00fchikeste varrukatega. K\u00fclje\u00f5mbluses taskud.","robots":{"index":"index","follow":"follow","max-snippet":"max-snippet:-1","max-image-preview":"max-image-preview:large","max-video-preview":"max-video-preview:-1"},"canonical":"https:\/\/tallinndesignhouse.com\/toode\/sinine-seosega-kleit\/","og_locale":"en_US","og_type":"article","og_title":"Raili N\u00f5lvak Blue Dress with Tie Belt - Tallinn Design House","og_description":"Raili N\u00f5lvak sinine seosega kleit. V\u00f6\u00f6 seotakse eest risti, siis seljatagant risti ja ette s\u00f5lme. Sinine kleit l\u00fchikeste varrukatega. K\u00fclje\u00f5mbluses taskud.","og_url":"https:\/\/tallinndesignhouse.com\/toode\/sinine-seosega-kleit\/","og_site_name":"Tallinn Design House","article_modified_time":"2026-05-01T22:02:56+00:00","og_image":[{"width":1080,"height":1350,"url":"https:\/\/tallinndesignhouse.com\/wp-content\/uploads\/2025\/08\/Sinine-seosega-kleit-Raili-Nolvak-2.jpg","type":"image\/jpeg"}],"twitter_card":"summary_large_image","twitter_misc":{"Est. reading time":"1 minute"},"schema":{"@context":"https:\/\/schema.org","@graph":[{"@type":"WebPage","@id":"https:\/\/tallinndesignhouse.com\/toode\/sinine-seosega-kleit\/","url":"https:\/\/tallinndesignhouse.com\/toode\/sinine-seosega-kleit\/","name":"Raili N\u00f5lvak Blue Dress with Tie Belt - Tallinn Design House","isPartOf":{"@id":"https:\/\/tallinndesignhouse.com\/#website"},"primaryImageOfPage":{"@id":"https:\/\/tallinndesignhouse.com\/toode\/sinine-seosega-kleit\/#primaryimage"},"image":{"@id":"https:\/\/tallinndesignhouse.com\/toode\/sinine-seosega-kleit\/#primaryimage"},"thumbnailUrl":"https:\/\/tallinndesignhouse.com\/wp-content\/uploads\/2025\/08\/Sinine-seosega-kleit-Raili-Nolvak-2.jpg","datePublished":"2025-08-31T12:35:06+00:00","dateModified":"2026-05-01T22:02:56+00:00","description":"Raili N\u00f5lvak sinine seosega kleit. V\u00f6\u00f6 seotakse eest risti, siis seljatagant risti ja ette s\u00f5lme. Sinine kleit l\u00fchikeste varrukatega. K\u00fclje\u00f5mbluses taskud.","breadcrumb":{"@id":"https:\/\/tallinndesignhouse.com\/toode\/sinine-seosega-kleit\/#breadcrumb"},"inLanguage":"en-US","potentialAction":[{"@type":"ReadAction","target":["https:\/\/tallinndesignhouse.com\/toode\/sinine-seosega-kleit\/"]}]},{"@type":"ImageObject","inLanguage":"en-US","@id":"https:\/\/tallinndesignhouse.com\/toode\/sinine-seosega-kleit\/#primaryimage","url":"https:\/\/tallinndesignhouse.com\/wp-content\/uploads\/2025\/08\/Sinine-seosega-kleit-Raili-Nolvak-2.jpg","contentUrl":"https:\/\/tallinndesignhouse.com\/wp-content\/uploads\/2025\/08\/Sinine-seosega-kleit-Raili-Nolvak-2.jpg","width":1080,"height":1350,"caption":"Sinine seosega kleit Raili No\u0303lvak 2"},{"@type":"BreadcrumbList","@id":"https:\/\/tallinndesignhouse.com\/toode\/sinine-seosega-kleit\/#breadcrumb","itemListElement":[{"@type":"ListItem","position":1,"name":"Home","item":"https:\/\/tallinndesignhouse.com\/en\/"},{"@type":"ListItem","position":2,"name":"Shop","item":"https:\/\/tallinndesignhouse.com\/en\/shop\/"},{"@type":"ListItem","position":3,"name":"Blue Dress with Tie Belt"}]},{"@type":"WebSite","@id":"https:\/\/tallinndesignhouse.com\/#website","url":"https:\/\/tallinndesignhouse.com\/","name":"Tallinn Design House","description":"Eesti disain Rotermanni kvartalis","potentialAction":[{"@type":"SearchAction","target":{"@type":"EntryPoint","urlTemplate":"https:\/\/tallinndesignhouse.com\/?s={search_term_string}"},"query-input":{"@type":"PropertyValueSpecification","valueRequired":true,"valueName":"search_term_string"}}],"inLanguage":"en-US"}]}},"_links":{"self":[{"href":"https:\/\/tallinndesignhouse.com\/en\/wp-json\/wp\/v2\/product\/3380566","targetHints":{"allow":["GET"]}}],"collection":[{"href":"https:\/\/tallinndesignhouse.com\/en\/wp-json\/wp\/v2\/product"}],"about":[{"href":"https:\/\/tallinndesignhouse.com\/en\/wp-json\/wp\/v2\/types\/product"}],"wp:featuredmedia":[{"embeddable":true,"href":"https:\/\/tallinndesignhouse.com\/en\/wp-json\/wp\/v2\/media\/3380644"}],"wp:attachment":[{"href":"https:\/\/tallinndesignhouse.com\/en\/wp-json\/wp\/v2\/media?parent=3380566"}],"wp:term":[{"taxonomy":"product_brand","embeddable":true,"href":"https:\/\/tallinndesignhouse.com\/en\/wp-json\/wp\/v2\/product_brand?post=3380566"},{"taxonomy":"product_cat","embeddable":true,"href":"https:\/\/tallinndesignhouse.com\/en\/wp-json\/wp\/v2\/product_cat?post=3380566"},{"taxonomy":"product_tag","embeddable":true,"href":"https:\/\/tallinndesignhouse.com\/en\/wp-json\/wp\/v2\/product_tag?post=3380566"}],"curies":[{"name":"wp","href":"https:\/\/api.w.org\/{rel}","templated":true}]}}