{"id":3380574,"date":"2025-08-31T15:35:07","date_gmt":"2025-08-31T12:35:07","guid":{"rendered":"https:\/\/tallinndesignhouse.com\/toode\/kahvaturoheline-topp\/"},"modified":"2026-04-18T01:01:27","modified_gmt":"2026-04-17T22:01:27","slug":"kahvaturoheline-topp","status":"publish","type":"product","link":"https:\/\/tallinndesignhouse.com\/en\/toode\/kahvaturoheline-topp\/","title":{"rendered":"Light Green Top"},"content":{"rendered":"<p>Light Green Top by Raili N\u00f5lvak is made of heavier viscose jersey. Short raglan sleeves. Diagonal seams. Slightly shorter at the front, with a rather loose silhouette around the bust. Neckline finished with inner binding. Sizes: S (bust 88 cm, waist 70 cm, hips 96 cm); M (bust 96 cm, waist 78 cm, hips 104 cm); L (bust 104 cm, waist 86 cm, hips 112 cm). Back length: 62 cm (S) \u2013 65 cm (L). Front length: 6\u20137.5 cm shorter. Composition: 70% viscose, 27% polyamide, 3% elastane. Care: Machine wash at 30 \u00b0C<\/p>\n","protected":false},"excerpt":{"rendered":"<p>Light Green Top by Raili N\u00f5lvak is made of heavier viscose jersey. Short raglan sleeves. Diagonal seams. Slightly shorter at the front, with a rather loose silhouette around the bust. Neckline finished with inner binding. Sizes: S (bust 88 cm, waist 70 cm, hips 96 cm); M (bust 96 cm, waist 78 cm, hips 104 [&hellip;]<\/p>\n","protected":false},"featured_media":3380592,"template":"","meta":{"_acf_changed":false},"product_brand":[],"product_cat":[888,887,3717],"product_tag":[2818],"class_list":{"0":"post-3380574","1":"product","2":"type-product","3":"status-publish","4":"has-post-thumbnail","6":"product_cat-sargid_ja_pluusid","7":"product_cat-roivad","8":"product_cat-kevadised-tooted","9":"product_tag-naised","10":"pa_brand-raili-nolvak","12":"pa_suurus-l","14":"pa_suurus-m","16":"pa_suurus-s","19":"first","20":"instock","21":"taxable","22":"shipping-taxable","23":"purchasable","24":"product-type-variable"},"acf":[],"yoast_head":"<!-- This site is optimized with the Yoast SEO plugin v26.0 - https:\/\/yoast.com\/wordpress\/plugins\/seo\/ -->\n<title>Raili N\u00f5lvak Light Green Top - Tallinn Design House<\/title>\n<meta name=\"description\" content=\"Raili N\u00f5lvak kahvaturoheline topp. L\u00fchikesed raglaanvarrukad. Diagonaalsed l\u00e4bil\u00f5iked. Eest veidi l\u00fchem, rinnast pigem avara siluetiga.\" \/>\n<meta name=\"robots\" content=\"index, follow, max-snippet:-1, max-image-preview:large, max-video-preview:-1\" \/>\n<link rel=\"canonical\" href=\"https:\/\/tallinndesignhouse.com\/toode\/kahvaturoheline-topp\/\" \/>\n<meta property=\"og:locale\" content=\"en_US\" \/>\n<meta property=\"og:type\" content=\"article\" \/>\n<meta property=\"og:title\" content=\"Raili N\u00f5lvak Light Green Top - Tallinn Design House\" \/>\n<meta property=\"og:description\" content=\"Raili N\u00f5lvak kahvaturoheline topp. L\u00fchikesed raglaanvarrukad. Diagonaalsed l\u00e4bil\u00f5iked. Eest veidi l\u00fchem, rinnast pigem avara siluetiga.\" \/>\n<meta property=\"og:url\" content=\"https:\/\/tallinndesignhouse.com\/toode\/kahvaturoheline-topp\/\" \/>\n<meta property=\"og:site_name\" content=\"Tallinn Design House\" \/>\n<meta property=\"article:modified_time\" content=\"2026-04-17T22:01:27+00:00\" \/>\n<meta property=\"og:image\" content=\"https:\/\/tallinndesignhouse.com\/wp-content\/uploads\/2025\/08\/Kahvaturoheline-topp-Raili-Nolvak_2.jpg\" \/>\n\t<meta property=\"og:image:width\" content=\"1080\" \/>\n\t<meta property=\"og:image:height\" content=\"1350\" \/>\n\t<meta property=\"og:image:type\" content=\"image\/jpeg\" \/>\n<meta name=\"twitter:card\" content=\"summary_large_image\" \/>\n<script type=\"application\/ld+json\" class=\"yoast-schema-graph\">{\"@context\":\"https:\/\/schema.org\",\"@graph\":[{\"@type\":\"WebPage\",\"@id\":\"https:\/\/tallinndesignhouse.com\/toode\/kahvaturoheline-topp\/\",\"url\":\"https:\/\/tallinndesignhouse.com\/toode\/kahvaturoheline-topp\/\",\"name\":\"Raili N\u00f5lvak Light Green Top - Tallinn Design House\",\"isPartOf\":{\"@id\":\"https:\/\/tallinndesignhouse.com\/#website\"},\"primaryImageOfPage\":{\"@id\":\"https:\/\/tallinndesignhouse.com\/toode\/kahvaturoheline-topp\/#primaryimage\"},\"image\":{\"@id\":\"https:\/\/tallinndesignhouse.com\/toode\/kahvaturoheline-topp\/#primaryimage\"},\"thumbnailUrl\":\"https:\/\/tallinndesignhouse.com\/wp-content\/uploads\/2025\/08\/Kahvaturoheline-topp-Raili-Nolvak_2.jpg\",\"datePublished\":\"2025-08-31T12:35:07+00:00\",\"dateModified\":\"2026-04-17T22:01:27+00:00\",\"description\":\"Raili N\u00f5lvak kahvaturoheline topp. L\u00fchikesed raglaanvarrukad. Diagonaalsed l\u00e4bil\u00f5iked. Eest veidi l\u00fchem, rinnast pigem avara siluetiga.\",\"breadcrumb\":{\"@id\":\"https:\/\/tallinndesignhouse.com\/toode\/kahvaturoheline-topp\/#breadcrumb\"},\"inLanguage\":\"en-US\",\"potentialAction\":[{\"@type\":\"ReadAction\",\"target\":[\"https:\/\/tallinndesignhouse.com\/toode\/kahvaturoheline-topp\/\"]}]},{\"@type\":\"ImageObject\",\"inLanguage\":\"en-US\",\"@id\":\"https:\/\/tallinndesignhouse.com\/toode\/kahvaturoheline-topp\/#primaryimage\",\"url\":\"https:\/\/tallinndesignhouse.com\/wp-content\/uploads\/2025\/08\/Kahvaturoheline-topp-Raili-Nolvak_2.jpg\",\"contentUrl\":\"https:\/\/tallinndesignhouse.com\/wp-content\/uploads\/2025\/08\/Kahvaturoheline-topp-Raili-Nolvak_2.jpg\",\"width\":1080,\"height\":1350,\"caption\":\"Kahvaturoheline topp Raili No\u0303lvak_2\"},{\"@type\":\"BreadcrumbList\",\"@id\":\"https:\/\/tallinndesignhouse.com\/toode\/kahvaturoheline-topp\/#breadcrumb\",\"itemListElement\":[{\"@type\":\"ListItem\",\"position\":1,\"name\":\"Home\",\"item\":\"https:\/\/tallinndesignhouse.com\/en\/\"},{\"@type\":\"ListItem\",\"position\":2,\"name\":\"Shop\",\"item\":\"https:\/\/tallinndesignhouse.com\/en\/shop\/\"},{\"@type\":\"ListItem\",\"position\":3,\"name\":\"Light Green Top\"}]},{\"@type\":\"WebSite\",\"@id\":\"https:\/\/tallinndesignhouse.com\/#website\",\"url\":\"https:\/\/tallinndesignhouse.com\/\",\"name\":\"Tallinn Design House\",\"description\":\"Eesti disain Rotermanni kvartalis\",\"potentialAction\":[{\"@type\":\"SearchAction\",\"target\":{\"@type\":\"EntryPoint\",\"urlTemplate\":\"https:\/\/tallinndesignhouse.com\/?s={search_term_string}\"},\"query-input\":{\"@type\":\"PropertyValueSpecification\",\"valueRequired\":true,\"valueName\":\"search_term_string\"}}],\"inLanguage\":\"en-US\"}]}<\/script>\n<!-- \/ Yoast SEO plugin. -->","yoast_head_json":{"title":"Raili N\u00f5lvak Light Green Top - Tallinn Design House","description":"Raili N\u00f5lvak kahvaturoheline topp. L\u00fchikesed raglaanvarrukad. Diagonaalsed l\u00e4bil\u00f5iked. Eest veidi l\u00fchem, rinnast pigem avara siluetiga.","robots":{"index":"index","follow":"follow","max-snippet":"max-snippet:-1","max-image-preview":"max-image-preview:large","max-video-preview":"max-video-preview:-1"},"canonical":"https:\/\/tallinndesignhouse.com\/toode\/kahvaturoheline-topp\/","og_locale":"en_US","og_type":"article","og_title":"Raili N\u00f5lvak Light Green Top - Tallinn Design House","og_description":"Raili N\u00f5lvak kahvaturoheline topp. L\u00fchikesed raglaanvarrukad. Diagonaalsed l\u00e4bil\u00f5iked. Eest veidi l\u00fchem, rinnast pigem avara siluetiga.","og_url":"https:\/\/tallinndesignhouse.com\/toode\/kahvaturoheline-topp\/","og_site_name":"Tallinn Design House","article_modified_time":"2026-04-17T22:01:27+00:00","og_image":[{"width":1080,"height":1350,"url":"https:\/\/tallinndesignhouse.com\/wp-content\/uploads\/2025\/08\/Kahvaturoheline-topp-Raili-Nolvak_2.jpg","type":"image\/jpeg"}],"twitter_card":"summary_large_image","schema":{"@context":"https:\/\/schema.org","@graph":[{"@type":"WebPage","@id":"https:\/\/tallinndesignhouse.com\/toode\/kahvaturoheline-topp\/","url":"https:\/\/tallinndesignhouse.com\/toode\/kahvaturoheline-topp\/","name":"Raili N\u00f5lvak Light Green Top - Tallinn Design House","isPartOf":{"@id":"https:\/\/tallinndesignhouse.com\/#website"},"primaryImageOfPage":{"@id":"https:\/\/tallinndesignhouse.com\/toode\/kahvaturoheline-topp\/#primaryimage"},"image":{"@id":"https:\/\/tallinndesignhouse.com\/toode\/kahvaturoheline-topp\/#primaryimage"},"thumbnailUrl":"https:\/\/tallinndesignhouse.com\/wp-content\/uploads\/2025\/08\/Kahvaturoheline-topp-Raili-Nolvak_2.jpg","datePublished":"2025-08-31T12:35:07+00:00","dateModified":"2026-04-17T22:01:27+00:00","description":"Raili N\u00f5lvak kahvaturoheline topp. L\u00fchikesed raglaanvarrukad. Diagonaalsed l\u00e4bil\u00f5iked. Eest veidi l\u00fchem, rinnast pigem avara siluetiga.","breadcrumb":{"@id":"https:\/\/tallinndesignhouse.com\/toode\/kahvaturoheline-topp\/#breadcrumb"},"inLanguage":"en-US","potentialAction":[{"@type":"ReadAction","target":["https:\/\/tallinndesignhouse.com\/toode\/kahvaturoheline-topp\/"]}]},{"@type":"ImageObject","inLanguage":"en-US","@id":"https:\/\/tallinndesignhouse.com\/toode\/kahvaturoheline-topp\/#primaryimage","url":"https:\/\/tallinndesignhouse.com\/wp-content\/uploads\/2025\/08\/Kahvaturoheline-topp-Raili-Nolvak_2.jpg","contentUrl":"https:\/\/tallinndesignhouse.com\/wp-content\/uploads\/2025\/08\/Kahvaturoheline-topp-Raili-Nolvak_2.jpg","width":1080,"height":1350,"caption":"Kahvaturoheline topp Raili No\u0303lvak_2"},{"@type":"BreadcrumbList","@id":"https:\/\/tallinndesignhouse.com\/toode\/kahvaturoheline-topp\/#breadcrumb","itemListElement":[{"@type":"ListItem","position":1,"name":"Home","item":"https:\/\/tallinndesignhouse.com\/en\/"},{"@type":"ListItem","position":2,"name":"Shop","item":"https:\/\/tallinndesignhouse.com\/en\/shop\/"},{"@type":"ListItem","position":3,"name":"Light Green Top"}]},{"@type":"WebSite","@id":"https:\/\/tallinndesignhouse.com\/#website","url":"https:\/\/tallinndesignhouse.com\/","name":"Tallinn Design House","description":"Eesti disain Rotermanni kvartalis","potentialAction":[{"@type":"SearchAction","target":{"@type":"EntryPoint","urlTemplate":"https:\/\/tallinndesignhouse.com\/?s={search_term_string}"},"query-input":{"@type":"PropertyValueSpecification","valueRequired":true,"valueName":"search_term_string"}}],"inLanguage":"en-US"}]}},"_links":{"self":[{"href":"https:\/\/tallinndesignhouse.com\/en\/wp-json\/wp\/v2\/product\/3380574","targetHints":{"allow":["GET"]}}],"collection":[{"href":"https:\/\/tallinndesignhouse.com\/en\/wp-json\/wp\/v2\/product"}],"about":[{"href":"https:\/\/tallinndesignhouse.com\/en\/wp-json\/wp\/v2\/types\/product"}],"wp:featuredmedia":[{"embeddable":true,"href":"https:\/\/tallinndesignhouse.com\/en\/wp-json\/wp\/v2\/media\/3380592"}],"wp:attachment":[{"href":"https:\/\/tallinndesignhouse.com\/en\/wp-json\/wp\/v2\/media?parent=3380574"}],"wp:term":[{"taxonomy":"product_brand","embeddable":true,"href":"https:\/\/tallinndesignhouse.com\/en\/wp-json\/wp\/v2\/product_brand?post=3380574"},{"taxonomy":"product_cat","embeddable":true,"href":"https:\/\/tallinndesignhouse.com\/en\/wp-json\/wp\/v2\/product_cat?post=3380574"},{"taxonomy":"product_tag","embeddable":true,"href":"https:\/\/tallinndesignhouse.com\/en\/wp-json\/wp\/v2\/product_tag?post=3380574"}],"curies":[{"name":"wp","href":"https:\/\/api.w.org\/{rel}","templated":true}]}}