{"id":3380836,"date":"2025-09-02T20:20:02","date_gmt":"2025-09-02T17:20:02","guid":{"rendered":"https:\/\/tallinndesignhouse.com\/toode\/malle-leis-kompositsioon-tulpidega-kandekott\/"},"modified":"2026-04-18T00:59:40","modified_gmt":"2026-04-17T21:59:40","slug":"malle-leis-kompositsioon-tulpidega-kandekott","status":"publish","type":"product","link":"https:\/\/tallinndesignhouse.com\/en\/toode\/malle-leis-kompositsioon-tulpidega-kandekott\/","title":{"rendered":"Malle Leis Composition with tulips tote bag"},"content":{"rendered":"<p>Malle Leis Composition with tulips (1985) tote bag is based on artwork by a famous Estonian oil painter and graphic artist Malle Leis. Original oil painting: Composition with tulips (1985), oil painting. M. Leis\u2019s expressive and colourful creation has captivated art enthusiasts for many decades. Her works can be found in numerous private collections as well as in 14 different museums worldwide, including the Museum of Modern Art in New York, the National Museum of Greece, the Zimmerli Art Museum in the USA and many more. Sold as limited collection. Digitally printed. There is a small zipped pocket inside the tote bag (20x20cm). Size: 38X45 cm. Material: 50% polyester, velvet (front side), 50% cotton (back side. Care: hand wash at 30\u00b0.<\/p>\n","protected":false},"excerpt":{"rendered":"<p>Malle Leis Composition with tulips (1985) tote bag is based on artwork by a famous Estonian oil painter and graphic artist Malle Leis. Original oil painting: Composition with tulips (1985), oil painting. M. Leis\u2019s expressive and colourful creation has captivated art enthusiasts for many decades. Her works can be found in numerous private collections as [&hellip;]<\/p>\n","protected":false},"featured_media":3380838,"template":"","meta":{"_acf_changed":false},"product_brand":[],"product_cat":[877,113,3717],"product_tag":[2818],"class_list":{"0":"post-3380836","1":"product","2":"type-product","3":"status-publish","4":"has-post-thumbnail","6":"product_cat-kotid","7":"product_cat-aksessuaarid","8":"product_cat-kevadised-tooted","9":"product_tag-naised","10":"pa_brand-miurio","11":"pa_brand-miurio-en","13":"first","14":"instock","15":"taxable","16":"shipping-taxable","17":"purchasable","18":"product-type-simple"},"acf":[],"yoast_head":"<!-- This site is optimized with the Yoast SEO plugin v26.0 - https:\/\/yoast.com\/wordpress\/plugins\/seo\/ -->\n<title>Miurio Malle Leis Composition with tulips tote bag - Tallinn Design House<\/title>\n<meta name=\"description\" content=\"Miurio x Malle Leis kompositsioon tulpidega kandekott. Suurus: 38X45 cm. Materjal: 50% pol\u00fcester, veluur (esik\u00fclg), 50% puuvill (tagak\u00fclg).\" \/>\n<meta name=\"robots\" content=\"index, follow, max-snippet:-1, max-image-preview:large, max-video-preview:-1\" \/>\n<link rel=\"canonical\" href=\"https:\/\/tallinndesignhouse.com\/toode\/malle-leis-kompositsioon-tulpidega-kandekott\/\" \/>\n<meta property=\"og:locale\" content=\"en_US\" \/>\n<meta property=\"og:type\" content=\"article\" \/>\n<meta property=\"og:title\" content=\"Miurio Malle Leis Composition with tulips tote bag - Tallinn Design House\" \/>\n<meta property=\"og:description\" content=\"Miurio x Malle Leis kompositsioon tulpidega kandekott. Suurus: 38X45 cm. Materjal: 50% pol\u00fcester, veluur (esik\u00fclg), 50% puuvill (tagak\u00fclg).\" \/>\n<meta property=\"og:url\" content=\"https:\/\/tallinndesignhouse.com\/toode\/malle-leis-kompositsioon-tulpidega-kandekott\/\" \/>\n<meta property=\"og:site_name\" content=\"Tallinn Design House\" \/>\n<meta property=\"article:modified_time\" content=\"2026-04-17T21:59:40+00:00\" \/>\n<meta property=\"og:image\" content=\"https:\/\/tallinndesignhouse.com\/wp-content\/uploads\/2025\/09\/Malle-Leis-kompositsioon-tulpidega-kandekott-MIURIO_.jpg\" \/>\n\t<meta property=\"og:image:width\" content=\"1080\" \/>\n\t<meta property=\"og:image:height\" content=\"1350\" \/>\n\t<meta property=\"og:image:type\" content=\"image\/jpeg\" \/>\n<meta name=\"twitter:card\" content=\"summary_large_image\" \/>\n<meta name=\"twitter:label1\" content=\"Est. reading time\" \/>\n\t<meta name=\"twitter:data1\" content=\"1 minute\" \/>\n<script type=\"application\/ld+json\" class=\"yoast-schema-graph\">{\"@context\":\"https:\/\/schema.org\",\"@graph\":[{\"@type\":\"WebPage\",\"@id\":\"https:\/\/tallinndesignhouse.com\/toode\/malle-leis-kompositsioon-tulpidega-kandekott\/\",\"url\":\"https:\/\/tallinndesignhouse.com\/toode\/malle-leis-kompositsioon-tulpidega-kandekott\/\",\"name\":\"Miurio Malle Leis Composition with tulips tote bag - Tallinn Design House\",\"isPartOf\":{\"@id\":\"https:\/\/tallinndesignhouse.com\/#website\"},\"primaryImageOfPage\":{\"@id\":\"https:\/\/tallinndesignhouse.com\/toode\/malle-leis-kompositsioon-tulpidega-kandekott\/#primaryimage\"},\"image\":{\"@id\":\"https:\/\/tallinndesignhouse.com\/toode\/malle-leis-kompositsioon-tulpidega-kandekott\/#primaryimage\"},\"thumbnailUrl\":\"https:\/\/tallinndesignhouse.com\/wp-content\/uploads\/2025\/09\/Malle-Leis-kompositsioon-tulpidega-kandekott-MIURIO_.jpg\",\"datePublished\":\"2025-09-02T17:20:02+00:00\",\"dateModified\":\"2026-04-17T21:59:40+00:00\",\"description\":\"Miurio x Malle Leis kompositsioon tulpidega kandekott. Suurus: 38X45 cm. Materjal: 50% pol\u00fcester, veluur (esik\u00fclg), 50% puuvill (tagak\u00fclg).\",\"breadcrumb\":{\"@id\":\"https:\/\/tallinndesignhouse.com\/toode\/malle-leis-kompositsioon-tulpidega-kandekott\/#breadcrumb\"},\"inLanguage\":\"en-US\",\"potentialAction\":[{\"@type\":\"ReadAction\",\"target\":[\"https:\/\/tallinndesignhouse.com\/toode\/malle-leis-kompositsioon-tulpidega-kandekott\/\"]}]},{\"@type\":\"ImageObject\",\"inLanguage\":\"en-US\",\"@id\":\"https:\/\/tallinndesignhouse.com\/toode\/malle-leis-kompositsioon-tulpidega-kandekott\/#primaryimage\",\"url\":\"https:\/\/tallinndesignhouse.com\/wp-content\/uploads\/2025\/09\/Malle-Leis-kompositsioon-tulpidega-kandekott-MIURIO_.jpg\",\"contentUrl\":\"https:\/\/tallinndesignhouse.com\/wp-content\/uploads\/2025\/09\/Malle-Leis-kompositsioon-tulpidega-kandekott-MIURIO_.jpg\",\"width\":1080,\"height\":1350,\"caption\":\"Malle Leis kompositsioon tulpidega kandekott MIURIO_\"},{\"@type\":\"BreadcrumbList\",\"@id\":\"https:\/\/tallinndesignhouse.com\/toode\/malle-leis-kompositsioon-tulpidega-kandekott\/#breadcrumb\",\"itemListElement\":[{\"@type\":\"ListItem\",\"position\":1,\"name\":\"Home\",\"item\":\"https:\/\/tallinndesignhouse.com\/en\/\"},{\"@type\":\"ListItem\",\"position\":2,\"name\":\"Shop\",\"item\":\"https:\/\/tallinndesignhouse.com\/en\/shop\/\"},{\"@type\":\"ListItem\",\"position\":3,\"name\":\"Malle Leis Composition with tulips tote bag\"}]},{\"@type\":\"WebSite\",\"@id\":\"https:\/\/tallinndesignhouse.com\/#website\",\"url\":\"https:\/\/tallinndesignhouse.com\/\",\"name\":\"Tallinn Design House\",\"description\":\"Eesti disain Rotermanni kvartalis\",\"potentialAction\":[{\"@type\":\"SearchAction\",\"target\":{\"@type\":\"EntryPoint\",\"urlTemplate\":\"https:\/\/tallinndesignhouse.com\/?s={search_term_string}\"},\"query-input\":{\"@type\":\"PropertyValueSpecification\",\"valueRequired\":true,\"valueName\":\"search_term_string\"}}],\"inLanguage\":\"en-US\"}]}<\/script>\n<!-- \/ Yoast SEO plugin. -->","yoast_head_json":{"title":"Miurio Malle Leis Composition with tulips tote bag - Tallinn Design House","description":"Miurio x Malle Leis kompositsioon tulpidega kandekott. Suurus: 38X45 cm. Materjal: 50% pol\u00fcester, veluur (esik\u00fclg), 50% puuvill (tagak\u00fclg).","robots":{"index":"index","follow":"follow","max-snippet":"max-snippet:-1","max-image-preview":"max-image-preview:large","max-video-preview":"max-video-preview:-1"},"canonical":"https:\/\/tallinndesignhouse.com\/toode\/malle-leis-kompositsioon-tulpidega-kandekott\/","og_locale":"en_US","og_type":"article","og_title":"Miurio Malle Leis Composition with tulips tote bag - Tallinn Design House","og_description":"Miurio x Malle Leis kompositsioon tulpidega kandekott. Suurus: 38X45 cm. Materjal: 50% pol\u00fcester, veluur (esik\u00fclg), 50% puuvill (tagak\u00fclg).","og_url":"https:\/\/tallinndesignhouse.com\/toode\/malle-leis-kompositsioon-tulpidega-kandekott\/","og_site_name":"Tallinn Design House","article_modified_time":"2026-04-17T21:59:40+00:00","og_image":[{"width":1080,"height":1350,"url":"https:\/\/tallinndesignhouse.com\/wp-content\/uploads\/2025\/09\/Malle-Leis-kompositsioon-tulpidega-kandekott-MIURIO_.jpg","type":"image\/jpeg"}],"twitter_card":"summary_large_image","twitter_misc":{"Est. reading time":"1 minute"},"schema":{"@context":"https:\/\/schema.org","@graph":[{"@type":"WebPage","@id":"https:\/\/tallinndesignhouse.com\/toode\/malle-leis-kompositsioon-tulpidega-kandekott\/","url":"https:\/\/tallinndesignhouse.com\/toode\/malle-leis-kompositsioon-tulpidega-kandekott\/","name":"Miurio Malle Leis Composition with tulips tote bag - Tallinn Design House","isPartOf":{"@id":"https:\/\/tallinndesignhouse.com\/#website"},"primaryImageOfPage":{"@id":"https:\/\/tallinndesignhouse.com\/toode\/malle-leis-kompositsioon-tulpidega-kandekott\/#primaryimage"},"image":{"@id":"https:\/\/tallinndesignhouse.com\/toode\/malle-leis-kompositsioon-tulpidega-kandekott\/#primaryimage"},"thumbnailUrl":"https:\/\/tallinndesignhouse.com\/wp-content\/uploads\/2025\/09\/Malle-Leis-kompositsioon-tulpidega-kandekott-MIURIO_.jpg","datePublished":"2025-09-02T17:20:02+00:00","dateModified":"2026-04-17T21:59:40+00:00","description":"Miurio x Malle Leis kompositsioon tulpidega kandekott. Suurus: 38X45 cm. Materjal: 50% pol\u00fcester, veluur (esik\u00fclg), 50% puuvill (tagak\u00fclg).","breadcrumb":{"@id":"https:\/\/tallinndesignhouse.com\/toode\/malle-leis-kompositsioon-tulpidega-kandekott\/#breadcrumb"},"inLanguage":"en-US","potentialAction":[{"@type":"ReadAction","target":["https:\/\/tallinndesignhouse.com\/toode\/malle-leis-kompositsioon-tulpidega-kandekott\/"]}]},{"@type":"ImageObject","inLanguage":"en-US","@id":"https:\/\/tallinndesignhouse.com\/toode\/malle-leis-kompositsioon-tulpidega-kandekott\/#primaryimage","url":"https:\/\/tallinndesignhouse.com\/wp-content\/uploads\/2025\/09\/Malle-Leis-kompositsioon-tulpidega-kandekott-MIURIO_.jpg","contentUrl":"https:\/\/tallinndesignhouse.com\/wp-content\/uploads\/2025\/09\/Malle-Leis-kompositsioon-tulpidega-kandekott-MIURIO_.jpg","width":1080,"height":1350,"caption":"Malle Leis kompositsioon tulpidega kandekott MIURIO_"},{"@type":"BreadcrumbList","@id":"https:\/\/tallinndesignhouse.com\/toode\/malle-leis-kompositsioon-tulpidega-kandekott\/#breadcrumb","itemListElement":[{"@type":"ListItem","position":1,"name":"Home","item":"https:\/\/tallinndesignhouse.com\/en\/"},{"@type":"ListItem","position":2,"name":"Shop","item":"https:\/\/tallinndesignhouse.com\/en\/shop\/"},{"@type":"ListItem","position":3,"name":"Malle Leis Composition with tulips tote bag"}]},{"@type":"WebSite","@id":"https:\/\/tallinndesignhouse.com\/#website","url":"https:\/\/tallinndesignhouse.com\/","name":"Tallinn Design House","description":"Eesti disain Rotermanni kvartalis","potentialAction":[{"@type":"SearchAction","target":{"@type":"EntryPoint","urlTemplate":"https:\/\/tallinndesignhouse.com\/?s={search_term_string}"},"query-input":{"@type":"PropertyValueSpecification","valueRequired":true,"valueName":"search_term_string"}}],"inLanguage":"en-US"}]}},"_links":{"self":[{"href":"https:\/\/tallinndesignhouse.com\/en\/wp-json\/wp\/v2\/product\/3380836","targetHints":{"allow":["GET"]}}],"collection":[{"href":"https:\/\/tallinndesignhouse.com\/en\/wp-json\/wp\/v2\/product"}],"about":[{"href":"https:\/\/tallinndesignhouse.com\/en\/wp-json\/wp\/v2\/types\/product"}],"wp:featuredmedia":[{"embeddable":true,"href":"https:\/\/tallinndesignhouse.com\/en\/wp-json\/wp\/v2\/media\/3380838"}],"wp:attachment":[{"href":"https:\/\/tallinndesignhouse.com\/en\/wp-json\/wp\/v2\/media?parent=3380836"}],"wp:term":[{"taxonomy":"product_brand","embeddable":true,"href":"https:\/\/tallinndesignhouse.com\/en\/wp-json\/wp\/v2\/product_brand?post=3380836"},{"taxonomy":"product_cat","embeddable":true,"href":"https:\/\/tallinndesignhouse.com\/en\/wp-json\/wp\/v2\/product_cat?post=3380836"},{"taxonomy":"product_tag","embeddable":true,"href":"https:\/\/tallinndesignhouse.com\/en\/wp-json\/wp\/v2\/product_tag?post=3380836"}],"curies":[{"name":"wp","href":"https:\/\/api.w.org\/{rel}","templated":true}]}}