{"id":3381352,"date":"2025-09-16T10:05:02","date_gmt":"2025-09-16T07:05:02","guid":{"rendered":"https:\/\/tallinndesignhouse.com\/toode\/siidiratik-sudamega-eestile\/"},"modified":"2026-05-14T00:59:49","modified_gmt":"2026-05-13T21:59:49","slug":"siidiratik-sudamega-eestile","status":"publish","type":"product","link":"https:\/\/tallinndesignhouse.com\/en\/toode\/siidiratik-sudamega-eestile\/","title":{"rendered":"Silk Scarf S\u00fcdamega Eestile"},"content":{"rendered":"<p>S\u00dcDAMEGA EESTILE (in translation \u201cFROM THE HEART FOR ESTONIA\u201d) is tribute to Estonian Independence and love for our home country. The scarf by Miurio features popular Estonian meadow elements like poppy flowers, cornflowers, wheat and bees. It helps dreaming of warm Estonian summer days and sets a light and romantic mood. The scarf is perfect for wearing on a festive event or also on a casual spring-summer day to emphasise beautiful Estonian nature theme around your neck or head. Original pattern design by Rita Assor. Miurio\u2019s printing inks have OEKO-TEX certificate. Sold as limited collection. Digitally printed. Hand-rolled hemming. Comes packed in a gift box. Size: 87&#215;87 cm. Material: 100% silk twill. Care: dry clean.<\/p>\n","protected":false},"excerpt":{"rendered":"<p>S\u00dcDAMEGA EESTILE (in translation \u201cFROM THE HEART FOR ESTONIA\u201d) is tribute to Estonian Independence and love for our home country. The scarf by Miurio features popular Estonian meadow elements like poppy flowers, cornflowers, wheat and bees. It helps dreaming of warm Estonian summer days and sets a light and romantic mood. The scarf is perfect [&hellip;]<\/p>\n","protected":false},"featured_media":3381342,"template":"","meta":{"_acf_changed":false},"product_brand":[],"product_cat":[883,113],"product_tag":[2818],"class_list":{"0":"post-3381352","1":"product","2":"type-product","3":"status-publish","4":"has-post-thumbnail","6":"product_cat-peakatted_ja_sallid","7":"product_cat-aksessuaarid","8":"product_tag-naised","9":"pa_brand-miurio","11":"pa_kingiidee-jah","14":"first","15":"instock","16":"taxable","17":"shipping-taxable","18":"purchasable","19":"product-type-simple"},"acf":[],"yoast_head":"<!-- This site is optimized with the Yoast SEO plugin v26.0 - https:\/\/yoast.com\/wordpress\/plugins\/seo\/ -->\n<title>Miurio Silk Scarf S\u00fcdamega Eestile - Tallinn Design House<\/title>\n<meta name=\"description\" content=\"Miurio siidir\u00e4tik S\u00fcdamega Eestile.\" \/>\n<meta name=\"robots\" content=\"index, follow, max-snippet:-1, max-image-preview:large, max-video-preview:-1\" \/>\n<link rel=\"canonical\" href=\"https:\/\/tallinndesignhouse.com\/toode\/siidiratik-sudamega-eestile\/\" \/>\n<meta property=\"og:locale\" content=\"en_US\" \/>\n<meta property=\"og:type\" content=\"article\" \/>\n<meta property=\"og:title\" content=\"Miurio Silk Scarf S\u00fcdamega Eestile - Tallinn Design House\" \/>\n<meta property=\"og:description\" content=\"Miurio siidir\u00e4tik S\u00fcdamega Eestile.\" \/>\n<meta property=\"og:url\" content=\"https:\/\/tallinndesignhouse.com\/toode\/siidiratik-sudamega-eestile\/\" \/>\n<meta property=\"og:site_name\" content=\"Tallinn Design House\" \/>\n<meta property=\"article:modified_time\" content=\"2026-05-13T21:59:49+00:00\" \/>\n<meta property=\"og:image\" content=\"https:\/\/tallinndesignhouse.com\/wp-content\/uploads\/2025\/09\/Siidiratik-Sudamega-Eestile-Miurio_.jpg\" \/>\n\t<meta property=\"og:image:width\" content=\"1080\" \/>\n\t<meta property=\"og:image:height\" content=\"1350\" \/>\n\t<meta property=\"og:image:type\" content=\"image\/jpeg\" \/>\n<meta name=\"twitter:card\" content=\"summary_large_image\" \/>\n<meta name=\"twitter:label1\" content=\"Est. reading time\" \/>\n\t<meta name=\"twitter:data1\" content=\"1 minute\" \/>\n<script type=\"application\/ld+json\" class=\"yoast-schema-graph\">{\"@context\":\"https:\/\/schema.org\",\"@graph\":[{\"@type\":\"WebPage\",\"@id\":\"https:\/\/tallinndesignhouse.com\/toode\/siidiratik-sudamega-eestile\/\",\"url\":\"https:\/\/tallinndesignhouse.com\/toode\/siidiratik-sudamega-eestile\/\",\"name\":\"Miurio Silk Scarf S\u00fcdamega Eestile - Tallinn Design House\",\"isPartOf\":{\"@id\":\"https:\/\/tallinndesignhouse.com\/#website\"},\"primaryImageOfPage\":{\"@id\":\"https:\/\/tallinndesignhouse.com\/toode\/siidiratik-sudamega-eestile\/#primaryimage\"},\"image\":{\"@id\":\"https:\/\/tallinndesignhouse.com\/toode\/siidiratik-sudamega-eestile\/#primaryimage\"},\"thumbnailUrl\":\"https:\/\/tallinndesignhouse.com\/wp-content\/uploads\/2025\/09\/Siidiratik-Sudamega-Eestile-Miurio_.jpg\",\"datePublished\":\"2025-09-16T07:05:02+00:00\",\"dateModified\":\"2026-05-13T21:59:49+00:00\",\"description\":\"Miurio siidir\u00e4tik S\u00fcdamega Eestile.\",\"breadcrumb\":{\"@id\":\"https:\/\/tallinndesignhouse.com\/toode\/siidiratik-sudamega-eestile\/#breadcrumb\"},\"inLanguage\":\"en-US\",\"potentialAction\":[{\"@type\":\"ReadAction\",\"target\":[\"https:\/\/tallinndesignhouse.com\/toode\/siidiratik-sudamega-eestile\/\"]}]},{\"@type\":\"ImageObject\",\"inLanguage\":\"en-US\",\"@id\":\"https:\/\/tallinndesignhouse.com\/toode\/siidiratik-sudamega-eestile\/#primaryimage\",\"url\":\"https:\/\/tallinndesignhouse.com\/wp-content\/uploads\/2025\/09\/Siidiratik-Sudamega-Eestile-Miurio_.jpg\",\"contentUrl\":\"https:\/\/tallinndesignhouse.com\/wp-content\/uploads\/2025\/09\/Siidiratik-Sudamega-Eestile-Miurio_.jpg\",\"width\":1080,\"height\":1350,\"caption\":\"Siidira\u0308tik Su\u0308damega Eestile - Miurio_\"},{\"@type\":\"BreadcrumbList\",\"@id\":\"https:\/\/tallinndesignhouse.com\/toode\/siidiratik-sudamega-eestile\/#breadcrumb\",\"itemListElement\":[{\"@type\":\"ListItem\",\"position\":1,\"name\":\"Home\",\"item\":\"https:\/\/tallinndesignhouse.com\/en\/\"},{\"@type\":\"ListItem\",\"position\":2,\"name\":\"Shop\",\"item\":\"https:\/\/tallinndesignhouse.com\/en\/shop\/\"},{\"@type\":\"ListItem\",\"position\":3,\"name\":\"Silk Scarf S\u00fcdamega Eestile\"}]},{\"@type\":\"WebSite\",\"@id\":\"https:\/\/tallinndesignhouse.com\/#website\",\"url\":\"https:\/\/tallinndesignhouse.com\/\",\"name\":\"Tallinn Design House\",\"description\":\"Eesti disain Rotermanni kvartalis\",\"potentialAction\":[{\"@type\":\"SearchAction\",\"target\":{\"@type\":\"EntryPoint\",\"urlTemplate\":\"https:\/\/tallinndesignhouse.com\/?s={search_term_string}\"},\"query-input\":{\"@type\":\"PropertyValueSpecification\",\"valueRequired\":true,\"valueName\":\"search_term_string\"}}],\"inLanguage\":\"en-US\"}]}<\/script>\n<!-- \/ Yoast SEO plugin. -->","yoast_head_json":{"title":"Miurio Silk Scarf S\u00fcdamega Eestile - Tallinn Design House","description":"Miurio siidir\u00e4tik S\u00fcdamega Eestile.","robots":{"index":"index","follow":"follow","max-snippet":"max-snippet:-1","max-image-preview":"max-image-preview:large","max-video-preview":"max-video-preview:-1"},"canonical":"https:\/\/tallinndesignhouse.com\/toode\/siidiratik-sudamega-eestile\/","og_locale":"en_US","og_type":"article","og_title":"Miurio Silk Scarf S\u00fcdamega Eestile - Tallinn Design House","og_description":"Miurio siidir\u00e4tik S\u00fcdamega Eestile.","og_url":"https:\/\/tallinndesignhouse.com\/toode\/siidiratik-sudamega-eestile\/","og_site_name":"Tallinn Design House","article_modified_time":"2026-05-13T21:59:49+00:00","og_image":[{"width":1080,"height":1350,"url":"https:\/\/tallinndesignhouse.com\/wp-content\/uploads\/2025\/09\/Siidiratik-Sudamega-Eestile-Miurio_.jpg","type":"image\/jpeg"}],"twitter_card":"summary_large_image","twitter_misc":{"Est. reading time":"1 minute"},"schema":{"@context":"https:\/\/schema.org","@graph":[{"@type":"WebPage","@id":"https:\/\/tallinndesignhouse.com\/toode\/siidiratik-sudamega-eestile\/","url":"https:\/\/tallinndesignhouse.com\/toode\/siidiratik-sudamega-eestile\/","name":"Miurio Silk Scarf S\u00fcdamega Eestile - Tallinn Design House","isPartOf":{"@id":"https:\/\/tallinndesignhouse.com\/#website"},"primaryImageOfPage":{"@id":"https:\/\/tallinndesignhouse.com\/toode\/siidiratik-sudamega-eestile\/#primaryimage"},"image":{"@id":"https:\/\/tallinndesignhouse.com\/toode\/siidiratik-sudamega-eestile\/#primaryimage"},"thumbnailUrl":"https:\/\/tallinndesignhouse.com\/wp-content\/uploads\/2025\/09\/Siidiratik-Sudamega-Eestile-Miurio_.jpg","datePublished":"2025-09-16T07:05:02+00:00","dateModified":"2026-05-13T21:59:49+00:00","description":"Miurio siidir\u00e4tik S\u00fcdamega Eestile.","breadcrumb":{"@id":"https:\/\/tallinndesignhouse.com\/toode\/siidiratik-sudamega-eestile\/#breadcrumb"},"inLanguage":"en-US","potentialAction":[{"@type":"ReadAction","target":["https:\/\/tallinndesignhouse.com\/toode\/siidiratik-sudamega-eestile\/"]}]},{"@type":"ImageObject","inLanguage":"en-US","@id":"https:\/\/tallinndesignhouse.com\/toode\/siidiratik-sudamega-eestile\/#primaryimage","url":"https:\/\/tallinndesignhouse.com\/wp-content\/uploads\/2025\/09\/Siidiratik-Sudamega-Eestile-Miurio_.jpg","contentUrl":"https:\/\/tallinndesignhouse.com\/wp-content\/uploads\/2025\/09\/Siidiratik-Sudamega-Eestile-Miurio_.jpg","width":1080,"height":1350,"caption":"Siidira\u0308tik Su\u0308damega Eestile - Miurio_"},{"@type":"BreadcrumbList","@id":"https:\/\/tallinndesignhouse.com\/toode\/siidiratik-sudamega-eestile\/#breadcrumb","itemListElement":[{"@type":"ListItem","position":1,"name":"Home","item":"https:\/\/tallinndesignhouse.com\/en\/"},{"@type":"ListItem","position":2,"name":"Shop","item":"https:\/\/tallinndesignhouse.com\/en\/shop\/"},{"@type":"ListItem","position":3,"name":"Silk Scarf S\u00fcdamega Eestile"}]},{"@type":"WebSite","@id":"https:\/\/tallinndesignhouse.com\/#website","url":"https:\/\/tallinndesignhouse.com\/","name":"Tallinn Design House","description":"Eesti disain Rotermanni kvartalis","potentialAction":[{"@type":"SearchAction","target":{"@type":"EntryPoint","urlTemplate":"https:\/\/tallinndesignhouse.com\/?s={search_term_string}"},"query-input":{"@type":"PropertyValueSpecification","valueRequired":true,"valueName":"search_term_string"}}],"inLanguage":"en-US"}]}},"_links":{"self":[{"href":"https:\/\/tallinndesignhouse.com\/en\/wp-json\/wp\/v2\/product\/3381352","targetHints":{"allow":["GET"]}}],"collection":[{"href":"https:\/\/tallinndesignhouse.com\/en\/wp-json\/wp\/v2\/product"}],"about":[{"href":"https:\/\/tallinndesignhouse.com\/en\/wp-json\/wp\/v2\/types\/product"}],"wp:featuredmedia":[{"embeddable":true,"href":"https:\/\/tallinndesignhouse.com\/en\/wp-json\/wp\/v2\/media\/3381342"}],"wp:attachment":[{"href":"https:\/\/tallinndesignhouse.com\/en\/wp-json\/wp\/v2\/media?parent=3381352"}],"wp:term":[{"taxonomy":"product_brand","embeddable":true,"href":"https:\/\/tallinndesignhouse.com\/en\/wp-json\/wp\/v2\/product_brand?post=3381352"},{"taxonomy":"product_cat","embeddable":true,"href":"https:\/\/tallinndesignhouse.com\/en\/wp-json\/wp\/v2\/product_cat?post=3381352"},{"taxonomy":"product_tag","embeddable":true,"href":"https:\/\/tallinndesignhouse.com\/en\/wp-json\/wp\/v2\/product_tag?post=3381352"}],"curies":[{"name":"wp","href":"https:\/\/api.w.org\/{rel}","templated":true}]}}