{"id":3381461,"date":"2025-09-19T08:05:06","date_gmt":"2025-09-19T05:05:06","guid":{"rendered":"https:\/\/tallinndesignhouse.com\/toode\/nova-nymphe-muse-korvarongad-musta-kristalliga\/"},"modified":"2026-04-29T01:03:23","modified_gmt":"2026-04-28T22:03:23","slug":"nova-nymphe-muse-korvarongad-musta-kristalliga","status":"publish","type":"product","link":"https:\/\/tallinndesignhouse.com\/en\/toode\/nova-nymphe-muse-korvarongad-musta-kristalliga\/","title":{"rendered":"Nova Nymphe Muse Earrings With Black Crystal"},"content":{"rendered":"<p>The Nova Nymphe collection was born from a longing for tactile contact with material and form. After almost a year-long pause, I returned to jewellery making and began with a wax model inspired by the drop-like shape of the original Nymphe. These new earrings resemble crystallised tears. They carry the imprint of the past, yet the material has now acquired firmness and resilience. Nova Nymphe connects past and present, softness and hardness, and captures the fleeting moments of transition from one state to another. Materials: rhodium-plated brass, sterling silver stone setting, cubic zirconia. Length: 64 mm. Width: 19 mm. Weight: 7 g each side. Hypoallergenic.<\/p>\n","protected":false},"excerpt":{"rendered":"<p>The Nova Nymphe collection was born from a longing for tactile contact with material and form. After almost a year-long pause, I returned to jewellery making and began with a wax model inspired by the drop-like shape of the original Nymphe. These new earrings resemble crystallised tears. They carry the imprint of the past, yet [&hellip;]<\/p>\n","protected":false},"featured_media":3381473,"template":"","meta":{"_acf_changed":false},"product_brand":[],"product_cat":[876,116],"product_tag":[2818],"class_list":{"0":"post-3381461","1":"product","2":"type-product","3":"status-publish","4":"has-post-thumbnail","6":"product_cat-korvarongad","7":"product_cat-ehted","8":"product_tag-naised","9":"pa_brand-soma","11":"pa_kingiidee-jah","14":"first","15":"instock","16":"taxable","17":"shipping-taxable","18":"purchasable","19":"product-type-simple"},"acf":[],"yoast_head":"<!-- This site is optimized with the Yoast SEO plugin v26.0 - https:\/\/yoast.com\/wordpress\/plugins\/seo\/ -->\n<title>SOMA Nova Nymphe Muse Earrings With Black Crystal - Tallinn Design House<\/title>\n<meta name=\"description\" content=\"SOMA Nova Nymphe Muse k\u00f5rvar\u00f5ngad musta kristalliga. Materjalid: roodiumkattega messing, sterlingh\u00f5bedast kivipesa, tsirkoon.\" \/>\n<meta name=\"robots\" content=\"index, follow, max-snippet:-1, max-image-preview:large, max-video-preview:-1\" \/>\n<link rel=\"canonical\" href=\"https:\/\/tallinndesignhouse.com\/toode\/nova-nymphe-muse-korvarongad-musta-kristalliga\/\" \/>\n<meta property=\"og:locale\" content=\"en_US\" \/>\n<meta property=\"og:type\" content=\"article\" \/>\n<meta property=\"og:title\" content=\"SOMA Nova Nymphe Muse Earrings With Black Crystal - Tallinn Design House\" \/>\n<meta property=\"og:description\" content=\"SOMA Nova Nymphe Muse k\u00f5rvar\u00f5ngad musta kristalliga. Materjalid: roodiumkattega messing, sterlingh\u00f5bedast kivipesa, tsirkoon.\" \/>\n<meta property=\"og:url\" content=\"https:\/\/tallinndesignhouse.com\/toode\/nova-nymphe-muse-korvarongad-musta-kristalliga\/\" \/>\n<meta property=\"og:site_name\" content=\"Tallinn Design House\" \/>\n<meta property=\"article:modified_time\" content=\"2026-04-28T22:03:23+00:00\" \/>\n<meta property=\"og:image\" content=\"https:\/\/tallinndesignhouse.com\/wp-content\/uploads\/2025\/09\/Nova-Nymphe-Muse-korvarongad-musta-kristalliga-SOMA.jpg\" \/>\n\t<meta property=\"og:image:width\" content=\"1080\" \/>\n\t<meta property=\"og:image:height\" content=\"1350\" \/>\n\t<meta property=\"og:image:type\" content=\"image\/jpeg\" \/>\n<meta name=\"twitter:card\" content=\"summary_large_image\" \/>\n<meta name=\"twitter:label1\" content=\"Est. reading time\" \/>\n\t<meta name=\"twitter:data1\" content=\"1 minute\" \/>\n<script type=\"application\/ld+json\" class=\"yoast-schema-graph\">{\"@context\":\"https:\/\/schema.org\",\"@graph\":[{\"@type\":\"WebPage\",\"@id\":\"https:\/\/tallinndesignhouse.com\/toode\/nova-nymphe-muse-korvarongad-musta-kristalliga\/\",\"url\":\"https:\/\/tallinndesignhouse.com\/toode\/nova-nymphe-muse-korvarongad-musta-kristalliga\/\",\"name\":\"SOMA Nova Nymphe Muse Earrings With Black Crystal - Tallinn Design House\",\"isPartOf\":{\"@id\":\"https:\/\/tallinndesignhouse.com\/#website\"},\"primaryImageOfPage\":{\"@id\":\"https:\/\/tallinndesignhouse.com\/toode\/nova-nymphe-muse-korvarongad-musta-kristalliga\/#primaryimage\"},\"image\":{\"@id\":\"https:\/\/tallinndesignhouse.com\/toode\/nova-nymphe-muse-korvarongad-musta-kristalliga\/#primaryimage\"},\"thumbnailUrl\":\"https:\/\/tallinndesignhouse.com\/wp-content\/uploads\/2025\/09\/Nova-Nymphe-Muse-korvarongad-musta-kristalliga-SOMA.jpg\",\"datePublished\":\"2025-09-19T05:05:06+00:00\",\"dateModified\":\"2026-04-28T22:03:23+00:00\",\"description\":\"SOMA Nova Nymphe Muse k\u00f5rvar\u00f5ngad musta kristalliga. Materjalid: roodiumkattega messing, sterlingh\u00f5bedast kivipesa, tsirkoon.\",\"breadcrumb\":{\"@id\":\"https:\/\/tallinndesignhouse.com\/toode\/nova-nymphe-muse-korvarongad-musta-kristalliga\/#breadcrumb\"},\"inLanguage\":\"en-US\",\"potentialAction\":[{\"@type\":\"ReadAction\",\"target\":[\"https:\/\/tallinndesignhouse.com\/toode\/nova-nymphe-muse-korvarongad-musta-kristalliga\/\"]}]},{\"@type\":\"ImageObject\",\"inLanguage\":\"en-US\",\"@id\":\"https:\/\/tallinndesignhouse.com\/toode\/nova-nymphe-muse-korvarongad-musta-kristalliga\/#primaryimage\",\"url\":\"https:\/\/tallinndesignhouse.com\/wp-content\/uploads\/2025\/09\/Nova-Nymphe-Muse-korvarongad-musta-kristalliga-SOMA.jpg\",\"contentUrl\":\"https:\/\/tallinndesignhouse.com\/wp-content\/uploads\/2025\/09\/Nova-Nymphe-Muse-korvarongad-musta-kristalliga-SOMA.jpg\",\"width\":1080,\"height\":1350,\"caption\":\"Nova Nymphe Muse ko\u0303rvaro\u0303ngad musta kristalliga - SOMA\"},{\"@type\":\"BreadcrumbList\",\"@id\":\"https:\/\/tallinndesignhouse.com\/toode\/nova-nymphe-muse-korvarongad-musta-kristalliga\/#breadcrumb\",\"itemListElement\":[{\"@type\":\"ListItem\",\"position\":1,\"name\":\"Home\",\"item\":\"https:\/\/tallinndesignhouse.com\/en\/\"},{\"@type\":\"ListItem\",\"position\":2,\"name\":\"Shop\",\"item\":\"https:\/\/tallinndesignhouse.com\/en\/shop\/\"},{\"@type\":\"ListItem\",\"position\":3,\"name\":\"Nova Nymphe Muse Earrings With Black Crystal\"}]},{\"@type\":\"WebSite\",\"@id\":\"https:\/\/tallinndesignhouse.com\/#website\",\"url\":\"https:\/\/tallinndesignhouse.com\/\",\"name\":\"Tallinn Design House\",\"description\":\"Eesti disain Rotermanni kvartalis\",\"potentialAction\":[{\"@type\":\"SearchAction\",\"target\":{\"@type\":\"EntryPoint\",\"urlTemplate\":\"https:\/\/tallinndesignhouse.com\/?s={search_term_string}\"},\"query-input\":{\"@type\":\"PropertyValueSpecification\",\"valueRequired\":true,\"valueName\":\"search_term_string\"}}],\"inLanguage\":\"en-US\"}]}<\/script>\n<!-- \/ Yoast SEO plugin. -->","yoast_head_json":{"title":"SOMA Nova Nymphe Muse Earrings With Black Crystal - Tallinn Design House","description":"SOMA Nova Nymphe Muse k\u00f5rvar\u00f5ngad musta kristalliga. Materjalid: roodiumkattega messing, sterlingh\u00f5bedast kivipesa, tsirkoon.","robots":{"index":"index","follow":"follow","max-snippet":"max-snippet:-1","max-image-preview":"max-image-preview:large","max-video-preview":"max-video-preview:-1"},"canonical":"https:\/\/tallinndesignhouse.com\/toode\/nova-nymphe-muse-korvarongad-musta-kristalliga\/","og_locale":"en_US","og_type":"article","og_title":"SOMA Nova Nymphe Muse Earrings With Black Crystal - Tallinn Design House","og_description":"SOMA Nova Nymphe Muse k\u00f5rvar\u00f5ngad musta kristalliga. Materjalid: roodiumkattega messing, sterlingh\u00f5bedast kivipesa, tsirkoon.","og_url":"https:\/\/tallinndesignhouse.com\/toode\/nova-nymphe-muse-korvarongad-musta-kristalliga\/","og_site_name":"Tallinn Design House","article_modified_time":"2026-04-28T22:03:23+00:00","og_image":[{"width":1080,"height":1350,"url":"https:\/\/tallinndesignhouse.com\/wp-content\/uploads\/2025\/09\/Nova-Nymphe-Muse-korvarongad-musta-kristalliga-SOMA.jpg","type":"image\/jpeg"}],"twitter_card":"summary_large_image","twitter_misc":{"Est. reading time":"1 minute"},"schema":{"@context":"https:\/\/schema.org","@graph":[{"@type":"WebPage","@id":"https:\/\/tallinndesignhouse.com\/toode\/nova-nymphe-muse-korvarongad-musta-kristalliga\/","url":"https:\/\/tallinndesignhouse.com\/toode\/nova-nymphe-muse-korvarongad-musta-kristalliga\/","name":"SOMA Nova Nymphe Muse Earrings With Black Crystal - Tallinn Design House","isPartOf":{"@id":"https:\/\/tallinndesignhouse.com\/#website"},"primaryImageOfPage":{"@id":"https:\/\/tallinndesignhouse.com\/toode\/nova-nymphe-muse-korvarongad-musta-kristalliga\/#primaryimage"},"image":{"@id":"https:\/\/tallinndesignhouse.com\/toode\/nova-nymphe-muse-korvarongad-musta-kristalliga\/#primaryimage"},"thumbnailUrl":"https:\/\/tallinndesignhouse.com\/wp-content\/uploads\/2025\/09\/Nova-Nymphe-Muse-korvarongad-musta-kristalliga-SOMA.jpg","datePublished":"2025-09-19T05:05:06+00:00","dateModified":"2026-04-28T22:03:23+00:00","description":"SOMA Nova Nymphe Muse k\u00f5rvar\u00f5ngad musta kristalliga. Materjalid: roodiumkattega messing, sterlingh\u00f5bedast kivipesa, tsirkoon.","breadcrumb":{"@id":"https:\/\/tallinndesignhouse.com\/toode\/nova-nymphe-muse-korvarongad-musta-kristalliga\/#breadcrumb"},"inLanguage":"en-US","potentialAction":[{"@type":"ReadAction","target":["https:\/\/tallinndesignhouse.com\/toode\/nova-nymphe-muse-korvarongad-musta-kristalliga\/"]}]},{"@type":"ImageObject","inLanguage":"en-US","@id":"https:\/\/tallinndesignhouse.com\/toode\/nova-nymphe-muse-korvarongad-musta-kristalliga\/#primaryimage","url":"https:\/\/tallinndesignhouse.com\/wp-content\/uploads\/2025\/09\/Nova-Nymphe-Muse-korvarongad-musta-kristalliga-SOMA.jpg","contentUrl":"https:\/\/tallinndesignhouse.com\/wp-content\/uploads\/2025\/09\/Nova-Nymphe-Muse-korvarongad-musta-kristalliga-SOMA.jpg","width":1080,"height":1350,"caption":"Nova Nymphe Muse ko\u0303rvaro\u0303ngad musta kristalliga - SOMA"},{"@type":"BreadcrumbList","@id":"https:\/\/tallinndesignhouse.com\/toode\/nova-nymphe-muse-korvarongad-musta-kristalliga\/#breadcrumb","itemListElement":[{"@type":"ListItem","position":1,"name":"Home","item":"https:\/\/tallinndesignhouse.com\/en\/"},{"@type":"ListItem","position":2,"name":"Shop","item":"https:\/\/tallinndesignhouse.com\/en\/shop\/"},{"@type":"ListItem","position":3,"name":"Nova Nymphe Muse Earrings With Black Crystal"}]},{"@type":"WebSite","@id":"https:\/\/tallinndesignhouse.com\/#website","url":"https:\/\/tallinndesignhouse.com\/","name":"Tallinn Design House","description":"Eesti disain Rotermanni kvartalis","potentialAction":[{"@type":"SearchAction","target":{"@type":"EntryPoint","urlTemplate":"https:\/\/tallinndesignhouse.com\/?s={search_term_string}"},"query-input":{"@type":"PropertyValueSpecification","valueRequired":true,"valueName":"search_term_string"}}],"inLanguage":"en-US"}]}},"_links":{"self":[{"href":"https:\/\/tallinndesignhouse.com\/en\/wp-json\/wp\/v2\/product\/3381461","targetHints":{"allow":["GET"]}}],"collection":[{"href":"https:\/\/tallinndesignhouse.com\/en\/wp-json\/wp\/v2\/product"}],"about":[{"href":"https:\/\/tallinndesignhouse.com\/en\/wp-json\/wp\/v2\/types\/product"}],"wp:featuredmedia":[{"embeddable":true,"href":"https:\/\/tallinndesignhouse.com\/en\/wp-json\/wp\/v2\/media\/3381473"}],"wp:attachment":[{"href":"https:\/\/tallinndesignhouse.com\/en\/wp-json\/wp\/v2\/media?parent=3381461"}],"wp:term":[{"taxonomy":"product_brand","embeddable":true,"href":"https:\/\/tallinndesignhouse.com\/en\/wp-json\/wp\/v2\/product_brand?post=3381461"},{"taxonomy":"product_cat","embeddable":true,"href":"https:\/\/tallinndesignhouse.com\/en\/wp-json\/wp\/v2\/product_cat?post=3381461"},{"taxonomy":"product_tag","embeddable":true,"href":"https:\/\/tallinndesignhouse.com\/en\/wp-json\/wp\/v2\/product_tag?post=3381461"}],"curies":[{"name":"wp","href":"https:\/\/api.w.org\/{rel}","templated":true}]}}