{"id":3382198,"date":"2025-10-10T07:50:05","date_gmt":"2025-10-10T04:50:05","guid":{"rendered":"https:\/\/tallinndesignhouse.com\/toode\/tullist-kleit-cat-must-ja-hobedane\/"},"modified":"2026-05-02T00:58:48","modified_gmt":"2026-05-01T21:58:48","slug":"tullist-kleit-cat-must-ja-hobedane","status":"publish","type":"product","link":"https:\/\/tallinndesignhouse.com\/en\/toode\/tullist-kleit-cat-must-ja-hobedane\/","title":{"rendered":"Cat Tulle Slip black and silver"},"content":{"rendered":"<p>Mid-length slip dress in signature velvet cat tulle by Kriss Soonik. Silver French lace trim at the bottom. The best piece for layering &#8211; wear it as a dress on top of Reina jersey slip or slip it underneath the Ave suspender dress. Round neckline. Material: 100% polyester. Hand wash only. Made in Estonia. One size fits most.<\/p>\n","protected":false},"excerpt":{"rendered":"<p>Mid-length slip dress in signature velvet cat tulle by Kriss Soonik. Silver French lace trim at the bottom. The best piece for layering &#8211; wear it as a dress on top of Reina jersey slip or slip it underneath the Ave suspender dress. Round neckline. Material: 100% polyester. Hand wash only. Made in Estonia. One [&hellip;]<\/p>\n","protected":false},"featured_media":3382212,"template":"","meta":{"_acf_changed":false},"product_brand":[],"product_cat":[1964,2837],"product_tag":[2818],"class_list":{"0":"post-3382198","1":"product","2":"type-product","3":"status-publish","4":"has-post-thumbnail","6":"product_cat-dresses","7":"product_cat-clothes","8":"product_tag-naised","9":"pa_brand-kriss-soonik-en","11":"pa_suurus-one-size-en","14":"first","15":"instock","16":"taxable","17":"shipping-taxable","18":"purchasable","19":"product-type-variable"},"acf":[],"yoast_head":"<!-- This site is optimized with the Yoast SEO plugin v26.0 - https:\/\/yoast.com\/wordpress\/plugins\/seo\/ -->\n<title>Cat Tulle Slip black and silver - Tallinn Design House<\/title>\n<meta name=\"description\" content=\"Kriss Soonik t\u00fcllist kleit Cat must ja h\u00f5bedane. Ideaalne kihiliseks kandmiseks. \u00dcmar kaelus. Materjal: 100% pol\u00fcester.\" \/>\n<meta name=\"robots\" content=\"index, follow, max-snippet:-1, max-image-preview:large, max-video-preview:-1\" \/>\n<link rel=\"canonical\" href=\"https:\/\/tallinndesignhouse.com\/toode\/tullist-kleit-cat-must-ja-hobedane\/\" \/>\n<meta property=\"og:locale\" content=\"en_US\" \/>\n<meta property=\"og:type\" content=\"article\" \/>\n<meta property=\"og:title\" content=\"Cat Tulle Slip black and silver - Tallinn Design House\" \/>\n<meta property=\"og:description\" content=\"Kriss Soonik t\u00fcllist kleit Cat must ja h\u00f5bedane. Ideaalne kihiliseks kandmiseks. \u00dcmar kaelus. Materjal: 100% pol\u00fcester.\" \/>\n<meta property=\"og:url\" content=\"https:\/\/tallinndesignhouse.com\/toode\/tullist-kleit-cat-must-ja-hobedane\/\" \/>\n<meta property=\"og:site_name\" content=\"Tallinn Design House\" \/>\n<meta property=\"article:modified_time\" content=\"2026-05-01T21:58:48+00:00\" \/>\n<meta property=\"og:image\" content=\"https:\/\/tallinndesignhouse.com\/wp-content\/uploads\/2025\/10\/Tullist-kleit-Cat-must-ja-hobedane-Kriss-Soonik_2.jpg\" \/>\n\t<meta property=\"og:image:width\" content=\"1080\" \/>\n\t<meta property=\"og:image:height\" content=\"1350\" \/>\n\t<meta property=\"og:image:type\" content=\"image\/jpeg\" \/>\n<meta name=\"twitter:card\" content=\"summary_large_image\" \/>\n<meta name=\"twitter:label1\" content=\"Est. reading time\" \/>\n\t<meta name=\"twitter:data1\" content=\"1 minute\" \/>\n<script type=\"application\/ld+json\" class=\"yoast-schema-graph\">{\"@context\":\"https:\/\/schema.org\",\"@graph\":[{\"@type\":\"WebPage\",\"@id\":\"https:\/\/tallinndesignhouse.com\/toode\/tullist-kleit-cat-must-ja-hobedane\/\",\"url\":\"https:\/\/tallinndesignhouse.com\/toode\/tullist-kleit-cat-must-ja-hobedane\/\",\"name\":\"Cat Tulle Slip black and silver - Tallinn Design House\",\"isPartOf\":{\"@id\":\"https:\/\/tallinndesignhouse.com\/#website\"},\"primaryImageOfPage\":{\"@id\":\"https:\/\/tallinndesignhouse.com\/toode\/tullist-kleit-cat-must-ja-hobedane\/#primaryimage\"},\"image\":{\"@id\":\"https:\/\/tallinndesignhouse.com\/toode\/tullist-kleit-cat-must-ja-hobedane\/#primaryimage\"},\"thumbnailUrl\":\"https:\/\/tallinndesignhouse.com\/wp-content\/uploads\/2025\/10\/Tullist-kleit-Cat-must-ja-hobedane-Kriss-Soonik_2.jpg\",\"datePublished\":\"2025-10-10T04:50:05+00:00\",\"dateModified\":\"2026-05-01T21:58:48+00:00\",\"description\":\"Kriss Soonik t\u00fcllist kleit Cat must ja h\u00f5bedane. Ideaalne kihiliseks kandmiseks. \u00dcmar kaelus. Materjal: 100% pol\u00fcester.\",\"breadcrumb\":{\"@id\":\"https:\/\/tallinndesignhouse.com\/toode\/tullist-kleit-cat-must-ja-hobedane\/#breadcrumb\"},\"inLanguage\":\"en-US\",\"potentialAction\":[{\"@type\":\"ReadAction\",\"target\":[\"https:\/\/tallinndesignhouse.com\/toode\/tullist-kleit-cat-must-ja-hobedane\/\"]}]},{\"@type\":\"ImageObject\",\"inLanguage\":\"en-US\",\"@id\":\"https:\/\/tallinndesignhouse.com\/toode\/tullist-kleit-cat-must-ja-hobedane\/#primaryimage\",\"url\":\"https:\/\/tallinndesignhouse.com\/wp-content\/uploads\/2025\/10\/Tullist-kleit-Cat-must-ja-hobedane-Kriss-Soonik_2.jpg\",\"contentUrl\":\"https:\/\/tallinndesignhouse.com\/wp-content\/uploads\/2025\/10\/Tullist-kleit-Cat-must-ja-hobedane-Kriss-Soonik_2.jpg\",\"width\":1080,\"height\":1350,\"caption\":\"Tu\u0308llist kleit Cat must ja ho\u0303bedane - Kriss Soonik_2\"},{\"@type\":\"BreadcrumbList\",\"@id\":\"https:\/\/tallinndesignhouse.com\/toode\/tullist-kleit-cat-must-ja-hobedane\/#breadcrumb\",\"itemListElement\":[{\"@type\":\"ListItem\",\"position\":1,\"name\":\"Home\",\"item\":\"https:\/\/tallinndesignhouse.com\/en\/\"},{\"@type\":\"ListItem\",\"position\":2,\"name\":\"Shop\",\"item\":\"https:\/\/tallinndesignhouse.com\/en\/shop\/\"},{\"@type\":\"ListItem\",\"position\":3,\"name\":\"Cat Tulle Slip black and silver\"}]},{\"@type\":\"WebSite\",\"@id\":\"https:\/\/tallinndesignhouse.com\/#website\",\"url\":\"https:\/\/tallinndesignhouse.com\/\",\"name\":\"Tallinn Design House\",\"description\":\"Eesti disain Rotermanni kvartalis\",\"potentialAction\":[{\"@type\":\"SearchAction\",\"target\":{\"@type\":\"EntryPoint\",\"urlTemplate\":\"https:\/\/tallinndesignhouse.com\/?s={search_term_string}\"},\"query-input\":{\"@type\":\"PropertyValueSpecification\",\"valueRequired\":true,\"valueName\":\"search_term_string\"}}],\"inLanguage\":\"en-US\"}]}<\/script>\n<!-- \/ Yoast SEO plugin. -->","yoast_head_json":{"title":"Cat Tulle Slip black and silver - Tallinn Design House","description":"Kriss Soonik t\u00fcllist kleit Cat must ja h\u00f5bedane. Ideaalne kihiliseks kandmiseks. \u00dcmar kaelus. Materjal: 100% pol\u00fcester.","robots":{"index":"index","follow":"follow","max-snippet":"max-snippet:-1","max-image-preview":"max-image-preview:large","max-video-preview":"max-video-preview:-1"},"canonical":"https:\/\/tallinndesignhouse.com\/toode\/tullist-kleit-cat-must-ja-hobedane\/","og_locale":"en_US","og_type":"article","og_title":"Cat Tulle Slip black and silver - Tallinn Design House","og_description":"Kriss Soonik t\u00fcllist kleit Cat must ja h\u00f5bedane. Ideaalne kihiliseks kandmiseks. \u00dcmar kaelus. Materjal: 100% pol\u00fcester.","og_url":"https:\/\/tallinndesignhouse.com\/toode\/tullist-kleit-cat-must-ja-hobedane\/","og_site_name":"Tallinn Design House","article_modified_time":"2026-05-01T21:58:48+00:00","og_image":[{"width":1080,"height":1350,"url":"https:\/\/tallinndesignhouse.com\/wp-content\/uploads\/2025\/10\/Tullist-kleit-Cat-must-ja-hobedane-Kriss-Soonik_2.jpg","type":"image\/jpeg"}],"twitter_card":"summary_large_image","twitter_misc":{"Est. reading time":"1 minute"},"schema":{"@context":"https:\/\/schema.org","@graph":[{"@type":"WebPage","@id":"https:\/\/tallinndesignhouse.com\/toode\/tullist-kleit-cat-must-ja-hobedane\/","url":"https:\/\/tallinndesignhouse.com\/toode\/tullist-kleit-cat-must-ja-hobedane\/","name":"Cat Tulle Slip black and silver - Tallinn Design House","isPartOf":{"@id":"https:\/\/tallinndesignhouse.com\/#website"},"primaryImageOfPage":{"@id":"https:\/\/tallinndesignhouse.com\/toode\/tullist-kleit-cat-must-ja-hobedane\/#primaryimage"},"image":{"@id":"https:\/\/tallinndesignhouse.com\/toode\/tullist-kleit-cat-must-ja-hobedane\/#primaryimage"},"thumbnailUrl":"https:\/\/tallinndesignhouse.com\/wp-content\/uploads\/2025\/10\/Tullist-kleit-Cat-must-ja-hobedane-Kriss-Soonik_2.jpg","datePublished":"2025-10-10T04:50:05+00:00","dateModified":"2026-05-01T21:58:48+00:00","description":"Kriss Soonik t\u00fcllist kleit Cat must ja h\u00f5bedane. Ideaalne kihiliseks kandmiseks. \u00dcmar kaelus. Materjal: 100% pol\u00fcester.","breadcrumb":{"@id":"https:\/\/tallinndesignhouse.com\/toode\/tullist-kleit-cat-must-ja-hobedane\/#breadcrumb"},"inLanguage":"en-US","potentialAction":[{"@type":"ReadAction","target":["https:\/\/tallinndesignhouse.com\/toode\/tullist-kleit-cat-must-ja-hobedane\/"]}]},{"@type":"ImageObject","inLanguage":"en-US","@id":"https:\/\/tallinndesignhouse.com\/toode\/tullist-kleit-cat-must-ja-hobedane\/#primaryimage","url":"https:\/\/tallinndesignhouse.com\/wp-content\/uploads\/2025\/10\/Tullist-kleit-Cat-must-ja-hobedane-Kriss-Soonik_2.jpg","contentUrl":"https:\/\/tallinndesignhouse.com\/wp-content\/uploads\/2025\/10\/Tullist-kleit-Cat-must-ja-hobedane-Kriss-Soonik_2.jpg","width":1080,"height":1350,"caption":"Tu\u0308llist kleit Cat must ja ho\u0303bedane - Kriss Soonik_2"},{"@type":"BreadcrumbList","@id":"https:\/\/tallinndesignhouse.com\/toode\/tullist-kleit-cat-must-ja-hobedane\/#breadcrumb","itemListElement":[{"@type":"ListItem","position":1,"name":"Home","item":"https:\/\/tallinndesignhouse.com\/en\/"},{"@type":"ListItem","position":2,"name":"Shop","item":"https:\/\/tallinndesignhouse.com\/en\/shop\/"},{"@type":"ListItem","position":3,"name":"Cat Tulle Slip black and silver"}]},{"@type":"WebSite","@id":"https:\/\/tallinndesignhouse.com\/#website","url":"https:\/\/tallinndesignhouse.com\/","name":"Tallinn Design House","description":"Eesti disain Rotermanni kvartalis","potentialAction":[{"@type":"SearchAction","target":{"@type":"EntryPoint","urlTemplate":"https:\/\/tallinndesignhouse.com\/?s={search_term_string}"},"query-input":{"@type":"PropertyValueSpecification","valueRequired":true,"valueName":"search_term_string"}}],"inLanguage":"en-US"}]}},"_links":{"self":[{"href":"https:\/\/tallinndesignhouse.com\/en\/wp-json\/wp\/v2\/product\/3382198","targetHints":{"allow":["GET"]}}],"collection":[{"href":"https:\/\/tallinndesignhouse.com\/en\/wp-json\/wp\/v2\/product"}],"about":[{"href":"https:\/\/tallinndesignhouse.com\/en\/wp-json\/wp\/v2\/types\/product"}],"wp:featuredmedia":[{"embeddable":true,"href":"https:\/\/tallinndesignhouse.com\/en\/wp-json\/wp\/v2\/media\/3382212"}],"wp:attachment":[{"href":"https:\/\/tallinndesignhouse.com\/en\/wp-json\/wp\/v2\/media?parent=3382198"}],"wp:term":[{"taxonomy":"product_brand","embeddable":true,"href":"https:\/\/tallinndesignhouse.com\/en\/wp-json\/wp\/v2\/product_brand?post=3382198"},{"taxonomy":"product_cat","embeddable":true,"href":"https:\/\/tallinndesignhouse.com\/en\/wp-json\/wp\/v2\/product_cat?post=3382198"},{"taxonomy":"product_tag","embeddable":true,"href":"https:\/\/tallinndesignhouse.com\/en\/wp-json\/wp\/v2\/product_tag?post=3382198"}],"curies":[{"name":"wp","href":"https:\/\/api.w.org\/{rel}","templated":true}]}}