{"id":3382261,"date":"2025-10-10T08:20:04","date_gmt":"2025-10-10T05:20:04","guid":{"rendered":"https:\/\/tallinndesignhouse.com\/toode\/burgundi-lisa-marabou-vorksark\/"},"modified":"2026-05-02T00:58:47","modified_gmt":"2026-05-01T21:58:47","slug":"burgundi-lisa-marabou-vorksark","status":"publish","type":"product","link":"https:\/\/tallinndesignhouse.com\/en\/toode\/burgundi-lisa-marabou-vorksark\/","title":{"rendered":"Lisa Marabou Mesh T-shirt Burgundy"},"content":{"rendered":"<p>Limited edition upcycled t-shirt by Kriss Soonik. Only 10 T-shirts in burgundy mesh made. All pieces numbered. Boxy T-shirt in soft mesh. Removable Marabou trims on sleeves. Trim with hooks on sleeves for Marabou. Material: 90% polyester, 10% elastane. Machine wash 30\u00b0C. Please remove Marabou trims before wash. Made in Estonia. This design is the result of Kriss\u00b4 5 week Design Challenge. An upcycling project where we used only leftover fabrics from past collections to create limited-edition designs. &#8220;It started with \u201cSpring cleaning\u201d and ended with me knee-deep in jersey scraps, lace remnants, and a slightly dramatic mission to upcycle all our stock fabrics.&#8221; &#8211; Kriss<\/p>\n","protected":false},"excerpt":{"rendered":"<p>Limited edition upcycled t-shirt by Kriss Soonik. Only 10 T-shirts in burgundy mesh made. All pieces numbered. Boxy T-shirt in soft mesh. Removable Marabou trims on sleeves. Trim with hooks on sleeves for Marabou. Material: 90% polyester, 10% elastane. Machine wash 30\u00b0C. Please remove Marabou trims before wash. Made in Estonia. This design is the [&hellip;]<\/p>\n","protected":false},"featured_media":3382290,"template":"","meta":{"_acf_changed":false},"product_brand":[],"product_cat":[2837,1957],"product_tag":[2819],"class_list":{"0":"post-3382261","1":"product","2":"type-product","3":"status-publish","4":"has-post-thumbnail","6":"product_cat-clothes","7":"product_cat-shirts-and-blouses","8":"product_tag-women","9":"pa_brand-kriss-soonik-en","11":"pa_suurus-l-en","12":"pa_suurus-m-en","13":"pa_suurus-s-en","18":"first","19":"instock","20":"taxable","21":"shipping-taxable","22":"purchasable","23":"product-type-variable"},"acf":[],"yoast_head":"<!-- This site is optimized with the Yoast SEO plugin v26.0 - https:\/\/yoast.com\/wordpress\/plugins\/seo\/ -->\n<title>Kriss Soonik Lisa Marabou Mesh T-shirt Burgundy - Tallinn Design House<\/title>\n<meta name=\"description\" content=\"Kriss Soonik burgundi Lisa Marabou v\u00f5rks\u00e4rk. Valmistatud on vaid 10 v\u00f5rks\u00e4rki burgundi toonis pehmest kangast.\" \/>\n<meta name=\"robots\" content=\"index, follow, max-snippet:-1, max-image-preview:large, max-video-preview:-1\" \/>\n<link rel=\"canonical\" href=\"https:\/\/tallinndesignhouse.com\/toode\/burgundi-lisa-marabou-vorksark\/\" \/>\n<meta property=\"og:locale\" content=\"en_US\" \/>\n<meta property=\"og:type\" content=\"article\" \/>\n<meta property=\"og:title\" content=\"Kriss Soonik Lisa Marabou Mesh T-shirt Burgundy - Tallinn Design House\" \/>\n<meta property=\"og:description\" content=\"Kriss Soonik burgundi Lisa Marabou v\u00f5rks\u00e4rk. Valmistatud on vaid 10 v\u00f5rks\u00e4rki burgundi toonis pehmest kangast.\" \/>\n<meta property=\"og:url\" content=\"https:\/\/tallinndesignhouse.com\/toode\/burgundi-lisa-marabou-vorksark\/\" \/>\n<meta property=\"og:site_name\" content=\"Tallinn Design House\" \/>\n<meta property=\"article:modified_time\" content=\"2026-05-01T21:58:47+00:00\" \/>\n<meta property=\"og:image\" content=\"https:\/\/tallinndesignhouse.com\/wp-content\/uploads\/2025\/10\/Burgundi-Lisa-Marabou-vorksark-Kriss-Soonik_2.jpg\" \/>\n\t<meta property=\"og:image:width\" content=\"1080\" \/>\n\t<meta property=\"og:image:height\" content=\"1350\" \/>\n\t<meta property=\"og:image:type\" content=\"image\/jpeg\" \/>\n<meta name=\"twitter:card\" content=\"summary_large_image\" \/>\n<meta name=\"twitter:label1\" content=\"Est. reading time\" \/>\n\t<meta name=\"twitter:data1\" content=\"1 minute\" \/>\n<script type=\"application\/ld+json\" class=\"yoast-schema-graph\">{\"@context\":\"https:\/\/schema.org\",\"@graph\":[{\"@type\":\"WebPage\",\"@id\":\"https:\/\/tallinndesignhouse.com\/toode\/burgundi-lisa-marabou-vorksark\/\",\"url\":\"https:\/\/tallinndesignhouse.com\/toode\/burgundi-lisa-marabou-vorksark\/\",\"name\":\"Kriss Soonik Lisa Marabou Mesh T-shirt Burgundy - Tallinn Design House\",\"isPartOf\":{\"@id\":\"https:\/\/tallinndesignhouse.com\/#website\"},\"primaryImageOfPage\":{\"@id\":\"https:\/\/tallinndesignhouse.com\/toode\/burgundi-lisa-marabou-vorksark\/#primaryimage\"},\"image\":{\"@id\":\"https:\/\/tallinndesignhouse.com\/toode\/burgundi-lisa-marabou-vorksark\/#primaryimage\"},\"thumbnailUrl\":\"https:\/\/tallinndesignhouse.com\/wp-content\/uploads\/2025\/10\/Burgundi-Lisa-Marabou-vorksark-Kriss-Soonik_2.jpg\",\"datePublished\":\"2025-10-10T05:20:04+00:00\",\"dateModified\":\"2026-05-01T21:58:47+00:00\",\"description\":\"Kriss Soonik burgundi Lisa Marabou v\u00f5rks\u00e4rk. Valmistatud on vaid 10 v\u00f5rks\u00e4rki burgundi toonis pehmest kangast.\",\"breadcrumb\":{\"@id\":\"https:\/\/tallinndesignhouse.com\/toode\/burgundi-lisa-marabou-vorksark\/#breadcrumb\"},\"inLanguage\":\"en-US\",\"potentialAction\":[{\"@type\":\"ReadAction\",\"target\":[\"https:\/\/tallinndesignhouse.com\/toode\/burgundi-lisa-marabou-vorksark\/\"]}]},{\"@type\":\"ImageObject\",\"inLanguage\":\"en-US\",\"@id\":\"https:\/\/tallinndesignhouse.com\/toode\/burgundi-lisa-marabou-vorksark\/#primaryimage\",\"url\":\"https:\/\/tallinndesignhouse.com\/wp-content\/uploads\/2025\/10\/Burgundi-Lisa-Marabou-vorksark-Kriss-Soonik_2.jpg\",\"contentUrl\":\"https:\/\/tallinndesignhouse.com\/wp-content\/uploads\/2025\/10\/Burgundi-Lisa-Marabou-vorksark-Kriss-Soonik_2.jpg\",\"width\":1080,\"height\":1350,\"caption\":\"Burgundi Lisa Marabou vo\u0303rksa\u0308rk - Kriss Soonik_2\"},{\"@type\":\"BreadcrumbList\",\"@id\":\"https:\/\/tallinndesignhouse.com\/toode\/burgundi-lisa-marabou-vorksark\/#breadcrumb\",\"itemListElement\":[{\"@type\":\"ListItem\",\"position\":1,\"name\":\"Home\",\"item\":\"https:\/\/tallinndesignhouse.com\/en\/\"},{\"@type\":\"ListItem\",\"position\":2,\"name\":\"Shop\",\"item\":\"https:\/\/tallinndesignhouse.com\/en\/shop\/\"},{\"@type\":\"ListItem\",\"position\":3,\"name\":\"Lisa Marabou Mesh T-shirt Burgundy\"}]},{\"@type\":\"WebSite\",\"@id\":\"https:\/\/tallinndesignhouse.com\/#website\",\"url\":\"https:\/\/tallinndesignhouse.com\/\",\"name\":\"Tallinn Design House\",\"description\":\"Eesti disain Rotermanni kvartalis\",\"potentialAction\":[{\"@type\":\"SearchAction\",\"target\":{\"@type\":\"EntryPoint\",\"urlTemplate\":\"https:\/\/tallinndesignhouse.com\/?s={search_term_string}\"},\"query-input\":{\"@type\":\"PropertyValueSpecification\",\"valueRequired\":true,\"valueName\":\"search_term_string\"}}],\"inLanguage\":\"en-US\"}]}<\/script>\n<!-- \/ Yoast SEO plugin. -->","yoast_head_json":{"title":"Kriss Soonik Lisa Marabou Mesh T-shirt Burgundy - Tallinn Design House","description":"Kriss Soonik burgundi Lisa Marabou v\u00f5rks\u00e4rk. Valmistatud on vaid 10 v\u00f5rks\u00e4rki burgundi toonis pehmest kangast.","robots":{"index":"index","follow":"follow","max-snippet":"max-snippet:-1","max-image-preview":"max-image-preview:large","max-video-preview":"max-video-preview:-1"},"canonical":"https:\/\/tallinndesignhouse.com\/toode\/burgundi-lisa-marabou-vorksark\/","og_locale":"en_US","og_type":"article","og_title":"Kriss Soonik Lisa Marabou Mesh T-shirt Burgundy - Tallinn Design House","og_description":"Kriss Soonik burgundi Lisa Marabou v\u00f5rks\u00e4rk. Valmistatud on vaid 10 v\u00f5rks\u00e4rki burgundi toonis pehmest kangast.","og_url":"https:\/\/tallinndesignhouse.com\/toode\/burgundi-lisa-marabou-vorksark\/","og_site_name":"Tallinn Design House","article_modified_time":"2026-05-01T21:58:47+00:00","og_image":[{"width":1080,"height":1350,"url":"https:\/\/tallinndesignhouse.com\/wp-content\/uploads\/2025\/10\/Burgundi-Lisa-Marabou-vorksark-Kriss-Soonik_2.jpg","type":"image\/jpeg"}],"twitter_card":"summary_large_image","twitter_misc":{"Est. reading time":"1 minute"},"schema":{"@context":"https:\/\/schema.org","@graph":[{"@type":"WebPage","@id":"https:\/\/tallinndesignhouse.com\/toode\/burgundi-lisa-marabou-vorksark\/","url":"https:\/\/tallinndesignhouse.com\/toode\/burgundi-lisa-marabou-vorksark\/","name":"Kriss Soonik Lisa Marabou Mesh T-shirt Burgundy - Tallinn Design House","isPartOf":{"@id":"https:\/\/tallinndesignhouse.com\/#website"},"primaryImageOfPage":{"@id":"https:\/\/tallinndesignhouse.com\/toode\/burgundi-lisa-marabou-vorksark\/#primaryimage"},"image":{"@id":"https:\/\/tallinndesignhouse.com\/toode\/burgundi-lisa-marabou-vorksark\/#primaryimage"},"thumbnailUrl":"https:\/\/tallinndesignhouse.com\/wp-content\/uploads\/2025\/10\/Burgundi-Lisa-Marabou-vorksark-Kriss-Soonik_2.jpg","datePublished":"2025-10-10T05:20:04+00:00","dateModified":"2026-05-01T21:58:47+00:00","description":"Kriss Soonik burgundi Lisa Marabou v\u00f5rks\u00e4rk. Valmistatud on vaid 10 v\u00f5rks\u00e4rki burgundi toonis pehmest kangast.","breadcrumb":{"@id":"https:\/\/tallinndesignhouse.com\/toode\/burgundi-lisa-marabou-vorksark\/#breadcrumb"},"inLanguage":"en-US","potentialAction":[{"@type":"ReadAction","target":["https:\/\/tallinndesignhouse.com\/toode\/burgundi-lisa-marabou-vorksark\/"]}]},{"@type":"ImageObject","inLanguage":"en-US","@id":"https:\/\/tallinndesignhouse.com\/toode\/burgundi-lisa-marabou-vorksark\/#primaryimage","url":"https:\/\/tallinndesignhouse.com\/wp-content\/uploads\/2025\/10\/Burgundi-Lisa-Marabou-vorksark-Kriss-Soonik_2.jpg","contentUrl":"https:\/\/tallinndesignhouse.com\/wp-content\/uploads\/2025\/10\/Burgundi-Lisa-Marabou-vorksark-Kriss-Soonik_2.jpg","width":1080,"height":1350,"caption":"Burgundi Lisa Marabou vo\u0303rksa\u0308rk - Kriss Soonik_2"},{"@type":"BreadcrumbList","@id":"https:\/\/tallinndesignhouse.com\/toode\/burgundi-lisa-marabou-vorksark\/#breadcrumb","itemListElement":[{"@type":"ListItem","position":1,"name":"Home","item":"https:\/\/tallinndesignhouse.com\/en\/"},{"@type":"ListItem","position":2,"name":"Shop","item":"https:\/\/tallinndesignhouse.com\/en\/shop\/"},{"@type":"ListItem","position":3,"name":"Lisa Marabou Mesh T-shirt Burgundy"}]},{"@type":"WebSite","@id":"https:\/\/tallinndesignhouse.com\/#website","url":"https:\/\/tallinndesignhouse.com\/","name":"Tallinn Design House","description":"Eesti disain Rotermanni kvartalis","potentialAction":[{"@type":"SearchAction","target":{"@type":"EntryPoint","urlTemplate":"https:\/\/tallinndesignhouse.com\/?s={search_term_string}"},"query-input":{"@type":"PropertyValueSpecification","valueRequired":true,"valueName":"search_term_string"}}],"inLanguage":"en-US"}]}},"_links":{"self":[{"href":"https:\/\/tallinndesignhouse.com\/en\/wp-json\/wp\/v2\/product\/3382261","targetHints":{"allow":["GET"]}}],"collection":[{"href":"https:\/\/tallinndesignhouse.com\/en\/wp-json\/wp\/v2\/product"}],"about":[{"href":"https:\/\/tallinndesignhouse.com\/en\/wp-json\/wp\/v2\/types\/product"}],"wp:featuredmedia":[{"embeddable":true,"href":"https:\/\/tallinndesignhouse.com\/en\/wp-json\/wp\/v2\/media\/3382290"}],"wp:attachment":[{"href":"https:\/\/tallinndesignhouse.com\/en\/wp-json\/wp\/v2\/media?parent=3382261"}],"wp:term":[{"taxonomy":"product_brand","embeddable":true,"href":"https:\/\/tallinndesignhouse.com\/en\/wp-json\/wp\/v2\/product_brand?post=3382261"},{"taxonomy":"product_cat","embeddable":true,"href":"https:\/\/tallinndesignhouse.com\/en\/wp-json\/wp\/v2\/product_cat?post=3382261"},{"taxonomy":"product_tag","embeddable":true,"href":"https:\/\/tallinndesignhouse.com\/en\/wp-json\/wp\/v2\/product_tag?post=3382261"}],"curies":[{"name":"wp","href":"https:\/\/api.w.org\/{rel}","templated":true}]}}