{"id":3382494,"date":"2025-10-17T12:35:05","date_gmt":"2025-10-17T09:35:05","guid":{"rendered":"https:\/\/tallinndesignhouse.com\/toode\/korvarongad-milam-hoop-midnight-roodium-sinine-kivi\/"},"modified":"2026-04-29T01:01:26","modified_gmt":"2026-04-28T22:01:26","slug":"korvarongad-milam-hoop-midnight-roodium-sinine-kivi","status":"publish","type":"product","link":"https:\/\/tallinndesignhouse.com\/en\/toode\/korvarongad-milam-hoop-midnight-roodium-sinine-kivi\/","title":{"rendered":"Earrings Milam Hoop With Midnight Blue Gem Black Vermeil"},"content":{"rendered":"<p>Earrings Milam Hoop With Midnight Blue Gem Black Vermeil by NRTN. Size: 28.7 \u00d7 40 \u00d7 4.5 mm each. Tanzanite tone Zirconia Gem Material: 925 Sterling Silver, Dark Rhodium Vermeil. Collection BARDO \u2013 jewellery shaped from sterling silver and semi-precious gems, where craftsmanship meets spirit. Inspired by the Bardo \u2013 the liminal space between life and death \u2013 it reflects the mountain\u2019s stillness, transformation, and the quiet poetry of rebirth.<\/p>\n","protected":false},"excerpt":{"rendered":"<p>Earrings Milam Hoop With Midnight Blue Gem Black Vermeil by NRTN. Size: 28.7 \u00d7 40 \u00d7 4.5 mm each. Tanzanite tone Zirconia Gem Material: 925 Sterling Silver, Dark Rhodium Vermeil. Collection BARDO \u2013 jewellery shaped from sterling silver and semi-precious gems, where craftsmanship meets spirit. Inspired by the Bardo \u2013 the liminal space between life [&hellip;]<\/p>\n","protected":false},"featured_media":3382502,"template":"","meta":{"_acf_changed":false},"product_brand":[],"product_cat":[876,116,3717],"product_tag":[2818],"class_list":{"0":"post-3382494","1":"product","2":"type-product","3":"status-publish","4":"has-post-thumbnail","6":"product_cat-korvarongad","7":"product_cat-ehted","8":"product_cat-kevadised-tooted","9":"product_tag-naised","10":"pa_brand-nrtn","12":"first","13":"instock","14":"taxable","15":"shipping-taxable","16":"purchasable","17":"product-type-simple"},"acf":[],"yoast_head":"<!-- This site is optimized with the Yoast SEO plugin v26.0 - https:\/\/yoast.com\/wordpress\/plugins\/seo\/ -->\n<title>NRTN Earrings Milam Hoop With Midnight Blue Gem Black Vermeil - Tallinn Design House<\/title>\n<meta name=\"description\" content=\"NRTN k\u00f5rvar\u00f5ngad Milam Hoop Midnight roodium sinine kivi. Suurus: 28,7 \u00d7 40 \u00d7 4,5 mm.\" \/>\n<meta name=\"robots\" content=\"index, follow, max-snippet:-1, max-image-preview:large, max-video-preview:-1\" \/>\n<link rel=\"canonical\" href=\"https:\/\/tallinndesignhouse.com\/toode\/korvarongad-milam-hoop-midnight-roodium-sinine-kivi\/\" \/>\n<meta property=\"og:locale\" content=\"en_US\" \/>\n<meta property=\"og:type\" content=\"article\" \/>\n<meta property=\"og:title\" content=\"NRTN Earrings Milam Hoop With Midnight Blue Gem Black Vermeil - Tallinn Design House\" \/>\n<meta property=\"og:description\" content=\"NRTN k\u00f5rvar\u00f5ngad Milam Hoop Midnight roodium sinine kivi. Suurus: 28,7 \u00d7 40 \u00d7 4,5 mm.\" \/>\n<meta property=\"og:url\" content=\"https:\/\/tallinndesignhouse.com\/toode\/korvarongad-milam-hoop-midnight-roodium-sinine-kivi\/\" \/>\n<meta property=\"og:site_name\" content=\"Tallinn Design House\" \/>\n<meta property=\"article:modified_time\" content=\"2026-04-28T22:01:26+00:00\" \/>\n<meta property=\"og:image\" content=\"https:\/\/tallinndesignhouse.com\/wp-content\/uploads\/2025\/10\/Korvarongad-Milam-Hoop-Midnight-roodium-sinine-kivi-NRTN_.jpg\" \/>\n\t<meta property=\"og:image:width\" content=\"1080\" \/>\n\t<meta property=\"og:image:height\" content=\"1350\" \/>\n\t<meta property=\"og:image:type\" content=\"image\/jpeg\" \/>\n<meta name=\"twitter:card\" content=\"summary_large_image\" \/>\n<script type=\"application\/ld+json\" class=\"yoast-schema-graph\">{\"@context\":\"https:\/\/schema.org\",\"@graph\":[{\"@type\":\"WebPage\",\"@id\":\"https:\/\/tallinndesignhouse.com\/toode\/korvarongad-milam-hoop-midnight-roodium-sinine-kivi\/\",\"url\":\"https:\/\/tallinndesignhouse.com\/toode\/korvarongad-milam-hoop-midnight-roodium-sinine-kivi\/\",\"name\":\"NRTN Earrings Milam Hoop With Midnight Blue Gem Black Vermeil - Tallinn Design House\",\"isPartOf\":{\"@id\":\"https:\/\/tallinndesignhouse.com\/#website\"},\"primaryImageOfPage\":{\"@id\":\"https:\/\/tallinndesignhouse.com\/toode\/korvarongad-milam-hoop-midnight-roodium-sinine-kivi\/#primaryimage\"},\"image\":{\"@id\":\"https:\/\/tallinndesignhouse.com\/toode\/korvarongad-milam-hoop-midnight-roodium-sinine-kivi\/#primaryimage\"},\"thumbnailUrl\":\"https:\/\/tallinndesignhouse.com\/wp-content\/uploads\/2025\/10\/Korvarongad-Milam-Hoop-Midnight-roodium-sinine-kivi-NRTN_.jpg\",\"datePublished\":\"2025-10-17T09:35:05+00:00\",\"dateModified\":\"2026-04-28T22:01:26+00:00\",\"description\":\"NRTN k\u00f5rvar\u00f5ngad Milam Hoop Midnight roodium sinine kivi. Suurus: 28,7 \u00d7 40 \u00d7 4,5 mm.\",\"breadcrumb\":{\"@id\":\"https:\/\/tallinndesignhouse.com\/toode\/korvarongad-milam-hoop-midnight-roodium-sinine-kivi\/#breadcrumb\"},\"inLanguage\":\"en-US\",\"potentialAction\":[{\"@type\":\"ReadAction\",\"target\":[\"https:\/\/tallinndesignhouse.com\/toode\/korvarongad-milam-hoop-midnight-roodium-sinine-kivi\/\"]}]},{\"@type\":\"ImageObject\",\"inLanguage\":\"en-US\",\"@id\":\"https:\/\/tallinndesignhouse.com\/toode\/korvarongad-milam-hoop-midnight-roodium-sinine-kivi\/#primaryimage\",\"url\":\"https:\/\/tallinndesignhouse.com\/wp-content\/uploads\/2025\/10\/Korvarongad-Milam-Hoop-Midnight-roodium-sinine-kivi-NRTN_.jpg\",\"contentUrl\":\"https:\/\/tallinndesignhouse.com\/wp-content\/uploads\/2025\/10\/Korvarongad-Milam-Hoop-Midnight-roodium-sinine-kivi-NRTN_.jpg\",\"width\":1080,\"height\":1350,\"caption\":\"Ko\u0303rvaro\u0303ngad Milam Hoop Midnight roodium sinine kivi - NRTN_\"},{\"@type\":\"BreadcrumbList\",\"@id\":\"https:\/\/tallinndesignhouse.com\/toode\/korvarongad-milam-hoop-midnight-roodium-sinine-kivi\/#breadcrumb\",\"itemListElement\":[{\"@type\":\"ListItem\",\"position\":1,\"name\":\"Home\",\"item\":\"https:\/\/tallinndesignhouse.com\/en\/\"},{\"@type\":\"ListItem\",\"position\":2,\"name\":\"Shop\",\"item\":\"https:\/\/tallinndesignhouse.com\/en\/shop\/\"},{\"@type\":\"ListItem\",\"position\":3,\"name\":\"Earrings Milam Hoop With Midnight Blue Gem Black Vermeil\"}]},{\"@type\":\"WebSite\",\"@id\":\"https:\/\/tallinndesignhouse.com\/#website\",\"url\":\"https:\/\/tallinndesignhouse.com\/\",\"name\":\"Tallinn Design House\",\"description\":\"Eesti disain Rotermanni kvartalis\",\"potentialAction\":[{\"@type\":\"SearchAction\",\"target\":{\"@type\":\"EntryPoint\",\"urlTemplate\":\"https:\/\/tallinndesignhouse.com\/?s={search_term_string}\"},\"query-input\":{\"@type\":\"PropertyValueSpecification\",\"valueRequired\":true,\"valueName\":\"search_term_string\"}}],\"inLanguage\":\"en-US\"}]}<\/script>\n<!-- \/ Yoast SEO plugin. -->","yoast_head_json":{"title":"NRTN Earrings Milam Hoop With Midnight Blue Gem Black Vermeil - Tallinn Design House","description":"NRTN k\u00f5rvar\u00f5ngad Milam Hoop Midnight roodium sinine kivi. Suurus: 28,7 \u00d7 40 \u00d7 4,5 mm.","robots":{"index":"index","follow":"follow","max-snippet":"max-snippet:-1","max-image-preview":"max-image-preview:large","max-video-preview":"max-video-preview:-1"},"canonical":"https:\/\/tallinndesignhouse.com\/toode\/korvarongad-milam-hoop-midnight-roodium-sinine-kivi\/","og_locale":"en_US","og_type":"article","og_title":"NRTN Earrings Milam Hoop With Midnight Blue Gem Black Vermeil - Tallinn Design House","og_description":"NRTN k\u00f5rvar\u00f5ngad Milam Hoop Midnight roodium sinine kivi. Suurus: 28,7 \u00d7 40 \u00d7 4,5 mm.","og_url":"https:\/\/tallinndesignhouse.com\/toode\/korvarongad-milam-hoop-midnight-roodium-sinine-kivi\/","og_site_name":"Tallinn Design House","article_modified_time":"2026-04-28T22:01:26+00:00","og_image":[{"width":1080,"height":1350,"url":"https:\/\/tallinndesignhouse.com\/wp-content\/uploads\/2025\/10\/Korvarongad-Milam-Hoop-Midnight-roodium-sinine-kivi-NRTN_.jpg","type":"image\/jpeg"}],"twitter_card":"summary_large_image","schema":{"@context":"https:\/\/schema.org","@graph":[{"@type":"WebPage","@id":"https:\/\/tallinndesignhouse.com\/toode\/korvarongad-milam-hoop-midnight-roodium-sinine-kivi\/","url":"https:\/\/tallinndesignhouse.com\/toode\/korvarongad-milam-hoop-midnight-roodium-sinine-kivi\/","name":"NRTN Earrings Milam Hoop With Midnight Blue Gem Black Vermeil - Tallinn Design House","isPartOf":{"@id":"https:\/\/tallinndesignhouse.com\/#website"},"primaryImageOfPage":{"@id":"https:\/\/tallinndesignhouse.com\/toode\/korvarongad-milam-hoop-midnight-roodium-sinine-kivi\/#primaryimage"},"image":{"@id":"https:\/\/tallinndesignhouse.com\/toode\/korvarongad-milam-hoop-midnight-roodium-sinine-kivi\/#primaryimage"},"thumbnailUrl":"https:\/\/tallinndesignhouse.com\/wp-content\/uploads\/2025\/10\/Korvarongad-Milam-Hoop-Midnight-roodium-sinine-kivi-NRTN_.jpg","datePublished":"2025-10-17T09:35:05+00:00","dateModified":"2026-04-28T22:01:26+00:00","description":"NRTN k\u00f5rvar\u00f5ngad Milam Hoop Midnight roodium sinine kivi. Suurus: 28,7 \u00d7 40 \u00d7 4,5 mm.","breadcrumb":{"@id":"https:\/\/tallinndesignhouse.com\/toode\/korvarongad-milam-hoop-midnight-roodium-sinine-kivi\/#breadcrumb"},"inLanguage":"en-US","potentialAction":[{"@type":"ReadAction","target":["https:\/\/tallinndesignhouse.com\/toode\/korvarongad-milam-hoop-midnight-roodium-sinine-kivi\/"]}]},{"@type":"ImageObject","inLanguage":"en-US","@id":"https:\/\/tallinndesignhouse.com\/toode\/korvarongad-milam-hoop-midnight-roodium-sinine-kivi\/#primaryimage","url":"https:\/\/tallinndesignhouse.com\/wp-content\/uploads\/2025\/10\/Korvarongad-Milam-Hoop-Midnight-roodium-sinine-kivi-NRTN_.jpg","contentUrl":"https:\/\/tallinndesignhouse.com\/wp-content\/uploads\/2025\/10\/Korvarongad-Milam-Hoop-Midnight-roodium-sinine-kivi-NRTN_.jpg","width":1080,"height":1350,"caption":"Ko\u0303rvaro\u0303ngad Milam Hoop Midnight roodium sinine kivi - NRTN_"},{"@type":"BreadcrumbList","@id":"https:\/\/tallinndesignhouse.com\/toode\/korvarongad-milam-hoop-midnight-roodium-sinine-kivi\/#breadcrumb","itemListElement":[{"@type":"ListItem","position":1,"name":"Home","item":"https:\/\/tallinndesignhouse.com\/en\/"},{"@type":"ListItem","position":2,"name":"Shop","item":"https:\/\/tallinndesignhouse.com\/en\/shop\/"},{"@type":"ListItem","position":3,"name":"Earrings Milam Hoop With Midnight Blue Gem Black Vermeil"}]},{"@type":"WebSite","@id":"https:\/\/tallinndesignhouse.com\/#website","url":"https:\/\/tallinndesignhouse.com\/","name":"Tallinn Design House","description":"Eesti disain Rotermanni kvartalis","potentialAction":[{"@type":"SearchAction","target":{"@type":"EntryPoint","urlTemplate":"https:\/\/tallinndesignhouse.com\/?s={search_term_string}"},"query-input":{"@type":"PropertyValueSpecification","valueRequired":true,"valueName":"search_term_string"}}],"inLanguage":"en-US"}]}},"_links":{"self":[{"href":"https:\/\/tallinndesignhouse.com\/en\/wp-json\/wp\/v2\/product\/3382494","targetHints":{"allow":["GET"]}}],"collection":[{"href":"https:\/\/tallinndesignhouse.com\/en\/wp-json\/wp\/v2\/product"}],"about":[{"href":"https:\/\/tallinndesignhouse.com\/en\/wp-json\/wp\/v2\/types\/product"}],"wp:featuredmedia":[{"embeddable":true,"href":"https:\/\/tallinndesignhouse.com\/en\/wp-json\/wp\/v2\/media\/3382502"}],"wp:attachment":[{"href":"https:\/\/tallinndesignhouse.com\/en\/wp-json\/wp\/v2\/media?parent=3382494"}],"wp:term":[{"taxonomy":"product_brand","embeddable":true,"href":"https:\/\/tallinndesignhouse.com\/en\/wp-json\/wp\/v2\/product_brand?post=3382494"},{"taxonomy":"product_cat","embeddable":true,"href":"https:\/\/tallinndesignhouse.com\/en\/wp-json\/wp\/v2\/product_cat?post=3382494"},{"taxonomy":"product_tag","embeddable":true,"href":"https:\/\/tallinndesignhouse.com\/en\/wp-json\/wp\/v2\/product_tag?post=3382494"}],"curies":[{"name":"wp","href":"https:\/\/api.w.org\/{rel}","templated":true}]}}