{"id":3382769,"date":"2025-10-20T11:05:03","date_gmt":"2025-10-20T08:05:03","guid":{"rendered":"https:\/\/tallinndesignhouse.com\/toode\/kott-loren\/"},"modified":"2026-04-12T01:03:46","modified_gmt":"2026-04-11T22:03:46","slug":"kott-loren","status":"publish","type":"product","link":"https:\/\/tallinndesignhouse.com\/en\/toode\/kott-loren\/","title":{"rendered":"Crossbody bag Loren"},"content":{"rendered":"<p>Waltin crossbody bag Loren. Dimensions: 21x14x10 cm. Material: leather, polyester lining.<\/p>\n","protected":false},"excerpt":{"rendered":"<p>Waltin crossbody bag Loren. Dimensions: 21x14x10 cm. Material: leather, polyester lining.<\/p>\n","protected":false},"featured_media":3382810,"template":"","meta":{"_acf_changed":false},"product_brand":[],"product_cat":[1942,3296,3718],"product_tag":[2819],"class_list":{"0":"post-3382769","1":"product","2":"type-product","3":"status-publish","4":"has-post-thumbnail","6":"product_cat-bags","7":"product_cat-accessories-en","8":"product_cat-winter-style","9":"product_tag-women","10":"pa_brand-waltin-en","11":"pa_brand-waltin","12":"pa_varv-beez","13":"pa_varv-beige-en","14":"pa_varv-black-en","15":"pa_varv-black-gold-en","16":"pa_varv-black-silver-en","17":"pa_varv-black-white-en","18":"pa_varv-blue-en","19":"pa_varv-bronze-en","20":"pa_varv-brown-en","21":"pa_varv-dark-brown-en","22":"pa_varv-dark-green-en","23":"pa_varv-golden-en","24":"pa_varv-grey-en","25":"pa_varv-hall","26":"pa_varv-helehall","27":"pa_varv-helepruun","28":"pa_varv-helesinine","29":"pa_varv-hobedane","30":"pa_varv-khaki","31":"pa_varv-khaki-en","32":"pa_varv-kirju","33":"pa_varv-kuldne","34":"pa_varv-light-blue-en","35":"pa_varv-light-brown-en","36":"pa_varv-light-grey-en","37":"pa_varv-lilla","38":"pa_varv-multicolored-en","39":"pa_varv-must","40":"pa_varv-must-hobe","41":"pa_varv-must-kuld","42":"pa_varv-must-valge","43":"pa_varv-orange-en","44":"pa_varv-oranz","45":"pa_varv-pink-en","46":"pa_varv-pronks","47":"pa_varv-pruun","48":"pa_varv-punane","49":"pa_varv-purple-en","50":"pa_varv-red-en","51":"pa_varv-roosa","52":"pa_varv-silver-en","53":"pa_varv-sinepikollane-beez","55":"pa_varv-sinine","56":"pa_varv-tumepruun","57":"pa_varv-tumeroheline","58":"pa_varv-valge","59":"pa_varv-white-en-en","61":"first","62":"instock","63":"taxable","64":"shipping-taxable","65":"purchasable","66":"product-type-variable"},"acf":[],"yoast_head":"<!-- This site is optimized with the Yoast SEO plugin v26.0 - https:\/\/yoast.com\/wordpress\/plugins\/seo\/ -->\n<title>Waltin Crossbody bag Loren - Tallinn Design House<\/title>\n<meta name=\"description\" content=\"Waltin kott Loren. M\u00f5\u00f5dud: 21x14x10 cm. Materjal: nahk, pol\u00fcestervooder.\" \/>\n<meta name=\"robots\" content=\"index, follow, max-snippet:-1, max-image-preview:large, max-video-preview:-1\" \/>\n<link rel=\"canonical\" href=\"https:\/\/tallinndesignhouse.com\/toode\/kott-loren\/\" \/>\n<meta property=\"og:locale\" content=\"en_US\" \/>\n<meta property=\"og:type\" content=\"article\" \/>\n<meta property=\"og:title\" content=\"Waltin Crossbody bag Loren - Tallinn Design House\" \/>\n<meta property=\"og:description\" content=\"Waltin kott Loren. M\u00f5\u00f5dud: 21x14x10 cm. Materjal: nahk, pol\u00fcestervooder.\" \/>\n<meta property=\"og:url\" content=\"https:\/\/tallinndesignhouse.com\/toode\/kott-loren\/\" \/>\n<meta property=\"og:site_name\" content=\"Tallinn Design House\" \/>\n<meta property=\"article:modified_time\" content=\"2026-04-11T22:03:46+00:00\" \/>\n<meta property=\"og:image\" content=\"https:\/\/tallinndesignhouse.com\/wp-content\/uploads\/2025\/10\/Kott-Loren-pronks-Waltin.jpg\" \/>\n\t<meta property=\"og:image:width\" content=\"1080\" \/>\n\t<meta property=\"og:image:height\" content=\"1350\" \/>\n\t<meta property=\"og:image:type\" content=\"image\/jpeg\" \/>\n<meta name=\"twitter:card\" content=\"summary_large_image\" \/>\n<meta name=\"twitter:label1\" content=\"Est. reading time\" \/>\n\t<meta name=\"twitter:data1\" content=\"1 minute\" \/>\n<script type=\"application\/ld+json\" class=\"yoast-schema-graph\">{\"@context\":\"https:\/\/schema.org\",\"@graph\":[{\"@type\":\"WebPage\",\"@id\":\"https:\/\/tallinndesignhouse.com\/toode\/kott-loren\/\",\"url\":\"https:\/\/tallinndesignhouse.com\/toode\/kott-loren\/\",\"name\":\"Waltin Crossbody bag Loren - Tallinn Design House\",\"isPartOf\":{\"@id\":\"https:\/\/tallinndesignhouse.com\/#website\"},\"primaryImageOfPage\":{\"@id\":\"https:\/\/tallinndesignhouse.com\/toode\/kott-loren\/#primaryimage\"},\"image\":{\"@id\":\"https:\/\/tallinndesignhouse.com\/toode\/kott-loren\/#primaryimage\"},\"thumbnailUrl\":\"https:\/\/tallinndesignhouse.com\/wp-content\/uploads\/2025\/10\/Kott-Loren-pronks-Waltin.jpg\",\"datePublished\":\"2025-10-20T08:05:03+00:00\",\"dateModified\":\"2026-04-11T22:03:46+00:00\",\"description\":\"Waltin kott Loren. M\u00f5\u00f5dud: 21x14x10 cm. Materjal: nahk, pol\u00fcestervooder.\",\"breadcrumb\":{\"@id\":\"https:\/\/tallinndesignhouse.com\/toode\/kott-loren\/#breadcrumb\"},\"inLanguage\":\"en-US\",\"potentialAction\":[{\"@type\":\"ReadAction\",\"target\":[\"https:\/\/tallinndesignhouse.com\/toode\/kott-loren\/\"]}]},{\"@type\":\"ImageObject\",\"inLanguage\":\"en-US\",\"@id\":\"https:\/\/tallinndesignhouse.com\/toode\/kott-loren\/#primaryimage\",\"url\":\"https:\/\/tallinndesignhouse.com\/wp-content\/uploads\/2025\/10\/Kott-Loren-pronks-Waltin.jpg\",\"contentUrl\":\"https:\/\/tallinndesignhouse.com\/wp-content\/uploads\/2025\/10\/Kott-Loren-pronks-Waltin.jpg\",\"width\":1080,\"height\":1350,\"caption\":\"Kott Loren pronks - Waltin\"},{\"@type\":\"BreadcrumbList\",\"@id\":\"https:\/\/tallinndesignhouse.com\/toode\/kott-loren\/#breadcrumb\",\"itemListElement\":[{\"@type\":\"ListItem\",\"position\":1,\"name\":\"Home\",\"item\":\"https:\/\/tallinndesignhouse.com\/en\/\"},{\"@type\":\"ListItem\",\"position\":2,\"name\":\"Shop\",\"item\":\"https:\/\/tallinndesignhouse.com\/en\/shop\/\"},{\"@type\":\"ListItem\",\"position\":3,\"name\":\"Crossbody bag Loren\"}]},{\"@type\":\"WebSite\",\"@id\":\"https:\/\/tallinndesignhouse.com\/#website\",\"url\":\"https:\/\/tallinndesignhouse.com\/\",\"name\":\"Tallinn Design House\",\"description\":\"Eesti disain Rotermanni kvartalis\",\"potentialAction\":[{\"@type\":\"SearchAction\",\"target\":{\"@type\":\"EntryPoint\",\"urlTemplate\":\"https:\/\/tallinndesignhouse.com\/?s={search_term_string}\"},\"query-input\":{\"@type\":\"PropertyValueSpecification\",\"valueRequired\":true,\"valueName\":\"search_term_string\"}}],\"inLanguage\":\"en-US\"}]}<\/script>\n<!-- \/ Yoast SEO plugin. -->","yoast_head_json":{"title":"Waltin Crossbody bag Loren - Tallinn Design House","description":"Waltin kott Loren. M\u00f5\u00f5dud: 21x14x10 cm. Materjal: nahk, pol\u00fcestervooder.","robots":{"index":"index","follow":"follow","max-snippet":"max-snippet:-1","max-image-preview":"max-image-preview:large","max-video-preview":"max-video-preview:-1"},"canonical":"https:\/\/tallinndesignhouse.com\/toode\/kott-loren\/","og_locale":"en_US","og_type":"article","og_title":"Waltin Crossbody bag Loren - Tallinn Design House","og_description":"Waltin kott Loren. M\u00f5\u00f5dud: 21x14x10 cm. Materjal: nahk, pol\u00fcestervooder.","og_url":"https:\/\/tallinndesignhouse.com\/toode\/kott-loren\/","og_site_name":"Tallinn Design House","article_modified_time":"2026-04-11T22:03:46+00:00","og_image":[{"width":1080,"height":1350,"url":"https:\/\/tallinndesignhouse.com\/wp-content\/uploads\/2025\/10\/Kott-Loren-pronks-Waltin.jpg","type":"image\/jpeg"}],"twitter_card":"summary_large_image","twitter_misc":{"Est. reading time":"1 minute"},"schema":{"@context":"https:\/\/schema.org","@graph":[{"@type":"WebPage","@id":"https:\/\/tallinndesignhouse.com\/toode\/kott-loren\/","url":"https:\/\/tallinndesignhouse.com\/toode\/kott-loren\/","name":"Waltin Crossbody bag Loren - Tallinn Design House","isPartOf":{"@id":"https:\/\/tallinndesignhouse.com\/#website"},"primaryImageOfPage":{"@id":"https:\/\/tallinndesignhouse.com\/toode\/kott-loren\/#primaryimage"},"image":{"@id":"https:\/\/tallinndesignhouse.com\/toode\/kott-loren\/#primaryimage"},"thumbnailUrl":"https:\/\/tallinndesignhouse.com\/wp-content\/uploads\/2025\/10\/Kott-Loren-pronks-Waltin.jpg","datePublished":"2025-10-20T08:05:03+00:00","dateModified":"2026-04-11T22:03:46+00:00","description":"Waltin kott Loren. M\u00f5\u00f5dud: 21x14x10 cm. Materjal: nahk, pol\u00fcestervooder.","breadcrumb":{"@id":"https:\/\/tallinndesignhouse.com\/toode\/kott-loren\/#breadcrumb"},"inLanguage":"en-US","potentialAction":[{"@type":"ReadAction","target":["https:\/\/tallinndesignhouse.com\/toode\/kott-loren\/"]}]},{"@type":"ImageObject","inLanguage":"en-US","@id":"https:\/\/tallinndesignhouse.com\/toode\/kott-loren\/#primaryimage","url":"https:\/\/tallinndesignhouse.com\/wp-content\/uploads\/2025\/10\/Kott-Loren-pronks-Waltin.jpg","contentUrl":"https:\/\/tallinndesignhouse.com\/wp-content\/uploads\/2025\/10\/Kott-Loren-pronks-Waltin.jpg","width":1080,"height":1350,"caption":"Kott Loren pronks - Waltin"},{"@type":"BreadcrumbList","@id":"https:\/\/tallinndesignhouse.com\/toode\/kott-loren\/#breadcrumb","itemListElement":[{"@type":"ListItem","position":1,"name":"Home","item":"https:\/\/tallinndesignhouse.com\/en\/"},{"@type":"ListItem","position":2,"name":"Shop","item":"https:\/\/tallinndesignhouse.com\/en\/shop\/"},{"@type":"ListItem","position":3,"name":"Crossbody bag Loren"}]},{"@type":"WebSite","@id":"https:\/\/tallinndesignhouse.com\/#website","url":"https:\/\/tallinndesignhouse.com\/","name":"Tallinn Design House","description":"Eesti disain Rotermanni kvartalis","potentialAction":[{"@type":"SearchAction","target":{"@type":"EntryPoint","urlTemplate":"https:\/\/tallinndesignhouse.com\/?s={search_term_string}"},"query-input":{"@type":"PropertyValueSpecification","valueRequired":true,"valueName":"search_term_string"}}],"inLanguage":"en-US"}]}},"_links":{"self":[{"href":"https:\/\/tallinndesignhouse.com\/en\/wp-json\/wp\/v2\/product\/3382769","targetHints":{"allow":["GET"]}}],"collection":[{"href":"https:\/\/tallinndesignhouse.com\/en\/wp-json\/wp\/v2\/product"}],"about":[{"href":"https:\/\/tallinndesignhouse.com\/en\/wp-json\/wp\/v2\/types\/product"}],"wp:featuredmedia":[{"embeddable":true,"href":"https:\/\/tallinndesignhouse.com\/en\/wp-json\/wp\/v2\/media\/3382810"}],"wp:attachment":[{"href":"https:\/\/tallinndesignhouse.com\/en\/wp-json\/wp\/v2\/media?parent=3382769"}],"wp:term":[{"taxonomy":"product_brand","embeddable":true,"href":"https:\/\/tallinndesignhouse.com\/en\/wp-json\/wp\/v2\/product_brand?post=3382769"},{"taxonomy":"product_cat","embeddable":true,"href":"https:\/\/tallinndesignhouse.com\/en\/wp-json\/wp\/v2\/product_cat?post=3382769"},{"taxonomy":"product_tag","embeddable":true,"href":"https:\/\/tallinndesignhouse.com\/en\/wp-json\/wp\/v2\/product_tag?post=3382769"}],"curies":[{"name":"wp","href":"https:\/\/api.w.org\/{rel}","templated":true}]}}