{"id":3382841,"date":"2025-10-20T11:50:02","date_gmt":"2025-10-20T08:50:02","guid":{"rendered":"https:\/\/tallinndesignhouse.com\/toode\/nahkjakk-paul-must\/"},"modified":"2026-04-12T01:01:18","modified_gmt":"2026-04-11T22:01:18","slug":"nahkjakk-paul-must","status":"publish","type":"product","link":"https:\/\/tallinndesignhouse.com\/en\/toode\/nahkjakk-paul-must\/","title":{"rendered":"Leather Jacket Paul Black"},"content":{"rendered":"<p>Leather jacket Paul by CAROLXOTT. Materials: 100% Industry leftover leather. Lining: 100% hand dyed cotton. One size. Care: dry cleaning. CAROLXOTT is a clothing brand for aventurous wearer, which offers unique one of kind solutions for Your wardrobe. The brand started 2018 from a treasuros small Northern-Estonian island \u2013 Prangli. Our clothes tell the stories of coastal living conditions and fisherman life. It takes strength to say all year round on an island where weather dictates the motion of living. Our mission is to promote and support the minorities that keep our traditions as coastal country. Such as the people on islands are special are all our designs also unique and in small quantities. We work with quality materials that last long in your closet so that we could have a long journey together. Hop on a boat with us.<\/p>\n","protected":false},"excerpt":{"rendered":"<p>Leather jacket Paul by CAROLXOTT. Materials: 100% Industry leftover leather. Lining: 100% hand dyed cotton. One size. Care: dry cleaning. CAROLXOTT is a clothing brand for aventurous wearer, which offers unique one of kind solutions for Your wardrobe. The brand started 2018 from a treasuros small Northern-Estonian island \u2013 Prangli. Our clothes tell the stories [&hellip;]<\/p>\n","protected":false},"featured_media":3382850,"template":"","meta":{"_acf_changed":false},"product_brand":[],"product_cat":[2069,2837],"product_tag":[2819],"class_list":{"0":"post-3382841","1":"product","2":"type-product","3":"status-publish","4":"has-post-thumbnail","6":"product_cat-upper-garments","7":"product_cat-clothes","8":"product_tag-women","9":"pa_brand-carolxott","10":"pa_brand-carolxott-en","11":"pa_suurus-one-size","12":"pa_suurus-one-size-en","14":"first","15":"instock","16":"taxable","17":"shipping-taxable","18":"purchasable","19":"product-type-variable"},"acf":[],"yoast_head":"<!-- This site is optimized with the Yoast SEO plugin v26.0 - https:\/\/yoast.com\/wordpress\/plugins\/seo\/ -->\n<title>C\u00e4rolxOtt Leather Jacket Paul Black - Tallinn Design House<\/title>\n<meta name=\"description\" content=\"C\u00e4rolxOtt nahkjakk Paul must. Materjalid: 100% t\u00f6\u00f6stuse j\u00e4\u00e4knahk. Vooder: 100% k\u00e4sitsi v\u00e4rvitud puuvill. \u00dcks suurus.\" \/>\n<meta name=\"robots\" content=\"index, follow, max-snippet:-1, max-image-preview:large, max-video-preview:-1\" \/>\n<link rel=\"canonical\" href=\"https:\/\/tallinndesignhouse.com\/toode\/nahkjakk-paul-must\/\" \/>\n<meta property=\"og:locale\" content=\"en_US\" \/>\n<meta property=\"og:type\" content=\"article\" \/>\n<meta property=\"og:title\" content=\"C\u00e4rolxOtt Leather Jacket Paul Black - Tallinn Design House\" \/>\n<meta property=\"og:description\" content=\"C\u00e4rolxOtt nahkjakk Paul must. Materjalid: 100% t\u00f6\u00f6stuse j\u00e4\u00e4knahk. Vooder: 100% k\u00e4sitsi v\u00e4rvitud puuvill. \u00dcks suurus.\" \/>\n<meta property=\"og:url\" content=\"https:\/\/tallinndesignhouse.com\/toode\/nahkjakk-paul-must\/\" \/>\n<meta property=\"og:site_name\" content=\"Tallinn Design House\" \/>\n<meta property=\"article:modified_time\" content=\"2026-04-11T22:01:18+00:00\" \/>\n<meta property=\"og:image\" content=\"https:\/\/tallinndesignhouse.com\/wp-content\/uploads\/2025\/10\/Nahkjakk-Paul-must-CarolxOtt-1.jpg\" \/>\n\t<meta property=\"og:image:width\" content=\"1080\" \/>\n\t<meta property=\"og:image:height\" content=\"1350\" \/>\n\t<meta property=\"og:image:type\" content=\"image\/jpeg\" \/>\n<meta name=\"twitter:card\" content=\"summary_large_image\" \/>\n<meta name=\"twitter:label1\" content=\"Est. reading time\" \/>\n\t<meta name=\"twitter:data1\" content=\"1 minute\" \/>\n<script type=\"application\/ld+json\" class=\"yoast-schema-graph\">{\"@context\":\"https:\/\/schema.org\",\"@graph\":[{\"@type\":\"WebPage\",\"@id\":\"https:\/\/tallinndesignhouse.com\/toode\/nahkjakk-paul-must\/\",\"url\":\"https:\/\/tallinndesignhouse.com\/toode\/nahkjakk-paul-must\/\",\"name\":\"C\u00e4rolxOtt Leather Jacket Paul Black - Tallinn Design House\",\"isPartOf\":{\"@id\":\"https:\/\/tallinndesignhouse.com\/#website\"},\"primaryImageOfPage\":{\"@id\":\"https:\/\/tallinndesignhouse.com\/toode\/nahkjakk-paul-must\/#primaryimage\"},\"image\":{\"@id\":\"https:\/\/tallinndesignhouse.com\/toode\/nahkjakk-paul-must\/#primaryimage\"},\"thumbnailUrl\":\"https:\/\/tallinndesignhouse.com\/wp-content\/uploads\/2025\/10\/Nahkjakk-Paul-must-CarolxOtt-1.jpg\",\"datePublished\":\"2025-10-20T08:50:02+00:00\",\"dateModified\":\"2026-04-11T22:01:18+00:00\",\"description\":\"C\u00e4rolxOtt nahkjakk Paul must. Materjalid: 100% t\u00f6\u00f6stuse j\u00e4\u00e4knahk. Vooder: 100% k\u00e4sitsi v\u00e4rvitud puuvill. \u00dcks suurus.\",\"breadcrumb\":{\"@id\":\"https:\/\/tallinndesignhouse.com\/toode\/nahkjakk-paul-must\/#breadcrumb\"},\"inLanguage\":\"en-US\",\"potentialAction\":[{\"@type\":\"ReadAction\",\"target\":[\"https:\/\/tallinndesignhouse.com\/toode\/nahkjakk-paul-must\/\"]}]},{\"@type\":\"ImageObject\",\"inLanguage\":\"en-US\",\"@id\":\"https:\/\/tallinndesignhouse.com\/toode\/nahkjakk-paul-must\/#primaryimage\",\"url\":\"https:\/\/tallinndesignhouse.com\/wp-content\/uploads\/2025\/10\/Nahkjakk-Paul-must-CarolxOtt-1.jpg\",\"contentUrl\":\"https:\/\/tallinndesignhouse.com\/wp-content\/uploads\/2025\/10\/Nahkjakk-Paul-must-CarolxOtt-1.jpg\",\"width\":1080,\"height\":1350,\"caption\":\"Nahkjakk Paul must Ca\u0308rolxOtt\"},{\"@type\":\"BreadcrumbList\",\"@id\":\"https:\/\/tallinndesignhouse.com\/toode\/nahkjakk-paul-must\/#breadcrumb\",\"itemListElement\":[{\"@type\":\"ListItem\",\"position\":1,\"name\":\"Home\",\"item\":\"https:\/\/tallinndesignhouse.com\/en\/\"},{\"@type\":\"ListItem\",\"position\":2,\"name\":\"Shop\",\"item\":\"https:\/\/tallinndesignhouse.com\/en\/shop\/\"},{\"@type\":\"ListItem\",\"position\":3,\"name\":\"Leather Jacket Paul Black\"}]},{\"@type\":\"WebSite\",\"@id\":\"https:\/\/tallinndesignhouse.com\/#website\",\"url\":\"https:\/\/tallinndesignhouse.com\/\",\"name\":\"Tallinn Design House\",\"description\":\"Eesti disain Rotermanni kvartalis\",\"potentialAction\":[{\"@type\":\"SearchAction\",\"target\":{\"@type\":\"EntryPoint\",\"urlTemplate\":\"https:\/\/tallinndesignhouse.com\/?s={search_term_string}\"},\"query-input\":{\"@type\":\"PropertyValueSpecification\",\"valueRequired\":true,\"valueName\":\"search_term_string\"}}],\"inLanguage\":\"en-US\"}]}<\/script>\n<!-- \/ Yoast SEO plugin. -->","yoast_head_json":{"title":"C\u00e4rolxOtt Leather Jacket Paul Black - Tallinn Design House","description":"C\u00e4rolxOtt nahkjakk Paul must. Materjalid: 100% t\u00f6\u00f6stuse j\u00e4\u00e4knahk. Vooder: 100% k\u00e4sitsi v\u00e4rvitud puuvill. \u00dcks suurus.","robots":{"index":"index","follow":"follow","max-snippet":"max-snippet:-1","max-image-preview":"max-image-preview:large","max-video-preview":"max-video-preview:-1"},"canonical":"https:\/\/tallinndesignhouse.com\/toode\/nahkjakk-paul-must\/","og_locale":"en_US","og_type":"article","og_title":"C\u00e4rolxOtt Leather Jacket Paul Black - Tallinn Design House","og_description":"C\u00e4rolxOtt nahkjakk Paul must. Materjalid: 100% t\u00f6\u00f6stuse j\u00e4\u00e4knahk. Vooder: 100% k\u00e4sitsi v\u00e4rvitud puuvill. \u00dcks suurus.","og_url":"https:\/\/tallinndesignhouse.com\/toode\/nahkjakk-paul-must\/","og_site_name":"Tallinn Design House","article_modified_time":"2026-04-11T22:01:18+00:00","og_image":[{"width":1080,"height":1350,"url":"https:\/\/tallinndesignhouse.com\/wp-content\/uploads\/2025\/10\/Nahkjakk-Paul-must-CarolxOtt-1.jpg","type":"image\/jpeg"}],"twitter_card":"summary_large_image","twitter_misc":{"Est. reading time":"1 minute"},"schema":{"@context":"https:\/\/schema.org","@graph":[{"@type":"WebPage","@id":"https:\/\/tallinndesignhouse.com\/toode\/nahkjakk-paul-must\/","url":"https:\/\/tallinndesignhouse.com\/toode\/nahkjakk-paul-must\/","name":"C\u00e4rolxOtt Leather Jacket Paul Black - Tallinn Design House","isPartOf":{"@id":"https:\/\/tallinndesignhouse.com\/#website"},"primaryImageOfPage":{"@id":"https:\/\/tallinndesignhouse.com\/toode\/nahkjakk-paul-must\/#primaryimage"},"image":{"@id":"https:\/\/tallinndesignhouse.com\/toode\/nahkjakk-paul-must\/#primaryimage"},"thumbnailUrl":"https:\/\/tallinndesignhouse.com\/wp-content\/uploads\/2025\/10\/Nahkjakk-Paul-must-CarolxOtt-1.jpg","datePublished":"2025-10-20T08:50:02+00:00","dateModified":"2026-04-11T22:01:18+00:00","description":"C\u00e4rolxOtt nahkjakk Paul must. Materjalid: 100% t\u00f6\u00f6stuse j\u00e4\u00e4knahk. Vooder: 100% k\u00e4sitsi v\u00e4rvitud puuvill. \u00dcks suurus.","breadcrumb":{"@id":"https:\/\/tallinndesignhouse.com\/toode\/nahkjakk-paul-must\/#breadcrumb"},"inLanguage":"en-US","potentialAction":[{"@type":"ReadAction","target":["https:\/\/tallinndesignhouse.com\/toode\/nahkjakk-paul-must\/"]}]},{"@type":"ImageObject","inLanguage":"en-US","@id":"https:\/\/tallinndesignhouse.com\/toode\/nahkjakk-paul-must\/#primaryimage","url":"https:\/\/tallinndesignhouse.com\/wp-content\/uploads\/2025\/10\/Nahkjakk-Paul-must-CarolxOtt-1.jpg","contentUrl":"https:\/\/tallinndesignhouse.com\/wp-content\/uploads\/2025\/10\/Nahkjakk-Paul-must-CarolxOtt-1.jpg","width":1080,"height":1350,"caption":"Nahkjakk Paul must Ca\u0308rolxOtt"},{"@type":"BreadcrumbList","@id":"https:\/\/tallinndesignhouse.com\/toode\/nahkjakk-paul-must\/#breadcrumb","itemListElement":[{"@type":"ListItem","position":1,"name":"Home","item":"https:\/\/tallinndesignhouse.com\/en\/"},{"@type":"ListItem","position":2,"name":"Shop","item":"https:\/\/tallinndesignhouse.com\/en\/shop\/"},{"@type":"ListItem","position":3,"name":"Leather Jacket Paul Black"}]},{"@type":"WebSite","@id":"https:\/\/tallinndesignhouse.com\/#website","url":"https:\/\/tallinndesignhouse.com\/","name":"Tallinn Design House","description":"Eesti disain Rotermanni kvartalis","potentialAction":[{"@type":"SearchAction","target":{"@type":"EntryPoint","urlTemplate":"https:\/\/tallinndesignhouse.com\/?s={search_term_string}"},"query-input":{"@type":"PropertyValueSpecification","valueRequired":true,"valueName":"search_term_string"}}],"inLanguage":"en-US"}]}},"_links":{"self":[{"href":"https:\/\/tallinndesignhouse.com\/en\/wp-json\/wp\/v2\/product\/3382841","targetHints":{"allow":["GET"]}}],"collection":[{"href":"https:\/\/tallinndesignhouse.com\/en\/wp-json\/wp\/v2\/product"}],"about":[{"href":"https:\/\/tallinndesignhouse.com\/en\/wp-json\/wp\/v2\/types\/product"}],"wp:featuredmedia":[{"embeddable":true,"href":"https:\/\/tallinndesignhouse.com\/en\/wp-json\/wp\/v2\/media\/3382850"}],"wp:attachment":[{"href":"https:\/\/tallinndesignhouse.com\/en\/wp-json\/wp\/v2\/media?parent=3382841"}],"wp:term":[{"taxonomy":"product_brand","embeddable":true,"href":"https:\/\/tallinndesignhouse.com\/en\/wp-json\/wp\/v2\/product_brand?post=3382841"},{"taxonomy":"product_cat","embeddable":true,"href":"https:\/\/tallinndesignhouse.com\/en\/wp-json\/wp\/v2\/product_cat?post=3382841"},{"taxonomy":"product_tag","embeddable":true,"href":"https:\/\/tallinndesignhouse.com\/en\/wp-json\/wp\/v2\/product_tag?post=3382841"}],"curies":[{"name":"wp","href":"https:\/\/api.w.org\/{rel}","templated":true}]}}