{"id":3383532,"date":"2025-10-24T13:50:09","date_gmt":"2025-10-24T10:50:09","guid":{"rendered":"https:\/\/tallinndesignhouse.com\/toode\/kaelakee-scorch-white-gem-with-baby-pearl\/"},"modified":"2026-04-29T01:01:24","modified_gmt":"2026-04-28T22:01:24","slug":"kaelakee-scorch-white-gem-with-baby-pearl","status":"publish","type":"product","link":"https:\/\/tallinndesignhouse.com\/en\/toode\/kaelakee-scorch-white-gem-with-baby-pearl\/","title":{"rendered":"Necklace Scorch White Gem With Baby Pearl"},"content":{"rendered":"<p>Necklace Scorch White Gem With Baby Pearl by NRTN. Size: 30 x 15 x 6 mm \/ Pearl Chain: 42 cm. Materials: 5-6mm Freshwater Pearl, Clear zirconia gem, 925 Sterling Silver. The SAMADHI FIRE collection draws profound inspiration from both Thai and Sino traditional patterns, seamlessly weaving these rich cultural elements into intricate, three-dimensional forms that give birth to a new myth within a post-apocalyptic hyperreality.<\/p>\n","protected":false},"excerpt":{"rendered":"<p>Necklace Scorch White Gem With Baby Pearl by NRTN. Size: 30 x 15 x 6 mm \/ Pearl Chain: 42 cm. Materials: 5-6mm Freshwater Pearl, Clear zirconia gem, 925 Sterling Silver. The SAMADHI FIRE collection draws profound inspiration from both Thai and Sino traditional patterns, seamlessly weaving these rich cultural elements into intricate, three-dimensional forms [&hellip;]<\/p>\n","protected":false},"featured_media":3383538,"template":"","meta":{"_acf_changed":false},"product_brand":[],"product_cat":[876,869,116,3717],"product_tag":[2818],"class_list":{"0":"post-3383532","1":"product","2":"type-product","3":"status-publish","4":"has-post-thumbnail","6":"product_cat-korvarongad","7":"product_cat-kaelaehted","8":"product_cat-ehted","9":"product_cat-kevadised-tooted","10":"product_tag-naised","11":"pa_brand-nrtn","13":"first","14":"instock","15":"taxable","16":"shipping-taxable","17":"purchasable","18":"product-type-simple"},"acf":[],"yoast_head":"<!-- This site is optimized with the Yoast SEO plugin v26.0 - https:\/\/yoast.com\/wordpress\/plugins\/seo\/ -->\n<title>NRTN Necklace Scorch White Gem With Baby Pearl - Tallinn Design House<\/title>\n<meta name=\"description\" content=\"NRTN kaelakee Scorch White Gem With Baby Pearl. Materjalid: 5\u20136 mm mageveep\u00e4rl, l\u00e4bipaistev tsirkoonia, 925 sterlingh\u00f5be.\" \/>\n<meta name=\"robots\" content=\"index, follow, max-snippet:-1, max-image-preview:large, max-video-preview:-1\" \/>\n<link rel=\"canonical\" href=\"https:\/\/tallinndesignhouse.com\/toode\/kaelakee-scorch-white-gem-with-baby-pearl\/\" \/>\n<meta property=\"og:locale\" content=\"en_US\" \/>\n<meta property=\"og:type\" content=\"article\" \/>\n<meta property=\"og:title\" content=\"NRTN Necklace Scorch White Gem With Baby Pearl - Tallinn Design House\" \/>\n<meta property=\"og:description\" content=\"NRTN kaelakee Scorch White Gem With Baby Pearl. Materjalid: 5\u20136 mm mageveep\u00e4rl, l\u00e4bipaistev tsirkoonia, 925 sterlingh\u00f5be.\" \/>\n<meta property=\"og:url\" content=\"https:\/\/tallinndesignhouse.com\/toode\/kaelakee-scorch-white-gem-with-baby-pearl\/\" \/>\n<meta property=\"og:site_name\" content=\"Tallinn Design House\" \/>\n<meta property=\"article:modified_time\" content=\"2026-04-28T22:01:24+00:00\" \/>\n<meta property=\"og:image\" content=\"https:\/\/tallinndesignhouse.com\/wp-content\/uploads\/2025\/10\/Kaelakee-Scorch-White-Gem-With-Baby-NRTN_.jpg\" \/>\n\t<meta property=\"og:image:width\" content=\"1080\" \/>\n\t<meta property=\"og:image:height\" content=\"1350\" \/>\n\t<meta property=\"og:image:type\" content=\"image\/jpeg\" \/>\n<meta name=\"twitter:card\" content=\"summary_large_image\" \/>\n<script type=\"application\/ld+json\" class=\"yoast-schema-graph\">{\"@context\":\"https:\/\/schema.org\",\"@graph\":[{\"@type\":\"WebPage\",\"@id\":\"https:\/\/tallinndesignhouse.com\/toode\/kaelakee-scorch-white-gem-with-baby-pearl\/\",\"url\":\"https:\/\/tallinndesignhouse.com\/toode\/kaelakee-scorch-white-gem-with-baby-pearl\/\",\"name\":\"NRTN Necklace Scorch White Gem With Baby Pearl - Tallinn Design House\",\"isPartOf\":{\"@id\":\"https:\/\/tallinndesignhouse.com\/#website\"},\"primaryImageOfPage\":{\"@id\":\"https:\/\/tallinndesignhouse.com\/toode\/kaelakee-scorch-white-gem-with-baby-pearl\/#primaryimage\"},\"image\":{\"@id\":\"https:\/\/tallinndesignhouse.com\/toode\/kaelakee-scorch-white-gem-with-baby-pearl\/#primaryimage\"},\"thumbnailUrl\":\"https:\/\/tallinndesignhouse.com\/wp-content\/uploads\/2025\/10\/Kaelakee-Scorch-White-Gem-With-Baby-NRTN_.jpg\",\"datePublished\":\"2025-10-24T10:50:09+00:00\",\"dateModified\":\"2026-04-28T22:01:24+00:00\",\"description\":\"NRTN kaelakee Scorch White Gem With Baby Pearl. Materjalid: 5\u20136 mm mageveep\u00e4rl, l\u00e4bipaistev tsirkoonia, 925 sterlingh\u00f5be.\",\"breadcrumb\":{\"@id\":\"https:\/\/tallinndesignhouse.com\/toode\/kaelakee-scorch-white-gem-with-baby-pearl\/#breadcrumb\"},\"inLanguage\":\"en-US\",\"potentialAction\":[{\"@type\":\"ReadAction\",\"target\":[\"https:\/\/tallinndesignhouse.com\/toode\/kaelakee-scorch-white-gem-with-baby-pearl\/\"]}]},{\"@type\":\"ImageObject\",\"inLanguage\":\"en-US\",\"@id\":\"https:\/\/tallinndesignhouse.com\/toode\/kaelakee-scorch-white-gem-with-baby-pearl\/#primaryimage\",\"url\":\"https:\/\/tallinndesignhouse.com\/wp-content\/uploads\/2025\/10\/Kaelakee-Scorch-White-Gem-With-Baby-NRTN_.jpg\",\"contentUrl\":\"https:\/\/tallinndesignhouse.com\/wp-content\/uploads\/2025\/10\/Kaelakee-Scorch-White-Gem-With-Baby-NRTN_.jpg\",\"width\":1080,\"height\":1350,\"caption\":\"Kaelakee Scorch White Gem With Baby - NRTN_\"},{\"@type\":\"BreadcrumbList\",\"@id\":\"https:\/\/tallinndesignhouse.com\/toode\/kaelakee-scorch-white-gem-with-baby-pearl\/#breadcrumb\",\"itemListElement\":[{\"@type\":\"ListItem\",\"position\":1,\"name\":\"Home\",\"item\":\"https:\/\/tallinndesignhouse.com\/en\/\"},{\"@type\":\"ListItem\",\"position\":2,\"name\":\"Shop\",\"item\":\"https:\/\/tallinndesignhouse.com\/en\/shop\/\"},{\"@type\":\"ListItem\",\"position\":3,\"name\":\"Necklace Scorch White Gem With Baby Pearl\"}]},{\"@type\":\"WebSite\",\"@id\":\"https:\/\/tallinndesignhouse.com\/#website\",\"url\":\"https:\/\/tallinndesignhouse.com\/\",\"name\":\"Tallinn Design House\",\"description\":\"Eesti disain Rotermanni kvartalis\",\"potentialAction\":[{\"@type\":\"SearchAction\",\"target\":{\"@type\":\"EntryPoint\",\"urlTemplate\":\"https:\/\/tallinndesignhouse.com\/?s={search_term_string}\"},\"query-input\":{\"@type\":\"PropertyValueSpecification\",\"valueRequired\":true,\"valueName\":\"search_term_string\"}}],\"inLanguage\":\"en-US\"}]}<\/script>\n<!-- \/ Yoast SEO plugin. -->","yoast_head_json":{"title":"NRTN Necklace Scorch White Gem With Baby Pearl - Tallinn Design House","description":"NRTN kaelakee Scorch White Gem With Baby Pearl. Materjalid: 5\u20136 mm mageveep\u00e4rl, l\u00e4bipaistev tsirkoonia, 925 sterlingh\u00f5be.","robots":{"index":"index","follow":"follow","max-snippet":"max-snippet:-1","max-image-preview":"max-image-preview:large","max-video-preview":"max-video-preview:-1"},"canonical":"https:\/\/tallinndesignhouse.com\/toode\/kaelakee-scorch-white-gem-with-baby-pearl\/","og_locale":"en_US","og_type":"article","og_title":"NRTN Necklace Scorch White Gem With Baby Pearl - Tallinn Design House","og_description":"NRTN kaelakee Scorch White Gem With Baby Pearl. Materjalid: 5\u20136 mm mageveep\u00e4rl, l\u00e4bipaistev tsirkoonia, 925 sterlingh\u00f5be.","og_url":"https:\/\/tallinndesignhouse.com\/toode\/kaelakee-scorch-white-gem-with-baby-pearl\/","og_site_name":"Tallinn Design House","article_modified_time":"2026-04-28T22:01:24+00:00","og_image":[{"width":1080,"height":1350,"url":"https:\/\/tallinndesignhouse.com\/wp-content\/uploads\/2025\/10\/Kaelakee-Scorch-White-Gem-With-Baby-NRTN_.jpg","type":"image\/jpeg"}],"twitter_card":"summary_large_image","schema":{"@context":"https:\/\/schema.org","@graph":[{"@type":"WebPage","@id":"https:\/\/tallinndesignhouse.com\/toode\/kaelakee-scorch-white-gem-with-baby-pearl\/","url":"https:\/\/tallinndesignhouse.com\/toode\/kaelakee-scorch-white-gem-with-baby-pearl\/","name":"NRTN Necklace Scorch White Gem With Baby Pearl - Tallinn Design House","isPartOf":{"@id":"https:\/\/tallinndesignhouse.com\/#website"},"primaryImageOfPage":{"@id":"https:\/\/tallinndesignhouse.com\/toode\/kaelakee-scorch-white-gem-with-baby-pearl\/#primaryimage"},"image":{"@id":"https:\/\/tallinndesignhouse.com\/toode\/kaelakee-scorch-white-gem-with-baby-pearl\/#primaryimage"},"thumbnailUrl":"https:\/\/tallinndesignhouse.com\/wp-content\/uploads\/2025\/10\/Kaelakee-Scorch-White-Gem-With-Baby-NRTN_.jpg","datePublished":"2025-10-24T10:50:09+00:00","dateModified":"2026-04-28T22:01:24+00:00","description":"NRTN kaelakee Scorch White Gem With Baby Pearl. Materjalid: 5\u20136 mm mageveep\u00e4rl, l\u00e4bipaistev tsirkoonia, 925 sterlingh\u00f5be.","breadcrumb":{"@id":"https:\/\/tallinndesignhouse.com\/toode\/kaelakee-scorch-white-gem-with-baby-pearl\/#breadcrumb"},"inLanguage":"en-US","potentialAction":[{"@type":"ReadAction","target":["https:\/\/tallinndesignhouse.com\/toode\/kaelakee-scorch-white-gem-with-baby-pearl\/"]}]},{"@type":"ImageObject","inLanguage":"en-US","@id":"https:\/\/tallinndesignhouse.com\/toode\/kaelakee-scorch-white-gem-with-baby-pearl\/#primaryimage","url":"https:\/\/tallinndesignhouse.com\/wp-content\/uploads\/2025\/10\/Kaelakee-Scorch-White-Gem-With-Baby-NRTN_.jpg","contentUrl":"https:\/\/tallinndesignhouse.com\/wp-content\/uploads\/2025\/10\/Kaelakee-Scorch-White-Gem-With-Baby-NRTN_.jpg","width":1080,"height":1350,"caption":"Kaelakee Scorch White Gem With Baby - NRTN_"},{"@type":"BreadcrumbList","@id":"https:\/\/tallinndesignhouse.com\/toode\/kaelakee-scorch-white-gem-with-baby-pearl\/#breadcrumb","itemListElement":[{"@type":"ListItem","position":1,"name":"Home","item":"https:\/\/tallinndesignhouse.com\/en\/"},{"@type":"ListItem","position":2,"name":"Shop","item":"https:\/\/tallinndesignhouse.com\/en\/shop\/"},{"@type":"ListItem","position":3,"name":"Necklace Scorch White Gem With Baby Pearl"}]},{"@type":"WebSite","@id":"https:\/\/tallinndesignhouse.com\/#website","url":"https:\/\/tallinndesignhouse.com\/","name":"Tallinn Design House","description":"Eesti disain Rotermanni kvartalis","potentialAction":[{"@type":"SearchAction","target":{"@type":"EntryPoint","urlTemplate":"https:\/\/tallinndesignhouse.com\/?s={search_term_string}"},"query-input":{"@type":"PropertyValueSpecification","valueRequired":true,"valueName":"search_term_string"}}],"inLanguage":"en-US"}]}},"_links":{"self":[{"href":"https:\/\/tallinndesignhouse.com\/en\/wp-json\/wp\/v2\/product\/3383532","targetHints":{"allow":["GET"]}}],"collection":[{"href":"https:\/\/tallinndesignhouse.com\/en\/wp-json\/wp\/v2\/product"}],"about":[{"href":"https:\/\/tallinndesignhouse.com\/en\/wp-json\/wp\/v2\/types\/product"}],"wp:featuredmedia":[{"embeddable":true,"href":"https:\/\/tallinndesignhouse.com\/en\/wp-json\/wp\/v2\/media\/3383538"}],"wp:attachment":[{"href":"https:\/\/tallinndesignhouse.com\/en\/wp-json\/wp\/v2\/media?parent=3383532"}],"wp:term":[{"taxonomy":"product_brand","embeddable":true,"href":"https:\/\/tallinndesignhouse.com\/en\/wp-json\/wp\/v2\/product_brand?post=3383532"},{"taxonomy":"product_cat","embeddable":true,"href":"https:\/\/tallinndesignhouse.com\/en\/wp-json\/wp\/v2\/product_cat?post=3383532"},{"taxonomy":"product_tag","embeddable":true,"href":"https:\/\/tallinndesignhouse.com\/en\/wp-json\/wp\/v2\/product_tag?post=3383532"}],"curies":[{"name":"wp","href":"https:\/\/api.w.org\/{rel}","templated":true}]}}