{"id":3383626,"date":"2025-10-25T20:20:06","date_gmt":"2025-10-25T17:20:06","guid":{"rendered":"https:\/\/tallinndesignhouse.com\/toode\/triiksark-ruscus-hallikasbeez\/"},"modified":"2026-04-29T01:02:53","modified_gmt":"2026-04-28T22:02:53","slug":"triiksark-ruscus-hallikasbeez","status":"publish","type":"product","link":"https:\/\/tallinndesignhouse.com\/en\/toode\/triiksark-ruscus-hallikasbeez\/","title":{"rendered":"Shirt RUSCUS greyish beige"},"content":{"rendered":"<p>Shirt \u201dRUSCUS\u201d by Hannes R\u00fc\u00fctel. Material: 97% cotton, 3% elastane. Cropped length. Made in Estonia. Size S: chest 104 cm, waist 98 cm, body length 66  cm, sleeve length 65cm. Size M: chest 108 cm, waist 104 cm, body length 67 cm, sleeve length 66 cm. Size L: chest 112  cm, waist 108cm, body length 67 cm, sleeve length 66 cm. Size XL:  chest 118 cm, waist 114 cm, body length 68 cm, sleeve length 67 cm.<\/p>\n","protected":false},"excerpt":{"rendered":"<p>Shirt \u201dRUSCUS\u201d by Hannes R\u00fc\u00fctel. Material: 97% cotton, 3% elastane. Cropped length. Made in Estonia. Size S: chest 104 cm, waist 98 cm, body length 66 cm, sleeve length 65cm. Size M: chest 108 cm, waist 104 cm, body length 67 cm, sleeve length 66 cm. Size L: chest 112 cm, waist 108cm, body length [&hellip;]<\/p>\n","protected":false},"featured_media":3383642,"template":"","meta":{"_acf_changed":false},"product_brand":[],"product_cat":[887,3717,888],"product_tag":[2820,2818],"class_list":{"0":"post-3383626","1":"product","2":"type-product","3":"status-publish","4":"has-post-thumbnail","6":"product_cat-roivad","7":"product_cat-kevadised-tooted","8":"product_cat-sargid_ja_pluusid","9":"product_tag-mehed","10":"product_tag-naised","11":"pa_brand-hannes-ruutel","13":"pa_suurus-l","15":"pa_suurus-m","17":"pa_suurus-s","19":"pa_suurus-xl","22":"first","23":"instock","24":"taxable","25":"shipping-taxable","26":"purchasable","27":"product-type-variable"},"acf":[],"yoast_head":"<!-- This site is optimized with the Yoast SEO plugin v26.0 - https:\/\/yoast.com\/wordpress\/plugins\/seo\/ -->\n<title>Hannes R\u00fc\u00fctel Shirt RUSCUS greyish beige - Tallinn Design House<\/title>\n<meta name=\"description\" content=\"Hannes R\u00fc\u00fctel triiks\u00e4rk RUSCUS hallikasbeez. Materjal: 97% puuvill, 3% elastaan. L\u00fchendatud pikkus. Valmistatud Eestis.\" \/>\n<meta name=\"robots\" content=\"index, follow, max-snippet:-1, max-image-preview:large, max-video-preview:-1\" \/>\n<link rel=\"canonical\" href=\"https:\/\/tallinndesignhouse.com\/toode\/triiksark-ruscus-hallikasbeez\/\" \/>\n<meta property=\"og:locale\" content=\"en_US\" \/>\n<meta property=\"og:type\" content=\"article\" \/>\n<meta property=\"og:title\" content=\"Hannes R\u00fc\u00fctel Shirt RUSCUS greyish beige - Tallinn Design House\" \/>\n<meta property=\"og:description\" content=\"Hannes R\u00fc\u00fctel triiks\u00e4rk RUSCUS hallikasbeez. Materjal: 97% puuvill, 3% elastaan. L\u00fchendatud pikkus. Valmistatud Eestis.\" \/>\n<meta property=\"og:url\" content=\"https:\/\/tallinndesignhouse.com\/toode\/triiksark-ruscus-hallikasbeez\/\" \/>\n<meta property=\"og:site_name\" content=\"Tallinn Design House\" \/>\n<meta property=\"article:modified_time\" content=\"2026-04-28T22:02:53+00:00\" \/>\n<meta property=\"og:image\" content=\"https:\/\/tallinndesignhouse.com\/wp-content\/uploads\/2025\/10\/Triiksark-RUSCUS-hallikasbeez-Hannes-Ruutel_.jpg\" \/>\n\t<meta property=\"og:image:width\" content=\"1080\" \/>\n\t<meta property=\"og:image:height\" content=\"1350\" \/>\n\t<meta property=\"og:image:type\" content=\"image\/jpeg\" \/>\n<meta name=\"twitter:card\" content=\"summary_large_image\" \/>\n<script type=\"application\/ld+json\" class=\"yoast-schema-graph\">{\"@context\":\"https:\/\/schema.org\",\"@graph\":[{\"@type\":\"WebPage\",\"@id\":\"https:\/\/tallinndesignhouse.com\/toode\/triiksark-ruscus-hallikasbeez\/\",\"url\":\"https:\/\/tallinndesignhouse.com\/toode\/triiksark-ruscus-hallikasbeez\/\",\"name\":\"Hannes R\u00fc\u00fctel Shirt RUSCUS greyish beige - Tallinn Design House\",\"isPartOf\":{\"@id\":\"https:\/\/tallinndesignhouse.com\/#website\"},\"primaryImageOfPage\":{\"@id\":\"https:\/\/tallinndesignhouse.com\/toode\/triiksark-ruscus-hallikasbeez\/#primaryimage\"},\"image\":{\"@id\":\"https:\/\/tallinndesignhouse.com\/toode\/triiksark-ruscus-hallikasbeez\/#primaryimage\"},\"thumbnailUrl\":\"https:\/\/tallinndesignhouse.com\/wp-content\/uploads\/2025\/10\/Triiksark-RUSCUS-hallikasbeez-Hannes-Ruutel_.jpg\",\"datePublished\":\"2025-10-25T17:20:06+00:00\",\"dateModified\":\"2026-04-28T22:02:53+00:00\",\"description\":\"Hannes R\u00fc\u00fctel triiks\u00e4rk RUSCUS hallikasbeez. Materjal: 97% puuvill, 3% elastaan. L\u00fchendatud pikkus. Valmistatud Eestis.\",\"breadcrumb\":{\"@id\":\"https:\/\/tallinndesignhouse.com\/toode\/triiksark-ruscus-hallikasbeez\/#breadcrumb\"},\"inLanguage\":\"en-US\",\"potentialAction\":[{\"@type\":\"ReadAction\",\"target\":[\"https:\/\/tallinndesignhouse.com\/toode\/triiksark-ruscus-hallikasbeez\/\"]}]},{\"@type\":\"ImageObject\",\"inLanguage\":\"en-US\",\"@id\":\"https:\/\/tallinndesignhouse.com\/toode\/triiksark-ruscus-hallikasbeez\/#primaryimage\",\"url\":\"https:\/\/tallinndesignhouse.com\/wp-content\/uploads\/2025\/10\/Triiksark-RUSCUS-hallikasbeez-Hannes-Ruutel_.jpg\",\"contentUrl\":\"https:\/\/tallinndesignhouse.com\/wp-content\/uploads\/2025\/10\/Triiksark-RUSCUS-hallikasbeez-Hannes-Ruutel_.jpg\",\"width\":1080,\"height\":1350,\"caption\":\"Triiksa\u0308rk RUSCUS hallikasbeez - Hannes Ru\u0308u\u0308tel_\"},{\"@type\":\"BreadcrumbList\",\"@id\":\"https:\/\/tallinndesignhouse.com\/toode\/triiksark-ruscus-hallikasbeez\/#breadcrumb\",\"itemListElement\":[{\"@type\":\"ListItem\",\"position\":1,\"name\":\"Home\",\"item\":\"https:\/\/tallinndesignhouse.com\/en\/\"},{\"@type\":\"ListItem\",\"position\":2,\"name\":\"Shop\",\"item\":\"https:\/\/tallinndesignhouse.com\/en\/shop\/\"},{\"@type\":\"ListItem\",\"position\":3,\"name\":\"Shirt RUSCUS greyish beige\"}]},{\"@type\":\"WebSite\",\"@id\":\"https:\/\/tallinndesignhouse.com\/#website\",\"url\":\"https:\/\/tallinndesignhouse.com\/\",\"name\":\"Tallinn Design House\",\"description\":\"Eesti disain Rotermanni kvartalis\",\"potentialAction\":[{\"@type\":\"SearchAction\",\"target\":{\"@type\":\"EntryPoint\",\"urlTemplate\":\"https:\/\/tallinndesignhouse.com\/?s={search_term_string}\"},\"query-input\":{\"@type\":\"PropertyValueSpecification\",\"valueRequired\":true,\"valueName\":\"search_term_string\"}}],\"inLanguage\":\"en-US\"}]}<\/script>\n<!-- \/ Yoast SEO plugin. -->","yoast_head_json":{"title":"Hannes R\u00fc\u00fctel Shirt RUSCUS greyish beige - Tallinn Design House","description":"Hannes R\u00fc\u00fctel triiks\u00e4rk RUSCUS hallikasbeez. Materjal: 97% puuvill, 3% elastaan. L\u00fchendatud pikkus. Valmistatud Eestis.","robots":{"index":"index","follow":"follow","max-snippet":"max-snippet:-1","max-image-preview":"max-image-preview:large","max-video-preview":"max-video-preview:-1"},"canonical":"https:\/\/tallinndesignhouse.com\/toode\/triiksark-ruscus-hallikasbeez\/","og_locale":"en_US","og_type":"article","og_title":"Hannes R\u00fc\u00fctel Shirt RUSCUS greyish beige - Tallinn Design House","og_description":"Hannes R\u00fc\u00fctel triiks\u00e4rk RUSCUS hallikasbeez. Materjal: 97% puuvill, 3% elastaan. L\u00fchendatud pikkus. Valmistatud Eestis.","og_url":"https:\/\/tallinndesignhouse.com\/toode\/triiksark-ruscus-hallikasbeez\/","og_site_name":"Tallinn Design House","article_modified_time":"2026-04-28T22:02:53+00:00","og_image":[{"width":1080,"height":1350,"url":"https:\/\/tallinndesignhouse.com\/wp-content\/uploads\/2025\/10\/Triiksark-RUSCUS-hallikasbeez-Hannes-Ruutel_.jpg","type":"image\/jpeg"}],"twitter_card":"summary_large_image","schema":{"@context":"https:\/\/schema.org","@graph":[{"@type":"WebPage","@id":"https:\/\/tallinndesignhouse.com\/toode\/triiksark-ruscus-hallikasbeez\/","url":"https:\/\/tallinndesignhouse.com\/toode\/triiksark-ruscus-hallikasbeez\/","name":"Hannes R\u00fc\u00fctel Shirt RUSCUS greyish beige - Tallinn Design House","isPartOf":{"@id":"https:\/\/tallinndesignhouse.com\/#website"},"primaryImageOfPage":{"@id":"https:\/\/tallinndesignhouse.com\/toode\/triiksark-ruscus-hallikasbeez\/#primaryimage"},"image":{"@id":"https:\/\/tallinndesignhouse.com\/toode\/triiksark-ruscus-hallikasbeez\/#primaryimage"},"thumbnailUrl":"https:\/\/tallinndesignhouse.com\/wp-content\/uploads\/2025\/10\/Triiksark-RUSCUS-hallikasbeez-Hannes-Ruutel_.jpg","datePublished":"2025-10-25T17:20:06+00:00","dateModified":"2026-04-28T22:02:53+00:00","description":"Hannes R\u00fc\u00fctel triiks\u00e4rk RUSCUS hallikasbeez. Materjal: 97% puuvill, 3% elastaan. L\u00fchendatud pikkus. Valmistatud Eestis.","breadcrumb":{"@id":"https:\/\/tallinndesignhouse.com\/toode\/triiksark-ruscus-hallikasbeez\/#breadcrumb"},"inLanguage":"en-US","potentialAction":[{"@type":"ReadAction","target":["https:\/\/tallinndesignhouse.com\/toode\/triiksark-ruscus-hallikasbeez\/"]}]},{"@type":"ImageObject","inLanguage":"en-US","@id":"https:\/\/tallinndesignhouse.com\/toode\/triiksark-ruscus-hallikasbeez\/#primaryimage","url":"https:\/\/tallinndesignhouse.com\/wp-content\/uploads\/2025\/10\/Triiksark-RUSCUS-hallikasbeez-Hannes-Ruutel_.jpg","contentUrl":"https:\/\/tallinndesignhouse.com\/wp-content\/uploads\/2025\/10\/Triiksark-RUSCUS-hallikasbeez-Hannes-Ruutel_.jpg","width":1080,"height":1350,"caption":"Triiksa\u0308rk RUSCUS hallikasbeez - Hannes Ru\u0308u\u0308tel_"},{"@type":"BreadcrumbList","@id":"https:\/\/tallinndesignhouse.com\/toode\/triiksark-ruscus-hallikasbeez\/#breadcrumb","itemListElement":[{"@type":"ListItem","position":1,"name":"Home","item":"https:\/\/tallinndesignhouse.com\/en\/"},{"@type":"ListItem","position":2,"name":"Shop","item":"https:\/\/tallinndesignhouse.com\/en\/shop\/"},{"@type":"ListItem","position":3,"name":"Shirt RUSCUS greyish beige"}]},{"@type":"WebSite","@id":"https:\/\/tallinndesignhouse.com\/#website","url":"https:\/\/tallinndesignhouse.com\/","name":"Tallinn Design House","description":"Eesti disain Rotermanni kvartalis","potentialAction":[{"@type":"SearchAction","target":{"@type":"EntryPoint","urlTemplate":"https:\/\/tallinndesignhouse.com\/?s={search_term_string}"},"query-input":{"@type":"PropertyValueSpecification","valueRequired":true,"valueName":"search_term_string"}}],"inLanguage":"en-US"}]}},"_links":{"self":[{"href":"https:\/\/tallinndesignhouse.com\/en\/wp-json\/wp\/v2\/product\/3383626","targetHints":{"allow":["GET"]}}],"collection":[{"href":"https:\/\/tallinndesignhouse.com\/en\/wp-json\/wp\/v2\/product"}],"about":[{"href":"https:\/\/tallinndesignhouse.com\/en\/wp-json\/wp\/v2\/types\/product"}],"wp:featuredmedia":[{"embeddable":true,"href":"https:\/\/tallinndesignhouse.com\/en\/wp-json\/wp\/v2\/media\/3383642"}],"wp:attachment":[{"href":"https:\/\/tallinndesignhouse.com\/en\/wp-json\/wp\/v2\/media?parent=3383626"}],"wp:term":[{"taxonomy":"product_brand","embeddable":true,"href":"https:\/\/tallinndesignhouse.com\/en\/wp-json\/wp\/v2\/product_brand?post=3383626"},{"taxonomy":"product_cat","embeddable":true,"href":"https:\/\/tallinndesignhouse.com\/en\/wp-json\/wp\/v2\/product_cat?post=3383626"},{"taxonomy":"product_tag","embeddable":true,"href":"https:\/\/tallinndesignhouse.com\/en\/wp-json\/wp\/v2\/product_tag?post=3383626"}],"curies":[{"name":"wp","href":"https:\/\/api.w.org\/{rel}","templated":true}]}}