{"id":3383668,"date":"2025-10-25T20:50:03","date_gmt":"2025-10-25T17:50:03","guid":{"rendered":"https:\/\/tallinndesignhouse.com\/toode\/unisex-t-sark-oiu-valge\/"},"modified":"2026-04-13T01:02:46","modified_gmt":"2026-04-12T22:02:46","slug":"unisex-t-sark-oiu-valge","status":"publish","type":"product","link":"https:\/\/tallinndesignhouse.com\/en\/toode\/unisex-t-sark-oiu-valge\/","title":{"rendered":"Unisex t-shirt OIU white"},"content":{"rendered":"<p>T-shirt OIU by Hannes R\u00fc\u00fctel. Material: 100% organic cotton (OEKO-TEX\u00ae, PETA-Approved Vegan). Unisex, relaxed fit. Ready-made product with unique embroidery designed by Hannes R\u00fc\u00fctel. Size S \u2013 chest 98 cm, body length 66 cm. Size M \u2013 chest 108 cm, body length 69 cm. Size L \u2013 chest 114 cm, body length 72 cm. Size XL \u2013 chest 120 cm, body length 74 cm. Size XL \u2013 chest 128 cm, body length 75 cm. Machine wash 30\u00b0C.<\/p>\n","protected":false},"excerpt":{"rendered":"<p>T-shirt OIU by Hannes R\u00fc\u00fctel. Material: 100% organic cotton (OEKO-TEX\u00ae, PETA-Approved Vegan). Unisex, relaxed fit. Ready-made product with unique embroidery designed by Hannes R\u00fc\u00fctel. Size S \u2013 chest 98 cm, body length 66 cm. Size M \u2013 chest 108 cm, body length 69 cm. Size L \u2013 chest 114 cm, body length 72 cm. Size [&hellip;]<\/p>\n","protected":false},"featured_media":3383718,"template":"","meta":{"_acf_changed":false},"product_brand":[],"product_cat":[1957,3718,2837],"product_tag":[2819,2821],"class_list":{"0":"post-3383668","1":"product","2":"type-product","3":"status-publish","4":"has-post-thumbnail","6":"product_cat-shirts-and-blouses","7":"product_cat-winter-style","8":"product_cat-clothes","9":"product_tag-women","10":"product_tag-men","11":"pa_brand-hannes-ruutel-en","13":"pa_suurus-l-en","14":"pa_suurus-m-en","15":"pa_suurus-s-en","16":"pa_suurus-xl-en","17":"pa_suurus-xs-en","18":"pa_suurus-xxl-en","26":"first","27":"instock","28":"taxable","29":"shipping-taxable","30":"purchasable","31":"product-type-variable"},"acf":[],"yoast_head":"<!-- This site is optimized with the Yoast SEO plugin v26.0 - https:\/\/yoast.com\/wordpress\/plugins\/seo\/ -->\n<title>Hannes R\u00fc\u00fctel Unisex t-shirt OIU white - Tallinn Design House<\/title>\n<meta name=\"description\" content=\"Hannes R\u00fc\u00fctel unisex t-s\u00e4rk OIU valge. Materjal: 100% orgaaniline puuvill.\" \/>\n<meta name=\"robots\" content=\"index, follow, max-snippet:-1, max-image-preview:large, max-video-preview:-1\" \/>\n<link rel=\"canonical\" href=\"https:\/\/tallinndesignhouse.com\/toode\/unisex-t-sark-oiu-valge\/\" \/>\n<meta property=\"og:locale\" content=\"en_US\" \/>\n<meta property=\"og:type\" content=\"article\" \/>\n<meta property=\"og:title\" content=\"Hannes R\u00fc\u00fctel Unisex t-shirt OIU white - Tallinn Design House\" \/>\n<meta property=\"og:description\" content=\"Hannes R\u00fc\u00fctel unisex t-s\u00e4rk OIU valge. Materjal: 100% orgaaniline puuvill.\" \/>\n<meta property=\"og:url\" content=\"https:\/\/tallinndesignhouse.com\/toode\/unisex-t-sark-oiu-valge\/\" \/>\n<meta property=\"og:site_name\" content=\"Tallinn Design House\" \/>\n<meta property=\"article:modified_time\" content=\"2026-04-12T22:02:46+00:00\" \/>\n<meta property=\"og:image\" content=\"https:\/\/tallinndesignhouse.com\/wp-content\/uploads\/2025\/10\/Unisex-t-sark-OIU-valge-Hannes-Ruutel_.jpg\" \/>\n\t<meta property=\"og:image:width\" content=\"1080\" \/>\n\t<meta property=\"og:image:height\" content=\"1350\" \/>\n\t<meta property=\"og:image:type\" content=\"image\/jpeg\" \/>\n<meta name=\"twitter:card\" content=\"summary_large_image\" \/>\n<script type=\"application\/ld+json\" class=\"yoast-schema-graph\">{\"@context\":\"https:\/\/schema.org\",\"@graph\":[{\"@type\":\"WebPage\",\"@id\":\"https:\/\/tallinndesignhouse.com\/toode\/unisex-t-sark-oiu-valge\/\",\"url\":\"https:\/\/tallinndesignhouse.com\/toode\/unisex-t-sark-oiu-valge\/\",\"name\":\"Hannes R\u00fc\u00fctel Unisex t-shirt OIU white - Tallinn Design House\",\"isPartOf\":{\"@id\":\"https:\/\/tallinndesignhouse.com\/#website\"},\"primaryImageOfPage\":{\"@id\":\"https:\/\/tallinndesignhouse.com\/toode\/unisex-t-sark-oiu-valge\/#primaryimage\"},\"image\":{\"@id\":\"https:\/\/tallinndesignhouse.com\/toode\/unisex-t-sark-oiu-valge\/#primaryimage\"},\"thumbnailUrl\":\"https:\/\/tallinndesignhouse.com\/wp-content\/uploads\/2025\/10\/Unisex-t-sark-OIU-valge-Hannes-Ruutel_.jpg\",\"datePublished\":\"2025-10-25T17:50:03+00:00\",\"dateModified\":\"2026-04-12T22:02:46+00:00\",\"description\":\"Hannes R\u00fc\u00fctel unisex t-s\u00e4rk OIU valge. Materjal: 100% orgaaniline puuvill.\",\"breadcrumb\":{\"@id\":\"https:\/\/tallinndesignhouse.com\/toode\/unisex-t-sark-oiu-valge\/#breadcrumb\"},\"inLanguage\":\"en-US\",\"potentialAction\":[{\"@type\":\"ReadAction\",\"target\":[\"https:\/\/tallinndesignhouse.com\/toode\/unisex-t-sark-oiu-valge\/\"]}]},{\"@type\":\"ImageObject\",\"inLanguage\":\"en-US\",\"@id\":\"https:\/\/tallinndesignhouse.com\/toode\/unisex-t-sark-oiu-valge\/#primaryimage\",\"url\":\"https:\/\/tallinndesignhouse.com\/wp-content\/uploads\/2025\/10\/Unisex-t-sark-OIU-valge-Hannes-Ruutel_.jpg\",\"contentUrl\":\"https:\/\/tallinndesignhouse.com\/wp-content\/uploads\/2025\/10\/Unisex-t-sark-OIU-valge-Hannes-Ruutel_.jpg\",\"width\":1080,\"height\":1350,\"caption\":\"Unisex t-sa\u0308rk OIU valge - Hannes Ru\u0308u\u0308tel_\"},{\"@type\":\"BreadcrumbList\",\"@id\":\"https:\/\/tallinndesignhouse.com\/toode\/unisex-t-sark-oiu-valge\/#breadcrumb\",\"itemListElement\":[{\"@type\":\"ListItem\",\"position\":1,\"name\":\"Home\",\"item\":\"https:\/\/tallinndesignhouse.com\/en\/\"},{\"@type\":\"ListItem\",\"position\":2,\"name\":\"Shop\",\"item\":\"https:\/\/tallinndesignhouse.com\/en\/shop\/\"},{\"@type\":\"ListItem\",\"position\":3,\"name\":\"Unisex t-shirt OIU white\"}]},{\"@type\":\"WebSite\",\"@id\":\"https:\/\/tallinndesignhouse.com\/#website\",\"url\":\"https:\/\/tallinndesignhouse.com\/\",\"name\":\"Tallinn Design House\",\"description\":\"Eesti disain Rotermanni kvartalis\",\"potentialAction\":[{\"@type\":\"SearchAction\",\"target\":{\"@type\":\"EntryPoint\",\"urlTemplate\":\"https:\/\/tallinndesignhouse.com\/?s={search_term_string}\"},\"query-input\":{\"@type\":\"PropertyValueSpecification\",\"valueRequired\":true,\"valueName\":\"search_term_string\"}}],\"inLanguage\":\"en-US\"}]}<\/script>\n<!-- \/ Yoast SEO plugin. -->","yoast_head_json":{"title":"Hannes R\u00fc\u00fctel Unisex t-shirt OIU white - Tallinn Design House","description":"Hannes R\u00fc\u00fctel unisex t-s\u00e4rk OIU valge. Materjal: 100% orgaaniline puuvill.","robots":{"index":"index","follow":"follow","max-snippet":"max-snippet:-1","max-image-preview":"max-image-preview:large","max-video-preview":"max-video-preview:-1"},"canonical":"https:\/\/tallinndesignhouse.com\/toode\/unisex-t-sark-oiu-valge\/","og_locale":"en_US","og_type":"article","og_title":"Hannes R\u00fc\u00fctel Unisex t-shirt OIU white - Tallinn Design House","og_description":"Hannes R\u00fc\u00fctel unisex t-s\u00e4rk OIU valge. Materjal: 100% orgaaniline puuvill.","og_url":"https:\/\/tallinndesignhouse.com\/toode\/unisex-t-sark-oiu-valge\/","og_site_name":"Tallinn Design House","article_modified_time":"2026-04-12T22:02:46+00:00","og_image":[{"width":1080,"height":1350,"url":"https:\/\/tallinndesignhouse.com\/wp-content\/uploads\/2025\/10\/Unisex-t-sark-OIU-valge-Hannes-Ruutel_.jpg","type":"image\/jpeg"}],"twitter_card":"summary_large_image","schema":{"@context":"https:\/\/schema.org","@graph":[{"@type":"WebPage","@id":"https:\/\/tallinndesignhouse.com\/toode\/unisex-t-sark-oiu-valge\/","url":"https:\/\/tallinndesignhouse.com\/toode\/unisex-t-sark-oiu-valge\/","name":"Hannes R\u00fc\u00fctel Unisex t-shirt OIU white - Tallinn Design House","isPartOf":{"@id":"https:\/\/tallinndesignhouse.com\/#website"},"primaryImageOfPage":{"@id":"https:\/\/tallinndesignhouse.com\/toode\/unisex-t-sark-oiu-valge\/#primaryimage"},"image":{"@id":"https:\/\/tallinndesignhouse.com\/toode\/unisex-t-sark-oiu-valge\/#primaryimage"},"thumbnailUrl":"https:\/\/tallinndesignhouse.com\/wp-content\/uploads\/2025\/10\/Unisex-t-sark-OIU-valge-Hannes-Ruutel_.jpg","datePublished":"2025-10-25T17:50:03+00:00","dateModified":"2026-04-12T22:02:46+00:00","description":"Hannes R\u00fc\u00fctel unisex t-s\u00e4rk OIU valge. Materjal: 100% orgaaniline puuvill.","breadcrumb":{"@id":"https:\/\/tallinndesignhouse.com\/toode\/unisex-t-sark-oiu-valge\/#breadcrumb"},"inLanguage":"en-US","potentialAction":[{"@type":"ReadAction","target":["https:\/\/tallinndesignhouse.com\/toode\/unisex-t-sark-oiu-valge\/"]}]},{"@type":"ImageObject","inLanguage":"en-US","@id":"https:\/\/tallinndesignhouse.com\/toode\/unisex-t-sark-oiu-valge\/#primaryimage","url":"https:\/\/tallinndesignhouse.com\/wp-content\/uploads\/2025\/10\/Unisex-t-sark-OIU-valge-Hannes-Ruutel_.jpg","contentUrl":"https:\/\/tallinndesignhouse.com\/wp-content\/uploads\/2025\/10\/Unisex-t-sark-OIU-valge-Hannes-Ruutel_.jpg","width":1080,"height":1350,"caption":"Unisex t-sa\u0308rk OIU valge - Hannes Ru\u0308u\u0308tel_"},{"@type":"BreadcrumbList","@id":"https:\/\/tallinndesignhouse.com\/toode\/unisex-t-sark-oiu-valge\/#breadcrumb","itemListElement":[{"@type":"ListItem","position":1,"name":"Home","item":"https:\/\/tallinndesignhouse.com\/en\/"},{"@type":"ListItem","position":2,"name":"Shop","item":"https:\/\/tallinndesignhouse.com\/en\/shop\/"},{"@type":"ListItem","position":3,"name":"Unisex t-shirt OIU white"}]},{"@type":"WebSite","@id":"https:\/\/tallinndesignhouse.com\/#website","url":"https:\/\/tallinndesignhouse.com\/","name":"Tallinn Design House","description":"Eesti disain Rotermanni kvartalis","potentialAction":[{"@type":"SearchAction","target":{"@type":"EntryPoint","urlTemplate":"https:\/\/tallinndesignhouse.com\/?s={search_term_string}"},"query-input":{"@type":"PropertyValueSpecification","valueRequired":true,"valueName":"search_term_string"}}],"inLanguage":"en-US"}]}},"_links":{"self":[{"href":"https:\/\/tallinndesignhouse.com\/en\/wp-json\/wp\/v2\/product\/3383668","targetHints":{"allow":["GET"]}}],"collection":[{"href":"https:\/\/tallinndesignhouse.com\/en\/wp-json\/wp\/v2\/product"}],"about":[{"href":"https:\/\/tallinndesignhouse.com\/en\/wp-json\/wp\/v2\/types\/product"}],"wp:featuredmedia":[{"embeddable":true,"href":"https:\/\/tallinndesignhouse.com\/en\/wp-json\/wp\/v2\/media\/3383718"}],"wp:attachment":[{"href":"https:\/\/tallinndesignhouse.com\/en\/wp-json\/wp\/v2\/media?parent=3383668"}],"wp:term":[{"taxonomy":"product_brand","embeddable":true,"href":"https:\/\/tallinndesignhouse.com\/en\/wp-json\/wp\/v2\/product_brand?post=3383668"},{"taxonomy":"product_cat","embeddable":true,"href":"https:\/\/tallinndesignhouse.com\/en\/wp-json\/wp\/v2\/product_cat?post=3383668"},{"taxonomy":"product_tag","embeddable":true,"href":"https:\/\/tallinndesignhouse.com\/en\/wp-json\/wp\/v2\/product_tag?post=3383668"}],"curies":[{"name":"wp","href":"https:\/\/api.w.org\/{rel}","templated":true}]}}