{"id":3383855,"date":"2025-10-25T21:35:07","date_gmt":"2025-10-25T18:35:07","guid":{"rendered":"https:\/\/tallinndesignhouse.com\/toode\/velvetpuksid-fiducia-kakaobeez\/"},"modified":"2026-04-29T01:02:46","modified_gmt":"2026-04-28T22:02:46","slug":"velvetpuksid-fiducia-kakaobeez","status":"publish","type":"product","link":"https:\/\/tallinndesignhouse.com\/en\/toode\/velvetpuksid-fiducia-kakaobeez\/","title":{"rendered":"Corduroy trousers FIDUCIA Cocoa Beige"},"content":{"rendered":"<p>Corduroy trousers FIDUCIA by Hannes R\u00fc\u00fctel. Material: 100% cotton. Wide fit. Made in Estonia. Size 46 (W30 L34) \u2013 waist 80 cm, outside length 107 cm. Size 48 (W32 L34) \u2013 waist 84 cm, outside length 108 cm. Size 50 (W34 L34) \u2013 waist 88 cm, outside length 109 cm. Size 52 (W34 L34) \u2013 waist 92 cm, outside length 110 cm.<\/p>\n","protected":false},"excerpt":{"rendered":"<p>Corduroy trousers FIDUCIA by Hannes R\u00fc\u00fctel. Material: 100% cotton. Wide fit. Made in Estonia. Size 46 (W30 L34) \u2013 waist 80 cm, outside length 107 cm. Size 48 (W32 L34) \u2013 waist 84 cm, outside length 108 cm. Size 50 (W34 L34) \u2013 waist 88 cm, outside length 109 cm. Size 52 (W34 L34) \u2013 [&hellip;]<\/p>\n","protected":false},"featured_media":3383876,"template":"","meta":{"_acf_changed":false},"product_brand":[],"product_cat":[885,887,3717,888],"product_tag":[2820,2818],"class_list":{"0":"post-3383855","1":"product","2":"type-product","3":"status-publish","4":"has-post-thumbnail","6":"product_cat-puksid","7":"product_cat-roivad","8":"product_cat-kevadised-tooted","9":"product_cat-sargid_ja_pluusid","10":"product_tag-mehed","11":"product_tag-naised","12":"pa_brand-hannes-ruutel","14":"pa_suurus-3351","16":"pa_varv-beez","17":"pa_varv-beige-en","19":"first","20":"instock","21":"taxable","22":"shipping-taxable","23":"purchasable","24":"product-type-variable"},"acf":[],"yoast_head":"<!-- This site is optimized with the Yoast SEO plugin v26.0 - https:\/\/yoast.com\/wordpress\/plugins\/seo\/ -->\n<title>Hannes R\u00fc\u00fctel Corduroy trousers FIDUCIA Cocoa Beige - Tallinn Design House<\/title>\n<meta name=\"description\" content=\"Hannes R\u00fc\u00fctel velvetp\u00fcksid FIDUCIA kakaobeez.\" \/>\n<meta name=\"robots\" content=\"index, follow, max-snippet:-1, max-image-preview:large, max-video-preview:-1\" \/>\n<link rel=\"canonical\" href=\"https:\/\/tallinndesignhouse.com\/toode\/velvetpuksid-fiducia-kakaobeez\/\" \/>\n<meta property=\"og:locale\" content=\"en_US\" \/>\n<meta property=\"og:type\" content=\"article\" \/>\n<meta property=\"og:title\" content=\"Hannes R\u00fc\u00fctel Corduroy trousers FIDUCIA Cocoa Beige - Tallinn Design House\" \/>\n<meta property=\"og:description\" content=\"Hannes R\u00fc\u00fctel velvetp\u00fcksid FIDUCIA kakaobeez.\" \/>\n<meta property=\"og:url\" content=\"https:\/\/tallinndesignhouse.com\/toode\/velvetpuksid-fiducia-kakaobeez\/\" \/>\n<meta property=\"og:site_name\" content=\"Tallinn Design House\" \/>\n<meta property=\"article:modified_time\" content=\"2026-04-28T22:02:46+00:00\" \/>\n<meta property=\"og:image\" content=\"https:\/\/tallinndesignhouse.com\/wp-content\/uploads\/2025\/10\/Velvetpuksid-FIDUCIA-kakaobeez-Hannes-Ruutel_.jpg\" \/>\n\t<meta property=\"og:image:width\" content=\"1080\" \/>\n\t<meta property=\"og:image:height\" content=\"1350\" \/>\n\t<meta property=\"og:image:type\" content=\"image\/jpeg\" \/>\n<meta name=\"twitter:card\" content=\"summary_large_image\" \/>\n<script type=\"application\/ld+json\" class=\"yoast-schema-graph\">{\"@context\":\"https:\/\/schema.org\",\"@graph\":[{\"@type\":\"WebPage\",\"@id\":\"https:\/\/tallinndesignhouse.com\/toode\/velvetpuksid-fiducia-kakaobeez\/\",\"url\":\"https:\/\/tallinndesignhouse.com\/toode\/velvetpuksid-fiducia-kakaobeez\/\",\"name\":\"Hannes R\u00fc\u00fctel Corduroy trousers FIDUCIA Cocoa Beige - Tallinn Design House\",\"isPartOf\":{\"@id\":\"https:\/\/tallinndesignhouse.com\/#website\"},\"primaryImageOfPage\":{\"@id\":\"https:\/\/tallinndesignhouse.com\/toode\/velvetpuksid-fiducia-kakaobeez\/#primaryimage\"},\"image\":{\"@id\":\"https:\/\/tallinndesignhouse.com\/toode\/velvetpuksid-fiducia-kakaobeez\/#primaryimage\"},\"thumbnailUrl\":\"https:\/\/tallinndesignhouse.com\/wp-content\/uploads\/2025\/10\/Velvetpuksid-FIDUCIA-kakaobeez-Hannes-Ruutel_.jpg\",\"datePublished\":\"2025-10-25T18:35:07+00:00\",\"dateModified\":\"2026-04-28T22:02:46+00:00\",\"description\":\"Hannes R\u00fc\u00fctel velvetp\u00fcksid FIDUCIA kakaobeez.\",\"breadcrumb\":{\"@id\":\"https:\/\/tallinndesignhouse.com\/toode\/velvetpuksid-fiducia-kakaobeez\/#breadcrumb\"},\"inLanguage\":\"en-US\",\"potentialAction\":[{\"@type\":\"ReadAction\",\"target\":[\"https:\/\/tallinndesignhouse.com\/toode\/velvetpuksid-fiducia-kakaobeez\/\"]}]},{\"@type\":\"ImageObject\",\"inLanguage\":\"en-US\",\"@id\":\"https:\/\/tallinndesignhouse.com\/toode\/velvetpuksid-fiducia-kakaobeez\/#primaryimage\",\"url\":\"https:\/\/tallinndesignhouse.com\/wp-content\/uploads\/2025\/10\/Velvetpuksid-FIDUCIA-kakaobeez-Hannes-Ruutel_.jpg\",\"contentUrl\":\"https:\/\/tallinndesignhouse.com\/wp-content\/uploads\/2025\/10\/Velvetpuksid-FIDUCIA-kakaobeez-Hannes-Ruutel_.jpg\",\"width\":1080,\"height\":1350,\"caption\":\"Velvetpu\u0308ksid FIDUCIA kakaobeez - Hannes Ru\u0308u\u0308tel_\"},{\"@type\":\"BreadcrumbList\",\"@id\":\"https:\/\/tallinndesignhouse.com\/toode\/velvetpuksid-fiducia-kakaobeez\/#breadcrumb\",\"itemListElement\":[{\"@type\":\"ListItem\",\"position\":1,\"name\":\"Home\",\"item\":\"https:\/\/tallinndesignhouse.com\/en\/\"},{\"@type\":\"ListItem\",\"position\":2,\"name\":\"Shop\",\"item\":\"https:\/\/tallinndesignhouse.com\/en\/shop\/\"},{\"@type\":\"ListItem\",\"position\":3,\"name\":\"Corduroy trousers FIDUCIA Cocoa Beige\"}]},{\"@type\":\"WebSite\",\"@id\":\"https:\/\/tallinndesignhouse.com\/#website\",\"url\":\"https:\/\/tallinndesignhouse.com\/\",\"name\":\"Tallinn Design House\",\"description\":\"Eesti disain Rotermanni kvartalis\",\"potentialAction\":[{\"@type\":\"SearchAction\",\"target\":{\"@type\":\"EntryPoint\",\"urlTemplate\":\"https:\/\/tallinndesignhouse.com\/?s={search_term_string}\"},\"query-input\":{\"@type\":\"PropertyValueSpecification\",\"valueRequired\":true,\"valueName\":\"search_term_string\"}}],\"inLanguage\":\"en-US\"}]}<\/script>\n<!-- \/ Yoast SEO plugin. -->","yoast_head_json":{"title":"Hannes R\u00fc\u00fctel Corduroy trousers FIDUCIA Cocoa Beige - Tallinn Design House","description":"Hannes R\u00fc\u00fctel velvetp\u00fcksid FIDUCIA kakaobeez.","robots":{"index":"index","follow":"follow","max-snippet":"max-snippet:-1","max-image-preview":"max-image-preview:large","max-video-preview":"max-video-preview:-1"},"canonical":"https:\/\/tallinndesignhouse.com\/toode\/velvetpuksid-fiducia-kakaobeez\/","og_locale":"en_US","og_type":"article","og_title":"Hannes R\u00fc\u00fctel Corduroy trousers FIDUCIA Cocoa Beige - Tallinn Design House","og_description":"Hannes R\u00fc\u00fctel velvetp\u00fcksid FIDUCIA kakaobeez.","og_url":"https:\/\/tallinndesignhouse.com\/toode\/velvetpuksid-fiducia-kakaobeez\/","og_site_name":"Tallinn Design House","article_modified_time":"2026-04-28T22:02:46+00:00","og_image":[{"width":1080,"height":1350,"url":"https:\/\/tallinndesignhouse.com\/wp-content\/uploads\/2025\/10\/Velvetpuksid-FIDUCIA-kakaobeez-Hannes-Ruutel_.jpg","type":"image\/jpeg"}],"twitter_card":"summary_large_image","schema":{"@context":"https:\/\/schema.org","@graph":[{"@type":"WebPage","@id":"https:\/\/tallinndesignhouse.com\/toode\/velvetpuksid-fiducia-kakaobeez\/","url":"https:\/\/tallinndesignhouse.com\/toode\/velvetpuksid-fiducia-kakaobeez\/","name":"Hannes R\u00fc\u00fctel Corduroy trousers FIDUCIA Cocoa Beige - Tallinn Design House","isPartOf":{"@id":"https:\/\/tallinndesignhouse.com\/#website"},"primaryImageOfPage":{"@id":"https:\/\/tallinndesignhouse.com\/toode\/velvetpuksid-fiducia-kakaobeez\/#primaryimage"},"image":{"@id":"https:\/\/tallinndesignhouse.com\/toode\/velvetpuksid-fiducia-kakaobeez\/#primaryimage"},"thumbnailUrl":"https:\/\/tallinndesignhouse.com\/wp-content\/uploads\/2025\/10\/Velvetpuksid-FIDUCIA-kakaobeez-Hannes-Ruutel_.jpg","datePublished":"2025-10-25T18:35:07+00:00","dateModified":"2026-04-28T22:02:46+00:00","description":"Hannes R\u00fc\u00fctel velvetp\u00fcksid FIDUCIA kakaobeez.","breadcrumb":{"@id":"https:\/\/tallinndesignhouse.com\/toode\/velvetpuksid-fiducia-kakaobeez\/#breadcrumb"},"inLanguage":"en-US","potentialAction":[{"@type":"ReadAction","target":["https:\/\/tallinndesignhouse.com\/toode\/velvetpuksid-fiducia-kakaobeez\/"]}]},{"@type":"ImageObject","inLanguage":"en-US","@id":"https:\/\/tallinndesignhouse.com\/toode\/velvetpuksid-fiducia-kakaobeez\/#primaryimage","url":"https:\/\/tallinndesignhouse.com\/wp-content\/uploads\/2025\/10\/Velvetpuksid-FIDUCIA-kakaobeez-Hannes-Ruutel_.jpg","contentUrl":"https:\/\/tallinndesignhouse.com\/wp-content\/uploads\/2025\/10\/Velvetpuksid-FIDUCIA-kakaobeez-Hannes-Ruutel_.jpg","width":1080,"height":1350,"caption":"Velvetpu\u0308ksid FIDUCIA kakaobeez - Hannes Ru\u0308u\u0308tel_"},{"@type":"BreadcrumbList","@id":"https:\/\/tallinndesignhouse.com\/toode\/velvetpuksid-fiducia-kakaobeez\/#breadcrumb","itemListElement":[{"@type":"ListItem","position":1,"name":"Home","item":"https:\/\/tallinndesignhouse.com\/en\/"},{"@type":"ListItem","position":2,"name":"Shop","item":"https:\/\/tallinndesignhouse.com\/en\/shop\/"},{"@type":"ListItem","position":3,"name":"Corduroy trousers FIDUCIA Cocoa Beige"}]},{"@type":"WebSite","@id":"https:\/\/tallinndesignhouse.com\/#website","url":"https:\/\/tallinndesignhouse.com\/","name":"Tallinn Design House","description":"Eesti disain Rotermanni kvartalis","potentialAction":[{"@type":"SearchAction","target":{"@type":"EntryPoint","urlTemplate":"https:\/\/tallinndesignhouse.com\/?s={search_term_string}"},"query-input":{"@type":"PropertyValueSpecification","valueRequired":true,"valueName":"search_term_string"}}],"inLanguage":"en-US"}]}},"_links":{"self":[{"href":"https:\/\/tallinndesignhouse.com\/en\/wp-json\/wp\/v2\/product\/3383855","targetHints":{"allow":["GET"]}}],"collection":[{"href":"https:\/\/tallinndesignhouse.com\/en\/wp-json\/wp\/v2\/product"}],"about":[{"href":"https:\/\/tallinndesignhouse.com\/en\/wp-json\/wp\/v2\/types\/product"}],"wp:featuredmedia":[{"embeddable":true,"href":"https:\/\/tallinndesignhouse.com\/en\/wp-json\/wp\/v2\/media\/3383876"}],"wp:attachment":[{"href":"https:\/\/tallinndesignhouse.com\/en\/wp-json\/wp\/v2\/media?parent=3383855"}],"wp:term":[{"taxonomy":"product_brand","embeddable":true,"href":"https:\/\/tallinndesignhouse.com\/en\/wp-json\/wp\/v2\/product_brand?post=3383855"},{"taxonomy":"product_cat","embeddable":true,"href":"https:\/\/tallinndesignhouse.com\/en\/wp-json\/wp\/v2\/product_cat?post=3383855"},{"taxonomy":"product_tag","embeddable":true,"href":"https:\/\/tallinndesignhouse.com\/en\/wp-json\/wp\/v2\/product_tag?post=3383855"}],"curies":[{"name":"wp","href":"https:\/\/api.w.org\/{rel}","templated":true}]}}