{"id":3383975,"date":"2025-10-30T09:05:06","date_gmt":"2025-10-30T07:05:06","guid":{"rendered":"https:\/\/tallinndesignhouse.com\/toode\/siidsark-silentium\/"},"modified":"2026-04-29T01:02:47","modified_gmt":"2026-04-28T22:02:47","slug":"siidsark-silentium","status":"publish","type":"product","link":"https:\/\/tallinndesignhouse.com\/en\/toode\/siidsark-silentium\/","title":{"rendered":"Silk shirt SILENTIUM"},"content":{"rendered":"<p>Silk shirt SILENTIUM by Hannes R\u00fc\u00fctel. Material: 100% Mulberry silk. Mother-of-pearl buttons. Detachable tie included. Relaxed fit. Made in Estonia. Kaspar is wearing a size M and his height is 186 cm. Helena is wearing a size M and her height is 175 cm. Size S \u2013 chest 100 cm, waist 96 cm, body length 73 cm, sleeve length 64,5 cm. Size M \u2013 chest 106 cm, waist 102 cm, body length 75 cm, sleeve length 65 cm. Size L \u2013 chest 112 cm, waist 108 cm, body length 75 cm, sleeve length 65,5 cm. Size XL \u2013 chest 118 cm, waist 114 cm, body length 75 cm, sleeve length 66 cm.<\/p>\n","protected":false},"excerpt":{"rendered":"<p>Silk shirt SILENTIUM by Hannes R\u00fc\u00fctel. Material: 100% Mulberry silk. Mother-of-pearl buttons. Detachable tie included. Relaxed fit. Made in Estonia. Kaspar is wearing a size M and his height is 186 cm. Helena is wearing a size M and her height is 175 cm. Size S \u2013 chest 100 cm, waist 96 cm, body length [&hellip;]<\/p>\n","protected":false},"featured_media":3383999,"template":"","meta":{"_acf_changed":false},"product_brand":[],"product_cat":[887,3717,888],"product_tag":[2820,2818],"class_list":{"0":"post-3383975","1":"product","2":"type-product","3":"status-publish","4":"has-post-thumbnail","6":"product_cat-roivad","7":"product_cat-kevadised-tooted","8":"product_cat-sargid_ja_pluusid","9":"product_tag-mehed","10":"product_tag-naised","11":"pa_brand-hannes-ruutel-en","13":"pa_suurus-l","15":"pa_suurus-m","17":"pa_suurus-s","19":"pa_suurus-xl","22":"first","23":"instock","24":"taxable","25":"shipping-taxable","26":"purchasable","27":"product-type-variable"},"acf":[],"yoast_head":"<!-- This site is optimized with the Yoast SEO plugin v26.0 - https:\/\/yoast.com\/wordpress\/plugins\/seo\/ -->\n<title>Hannes R\u00fc\u00fctel Silk shirt SILENTIUM - Tallinn Design House<\/title>\n<meta name=\"description\" content=\"Hannes R\u00fc\u00fctel siids\u00e4rk SILENTIUM. Materjal: 100% Mulberry siid. Teokarpn\u00f6\u00f6bid. Kaasas eemaldatav lipsupael. Sirge l\u00f5ige. Toodetud Eestis.\" \/>\n<meta name=\"robots\" content=\"index, follow, max-snippet:-1, max-image-preview:large, max-video-preview:-1\" \/>\n<link rel=\"canonical\" href=\"https:\/\/tallinndesignhouse.com\/toode\/siidsark-silentium\/\" \/>\n<meta property=\"og:locale\" content=\"en_US\" \/>\n<meta property=\"og:type\" content=\"article\" \/>\n<meta property=\"og:title\" content=\"Hannes R\u00fc\u00fctel Silk shirt SILENTIUM - Tallinn Design House\" \/>\n<meta property=\"og:description\" content=\"Hannes R\u00fc\u00fctel siids\u00e4rk SILENTIUM. Materjal: 100% Mulberry siid. Teokarpn\u00f6\u00f6bid. Kaasas eemaldatav lipsupael. Sirge l\u00f5ige. Toodetud Eestis.\" \/>\n<meta property=\"og:url\" content=\"https:\/\/tallinndesignhouse.com\/toode\/siidsark-silentium\/\" \/>\n<meta property=\"og:site_name\" content=\"Tallinn Design House\" \/>\n<meta property=\"article:modified_time\" content=\"2026-04-28T22:02:47+00:00\" \/>\n<meta property=\"og:image\" content=\"https:\/\/tallinndesignhouse.com\/wp-content\/uploads\/2025\/10\/Siidsark-SILENTIUM-Hannes-Ruutel_.jpg\" \/>\n\t<meta property=\"og:image:width\" content=\"1080\" \/>\n\t<meta property=\"og:image:height\" content=\"1350\" \/>\n\t<meta property=\"og:image:type\" content=\"image\/jpeg\" \/>\n<meta name=\"twitter:card\" content=\"summary_large_image\" \/>\n<meta name=\"twitter:label1\" content=\"Est. reading time\" \/>\n\t<meta name=\"twitter:data1\" content=\"1 minute\" \/>\n<script type=\"application\/ld+json\" class=\"yoast-schema-graph\">{\"@context\":\"https:\/\/schema.org\",\"@graph\":[{\"@type\":\"WebPage\",\"@id\":\"https:\/\/tallinndesignhouse.com\/toode\/siidsark-silentium\/\",\"url\":\"https:\/\/tallinndesignhouse.com\/toode\/siidsark-silentium\/\",\"name\":\"Hannes R\u00fc\u00fctel Silk shirt SILENTIUM - Tallinn Design House\",\"isPartOf\":{\"@id\":\"https:\/\/tallinndesignhouse.com\/#website\"},\"primaryImageOfPage\":{\"@id\":\"https:\/\/tallinndesignhouse.com\/toode\/siidsark-silentium\/#primaryimage\"},\"image\":{\"@id\":\"https:\/\/tallinndesignhouse.com\/toode\/siidsark-silentium\/#primaryimage\"},\"thumbnailUrl\":\"https:\/\/tallinndesignhouse.com\/wp-content\/uploads\/2025\/10\/Siidsark-SILENTIUM-Hannes-Ruutel_.jpg\",\"datePublished\":\"2025-10-30T07:05:06+00:00\",\"dateModified\":\"2026-04-28T22:02:47+00:00\",\"description\":\"Hannes R\u00fc\u00fctel siids\u00e4rk SILENTIUM. Materjal: 100% Mulberry siid. Teokarpn\u00f6\u00f6bid. Kaasas eemaldatav lipsupael. Sirge l\u00f5ige. Toodetud Eestis.\",\"breadcrumb\":{\"@id\":\"https:\/\/tallinndesignhouse.com\/toode\/siidsark-silentium\/#breadcrumb\"},\"inLanguage\":\"en-US\",\"potentialAction\":[{\"@type\":\"ReadAction\",\"target\":[\"https:\/\/tallinndesignhouse.com\/toode\/siidsark-silentium\/\"]}]},{\"@type\":\"ImageObject\",\"inLanguage\":\"en-US\",\"@id\":\"https:\/\/tallinndesignhouse.com\/toode\/siidsark-silentium\/#primaryimage\",\"url\":\"https:\/\/tallinndesignhouse.com\/wp-content\/uploads\/2025\/10\/Siidsark-SILENTIUM-Hannes-Ruutel_.jpg\",\"contentUrl\":\"https:\/\/tallinndesignhouse.com\/wp-content\/uploads\/2025\/10\/Siidsark-SILENTIUM-Hannes-Ruutel_.jpg\",\"width\":1080,\"height\":1350,\"caption\":\"Siidsa\u0308rk SILENTIUM - Hannes Ru\u0308u\u0308tel_\"},{\"@type\":\"BreadcrumbList\",\"@id\":\"https:\/\/tallinndesignhouse.com\/toode\/siidsark-silentium\/#breadcrumb\",\"itemListElement\":[{\"@type\":\"ListItem\",\"position\":1,\"name\":\"Home\",\"item\":\"https:\/\/tallinndesignhouse.com\/en\/\"},{\"@type\":\"ListItem\",\"position\":2,\"name\":\"Shop\",\"item\":\"https:\/\/tallinndesignhouse.com\/en\/shop\/\"},{\"@type\":\"ListItem\",\"position\":3,\"name\":\"Silk shirt SILENTIUM\"}]},{\"@type\":\"WebSite\",\"@id\":\"https:\/\/tallinndesignhouse.com\/#website\",\"url\":\"https:\/\/tallinndesignhouse.com\/\",\"name\":\"Tallinn Design House\",\"description\":\"Eesti disain Rotermanni kvartalis\",\"potentialAction\":[{\"@type\":\"SearchAction\",\"target\":{\"@type\":\"EntryPoint\",\"urlTemplate\":\"https:\/\/tallinndesignhouse.com\/?s={search_term_string}\"},\"query-input\":{\"@type\":\"PropertyValueSpecification\",\"valueRequired\":true,\"valueName\":\"search_term_string\"}}],\"inLanguage\":\"en-US\"}]}<\/script>\n<!-- \/ Yoast SEO plugin. -->","yoast_head_json":{"title":"Hannes R\u00fc\u00fctel Silk shirt SILENTIUM - Tallinn Design House","description":"Hannes R\u00fc\u00fctel siids\u00e4rk SILENTIUM. Materjal: 100% Mulberry siid. Teokarpn\u00f6\u00f6bid. Kaasas eemaldatav lipsupael. Sirge l\u00f5ige. Toodetud Eestis.","robots":{"index":"index","follow":"follow","max-snippet":"max-snippet:-1","max-image-preview":"max-image-preview:large","max-video-preview":"max-video-preview:-1"},"canonical":"https:\/\/tallinndesignhouse.com\/toode\/siidsark-silentium\/","og_locale":"en_US","og_type":"article","og_title":"Hannes R\u00fc\u00fctel Silk shirt SILENTIUM - Tallinn Design House","og_description":"Hannes R\u00fc\u00fctel siids\u00e4rk SILENTIUM. Materjal: 100% Mulberry siid. Teokarpn\u00f6\u00f6bid. Kaasas eemaldatav lipsupael. Sirge l\u00f5ige. Toodetud Eestis.","og_url":"https:\/\/tallinndesignhouse.com\/toode\/siidsark-silentium\/","og_site_name":"Tallinn Design House","article_modified_time":"2026-04-28T22:02:47+00:00","og_image":[{"width":1080,"height":1350,"url":"https:\/\/tallinndesignhouse.com\/wp-content\/uploads\/2025\/10\/Siidsark-SILENTIUM-Hannes-Ruutel_.jpg","type":"image\/jpeg"}],"twitter_card":"summary_large_image","twitter_misc":{"Est. reading time":"1 minute"},"schema":{"@context":"https:\/\/schema.org","@graph":[{"@type":"WebPage","@id":"https:\/\/tallinndesignhouse.com\/toode\/siidsark-silentium\/","url":"https:\/\/tallinndesignhouse.com\/toode\/siidsark-silentium\/","name":"Hannes R\u00fc\u00fctel Silk shirt SILENTIUM - Tallinn Design House","isPartOf":{"@id":"https:\/\/tallinndesignhouse.com\/#website"},"primaryImageOfPage":{"@id":"https:\/\/tallinndesignhouse.com\/toode\/siidsark-silentium\/#primaryimage"},"image":{"@id":"https:\/\/tallinndesignhouse.com\/toode\/siidsark-silentium\/#primaryimage"},"thumbnailUrl":"https:\/\/tallinndesignhouse.com\/wp-content\/uploads\/2025\/10\/Siidsark-SILENTIUM-Hannes-Ruutel_.jpg","datePublished":"2025-10-30T07:05:06+00:00","dateModified":"2026-04-28T22:02:47+00:00","description":"Hannes R\u00fc\u00fctel siids\u00e4rk SILENTIUM. Materjal: 100% Mulberry siid. Teokarpn\u00f6\u00f6bid. Kaasas eemaldatav lipsupael. Sirge l\u00f5ige. Toodetud Eestis.","breadcrumb":{"@id":"https:\/\/tallinndesignhouse.com\/toode\/siidsark-silentium\/#breadcrumb"},"inLanguage":"en-US","potentialAction":[{"@type":"ReadAction","target":["https:\/\/tallinndesignhouse.com\/toode\/siidsark-silentium\/"]}]},{"@type":"ImageObject","inLanguage":"en-US","@id":"https:\/\/tallinndesignhouse.com\/toode\/siidsark-silentium\/#primaryimage","url":"https:\/\/tallinndesignhouse.com\/wp-content\/uploads\/2025\/10\/Siidsark-SILENTIUM-Hannes-Ruutel_.jpg","contentUrl":"https:\/\/tallinndesignhouse.com\/wp-content\/uploads\/2025\/10\/Siidsark-SILENTIUM-Hannes-Ruutel_.jpg","width":1080,"height":1350,"caption":"Siidsa\u0308rk SILENTIUM - Hannes Ru\u0308u\u0308tel_"},{"@type":"BreadcrumbList","@id":"https:\/\/tallinndesignhouse.com\/toode\/siidsark-silentium\/#breadcrumb","itemListElement":[{"@type":"ListItem","position":1,"name":"Home","item":"https:\/\/tallinndesignhouse.com\/en\/"},{"@type":"ListItem","position":2,"name":"Shop","item":"https:\/\/tallinndesignhouse.com\/en\/shop\/"},{"@type":"ListItem","position":3,"name":"Silk shirt SILENTIUM"}]},{"@type":"WebSite","@id":"https:\/\/tallinndesignhouse.com\/#website","url":"https:\/\/tallinndesignhouse.com\/","name":"Tallinn Design House","description":"Eesti disain Rotermanni kvartalis","potentialAction":[{"@type":"SearchAction","target":{"@type":"EntryPoint","urlTemplate":"https:\/\/tallinndesignhouse.com\/?s={search_term_string}"},"query-input":{"@type":"PropertyValueSpecification","valueRequired":true,"valueName":"search_term_string"}}],"inLanguage":"en-US"}]}},"_links":{"self":[{"href":"https:\/\/tallinndesignhouse.com\/en\/wp-json\/wp\/v2\/product\/3383975","targetHints":{"allow":["GET"]}}],"collection":[{"href":"https:\/\/tallinndesignhouse.com\/en\/wp-json\/wp\/v2\/product"}],"about":[{"href":"https:\/\/tallinndesignhouse.com\/en\/wp-json\/wp\/v2\/types\/product"}],"wp:featuredmedia":[{"embeddable":true,"href":"https:\/\/tallinndesignhouse.com\/en\/wp-json\/wp\/v2\/media\/3383999"}],"wp:attachment":[{"href":"https:\/\/tallinndesignhouse.com\/en\/wp-json\/wp\/v2\/media?parent=3383975"}],"wp:term":[{"taxonomy":"product_brand","embeddable":true,"href":"https:\/\/tallinndesignhouse.com\/en\/wp-json\/wp\/v2\/product_brand?post=3383975"},{"taxonomy":"product_cat","embeddable":true,"href":"https:\/\/tallinndesignhouse.com\/en\/wp-json\/wp\/v2\/product_cat?post=3383975"},{"taxonomy":"product_tag","embeddable":true,"href":"https:\/\/tallinndesignhouse.com\/en\/wp-json\/wp\/v2\/product_tag?post=3383975"}],"curies":[{"name":"wp","href":"https:\/\/api.w.org\/{rel}","templated":true}]}}