{"id":3384430,"date":"2025-11-09T18:05:07","date_gmt":"2025-11-09T16:05:07","guid":{"rendered":"https:\/\/tallinndesignhouse.com\/toode\/luhike-alpakavilla-segu-sall-dots-beezi-uleminekutooniga\/"},"modified":"2026-04-12T00:57:20","modified_gmt":"2026-04-11T21:57:20","slug":"luhike-alpakavilla-segu-sall-dots-beezi-uleminekutooniga","status":"publish","type":"product","link":"https:\/\/tallinndesignhouse.com\/en\/toode\/luhike-alpakavilla-segu-sall-dots-beezi-uleminekutooniga\/","title":{"rendered":"Short DOTS Alpaca blend wool scarf beige gradient"},"content":{"rendered":"<p>The Dots fine alpaca wool blend scarf by Kelpman Textile is airy and warm. The colour-changing scarf uses natural uncoloured alpaca yarn. The short scarf is woven in a small edition from high-quality materials. No chemicals are used in the process. Composition: fine alpaca, wool. Dimensions: 48 cm x 140 cm. Product care: Dry clean or gentle hand wash at a temperature of up to 30\u00b0C, without spinning. Made in Finland and Estonia.<\/p>\n","protected":false},"excerpt":{"rendered":"<p>The Dots fine alpaca wool blend scarf by Kelpman Textile is airy and warm. The colour-changing scarf uses natural uncoloured alpaca yarn. The short scarf is woven in a small edition from high-quality materials. No chemicals are used in the process. Composition: fine alpaca, wool. Dimensions: 48 cm x 140 cm. Product care: Dry clean [&hellip;]<\/p>\n","protected":false},"featured_media":3384438,"template":"","meta":{"_acf_changed":false},"product_brand":[],"product_cat":[1972,3296,3718],"product_tag":[2819],"class_list":{"0":"post-3384430","1":"product","2":"type-product","3":"status-publish","4":"has-post-thumbnail","6":"product_cat-headwear-and-scarves","7":"product_cat-accessories-en","8":"product_cat-winter-style","9":"product_tag-women","10":"pa_brand-kelpman-textile-en","11":"pa_brand-kelpman-textile","13":"first","14":"instock","15":"taxable","16":"shipping-taxable","17":"purchasable","18":"product-type-simple"},"acf":[],"yoast_head":"<!-- This site is optimized with the Yoast SEO plugin v26.0 - https:\/\/yoast.com\/wordpress\/plugins\/seo\/ -->\n<title>Kelpman Textile Short DOTS Alpaca blend wool scarf beige gradient - Tallinn Design House<\/title>\n<meta name=\"description\" content=\"Kelpman Textile l\u00fchike alpakavilla segu sall DOTS beezi \u00fcleminekutooniga. Koostis: peen alpakavill, vill. M\u00f5\u00f5dud: 48 cm x 140 cm.\" \/>\n<meta name=\"robots\" content=\"index, follow, max-snippet:-1, max-image-preview:large, max-video-preview:-1\" \/>\n<link rel=\"canonical\" href=\"https:\/\/tallinndesignhouse.com\/toode\/luhike-alpakavilla-segu-sall-dots-beezi-uleminekutooniga\/\" \/>\n<meta property=\"og:locale\" content=\"en_US\" \/>\n<meta property=\"og:type\" content=\"article\" \/>\n<meta property=\"og:title\" content=\"Kelpman Textile Short DOTS Alpaca blend wool scarf beige gradient - Tallinn Design House\" \/>\n<meta property=\"og:description\" content=\"Kelpman Textile l\u00fchike alpakavilla segu sall DOTS beezi \u00fcleminekutooniga. Koostis: peen alpakavill, vill. M\u00f5\u00f5dud: 48 cm x 140 cm.\" \/>\n<meta property=\"og:url\" content=\"https:\/\/tallinndesignhouse.com\/toode\/luhike-alpakavilla-segu-sall-dots-beezi-uleminekutooniga\/\" \/>\n<meta property=\"og:site_name\" content=\"Tallinn Design House\" \/>\n<meta property=\"article:modified_time\" content=\"2026-04-11T21:57:20+00:00\" \/>\n<meta property=\"og:image\" content=\"https:\/\/tallinndesignhouse.com\/wp-content\/uploads\/2025\/11\/Luhike-alpakavilla-segu-sall-DOTS-beezi-uleminekutooniga-Kelpman-Textile.jpg\" \/>\n\t<meta property=\"og:image:width\" content=\"1080\" \/>\n\t<meta property=\"og:image:height\" content=\"1350\" \/>\n\t<meta property=\"og:image:type\" content=\"image\/jpeg\" \/>\n<meta name=\"twitter:card\" content=\"summary_large_image\" \/>\n<script type=\"application\/ld+json\" class=\"yoast-schema-graph\">{\"@context\":\"https:\/\/schema.org\",\"@graph\":[{\"@type\":\"WebPage\",\"@id\":\"https:\/\/tallinndesignhouse.com\/toode\/luhike-alpakavilla-segu-sall-dots-beezi-uleminekutooniga\/\",\"url\":\"https:\/\/tallinndesignhouse.com\/toode\/luhike-alpakavilla-segu-sall-dots-beezi-uleminekutooniga\/\",\"name\":\"Kelpman Textile Short DOTS Alpaca blend wool scarf beige gradient - Tallinn Design House\",\"isPartOf\":{\"@id\":\"https:\/\/tallinndesignhouse.com\/#website\"},\"primaryImageOfPage\":{\"@id\":\"https:\/\/tallinndesignhouse.com\/toode\/luhike-alpakavilla-segu-sall-dots-beezi-uleminekutooniga\/#primaryimage\"},\"image\":{\"@id\":\"https:\/\/tallinndesignhouse.com\/toode\/luhike-alpakavilla-segu-sall-dots-beezi-uleminekutooniga\/#primaryimage\"},\"thumbnailUrl\":\"https:\/\/tallinndesignhouse.com\/wp-content\/uploads\/2025\/11\/Luhike-alpakavilla-segu-sall-DOTS-beezi-uleminekutooniga-Kelpman-Textile.jpg\",\"datePublished\":\"2025-11-09T16:05:07+00:00\",\"dateModified\":\"2026-04-11T21:57:20+00:00\",\"description\":\"Kelpman Textile l\u00fchike alpakavilla segu sall DOTS beezi \u00fcleminekutooniga. Koostis: peen alpakavill, vill. M\u00f5\u00f5dud: 48 cm x 140 cm.\",\"breadcrumb\":{\"@id\":\"https:\/\/tallinndesignhouse.com\/toode\/luhike-alpakavilla-segu-sall-dots-beezi-uleminekutooniga\/#breadcrumb\"},\"inLanguage\":\"en-US\",\"potentialAction\":[{\"@type\":\"ReadAction\",\"target\":[\"https:\/\/tallinndesignhouse.com\/toode\/luhike-alpakavilla-segu-sall-dots-beezi-uleminekutooniga\/\"]}]},{\"@type\":\"ImageObject\",\"inLanguage\":\"en-US\",\"@id\":\"https:\/\/tallinndesignhouse.com\/toode\/luhike-alpakavilla-segu-sall-dots-beezi-uleminekutooniga\/#primaryimage\",\"url\":\"https:\/\/tallinndesignhouse.com\/wp-content\/uploads\/2025\/11\/Luhike-alpakavilla-segu-sall-DOTS-beezi-uleminekutooniga-Kelpman-Textile.jpg\",\"contentUrl\":\"https:\/\/tallinndesignhouse.com\/wp-content\/uploads\/2025\/11\/Luhike-alpakavilla-segu-sall-DOTS-beezi-uleminekutooniga-Kelpman-Textile.jpg\",\"width\":1080,\"height\":1350,\"caption\":\"Lu\u0308hike alpakavilla segu sall DOTS beezi u\u0308leminekutooniga - Kelpman Textile\"},{\"@type\":\"BreadcrumbList\",\"@id\":\"https:\/\/tallinndesignhouse.com\/toode\/luhike-alpakavilla-segu-sall-dots-beezi-uleminekutooniga\/#breadcrumb\",\"itemListElement\":[{\"@type\":\"ListItem\",\"position\":1,\"name\":\"Home\",\"item\":\"https:\/\/tallinndesignhouse.com\/en\/\"},{\"@type\":\"ListItem\",\"position\":2,\"name\":\"Shop\",\"item\":\"https:\/\/tallinndesignhouse.com\/en\/shop\/\"},{\"@type\":\"ListItem\",\"position\":3,\"name\":\"Short DOTS Alpaca blend wool scarf beige gradient\"}]},{\"@type\":\"WebSite\",\"@id\":\"https:\/\/tallinndesignhouse.com\/#website\",\"url\":\"https:\/\/tallinndesignhouse.com\/\",\"name\":\"Tallinn Design House\",\"description\":\"Eesti disain Rotermanni kvartalis\",\"potentialAction\":[{\"@type\":\"SearchAction\",\"target\":{\"@type\":\"EntryPoint\",\"urlTemplate\":\"https:\/\/tallinndesignhouse.com\/?s={search_term_string}\"},\"query-input\":{\"@type\":\"PropertyValueSpecification\",\"valueRequired\":true,\"valueName\":\"search_term_string\"}}],\"inLanguage\":\"en-US\"}]}<\/script>\n<!-- \/ Yoast SEO plugin. -->","yoast_head_json":{"title":"Kelpman Textile Short DOTS Alpaca blend wool scarf beige gradient - Tallinn Design House","description":"Kelpman Textile l\u00fchike alpakavilla segu sall DOTS beezi \u00fcleminekutooniga. Koostis: peen alpakavill, vill. M\u00f5\u00f5dud: 48 cm x 140 cm.","robots":{"index":"index","follow":"follow","max-snippet":"max-snippet:-1","max-image-preview":"max-image-preview:large","max-video-preview":"max-video-preview:-1"},"canonical":"https:\/\/tallinndesignhouse.com\/toode\/luhike-alpakavilla-segu-sall-dots-beezi-uleminekutooniga\/","og_locale":"en_US","og_type":"article","og_title":"Kelpman Textile Short DOTS Alpaca blend wool scarf beige gradient - Tallinn Design House","og_description":"Kelpman Textile l\u00fchike alpakavilla segu sall DOTS beezi \u00fcleminekutooniga. Koostis: peen alpakavill, vill. M\u00f5\u00f5dud: 48 cm x 140 cm.","og_url":"https:\/\/tallinndesignhouse.com\/toode\/luhike-alpakavilla-segu-sall-dots-beezi-uleminekutooniga\/","og_site_name":"Tallinn Design House","article_modified_time":"2026-04-11T21:57:20+00:00","og_image":[{"width":1080,"height":1350,"url":"https:\/\/tallinndesignhouse.com\/wp-content\/uploads\/2025\/11\/Luhike-alpakavilla-segu-sall-DOTS-beezi-uleminekutooniga-Kelpman-Textile.jpg","type":"image\/jpeg"}],"twitter_card":"summary_large_image","schema":{"@context":"https:\/\/schema.org","@graph":[{"@type":"WebPage","@id":"https:\/\/tallinndesignhouse.com\/toode\/luhike-alpakavilla-segu-sall-dots-beezi-uleminekutooniga\/","url":"https:\/\/tallinndesignhouse.com\/toode\/luhike-alpakavilla-segu-sall-dots-beezi-uleminekutooniga\/","name":"Kelpman Textile Short DOTS Alpaca blend wool scarf beige gradient - Tallinn Design House","isPartOf":{"@id":"https:\/\/tallinndesignhouse.com\/#website"},"primaryImageOfPage":{"@id":"https:\/\/tallinndesignhouse.com\/toode\/luhike-alpakavilla-segu-sall-dots-beezi-uleminekutooniga\/#primaryimage"},"image":{"@id":"https:\/\/tallinndesignhouse.com\/toode\/luhike-alpakavilla-segu-sall-dots-beezi-uleminekutooniga\/#primaryimage"},"thumbnailUrl":"https:\/\/tallinndesignhouse.com\/wp-content\/uploads\/2025\/11\/Luhike-alpakavilla-segu-sall-DOTS-beezi-uleminekutooniga-Kelpman-Textile.jpg","datePublished":"2025-11-09T16:05:07+00:00","dateModified":"2026-04-11T21:57:20+00:00","description":"Kelpman Textile l\u00fchike alpakavilla segu sall DOTS beezi \u00fcleminekutooniga. Koostis: peen alpakavill, vill. M\u00f5\u00f5dud: 48 cm x 140 cm.","breadcrumb":{"@id":"https:\/\/tallinndesignhouse.com\/toode\/luhike-alpakavilla-segu-sall-dots-beezi-uleminekutooniga\/#breadcrumb"},"inLanguage":"en-US","potentialAction":[{"@type":"ReadAction","target":["https:\/\/tallinndesignhouse.com\/toode\/luhike-alpakavilla-segu-sall-dots-beezi-uleminekutooniga\/"]}]},{"@type":"ImageObject","inLanguage":"en-US","@id":"https:\/\/tallinndesignhouse.com\/toode\/luhike-alpakavilla-segu-sall-dots-beezi-uleminekutooniga\/#primaryimage","url":"https:\/\/tallinndesignhouse.com\/wp-content\/uploads\/2025\/11\/Luhike-alpakavilla-segu-sall-DOTS-beezi-uleminekutooniga-Kelpman-Textile.jpg","contentUrl":"https:\/\/tallinndesignhouse.com\/wp-content\/uploads\/2025\/11\/Luhike-alpakavilla-segu-sall-DOTS-beezi-uleminekutooniga-Kelpman-Textile.jpg","width":1080,"height":1350,"caption":"Lu\u0308hike alpakavilla segu sall DOTS beezi u\u0308leminekutooniga - Kelpman Textile"},{"@type":"BreadcrumbList","@id":"https:\/\/tallinndesignhouse.com\/toode\/luhike-alpakavilla-segu-sall-dots-beezi-uleminekutooniga\/#breadcrumb","itemListElement":[{"@type":"ListItem","position":1,"name":"Home","item":"https:\/\/tallinndesignhouse.com\/en\/"},{"@type":"ListItem","position":2,"name":"Shop","item":"https:\/\/tallinndesignhouse.com\/en\/shop\/"},{"@type":"ListItem","position":3,"name":"Short DOTS Alpaca blend wool scarf beige gradient"}]},{"@type":"WebSite","@id":"https:\/\/tallinndesignhouse.com\/#website","url":"https:\/\/tallinndesignhouse.com\/","name":"Tallinn Design House","description":"Eesti disain Rotermanni kvartalis","potentialAction":[{"@type":"SearchAction","target":{"@type":"EntryPoint","urlTemplate":"https:\/\/tallinndesignhouse.com\/?s={search_term_string}"},"query-input":{"@type":"PropertyValueSpecification","valueRequired":true,"valueName":"search_term_string"}}],"inLanguage":"en-US"}]}},"_links":{"self":[{"href":"https:\/\/tallinndesignhouse.com\/en\/wp-json\/wp\/v2\/product\/3384430","targetHints":{"allow":["GET"]}}],"collection":[{"href":"https:\/\/tallinndesignhouse.com\/en\/wp-json\/wp\/v2\/product"}],"about":[{"href":"https:\/\/tallinndesignhouse.com\/en\/wp-json\/wp\/v2\/types\/product"}],"wp:featuredmedia":[{"embeddable":true,"href":"https:\/\/tallinndesignhouse.com\/en\/wp-json\/wp\/v2\/media\/3384438"}],"wp:attachment":[{"href":"https:\/\/tallinndesignhouse.com\/en\/wp-json\/wp\/v2\/media?parent=3384430"}],"wp:term":[{"taxonomy":"product_brand","embeddable":true,"href":"https:\/\/tallinndesignhouse.com\/en\/wp-json\/wp\/v2\/product_brand?post=3384430"},{"taxonomy":"product_cat","embeddable":true,"href":"https:\/\/tallinndesignhouse.com\/en\/wp-json\/wp\/v2\/product_cat?post=3384430"},{"taxonomy":"product_tag","embeddable":true,"href":"https:\/\/tallinndesignhouse.com\/en\/wp-json\/wp\/v2\/product_tag?post=3384430"}],"curies":[{"name":"wp","href":"https:\/\/api.w.org\/{rel}","templated":true}]}}