{"id":3384470,"date":"2025-11-09T18:20:02","date_gmt":"2025-11-09T16:20:02","guid":{"rendered":"https:\/\/tallinndesignhouse.com\/toode\/luhike-peene-alpakavilla-segu-sall-fluffy-beez-roosa\/"},"modified":"2026-04-12T00:57:20","modified_gmt":"2026-04-11T21:57:20","slug":"luhike-peene-alpakavilla-segu-sall-fluffy-beez-roosa","status":"publish","type":"product","link":"https:\/\/tallinndesignhouse.com\/en\/toode\/luhike-peene-alpakavilla-segu-sall-fluffy-beez-roosa\/","title":{"rendered":"Short FLUFFY fine alpaca blend wool scarf beige-pink"},"content":{"rendered":"<p>The Fluffy fine alpaca blend wool scarf is a dream come true of softness and warmth. The short thick scarf can be worn in different ways. The scarf is woven in small edition from high quality materials. No chemicals are used in the process. Composition: fine alpaca, wool. Measurements: 32 cm x 118 cm. Product care: Dry cleaning or sensitive hand washing at temperatures up to 30C, without twisting. Made in Finland and Estonia.<\/p>\n","protected":false},"excerpt":{"rendered":"<p>The Fluffy fine alpaca blend wool scarf is a dream come true of softness and warmth. The short thick scarf can be worn in different ways. The scarf is woven in small edition from high quality materials. No chemicals are used in the process. Composition: fine alpaca, wool. Measurements: 32 cm x 118 cm. Product [&hellip;]<\/p>\n","protected":false},"featured_media":3384460,"template":"","meta":{"_acf_changed":false},"product_brand":[],"product_cat":[1972,3296,3718],"product_tag":[2819],"class_list":{"0":"post-3384470","1":"product","2":"type-product","3":"status-publish","4":"has-post-thumbnail","6":"product_cat-headwear-and-scarves","7":"product_cat-accessories-en","8":"product_cat-winter-style","9":"product_tag-women","10":"pa_brand-kelpman-textile-en","11":"pa_brand-kelpman-textile","13":"first","14":"instock","15":"taxable","16":"shipping-taxable","17":"purchasable","18":"product-type-simple"},"acf":[],"yoast_head":"<!-- This site is optimized with the Yoast SEO plugin v26.0 - https:\/\/yoast.com\/wordpress\/plugins\/seo\/ -->\n<title>Kelpman Textile Short FLUFFY fine alpaca blend wool scarf beige-pink - Tallinn Design House<\/title>\n<meta name=\"description\" content=\"Kelpman Textile l\u00fchike peene alpakavilla segu sall FLUFFY beez-roosa. Koostis: peen alpakavill, vill. M\u00f5\u00f5dud: 32 cm x 118 cm.\" \/>\n<meta name=\"robots\" content=\"index, follow, max-snippet:-1, max-image-preview:large, max-video-preview:-1\" \/>\n<link rel=\"canonical\" href=\"https:\/\/tallinndesignhouse.com\/toode\/luhike-peene-alpakavilla-segu-sall-fluffy-beez-roosa\/\" \/>\n<meta property=\"og:locale\" content=\"en_US\" \/>\n<meta property=\"og:type\" content=\"article\" \/>\n<meta property=\"og:title\" content=\"Kelpman Textile Short FLUFFY fine alpaca blend wool scarf beige-pink - Tallinn Design House\" \/>\n<meta property=\"og:description\" content=\"Kelpman Textile l\u00fchike peene alpakavilla segu sall FLUFFY beez-roosa. Koostis: peen alpakavill, vill. M\u00f5\u00f5dud: 32 cm x 118 cm.\" \/>\n<meta property=\"og:url\" content=\"https:\/\/tallinndesignhouse.com\/toode\/luhike-peene-alpakavilla-segu-sall-fluffy-beez-roosa\/\" \/>\n<meta property=\"og:site_name\" content=\"Tallinn Design House\" \/>\n<meta property=\"article:modified_time\" content=\"2026-04-11T21:57:20+00:00\" \/>\n<meta property=\"og:image\" content=\"https:\/\/tallinndesignhouse.com\/wp-content\/uploads\/2025\/11\/Luhike-peene-alpakavilla-segu-sall-FLUFFY-beez-roosa-Kelpman-Textile.jpg\" \/>\n\t<meta property=\"og:image:width\" content=\"1080\" \/>\n\t<meta property=\"og:image:height\" content=\"1350\" \/>\n\t<meta property=\"og:image:type\" content=\"image\/jpeg\" \/>\n<meta name=\"twitter:card\" content=\"summary_large_image\" \/>\n<script type=\"application\/ld+json\" class=\"yoast-schema-graph\">{\"@context\":\"https:\/\/schema.org\",\"@graph\":[{\"@type\":\"WebPage\",\"@id\":\"https:\/\/tallinndesignhouse.com\/toode\/luhike-peene-alpakavilla-segu-sall-fluffy-beez-roosa\/\",\"url\":\"https:\/\/tallinndesignhouse.com\/toode\/luhike-peene-alpakavilla-segu-sall-fluffy-beez-roosa\/\",\"name\":\"Kelpman Textile Short FLUFFY fine alpaca blend wool scarf beige-pink - Tallinn Design House\",\"isPartOf\":{\"@id\":\"https:\/\/tallinndesignhouse.com\/#website\"},\"primaryImageOfPage\":{\"@id\":\"https:\/\/tallinndesignhouse.com\/toode\/luhike-peene-alpakavilla-segu-sall-fluffy-beez-roosa\/#primaryimage\"},\"image\":{\"@id\":\"https:\/\/tallinndesignhouse.com\/toode\/luhike-peene-alpakavilla-segu-sall-fluffy-beez-roosa\/#primaryimage\"},\"thumbnailUrl\":\"https:\/\/tallinndesignhouse.com\/wp-content\/uploads\/2025\/11\/Luhike-peene-alpakavilla-segu-sall-FLUFFY-beez-roosa-Kelpman-Textile.jpg\",\"datePublished\":\"2025-11-09T16:20:02+00:00\",\"dateModified\":\"2026-04-11T21:57:20+00:00\",\"description\":\"Kelpman Textile l\u00fchike peene alpakavilla segu sall FLUFFY beez-roosa. Koostis: peen alpakavill, vill. M\u00f5\u00f5dud: 32 cm x 118 cm.\",\"breadcrumb\":{\"@id\":\"https:\/\/tallinndesignhouse.com\/toode\/luhike-peene-alpakavilla-segu-sall-fluffy-beez-roosa\/#breadcrumb\"},\"inLanguage\":\"en-US\",\"potentialAction\":[{\"@type\":\"ReadAction\",\"target\":[\"https:\/\/tallinndesignhouse.com\/toode\/luhike-peene-alpakavilla-segu-sall-fluffy-beez-roosa\/\"]}]},{\"@type\":\"ImageObject\",\"inLanguage\":\"en-US\",\"@id\":\"https:\/\/tallinndesignhouse.com\/toode\/luhike-peene-alpakavilla-segu-sall-fluffy-beez-roosa\/#primaryimage\",\"url\":\"https:\/\/tallinndesignhouse.com\/wp-content\/uploads\/2025\/11\/Luhike-peene-alpakavilla-segu-sall-FLUFFY-beez-roosa-Kelpman-Textile.jpg\",\"contentUrl\":\"https:\/\/tallinndesignhouse.com\/wp-content\/uploads\/2025\/11\/Luhike-peene-alpakavilla-segu-sall-FLUFFY-beez-roosa-Kelpman-Textile.jpg\",\"width\":1080,\"height\":1350,\"caption\":\"Lu\u0308hike peene alpakavilla segu sall FLUFFY beez-roosa - Kelpman Textile\"},{\"@type\":\"BreadcrumbList\",\"@id\":\"https:\/\/tallinndesignhouse.com\/toode\/luhike-peene-alpakavilla-segu-sall-fluffy-beez-roosa\/#breadcrumb\",\"itemListElement\":[{\"@type\":\"ListItem\",\"position\":1,\"name\":\"Home\",\"item\":\"https:\/\/tallinndesignhouse.com\/en\/\"},{\"@type\":\"ListItem\",\"position\":2,\"name\":\"Shop\",\"item\":\"https:\/\/tallinndesignhouse.com\/en\/shop\/\"},{\"@type\":\"ListItem\",\"position\":3,\"name\":\"Short FLUFFY fine alpaca blend wool scarf beige-pink\"}]},{\"@type\":\"WebSite\",\"@id\":\"https:\/\/tallinndesignhouse.com\/#website\",\"url\":\"https:\/\/tallinndesignhouse.com\/\",\"name\":\"Tallinn Design House\",\"description\":\"Eesti disain Rotermanni kvartalis\",\"potentialAction\":[{\"@type\":\"SearchAction\",\"target\":{\"@type\":\"EntryPoint\",\"urlTemplate\":\"https:\/\/tallinndesignhouse.com\/?s={search_term_string}\"},\"query-input\":{\"@type\":\"PropertyValueSpecification\",\"valueRequired\":true,\"valueName\":\"search_term_string\"}}],\"inLanguage\":\"en-US\"}]}<\/script>\n<!-- \/ Yoast SEO plugin. -->","yoast_head_json":{"title":"Kelpman Textile Short FLUFFY fine alpaca blend wool scarf beige-pink - Tallinn Design House","description":"Kelpman Textile l\u00fchike peene alpakavilla segu sall FLUFFY beez-roosa. Koostis: peen alpakavill, vill. M\u00f5\u00f5dud: 32 cm x 118 cm.","robots":{"index":"index","follow":"follow","max-snippet":"max-snippet:-1","max-image-preview":"max-image-preview:large","max-video-preview":"max-video-preview:-1"},"canonical":"https:\/\/tallinndesignhouse.com\/toode\/luhike-peene-alpakavilla-segu-sall-fluffy-beez-roosa\/","og_locale":"en_US","og_type":"article","og_title":"Kelpman Textile Short FLUFFY fine alpaca blend wool scarf beige-pink - Tallinn Design House","og_description":"Kelpman Textile l\u00fchike peene alpakavilla segu sall FLUFFY beez-roosa. Koostis: peen alpakavill, vill. M\u00f5\u00f5dud: 32 cm x 118 cm.","og_url":"https:\/\/tallinndesignhouse.com\/toode\/luhike-peene-alpakavilla-segu-sall-fluffy-beez-roosa\/","og_site_name":"Tallinn Design House","article_modified_time":"2026-04-11T21:57:20+00:00","og_image":[{"width":1080,"height":1350,"url":"https:\/\/tallinndesignhouse.com\/wp-content\/uploads\/2025\/11\/Luhike-peene-alpakavilla-segu-sall-FLUFFY-beez-roosa-Kelpman-Textile.jpg","type":"image\/jpeg"}],"twitter_card":"summary_large_image","schema":{"@context":"https:\/\/schema.org","@graph":[{"@type":"WebPage","@id":"https:\/\/tallinndesignhouse.com\/toode\/luhike-peene-alpakavilla-segu-sall-fluffy-beez-roosa\/","url":"https:\/\/tallinndesignhouse.com\/toode\/luhike-peene-alpakavilla-segu-sall-fluffy-beez-roosa\/","name":"Kelpman Textile Short FLUFFY fine alpaca blend wool scarf beige-pink - Tallinn Design House","isPartOf":{"@id":"https:\/\/tallinndesignhouse.com\/#website"},"primaryImageOfPage":{"@id":"https:\/\/tallinndesignhouse.com\/toode\/luhike-peene-alpakavilla-segu-sall-fluffy-beez-roosa\/#primaryimage"},"image":{"@id":"https:\/\/tallinndesignhouse.com\/toode\/luhike-peene-alpakavilla-segu-sall-fluffy-beez-roosa\/#primaryimage"},"thumbnailUrl":"https:\/\/tallinndesignhouse.com\/wp-content\/uploads\/2025\/11\/Luhike-peene-alpakavilla-segu-sall-FLUFFY-beez-roosa-Kelpman-Textile.jpg","datePublished":"2025-11-09T16:20:02+00:00","dateModified":"2026-04-11T21:57:20+00:00","description":"Kelpman Textile l\u00fchike peene alpakavilla segu sall FLUFFY beez-roosa. Koostis: peen alpakavill, vill. M\u00f5\u00f5dud: 32 cm x 118 cm.","breadcrumb":{"@id":"https:\/\/tallinndesignhouse.com\/toode\/luhike-peene-alpakavilla-segu-sall-fluffy-beez-roosa\/#breadcrumb"},"inLanguage":"en-US","potentialAction":[{"@type":"ReadAction","target":["https:\/\/tallinndesignhouse.com\/toode\/luhike-peene-alpakavilla-segu-sall-fluffy-beez-roosa\/"]}]},{"@type":"ImageObject","inLanguage":"en-US","@id":"https:\/\/tallinndesignhouse.com\/toode\/luhike-peene-alpakavilla-segu-sall-fluffy-beez-roosa\/#primaryimage","url":"https:\/\/tallinndesignhouse.com\/wp-content\/uploads\/2025\/11\/Luhike-peene-alpakavilla-segu-sall-FLUFFY-beez-roosa-Kelpman-Textile.jpg","contentUrl":"https:\/\/tallinndesignhouse.com\/wp-content\/uploads\/2025\/11\/Luhike-peene-alpakavilla-segu-sall-FLUFFY-beez-roosa-Kelpman-Textile.jpg","width":1080,"height":1350,"caption":"Lu\u0308hike peene alpakavilla segu sall FLUFFY beez-roosa - Kelpman Textile"},{"@type":"BreadcrumbList","@id":"https:\/\/tallinndesignhouse.com\/toode\/luhike-peene-alpakavilla-segu-sall-fluffy-beez-roosa\/#breadcrumb","itemListElement":[{"@type":"ListItem","position":1,"name":"Home","item":"https:\/\/tallinndesignhouse.com\/en\/"},{"@type":"ListItem","position":2,"name":"Shop","item":"https:\/\/tallinndesignhouse.com\/en\/shop\/"},{"@type":"ListItem","position":3,"name":"Short FLUFFY fine alpaca blend wool scarf beige-pink"}]},{"@type":"WebSite","@id":"https:\/\/tallinndesignhouse.com\/#website","url":"https:\/\/tallinndesignhouse.com\/","name":"Tallinn Design House","description":"Eesti disain Rotermanni kvartalis","potentialAction":[{"@type":"SearchAction","target":{"@type":"EntryPoint","urlTemplate":"https:\/\/tallinndesignhouse.com\/?s={search_term_string}"},"query-input":{"@type":"PropertyValueSpecification","valueRequired":true,"valueName":"search_term_string"}}],"inLanguage":"en-US"}]}},"_links":{"self":[{"href":"https:\/\/tallinndesignhouse.com\/en\/wp-json\/wp\/v2\/product\/3384470","targetHints":{"allow":["GET"]}}],"collection":[{"href":"https:\/\/tallinndesignhouse.com\/en\/wp-json\/wp\/v2\/product"}],"about":[{"href":"https:\/\/tallinndesignhouse.com\/en\/wp-json\/wp\/v2\/types\/product"}],"wp:featuredmedia":[{"embeddable":true,"href":"https:\/\/tallinndesignhouse.com\/en\/wp-json\/wp\/v2\/media\/3384460"}],"wp:attachment":[{"href":"https:\/\/tallinndesignhouse.com\/en\/wp-json\/wp\/v2\/media?parent=3384470"}],"wp:term":[{"taxonomy":"product_brand","embeddable":true,"href":"https:\/\/tallinndesignhouse.com\/en\/wp-json\/wp\/v2\/product_brand?post=3384470"},{"taxonomy":"product_cat","embeddable":true,"href":"https:\/\/tallinndesignhouse.com\/en\/wp-json\/wp\/v2\/product_cat?post=3384470"},{"taxonomy":"product_tag","embeddable":true,"href":"https:\/\/tallinndesignhouse.com\/en\/wp-json\/wp\/v2\/product_tag?post=3384470"}],"curies":[{"name":"wp","href":"https:\/\/api.w.org\/{rel}","templated":true}]}}