{"id":3384494,"date":"2025-11-09T19:05:02","date_gmt":"2025-11-09T17:05:02","guid":{"rendered":"https:\/\/tallinndesignhouse.com\/toode\/lohnadifuuser-blackberry-and-rose-noir-100-ml\/"},"modified":"2026-04-13T00:57:10","modified_gmt":"2026-04-12T21:57:10","slug":"lohnadifuuser-blackberry-and-rose-noir-100-ml","status":"publish","type":"product","link":"https:\/\/tallinndesignhouse.com\/en\/toode\/lohnadifuuser-blackberry-and-rose-noir-100-ml\/","title":{"rendered":"Fragrance Diffuser Blackberry and Rose Noir 100 ml"},"content":{"rendered":"<p>The Blackberry &#038; Rose Noir reed diffuser was created to celebrate JOIK\u2019s 20th anniversary and is part of the unique Parfumerie collection. It is a bold and modern fragrance that fills the room with a long-lasting yet delicate and pleasurable intensity. Juicy blackberries and tangy rhubarb open the scent with a touch of green freshness, awakening the senses. At the heart, velvety rose and geranium intertwine, complemented by a gentle spicy nuance that adds depth and mystery. The final accord leaves an impression of fruity sweetness, enriched with white sandalwood and musk, carrying hints of dark blossoms and wild berries. Top notes: blackberries, rhubarb, green notes. Heart notes: rose, geranium, spices. Base notes: fruit\u2019s sugar, white sandalwood, white musk. JOIK diffuser is a convenient and stylish way to infuse your interior with character and create a signature scent for your home. INCI: A base liquid made with plant-based glycerin, fragrance. How to use: remove the cap from the bottle, screw the decorative cap onto the bottle, and insert the reeds. The liquid will absorb int\u03bf the reeds, and the fragrance will begin to diffuse within 24 hours. If the reeds are not fully saturated after a day, flip them so the dry ends are in the liquid. Place the diffuser in an area with good airflow to enhance scent diffusion. Flip the reeds once or twice a week for a more consistent and stronger aroma. More reeds will create a stronger scent \u2013 use fewer reeds in a smaller room and more in a larger space. The diffuser fragrance lasts on average 3-4 months. Caution: the liquid may damage various surfaces. If it contacts skin, wash with soap and water. Keep the diffuser out of reach of children and pets.<\/p>\n","protected":false},"excerpt":{"rendered":"<p>The Blackberry &#038; Rose Noir reed diffuser was created to celebrate JOIK\u2019s 20th anniversary and is part of the unique Parfumerie collection. It is a bold and modern fragrance that fills the room with a long-lasting yet delicate and pleasurable intensity. Juicy blackberries and tangy rhubarb open the scent with a touch of green freshness, [&hellip;]<\/p>\n","protected":false},"featured_media":3384502,"template":"","meta":{"_acf_changed":false},"product_brand":[],"product_cat":[2002,2552],"product_tag":[2003],"class_list":{"0":"post-3384494","1":"product","2":"type-product","3":"status-publish","4":"has-post-thumbnail","6":"product_cat-furnishings","7":"product_cat-home","8":"product_tag-home","9":"pa_brand-joik-en","10":"pa_brand-joik","12":"first","13":"instock","14":"taxable","15":"shipping-taxable","16":"purchasable","17":"product-type-simple"},"acf":[],"yoast_head":"<!-- This site is optimized with the Yoast SEO plugin v26.0 - https:\/\/yoast.com\/wordpress\/plugins\/seo\/ -->\n<title>JOIK Fragrance Diffuser Blackberry and Rose Noir 100 ml - Tallinn Design House<\/title>\n<meta name=\"description\" content=\"JOIK l\u00f5hnadifuuser Blackberry and Rose Noir 100 ml. JOIK difuuser on mugav ja stiilne v\u00f5imalus elavdada interj\u00f6\u00f6ri ning luua oma kodu signatuurl\u00f5hn.\" \/>\n<meta name=\"robots\" content=\"index, follow, max-snippet:-1, max-image-preview:large, max-video-preview:-1\" \/>\n<link rel=\"canonical\" href=\"https:\/\/tallinndesignhouse.com\/toode\/lohnadifuuser-blackberry-and-rose-noir-100-ml\/\" \/>\n<meta property=\"og:locale\" content=\"en_US\" \/>\n<meta property=\"og:type\" content=\"article\" \/>\n<meta property=\"og:title\" content=\"JOIK Fragrance Diffuser Blackberry and Rose Noir 100 ml - Tallinn Design House\" \/>\n<meta property=\"og:description\" content=\"JOIK l\u00f5hnadifuuser Blackberry and Rose Noir 100 ml. JOIK difuuser on mugav ja stiilne v\u00f5imalus elavdada interj\u00f6\u00f6ri ning luua oma kodu signatuurl\u00f5hn.\" \/>\n<meta property=\"og:url\" content=\"https:\/\/tallinndesignhouse.com\/toode\/lohnadifuuser-blackberry-and-rose-noir-100-ml\/\" \/>\n<meta property=\"og:site_name\" content=\"Tallinn Design House\" \/>\n<meta property=\"article:modified_time\" content=\"2026-04-12T21:57:10+00:00\" \/>\n<meta property=\"og:image\" content=\"https:\/\/tallinndesignhouse.com\/wp-content\/uploads\/2025\/11\/Lohnadifuuser-Blackberry-Rose-Noir-100-ml-JOIK.jpg\" \/>\n\t<meta property=\"og:image:width\" content=\"1080\" \/>\n\t<meta property=\"og:image:height\" content=\"1350\" \/>\n\t<meta property=\"og:image:type\" content=\"image\/jpeg\" \/>\n<meta name=\"twitter:card\" content=\"summary_large_image\" \/>\n<meta name=\"twitter:label1\" content=\"Est. reading time\" \/>\n\t<meta name=\"twitter:data1\" content=\"2 minutes\" \/>\n<script type=\"application\/ld+json\" class=\"yoast-schema-graph\">{\"@context\":\"https:\/\/schema.org\",\"@graph\":[{\"@type\":\"WebPage\",\"@id\":\"https:\/\/tallinndesignhouse.com\/toode\/lohnadifuuser-blackberry-and-rose-noir-100-ml\/\",\"url\":\"https:\/\/tallinndesignhouse.com\/toode\/lohnadifuuser-blackberry-and-rose-noir-100-ml\/\",\"name\":\"JOIK Fragrance Diffuser Blackberry and Rose Noir 100 ml - Tallinn Design House\",\"isPartOf\":{\"@id\":\"https:\/\/tallinndesignhouse.com\/#website\"},\"primaryImageOfPage\":{\"@id\":\"https:\/\/tallinndesignhouse.com\/toode\/lohnadifuuser-blackberry-and-rose-noir-100-ml\/#primaryimage\"},\"image\":{\"@id\":\"https:\/\/tallinndesignhouse.com\/toode\/lohnadifuuser-blackberry-and-rose-noir-100-ml\/#primaryimage\"},\"thumbnailUrl\":\"https:\/\/tallinndesignhouse.com\/wp-content\/uploads\/2025\/11\/Lohnadifuuser-Blackberry-Rose-Noir-100-ml-JOIK.jpg\",\"datePublished\":\"2025-11-09T17:05:02+00:00\",\"dateModified\":\"2026-04-12T21:57:10+00:00\",\"description\":\"JOIK l\u00f5hnadifuuser Blackberry and Rose Noir 100 ml. JOIK difuuser on mugav ja stiilne v\u00f5imalus elavdada interj\u00f6\u00f6ri ning luua oma kodu signatuurl\u00f5hn.\",\"breadcrumb\":{\"@id\":\"https:\/\/tallinndesignhouse.com\/toode\/lohnadifuuser-blackberry-and-rose-noir-100-ml\/#breadcrumb\"},\"inLanguage\":\"en-US\",\"potentialAction\":[{\"@type\":\"ReadAction\",\"target\":[\"https:\/\/tallinndesignhouse.com\/toode\/lohnadifuuser-blackberry-and-rose-noir-100-ml\/\"]}]},{\"@type\":\"ImageObject\",\"inLanguage\":\"en-US\",\"@id\":\"https:\/\/tallinndesignhouse.com\/toode\/lohnadifuuser-blackberry-and-rose-noir-100-ml\/#primaryimage\",\"url\":\"https:\/\/tallinndesignhouse.com\/wp-content\/uploads\/2025\/11\/Lohnadifuuser-Blackberry-Rose-Noir-100-ml-JOIK.jpg\",\"contentUrl\":\"https:\/\/tallinndesignhouse.com\/wp-content\/uploads\/2025\/11\/Lohnadifuuser-Blackberry-Rose-Noir-100-ml-JOIK.jpg\",\"width\":1080,\"height\":1350,\"caption\":\"Lo\u0303hnadifuuser Blackberry & Rose Noir 100 ml - JOIK\"},{\"@type\":\"BreadcrumbList\",\"@id\":\"https:\/\/tallinndesignhouse.com\/toode\/lohnadifuuser-blackberry-and-rose-noir-100-ml\/#breadcrumb\",\"itemListElement\":[{\"@type\":\"ListItem\",\"position\":1,\"name\":\"Home\",\"item\":\"https:\/\/tallinndesignhouse.com\/en\/\"},{\"@type\":\"ListItem\",\"position\":2,\"name\":\"Shop\",\"item\":\"https:\/\/tallinndesignhouse.com\/en\/shop\/\"},{\"@type\":\"ListItem\",\"position\":3,\"name\":\"Fragrance Diffuser Blackberry and Rose Noir 100 ml\"}]},{\"@type\":\"WebSite\",\"@id\":\"https:\/\/tallinndesignhouse.com\/#website\",\"url\":\"https:\/\/tallinndesignhouse.com\/\",\"name\":\"Tallinn Design House\",\"description\":\"Eesti disain Rotermanni kvartalis\",\"potentialAction\":[{\"@type\":\"SearchAction\",\"target\":{\"@type\":\"EntryPoint\",\"urlTemplate\":\"https:\/\/tallinndesignhouse.com\/?s={search_term_string}\"},\"query-input\":{\"@type\":\"PropertyValueSpecification\",\"valueRequired\":true,\"valueName\":\"search_term_string\"}}],\"inLanguage\":\"en-US\"}]}<\/script>\n<!-- \/ Yoast SEO plugin. -->","yoast_head_json":{"title":"JOIK Fragrance Diffuser Blackberry and Rose Noir 100 ml - Tallinn Design House","description":"JOIK l\u00f5hnadifuuser Blackberry and Rose Noir 100 ml. JOIK difuuser on mugav ja stiilne v\u00f5imalus elavdada interj\u00f6\u00f6ri ning luua oma kodu signatuurl\u00f5hn.","robots":{"index":"index","follow":"follow","max-snippet":"max-snippet:-1","max-image-preview":"max-image-preview:large","max-video-preview":"max-video-preview:-1"},"canonical":"https:\/\/tallinndesignhouse.com\/toode\/lohnadifuuser-blackberry-and-rose-noir-100-ml\/","og_locale":"en_US","og_type":"article","og_title":"JOIK Fragrance Diffuser Blackberry and Rose Noir 100 ml - Tallinn Design House","og_description":"JOIK l\u00f5hnadifuuser Blackberry and Rose Noir 100 ml. JOIK difuuser on mugav ja stiilne v\u00f5imalus elavdada interj\u00f6\u00f6ri ning luua oma kodu signatuurl\u00f5hn.","og_url":"https:\/\/tallinndesignhouse.com\/toode\/lohnadifuuser-blackberry-and-rose-noir-100-ml\/","og_site_name":"Tallinn Design House","article_modified_time":"2026-04-12T21:57:10+00:00","og_image":[{"width":1080,"height":1350,"url":"https:\/\/tallinndesignhouse.com\/wp-content\/uploads\/2025\/11\/Lohnadifuuser-Blackberry-Rose-Noir-100-ml-JOIK.jpg","type":"image\/jpeg"}],"twitter_card":"summary_large_image","twitter_misc":{"Est. reading time":"2 minutes"},"schema":{"@context":"https:\/\/schema.org","@graph":[{"@type":"WebPage","@id":"https:\/\/tallinndesignhouse.com\/toode\/lohnadifuuser-blackberry-and-rose-noir-100-ml\/","url":"https:\/\/tallinndesignhouse.com\/toode\/lohnadifuuser-blackberry-and-rose-noir-100-ml\/","name":"JOIK Fragrance Diffuser Blackberry and Rose Noir 100 ml - Tallinn Design House","isPartOf":{"@id":"https:\/\/tallinndesignhouse.com\/#website"},"primaryImageOfPage":{"@id":"https:\/\/tallinndesignhouse.com\/toode\/lohnadifuuser-blackberry-and-rose-noir-100-ml\/#primaryimage"},"image":{"@id":"https:\/\/tallinndesignhouse.com\/toode\/lohnadifuuser-blackberry-and-rose-noir-100-ml\/#primaryimage"},"thumbnailUrl":"https:\/\/tallinndesignhouse.com\/wp-content\/uploads\/2025\/11\/Lohnadifuuser-Blackberry-Rose-Noir-100-ml-JOIK.jpg","datePublished":"2025-11-09T17:05:02+00:00","dateModified":"2026-04-12T21:57:10+00:00","description":"JOIK l\u00f5hnadifuuser Blackberry and Rose Noir 100 ml. JOIK difuuser on mugav ja stiilne v\u00f5imalus elavdada interj\u00f6\u00f6ri ning luua oma kodu signatuurl\u00f5hn.","breadcrumb":{"@id":"https:\/\/tallinndesignhouse.com\/toode\/lohnadifuuser-blackberry-and-rose-noir-100-ml\/#breadcrumb"},"inLanguage":"en-US","potentialAction":[{"@type":"ReadAction","target":["https:\/\/tallinndesignhouse.com\/toode\/lohnadifuuser-blackberry-and-rose-noir-100-ml\/"]}]},{"@type":"ImageObject","inLanguage":"en-US","@id":"https:\/\/tallinndesignhouse.com\/toode\/lohnadifuuser-blackberry-and-rose-noir-100-ml\/#primaryimage","url":"https:\/\/tallinndesignhouse.com\/wp-content\/uploads\/2025\/11\/Lohnadifuuser-Blackberry-Rose-Noir-100-ml-JOIK.jpg","contentUrl":"https:\/\/tallinndesignhouse.com\/wp-content\/uploads\/2025\/11\/Lohnadifuuser-Blackberry-Rose-Noir-100-ml-JOIK.jpg","width":1080,"height":1350,"caption":"Lo\u0303hnadifuuser Blackberry & Rose Noir 100 ml - JOIK"},{"@type":"BreadcrumbList","@id":"https:\/\/tallinndesignhouse.com\/toode\/lohnadifuuser-blackberry-and-rose-noir-100-ml\/#breadcrumb","itemListElement":[{"@type":"ListItem","position":1,"name":"Home","item":"https:\/\/tallinndesignhouse.com\/en\/"},{"@type":"ListItem","position":2,"name":"Shop","item":"https:\/\/tallinndesignhouse.com\/en\/shop\/"},{"@type":"ListItem","position":3,"name":"Fragrance Diffuser Blackberry and Rose Noir 100 ml"}]},{"@type":"WebSite","@id":"https:\/\/tallinndesignhouse.com\/#website","url":"https:\/\/tallinndesignhouse.com\/","name":"Tallinn Design House","description":"Eesti disain Rotermanni kvartalis","potentialAction":[{"@type":"SearchAction","target":{"@type":"EntryPoint","urlTemplate":"https:\/\/tallinndesignhouse.com\/?s={search_term_string}"},"query-input":{"@type":"PropertyValueSpecification","valueRequired":true,"valueName":"search_term_string"}}],"inLanguage":"en-US"}]}},"_links":{"self":[{"href":"https:\/\/tallinndesignhouse.com\/en\/wp-json\/wp\/v2\/product\/3384494","targetHints":{"allow":["GET"]}}],"collection":[{"href":"https:\/\/tallinndesignhouse.com\/en\/wp-json\/wp\/v2\/product"}],"about":[{"href":"https:\/\/tallinndesignhouse.com\/en\/wp-json\/wp\/v2\/types\/product"}],"wp:featuredmedia":[{"embeddable":true,"href":"https:\/\/tallinndesignhouse.com\/en\/wp-json\/wp\/v2\/media\/3384502"}],"wp:attachment":[{"href":"https:\/\/tallinndesignhouse.com\/en\/wp-json\/wp\/v2\/media?parent=3384494"}],"wp:term":[{"taxonomy":"product_brand","embeddable":true,"href":"https:\/\/tallinndesignhouse.com\/en\/wp-json\/wp\/v2\/product_brand?post=3384494"},{"taxonomy":"product_cat","embeddable":true,"href":"https:\/\/tallinndesignhouse.com\/en\/wp-json\/wp\/v2\/product_cat?post=3384494"},{"taxonomy":"product_tag","embeddable":true,"href":"https:\/\/tallinndesignhouse.com\/en\/wp-json\/wp\/v2\/product_tag?post=3384494"}],"curies":[{"name":"wp","href":"https:\/\/api.w.org\/{rel}","templated":true}]}}