{"id":3384537,"date":"2025-11-09T19:35:02","date_gmt":"2025-11-09T17:35:02","guid":{"rendered":"https:\/\/tallinndesignhouse.com\/toode\/home-spa-rapsivahast-kuunal-oo-150-g\/"},"modified":"2026-05-13T00:56:58","modified_gmt":"2026-05-12T21:56:58","slug":"home-spa-rapsivahast-kuunal-oo-150-g","status":"publish","type":"product","link":"https:\/\/tallinndesignhouse.com\/en\/toode\/home-spa-rapsivahast-kuunal-oo-150-g\/","title":{"rendered":"Home &#038; Spa Scented Candle Night 150 g"},"content":{"rendered":"<p>A multi-faceted night that contains both mystery and magic as well as silence and peace. Scented candle Night by JOIK is a unique and complex blend combining mystical incense, magical spices, dignified sandalwood, resinous and smoky amber and elegant flowers. Aroma cocktail that is both calming and stimulating, strikingly original and veiled with mystery, quiet and full of intense accords. Distinctive and mysterious. Top notes: Frankincense, Opopanax, Cistus, Vanilla. Middle notes: Sandalwood, Labdanum, Geranium, Orange, Jasmine. Base notes: Amber, Musk, Iris, Nutmeg, Cinnamon. Navy blue candle is a tasteful accessory in any interior. Burntime 30 h. INCI: Rapeseed wax, parfume. Warning! Contains 1-(1,2,3,4,5,6,7,8-Octahydro-2,3,8,8-tetramethyl-2-naphthalenyl)ethenone, Linalool, Coumarin, Alpha-iso-Methylionone. May produce an allergic reaction. Keep out of the reach of children. Harmful to aquatic life with long lasting effects.<\/p>\n","protected":false},"excerpt":{"rendered":"<p>A multi-faceted night that contains both mystery and magic as well as silence and peace. Scented candle Night by JOIK is a unique and complex blend combining mystical incense, magical spices, dignified sandalwood, resinous and smoky amber and elegant flowers. Aroma cocktail that is both calming and stimulating, strikingly original and veiled with mystery, quiet [&hellip;]<\/p>\n","protected":false},"featured_media":3384549,"template":"","meta":{"_acf_changed":false},"product_brand":[],"product_cat":[890,875],"product_tag":[1828],"class_list":{"0":"post-3384537","1":"product","2":"type-product","3":"status-publish","4":"has-post-thumbnail","6":"product_cat-sisustustooted","7":"product_cat-kodu","8":"product_tag-kodu","9":"pa_brand-joik-en","10":"pa_brand-joik","12":"first","13":"instock","14":"taxable","15":"shipping-taxable","16":"purchasable","17":"product-type-simple"},"acf":[],"yoast_head":"<!-- This site is optimized with the Yoast SEO plugin v26.0 - https:\/\/yoast.com\/wordpress\/plugins\/seo\/ -->\n<title>JOIK Home &amp; Spa Scented Candle Night 150 g - Tallinn Design House<\/title>\n<meta name=\"description\" content=\"JOIK Home &amp; Spa rapsivahast k\u00fc\u00fcnal \u00d6\u00f6 150 g.\" \/>\n<meta name=\"robots\" content=\"index, follow, max-snippet:-1, max-image-preview:large, max-video-preview:-1\" \/>\n<link rel=\"canonical\" href=\"https:\/\/tallinndesignhouse.com\/toode\/home-spa-rapsivahast-kuunal-oo-150-g\/\" \/>\n<meta property=\"og:locale\" content=\"en_US\" \/>\n<meta property=\"og:type\" content=\"article\" \/>\n<meta property=\"og:title\" content=\"JOIK Home &amp; Spa Scented Candle Night 150 g - Tallinn Design House\" \/>\n<meta property=\"og:description\" content=\"JOIK Home &amp; Spa rapsivahast k\u00fc\u00fcnal \u00d6\u00f6 150 g.\" \/>\n<meta property=\"og:url\" content=\"https:\/\/tallinndesignhouse.com\/toode\/home-spa-rapsivahast-kuunal-oo-150-g\/\" \/>\n<meta property=\"og:site_name\" content=\"Tallinn Design House\" \/>\n<meta property=\"article:modified_time\" content=\"2026-05-12T21:56:58+00:00\" \/>\n<meta property=\"og:image\" content=\"https:\/\/tallinndesignhouse.com\/wp-content\/uploads\/2025\/11\/Home-Spa-rapsivahast-kuunal-Oo-150-g-JOIK_.jpg\" \/>\n\t<meta property=\"og:image:width\" content=\"1080\" \/>\n\t<meta property=\"og:image:height\" content=\"1350\" \/>\n\t<meta property=\"og:image:type\" content=\"image\/jpeg\" \/>\n<meta name=\"twitter:card\" content=\"summary_large_image\" \/>\n<meta name=\"twitter:label1\" content=\"Est. reading time\" \/>\n\t<meta name=\"twitter:data1\" content=\"1 minute\" \/>\n<script type=\"application\/ld+json\" class=\"yoast-schema-graph\">{\"@context\":\"https:\/\/schema.org\",\"@graph\":[{\"@type\":\"WebPage\",\"@id\":\"https:\/\/tallinndesignhouse.com\/toode\/home-spa-rapsivahast-kuunal-oo-150-g\/\",\"url\":\"https:\/\/tallinndesignhouse.com\/toode\/home-spa-rapsivahast-kuunal-oo-150-g\/\",\"name\":\"JOIK Home & Spa Scented Candle Night 150 g - Tallinn Design House\",\"isPartOf\":{\"@id\":\"https:\/\/tallinndesignhouse.com\/#website\"},\"primaryImageOfPage\":{\"@id\":\"https:\/\/tallinndesignhouse.com\/toode\/home-spa-rapsivahast-kuunal-oo-150-g\/#primaryimage\"},\"image\":{\"@id\":\"https:\/\/tallinndesignhouse.com\/toode\/home-spa-rapsivahast-kuunal-oo-150-g\/#primaryimage\"},\"thumbnailUrl\":\"https:\/\/tallinndesignhouse.com\/wp-content\/uploads\/2025\/11\/Home-Spa-rapsivahast-kuunal-Oo-150-g-JOIK_.jpg\",\"datePublished\":\"2025-11-09T17:35:02+00:00\",\"dateModified\":\"2026-05-12T21:56:58+00:00\",\"description\":\"JOIK Home & Spa rapsivahast k\u00fc\u00fcnal \u00d6\u00f6 150 g.\",\"breadcrumb\":{\"@id\":\"https:\/\/tallinndesignhouse.com\/toode\/home-spa-rapsivahast-kuunal-oo-150-g\/#breadcrumb\"},\"inLanguage\":\"en-US\",\"potentialAction\":[{\"@type\":\"ReadAction\",\"target\":[\"https:\/\/tallinndesignhouse.com\/toode\/home-spa-rapsivahast-kuunal-oo-150-g\/\"]}]},{\"@type\":\"ImageObject\",\"inLanguage\":\"en-US\",\"@id\":\"https:\/\/tallinndesignhouse.com\/toode\/home-spa-rapsivahast-kuunal-oo-150-g\/#primaryimage\",\"url\":\"https:\/\/tallinndesignhouse.com\/wp-content\/uploads\/2025\/11\/Home-Spa-rapsivahast-kuunal-Oo-150-g-JOIK_.jpg\",\"contentUrl\":\"https:\/\/tallinndesignhouse.com\/wp-content\/uploads\/2025\/11\/Home-Spa-rapsivahast-kuunal-Oo-150-g-JOIK_.jpg\",\"width\":1080,\"height\":1350,\"caption\":\"Home & Spa rapsivahast ku\u0308u\u0308nal O\u0308o\u0308 150 g - JOIK_\"},{\"@type\":\"BreadcrumbList\",\"@id\":\"https:\/\/tallinndesignhouse.com\/toode\/home-spa-rapsivahast-kuunal-oo-150-g\/#breadcrumb\",\"itemListElement\":[{\"@type\":\"ListItem\",\"position\":1,\"name\":\"Home\",\"item\":\"https:\/\/tallinndesignhouse.com\/en\/\"},{\"@type\":\"ListItem\",\"position\":2,\"name\":\"Shop\",\"item\":\"https:\/\/tallinndesignhouse.com\/en\/shop\/\"},{\"@type\":\"ListItem\",\"position\":3,\"name\":\"Home &#038; Spa Scented Candle Night 150 g\"}]},{\"@type\":\"WebSite\",\"@id\":\"https:\/\/tallinndesignhouse.com\/#website\",\"url\":\"https:\/\/tallinndesignhouse.com\/\",\"name\":\"Tallinn Design House\",\"description\":\"Eesti disain Rotermanni kvartalis\",\"potentialAction\":[{\"@type\":\"SearchAction\",\"target\":{\"@type\":\"EntryPoint\",\"urlTemplate\":\"https:\/\/tallinndesignhouse.com\/?s={search_term_string}\"},\"query-input\":{\"@type\":\"PropertyValueSpecification\",\"valueRequired\":true,\"valueName\":\"search_term_string\"}}],\"inLanguage\":\"en-US\"}]}<\/script>\n<!-- \/ Yoast SEO plugin. -->","yoast_head_json":{"title":"JOIK Home & Spa Scented Candle Night 150 g - Tallinn Design House","description":"JOIK Home & Spa rapsivahast k\u00fc\u00fcnal \u00d6\u00f6 150 g.","robots":{"index":"index","follow":"follow","max-snippet":"max-snippet:-1","max-image-preview":"max-image-preview:large","max-video-preview":"max-video-preview:-1"},"canonical":"https:\/\/tallinndesignhouse.com\/toode\/home-spa-rapsivahast-kuunal-oo-150-g\/","og_locale":"en_US","og_type":"article","og_title":"JOIK Home & Spa Scented Candle Night 150 g - Tallinn Design House","og_description":"JOIK Home & Spa rapsivahast k\u00fc\u00fcnal \u00d6\u00f6 150 g.","og_url":"https:\/\/tallinndesignhouse.com\/toode\/home-spa-rapsivahast-kuunal-oo-150-g\/","og_site_name":"Tallinn Design House","article_modified_time":"2026-05-12T21:56:58+00:00","og_image":[{"width":1080,"height":1350,"url":"https:\/\/tallinndesignhouse.com\/wp-content\/uploads\/2025\/11\/Home-Spa-rapsivahast-kuunal-Oo-150-g-JOIK_.jpg","type":"image\/jpeg"}],"twitter_card":"summary_large_image","twitter_misc":{"Est. reading time":"1 minute"},"schema":{"@context":"https:\/\/schema.org","@graph":[{"@type":"WebPage","@id":"https:\/\/tallinndesignhouse.com\/toode\/home-spa-rapsivahast-kuunal-oo-150-g\/","url":"https:\/\/tallinndesignhouse.com\/toode\/home-spa-rapsivahast-kuunal-oo-150-g\/","name":"JOIK Home & Spa Scented Candle Night 150 g - Tallinn Design House","isPartOf":{"@id":"https:\/\/tallinndesignhouse.com\/#website"},"primaryImageOfPage":{"@id":"https:\/\/tallinndesignhouse.com\/toode\/home-spa-rapsivahast-kuunal-oo-150-g\/#primaryimage"},"image":{"@id":"https:\/\/tallinndesignhouse.com\/toode\/home-spa-rapsivahast-kuunal-oo-150-g\/#primaryimage"},"thumbnailUrl":"https:\/\/tallinndesignhouse.com\/wp-content\/uploads\/2025\/11\/Home-Spa-rapsivahast-kuunal-Oo-150-g-JOIK_.jpg","datePublished":"2025-11-09T17:35:02+00:00","dateModified":"2026-05-12T21:56:58+00:00","description":"JOIK Home & Spa rapsivahast k\u00fc\u00fcnal \u00d6\u00f6 150 g.","breadcrumb":{"@id":"https:\/\/tallinndesignhouse.com\/toode\/home-spa-rapsivahast-kuunal-oo-150-g\/#breadcrumb"},"inLanguage":"en-US","potentialAction":[{"@type":"ReadAction","target":["https:\/\/tallinndesignhouse.com\/toode\/home-spa-rapsivahast-kuunal-oo-150-g\/"]}]},{"@type":"ImageObject","inLanguage":"en-US","@id":"https:\/\/tallinndesignhouse.com\/toode\/home-spa-rapsivahast-kuunal-oo-150-g\/#primaryimage","url":"https:\/\/tallinndesignhouse.com\/wp-content\/uploads\/2025\/11\/Home-Spa-rapsivahast-kuunal-Oo-150-g-JOIK_.jpg","contentUrl":"https:\/\/tallinndesignhouse.com\/wp-content\/uploads\/2025\/11\/Home-Spa-rapsivahast-kuunal-Oo-150-g-JOIK_.jpg","width":1080,"height":1350,"caption":"Home & Spa rapsivahast ku\u0308u\u0308nal O\u0308o\u0308 150 g - JOIK_"},{"@type":"BreadcrumbList","@id":"https:\/\/tallinndesignhouse.com\/toode\/home-spa-rapsivahast-kuunal-oo-150-g\/#breadcrumb","itemListElement":[{"@type":"ListItem","position":1,"name":"Home","item":"https:\/\/tallinndesignhouse.com\/en\/"},{"@type":"ListItem","position":2,"name":"Shop","item":"https:\/\/tallinndesignhouse.com\/en\/shop\/"},{"@type":"ListItem","position":3,"name":"Home &#038; Spa Scented Candle Night 150 g"}]},{"@type":"WebSite","@id":"https:\/\/tallinndesignhouse.com\/#website","url":"https:\/\/tallinndesignhouse.com\/","name":"Tallinn Design House","description":"Eesti disain Rotermanni kvartalis","potentialAction":[{"@type":"SearchAction","target":{"@type":"EntryPoint","urlTemplate":"https:\/\/tallinndesignhouse.com\/?s={search_term_string}"},"query-input":{"@type":"PropertyValueSpecification","valueRequired":true,"valueName":"search_term_string"}}],"inLanguage":"en-US"}]}},"_links":{"self":[{"href":"https:\/\/tallinndesignhouse.com\/en\/wp-json\/wp\/v2\/product\/3384537","targetHints":{"allow":["GET"]}}],"collection":[{"href":"https:\/\/tallinndesignhouse.com\/en\/wp-json\/wp\/v2\/product"}],"about":[{"href":"https:\/\/tallinndesignhouse.com\/en\/wp-json\/wp\/v2\/types\/product"}],"wp:featuredmedia":[{"embeddable":true,"href":"https:\/\/tallinndesignhouse.com\/en\/wp-json\/wp\/v2\/media\/3384549"}],"wp:attachment":[{"href":"https:\/\/tallinndesignhouse.com\/en\/wp-json\/wp\/v2\/media?parent=3384537"}],"wp:term":[{"taxonomy":"product_brand","embeddable":true,"href":"https:\/\/tallinndesignhouse.com\/en\/wp-json\/wp\/v2\/product_brand?post=3384537"},{"taxonomy":"product_cat","embeddable":true,"href":"https:\/\/tallinndesignhouse.com\/en\/wp-json\/wp\/v2\/product_cat?post=3384537"},{"taxonomy":"product_tag","embeddable":true,"href":"https:\/\/tallinndesignhouse.com\/en\/wp-json\/wp\/v2\/product_tag?post=3384537"}],"curies":[{"name":"wp","href":"https:\/\/api.w.org\/{rel}","templated":true}]}}