{"id":3384616,"date":"2025-11-09T21:05:06","date_gmt":"2025-11-09T19:05:06","guid":{"rendered":"https:\/\/tallinndesignhouse.com\/toode\/balaclava-meriino\/"},"modified":"2026-05-14T01:00:57","modified_gmt":"2026-05-13T22:00:57","slug":"balaclava-meriino","status":"publish","type":"product","link":"https:\/\/tallinndesignhouse.com\/en\/toode\/balaclava-meriino\/","title":{"rendered":"Merino Balaclava"},"content":{"rendered":"<p>The knitted merino wool Balaclava by \u00c4rni Blum is a perfect 2-in-1. Does it looks like a hoodie or more like cowl? Or perhaps a hooded cowl? Anyway, it\u00b4s a perfect combination of hat and scarf that will guarantee you uttermost comfort and warmth. And it will certainly draw all the attention one could wish for. Designed and handmade in Saaremaa, Estonia. Material:\u00a0extra fine\u00a0merino wool.<\/p>\n","protected":false},"excerpt":{"rendered":"<p>The knitted merino wool Balaclava by \u00c4rni Blum is a perfect 2-in-1. Does it looks like a hoodie or more like cowl? Or perhaps a hooded cowl? Anyway, it\u00b4s a perfect combination of hat and scarf that will guarantee you uttermost comfort and warmth. And it will certainly draw all the attention one could wish [&hellip;]<\/p>\n","protected":false},"featured_media":3384641,"template":"","meta":{"_acf_changed":false},"product_brand":[],"product_cat":[3717,883,113],"product_tag":[2818],"class_list":{"0":"post-3384616","1":"product","2":"type-product","3":"status-publish","4":"has-post-thumbnail","6":"product_cat-kevadised-tooted","7":"product_cat-peakatted_ja_sallid","8":"product_cat-aksessuaarid","9":"product_tag-naised","10":"pa_brand-arni-blum","12":"pa_varv-must","13":"pa_varv-pruun","14":"pa_varv-kaamel","15":"pa_varv-tumehall","16":"pa_varv-fuksia","18":"pa_varv-hall","20":"pa_varv-helebeez","21":"pa_varv-helelilla","27":"pa_varv-punane","31":"first","32":"instock","33":"taxable","34":"shipping-taxable","35":"purchasable","36":"product-type-variable"},"acf":[],"yoast_head":"<!-- This site is optimized with the Yoast SEO plugin v26.0 - https:\/\/yoast.com\/wordpress\/plugins\/seo\/ -->\n<title>\u00c4rni Blum Merino Balaclava - Tallinn Design House<\/title>\n<meta name=\"description\" content=\"\u00c4rni Blum balaclava meriino. Disainitud ja k\u00e4sit\u00f6\u00f6na valminud Eestis, Saaremaal.\" \/>\n<meta name=\"robots\" content=\"index, follow, max-snippet:-1, max-image-preview:large, max-video-preview:-1\" \/>\n<link rel=\"canonical\" href=\"https:\/\/tallinndesignhouse.com\/toode\/balaclava-meriino\/\" \/>\n<meta property=\"og:locale\" content=\"en_US\" \/>\n<meta property=\"og:type\" content=\"article\" \/>\n<meta property=\"og:title\" content=\"\u00c4rni Blum Merino Balaclava - Tallinn Design House\" \/>\n<meta property=\"og:description\" content=\"\u00c4rni Blum balaclava meriino. Disainitud ja k\u00e4sit\u00f6\u00f6na valminud Eestis, Saaremaal.\" \/>\n<meta property=\"og:url\" content=\"https:\/\/tallinndesignhouse.com\/toode\/balaclava-meriino\/\" \/>\n<meta property=\"og:site_name\" content=\"Tallinn Design House\" \/>\n<meta property=\"article:modified_time\" content=\"2026-05-13T22:00:57+00:00\" \/>\n<meta property=\"og:image\" content=\"https:\/\/tallinndesignhouse.com\/wp-content\/uploads\/2025\/11\/Balaclava-meriino-helebeez-Arni-Blum.jpg\" \/>\n\t<meta property=\"og:image:width\" content=\"1080\" \/>\n\t<meta property=\"og:image:height\" content=\"1350\" \/>\n\t<meta property=\"og:image:type\" content=\"image\/jpeg\" \/>\n<meta name=\"twitter:card\" content=\"summary_large_image\" \/>\n<script type=\"application\/ld+json\" class=\"yoast-schema-graph\">{\"@context\":\"https:\/\/schema.org\",\"@graph\":[{\"@type\":\"WebPage\",\"@id\":\"https:\/\/tallinndesignhouse.com\/toode\/balaclava-meriino\/\",\"url\":\"https:\/\/tallinndesignhouse.com\/toode\/balaclava-meriino\/\",\"name\":\"\u00c4rni Blum Merino Balaclava - Tallinn Design House\",\"isPartOf\":{\"@id\":\"https:\/\/tallinndesignhouse.com\/#website\"},\"primaryImageOfPage\":{\"@id\":\"https:\/\/tallinndesignhouse.com\/toode\/balaclava-meriino\/#primaryimage\"},\"image\":{\"@id\":\"https:\/\/tallinndesignhouse.com\/toode\/balaclava-meriino\/#primaryimage\"},\"thumbnailUrl\":\"https:\/\/tallinndesignhouse.com\/wp-content\/uploads\/2025\/11\/Balaclava-meriino-helebeez-Arni-Blum.jpg\",\"datePublished\":\"2025-11-09T19:05:06+00:00\",\"dateModified\":\"2026-05-13T22:00:57+00:00\",\"description\":\"\u00c4rni Blum balaclava meriino. Disainitud ja k\u00e4sit\u00f6\u00f6na valminud Eestis, Saaremaal.\",\"breadcrumb\":{\"@id\":\"https:\/\/tallinndesignhouse.com\/toode\/balaclava-meriino\/#breadcrumb\"},\"inLanguage\":\"en-US\",\"potentialAction\":[{\"@type\":\"ReadAction\",\"target\":[\"https:\/\/tallinndesignhouse.com\/toode\/balaclava-meriino\/\"]}]},{\"@type\":\"ImageObject\",\"inLanguage\":\"en-US\",\"@id\":\"https:\/\/tallinndesignhouse.com\/toode\/balaclava-meriino\/#primaryimage\",\"url\":\"https:\/\/tallinndesignhouse.com\/wp-content\/uploads\/2025\/11\/Balaclava-meriino-helebeez-Arni-Blum.jpg\",\"contentUrl\":\"https:\/\/tallinndesignhouse.com\/wp-content\/uploads\/2025\/11\/Balaclava-meriino-helebeez-Arni-Blum.jpg\",\"width\":1080,\"height\":1350,\"caption\":\"Balaclava meriino helebeez - A\u0308rni Blum\"},{\"@type\":\"BreadcrumbList\",\"@id\":\"https:\/\/tallinndesignhouse.com\/toode\/balaclava-meriino\/#breadcrumb\",\"itemListElement\":[{\"@type\":\"ListItem\",\"position\":1,\"name\":\"Home\",\"item\":\"https:\/\/tallinndesignhouse.com\/en\/\"},{\"@type\":\"ListItem\",\"position\":2,\"name\":\"Shop\",\"item\":\"https:\/\/tallinndesignhouse.com\/en\/shop\/\"},{\"@type\":\"ListItem\",\"position\":3,\"name\":\"Merino Balaclava\"}]},{\"@type\":\"WebSite\",\"@id\":\"https:\/\/tallinndesignhouse.com\/#website\",\"url\":\"https:\/\/tallinndesignhouse.com\/\",\"name\":\"Tallinn Design House\",\"description\":\"Eesti disain Rotermanni kvartalis\",\"potentialAction\":[{\"@type\":\"SearchAction\",\"target\":{\"@type\":\"EntryPoint\",\"urlTemplate\":\"https:\/\/tallinndesignhouse.com\/?s={search_term_string}\"},\"query-input\":{\"@type\":\"PropertyValueSpecification\",\"valueRequired\":true,\"valueName\":\"search_term_string\"}}],\"inLanguage\":\"en-US\"}]}<\/script>\n<!-- \/ Yoast SEO plugin. -->","yoast_head_json":{"title":"\u00c4rni Blum Merino Balaclava - Tallinn Design House","description":"\u00c4rni Blum balaclava meriino. Disainitud ja k\u00e4sit\u00f6\u00f6na valminud Eestis, Saaremaal.","robots":{"index":"index","follow":"follow","max-snippet":"max-snippet:-1","max-image-preview":"max-image-preview:large","max-video-preview":"max-video-preview:-1"},"canonical":"https:\/\/tallinndesignhouse.com\/toode\/balaclava-meriino\/","og_locale":"en_US","og_type":"article","og_title":"\u00c4rni Blum Merino Balaclava - Tallinn Design House","og_description":"\u00c4rni Blum balaclava meriino. Disainitud ja k\u00e4sit\u00f6\u00f6na valminud Eestis, Saaremaal.","og_url":"https:\/\/tallinndesignhouse.com\/toode\/balaclava-meriino\/","og_site_name":"Tallinn Design House","article_modified_time":"2026-05-13T22:00:57+00:00","og_image":[{"width":1080,"height":1350,"url":"https:\/\/tallinndesignhouse.com\/wp-content\/uploads\/2025\/11\/Balaclava-meriino-helebeez-Arni-Blum.jpg","type":"image\/jpeg"}],"twitter_card":"summary_large_image","schema":{"@context":"https:\/\/schema.org","@graph":[{"@type":"WebPage","@id":"https:\/\/tallinndesignhouse.com\/toode\/balaclava-meriino\/","url":"https:\/\/tallinndesignhouse.com\/toode\/balaclava-meriino\/","name":"\u00c4rni Blum Merino Balaclava - Tallinn Design House","isPartOf":{"@id":"https:\/\/tallinndesignhouse.com\/#website"},"primaryImageOfPage":{"@id":"https:\/\/tallinndesignhouse.com\/toode\/balaclava-meriino\/#primaryimage"},"image":{"@id":"https:\/\/tallinndesignhouse.com\/toode\/balaclava-meriino\/#primaryimage"},"thumbnailUrl":"https:\/\/tallinndesignhouse.com\/wp-content\/uploads\/2025\/11\/Balaclava-meriino-helebeez-Arni-Blum.jpg","datePublished":"2025-11-09T19:05:06+00:00","dateModified":"2026-05-13T22:00:57+00:00","description":"\u00c4rni Blum balaclava meriino. Disainitud ja k\u00e4sit\u00f6\u00f6na valminud Eestis, Saaremaal.","breadcrumb":{"@id":"https:\/\/tallinndesignhouse.com\/toode\/balaclava-meriino\/#breadcrumb"},"inLanguage":"en-US","potentialAction":[{"@type":"ReadAction","target":["https:\/\/tallinndesignhouse.com\/toode\/balaclava-meriino\/"]}]},{"@type":"ImageObject","inLanguage":"en-US","@id":"https:\/\/tallinndesignhouse.com\/toode\/balaclava-meriino\/#primaryimage","url":"https:\/\/tallinndesignhouse.com\/wp-content\/uploads\/2025\/11\/Balaclava-meriino-helebeez-Arni-Blum.jpg","contentUrl":"https:\/\/tallinndesignhouse.com\/wp-content\/uploads\/2025\/11\/Balaclava-meriino-helebeez-Arni-Blum.jpg","width":1080,"height":1350,"caption":"Balaclava meriino helebeez - A\u0308rni Blum"},{"@type":"BreadcrumbList","@id":"https:\/\/tallinndesignhouse.com\/toode\/balaclava-meriino\/#breadcrumb","itemListElement":[{"@type":"ListItem","position":1,"name":"Home","item":"https:\/\/tallinndesignhouse.com\/en\/"},{"@type":"ListItem","position":2,"name":"Shop","item":"https:\/\/tallinndesignhouse.com\/en\/shop\/"},{"@type":"ListItem","position":3,"name":"Merino Balaclava"}]},{"@type":"WebSite","@id":"https:\/\/tallinndesignhouse.com\/#website","url":"https:\/\/tallinndesignhouse.com\/","name":"Tallinn Design House","description":"Eesti disain Rotermanni kvartalis","potentialAction":[{"@type":"SearchAction","target":{"@type":"EntryPoint","urlTemplate":"https:\/\/tallinndesignhouse.com\/?s={search_term_string}"},"query-input":{"@type":"PropertyValueSpecification","valueRequired":true,"valueName":"search_term_string"}}],"inLanguage":"en-US"}]}},"_links":{"self":[{"href":"https:\/\/tallinndesignhouse.com\/en\/wp-json\/wp\/v2\/product\/3384616","targetHints":{"allow":["GET"]}}],"collection":[{"href":"https:\/\/tallinndesignhouse.com\/en\/wp-json\/wp\/v2\/product"}],"about":[{"href":"https:\/\/tallinndesignhouse.com\/en\/wp-json\/wp\/v2\/types\/product"}],"wp:featuredmedia":[{"embeddable":true,"href":"https:\/\/tallinndesignhouse.com\/en\/wp-json\/wp\/v2\/media\/3384641"}],"wp:attachment":[{"href":"https:\/\/tallinndesignhouse.com\/en\/wp-json\/wp\/v2\/media?parent=3384616"}],"wp:term":[{"taxonomy":"product_brand","embeddable":true,"href":"https:\/\/tallinndesignhouse.com\/en\/wp-json\/wp\/v2\/product_brand?post=3384616"},{"taxonomy":"product_cat","embeddable":true,"href":"https:\/\/tallinndesignhouse.com\/en\/wp-json\/wp\/v2\/product_cat?post=3384616"},{"taxonomy":"product_tag","embeddable":true,"href":"https:\/\/tallinndesignhouse.com\/en\/wp-json\/wp\/v2\/product_tag?post=3384616"}],"curies":[{"name":"wp","href":"https:\/\/api.w.org\/{rel}","templated":true}]}}