{"id":3384712,"date":"2025-11-09T22:20:04","date_gmt":"2025-11-09T20:20:04","guid":{"rendered":"https:\/\/tallinndesignhouse.com\/toode\/kaelakee-endless-options-must\/"},"modified":"2026-04-29T01:01:01","modified_gmt":"2026-04-28T22:01:01","slug":"kaelakee-endless-options-must","status":"publish","type":"product","link":"https:\/\/tallinndesignhouse.com\/en\/toode\/kaelakee-endless-options-must\/","title":{"rendered":"Necklace Endless Options black"},"content":{"rendered":"<p>The 42mm diameter circle pendant is a smaller version of Endless Options bangle. It has a gently brushed surface and polished surfaces, a secret message inside. It is a simple and pure form, easy to wear. The circle is endless, therefore it\u00b4s also a symbol of infinity. The circle is also a good accessory to hold your silky scarf! Endless Options necklace is 80cm long, has MyaMoon logotag and can be worn separately.<\/p>\n","protected":false},"excerpt":{"rendered":"<p>The 42mm diameter circle pendant is a smaller version of Endless Options bangle. It has a gently brushed surface and polished surfaces, a secret message inside. It is a simple and pure form, easy to wear. The circle is endless, therefore it\u00b4s also a symbol of infinity. The circle is also a good accessory to [&hellip;]<\/p>\n","protected":false},"featured_media":3384702,"template":"","meta":{"_acf_changed":false},"product_brand":[],"product_cat":[869,116,3717],"product_tag":[2818],"class_list":{"0":"post-3384712","1":"product","2":"type-product","3":"status-publish","4":"has-post-thumbnail","6":"product_cat-kaelaehted","7":"product_cat-ehted","8":"product_cat-kevadised-tooted","9":"product_tag-naised","10":"pa_brand-myamoon","13":"first","14":"instock","15":"taxable","16":"shipping-taxable","17":"purchasable","18":"product-type-simple"},"acf":[],"yoast_head":"<!-- This site is optimized with the Yoast SEO plugin v26.0 - https:\/\/yoast.com\/wordpress\/plugins\/seo\/ -->\n<title>Myamoon Necklace Endless Options black - Tallinn Design House<\/title>\n<meta name=\"description\" content=\"Myamoon kaelakee Endless Options must. Ehte pealispind on \u00f5rnalt harjatud, k\u00fcljed ja sisepind k\u00f5rgpoleeritud.\" \/>\n<meta name=\"robots\" content=\"index, follow, max-snippet:-1, max-image-preview:large, max-video-preview:-1\" \/>\n<link rel=\"canonical\" href=\"https:\/\/tallinndesignhouse.com\/toode\/kaelakee-endless-options-must\/\" \/>\n<meta property=\"og:locale\" content=\"en_US\" \/>\n<meta property=\"og:type\" content=\"article\" \/>\n<meta property=\"og:title\" content=\"Myamoon Necklace Endless Options black - Tallinn Design House\" \/>\n<meta property=\"og:description\" content=\"Myamoon kaelakee Endless Options must. Ehte pealispind on \u00f5rnalt harjatud, k\u00fcljed ja sisepind k\u00f5rgpoleeritud.\" \/>\n<meta property=\"og:url\" content=\"https:\/\/tallinndesignhouse.com\/toode\/kaelakee-endless-options-must\/\" \/>\n<meta property=\"og:site_name\" content=\"Tallinn Design House\" \/>\n<meta property=\"article:modified_time\" content=\"2026-04-28T22:01:01+00:00\" \/>\n<meta property=\"og:image\" content=\"https:\/\/tallinndesignhouse.com\/wp-content\/uploads\/2025\/11\/Kaelakee-Endless-Options-must-Myamoon.jpg\" \/>\n\t<meta property=\"og:image:width\" content=\"1080\" \/>\n\t<meta property=\"og:image:height\" content=\"1350\" \/>\n\t<meta property=\"og:image:type\" content=\"image\/jpeg\" \/>\n<meta name=\"twitter:card\" content=\"summary_large_image\" \/>\n<script type=\"application\/ld+json\" class=\"yoast-schema-graph\">{\"@context\":\"https:\/\/schema.org\",\"@graph\":[{\"@type\":\"WebPage\",\"@id\":\"https:\/\/tallinndesignhouse.com\/toode\/kaelakee-endless-options-must\/\",\"url\":\"https:\/\/tallinndesignhouse.com\/toode\/kaelakee-endless-options-must\/\",\"name\":\"Myamoon Necklace Endless Options black - Tallinn Design House\",\"isPartOf\":{\"@id\":\"https:\/\/tallinndesignhouse.com\/#website\"},\"primaryImageOfPage\":{\"@id\":\"https:\/\/tallinndesignhouse.com\/toode\/kaelakee-endless-options-must\/#primaryimage\"},\"image\":{\"@id\":\"https:\/\/tallinndesignhouse.com\/toode\/kaelakee-endless-options-must\/#primaryimage\"},\"thumbnailUrl\":\"https:\/\/tallinndesignhouse.com\/wp-content\/uploads\/2025\/11\/Kaelakee-Endless-Options-must-Myamoon.jpg\",\"datePublished\":\"2025-11-09T20:20:04+00:00\",\"dateModified\":\"2026-04-28T22:01:01+00:00\",\"description\":\"Myamoon kaelakee Endless Options must. Ehte pealispind on \u00f5rnalt harjatud, k\u00fcljed ja sisepind k\u00f5rgpoleeritud.\",\"breadcrumb\":{\"@id\":\"https:\/\/tallinndesignhouse.com\/toode\/kaelakee-endless-options-must\/#breadcrumb\"},\"inLanguage\":\"en-US\",\"potentialAction\":[{\"@type\":\"ReadAction\",\"target\":[\"https:\/\/tallinndesignhouse.com\/toode\/kaelakee-endless-options-must\/\"]}]},{\"@type\":\"ImageObject\",\"inLanguage\":\"en-US\",\"@id\":\"https:\/\/tallinndesignhouse.com\/toode\/kaelakee-endless-options-must\/#primaryimage\",\"url\":\"https:\/\/tallinndesignhouse.com\/wp-content\/uploads\/2025\/11\/Kaelakee-Endless-Options-must-Myamoon.jpg\",\"contentUrl\":\"https:\/\/tallinndesignhouse.com\/wp-content\/uploads\/2025\/11\/Kaelakee-Endless-Options-must-Myamoon.jpg\",\"width\":1080,\"height\":1350,\"caption\":\"Kaelakee Endless Options must Myamoon\"},{\"@type\":\"BreadcrumbList\",\"@id\":\"https:\/\/tallinndesignhouse.com\/toode\/kaelakee-endless-options-must\/#breadcrumb\",\"itemListElement\":[{\"@type\":\"ListItem\",\"position\":1,\"name\":\"Home\",\"item\":\"https:\/\/tallinndesignhouse.com\/en\/\"},{\"@type\":\"ListItem\",\"position\":2,\"name\":\"Shop\",\"item\":\"https:\/\/tallinndesignhouse.com\/en\/shop\/\"},{\"@type\":\"ListItem\",\"position\":3,\"name\":\"Necklace Endless Options black\"}]},{\"@type\":\"WebSite\",\"@id\":\"https:\/\/tallinndesignhouse.com\/#website\",\"url\":\"https:\/\/tallinndesignhouse.com\/\",\"name\":\"Tallinn Design House\",\"description\":\"Eesti disain Rotermanni kvartalis\",\"potentialAction\":[{\"@type\":\"SearchAction\",\"target\":{\"@type\":\"EntryPoint\",\"urlTemplate\":\"https:\/\/tallinndesignhouse.com\/?s={search_term_string}\"},\"query-input\":{\"@type\":\"PropertyValueSpecification\",\"valueRequired\":true,\"valueName\":\"search_term_string\"}}],\"inLanguage\":\"en-US\"}]}<\/script>\n<!-- \/ Yoast SEO plugin. -->","yoast_head_json":{"title":"Myamoon Necklace Endless Options black - Tallinn Design House","description":"Myamoon kaelakee Endless Options must. Ehte pealispind on \u00f5rnalt harjatud, k\u00fcljed ja sisepind k\u00f5rgpoleeritud.","robots":{"index":"index","follow":"follow","max-snippet":"max-snippet:-1","max-image-preview":"max-image-preview:large","max-video-preview":"max-video-preview:-1"},"canonical":"https:\/\/tallinndesignhouse.com\/toode\/kaelakee-endless-options-must\/","og_locale":"en_US","og_type":"article","og_title":"Myamoon Necklace Endless Options black - Tallinn Design House","og_description":"Myamoon kaelakee Endless Options must. Ehte pealispind on \u00f5rnalt harjatud, k\u00fcljed ja sisepind k\u00f5rgpoleeritud.","og_url":"https:\/\/tallinndesignhouse.com\/toode\/kaelakee-endless-options-must\/","og_site_name":"Tallinn Design House","article_modified_time":"2026-04-28T22:01:01+00:00","og_image":[{"width":1080,"height":1350,"url":"https:\/\/tallinndesignhouse.com\/wp-content\/uploads\/2025\/11\/Kaelakee-Endless-Options-must-Myamoon.jpg","type":"image\/jpeg"}],"twitter_card":"summary_large_image","schema":{"@context":"https:\/\/schema.org","@graph":[{"@type":"WebPage","@id":"https:\/\/tallinndesignhouse.com\/toode\/kaelakee-endless-options-must\/","url":"https:\/\/tallinndesignhouse.com\/toode\/kaelakee-endless-options-must\/","name":"Myamoon Necklace Endless Options black - Tallinn Design House","isPartOf":{"@id":"https:\/\/tallinndesignhouse.com\/#website"},"primaryImageOfPage":{"@id":"https:\/\/tallinndesignhouse.com\/toode\/kaelakee-endless-options-must\/#primaryimage"},"image":{"@id":"https:\/\/tallinndesignhouse.com\/toode\/kaelakee-endless-options-must\/#primaryimage"},"thumbnailUrl":"https:\/\/tallinndesignhouse.com\/wp-content\/uploads\/2025\/11\/Kaelakee-Endless-Options-must-Myamoon.jpg","datePublished":"2025-11-09T20:20:04+00:00","dateModified":"2026-04-28T22:01:01+00:00","description":"Myamoon kaelakee Endless Options must. Ehte pealispind on \u00f5rnalt harjatud, k\u00fcljed ja sisepind k\u00f5rgpoleeritud.","breadcrumb":{"@id":"https:\/\/tallinndesignhouse.com\/toode\/kaelakee-endless-options-must\/#breadcrumb"},"inLanguage":"en-US","potentialAction":[{"@type":"ReadAction","target":["https:\/\/tallinndesignhouse.com\/toode\/kaelakee-endless-options-must\/"]}]},{"@type":"ImageObject","inLanguage":"en-US","@id":"https:\/\/tallinndesignhouse.com\/toode\/kaelakee-endless-options-must\/#primaryimage","url":"https:\/\/tallinndesignhouse.com\/wp-content\/uploads\/2025\/11\/Kaelakee-Endless-Options-must-Myamoon.jpg","contentUrl":"https:\/\/tallinndesignhouse.com\/wp-content\/uploads\/2025\/11\/Kaelakee-Endless-Options-must-Myamoon.jpg","width":1080,"height":1350,"caption":"Kaelakee Endless Options must Myamoon"},{"@type":"BreadcrumbList","@id":"https:\/\/tallinndesignhouse.com\/toode\/kaelakee-endless-options-must\/#breadcrumb","itemListElement":[{"@type":"ListItem","position":1,"name":"Home","item":"https:\/\/tallinndesignhouse.com\/en\/"},{"@type":"ListItem","position":2,"name":"Shop","item":"https:\/\/tallinndesignhouse.com\/en\/shop\/"},{"@type":"ListItem","position":3,"name":"Necklace Endless Options black"}]},{"@type":"WebSite","@id":"https:\/\/tallinndesignhouse.com\/#website","url":"https:\/\/tallinndesignhouse.com\/","name":"Tallinn Design House","description":"Eesti disain Rotermanni kvartalis","potentialAction":[{"@type":"SearchAction","target":{"@type":"EntryPoint","urlTemplate":"https:\/\/tallinndesignhouse.com\/?s={search_term_string}"},"query-input":{"@type":"PropertyValueSpecification","valueRequired":true,"valueName":"search_term_string"}}],"inLanguage":"en-US"}]}},"_links":{"self":[{"href":"https:\/\/tallinndesignhouse.com\/en\/wp-json\/wp\/v2\/product\/3384712","targetHints":{"allow":["GET"]}}],"collection":[{"href":"https:\/\/tallinndesignhouse.com\/en\/wp-json\/wp\/v2\/product"}],"about":[{"href":"https:\/\/tallinndesignhouse.com\/en\/wp-json\/wp\/v2\/types\/product"}],"wp:featuredmedia":[{"embeddable":true,"href":"https:\/\/tallinndesignhouse.com\/en\/wp-json\/wp\/v2\/media\/3384702"}],"wp:attachment":[{"href":"https:\/\/tallinndesignhouse.com\/en\/wp-json\/wp\/v2\/media?parent=3384712"}],"wp:term":[{"taxonomy":"product_brand","embeddable":true,"href":"https:\/\/tallinndesignhouse.com\/en\/wp-json\/wp\/v2\/product_brand?post=3384712"},{"taxonomy":"product_cat","embeddable":true,"href":"https:\/\/tallinndesignhouse.com\/en\/wp-json\/wp\/v2\/product_cat?post=3384712"},{"taxonomy":"product_tag","embeddable":true,"href":"https:\/\/tallinndesignhouse.com\/en\/wp-json\/wp\/v2\/product_tag?post=3384712"}],"curies":[{"name":"wp","href":"https:\/\/api.w.org\/{rel}","templated":true}]}}