{"id":3385172,"date":"2025-11-14T11:35:07","date_gmt":"2025-11-14T09:35:07","guid":{"rendered":"https:\/\/tallinndesignhouse.com\/toode\/home-spa-lohnakuunal-ounaglogi-kinkekarbis-150g\/"},"modified":"2026-05-13T00:57:00","modified_gmt":"2026-05-12T21:57:00","slug":"home-spa-lohnakuunal-ounaglogi-kinkekarbis-150g","status":"publish","type":"product","link":"https:\/\/tallinndesignhouse.com\/en\/toode\/home-spa-lohnakuunal-ounaglogi-kinkekarbis-150g\/","title":{"rendered":"Scented candle Apple Gl\u00f6gg in gift box 150 g"},"content":{"rendered":"<p>Scented candle Apple Gl\u00f6gg in pretty gift box by JOIK. Apple Gl\u00f6gg is heart-warming winter classic. Scented candle Apple Gl\u00f6gg combines the best scent notes of this Christmas tradition. Skillfully mixed and beautifully served gl\u00f6gg, in which fruity, delicious and spicy notes come to the fore. Gl\u00f6gg with hints of apple juice, brown sugar and vanilla bean, enhanced by cinnamon bark, cloves and orange slice. A real holiday aroma that creates a warm and cozy atmosphere. Top notes: orange, clove, star anise. Middle notes: mulled wine, cinnamon, baked apple. Base notes: brown sugar, vanilla, marzipan. INCI: Rapeseed wax, perfume. Warning! Contains Limonene, 2-(4-tert-butylbenzyl)propionaldehyde, 2-Hexyl-(E)-cinnamaldehyde, Linalool, 1-(1,2,3,4,5,6,7,8-Octahydro-2,3,8,8-tetramethyl-2-naphthalenyl)ethanone). May produce an allergic reaction. Keep out of the reach of children.  Harmful to aquatic life with long lasting effects. Dispose of contents\/container in accordance with local\/regional\/national\/international regulations.<\/p>\n","protected":false},"excerpt":{"rendered":"<p>Scented candle Apple Gl\u00f6gg in pretty gift box by JOIK. Apple Gl\u00f6gg is heart-warming winter classic. Scented candle Apple Gl\u00f6gg combines the best scent notes of this Christmas tradition. Skillfully mixed and beautifully served gl\u00f6gg, in which fruity, delicious and spicy notes come to the fore. Gl\u00f6gg with hints of apple juice, brown sugar and [&hellip;]<\/p>\n","protected":false},"featured_media":3385202,"template":"","meta":{"_acf_changed":false},"product_brand":[],"product_cat":[890,875],"product_tag":[1828],"class_list":{"0":"post-3385172","1":"product","2":"type-product","3":"status-publish","4":"has-post-thumbnail","6":"product_cat-sisustustooted","7":"product_cat-kodu","8":"product_tag-kodu","9":"pa_brand-joik-en","10":"pa_brand-joik","12":"first","13":"instock","14":"taxable","15":"shipping-taxable","16":"purchasable","17":"product-type-simple"},"acf":[],"yoast_head":"<!-- This site is optimized with the Yoast SEO plugin v26.0 - https:\/\/yoast.com\/wordpress\/plugins\/seo\/ -->\n<title>JOIK Scented candle Apple Gl\u00f6gg in gift box 150 g - Tallinn Design House<\/title>\n<meta name=\"description\" content=\"JOIK Home &amp; spa l\u00f5hnak\u00fc\u00fcnal \u00d5unagl\u00f6gi kinkekarbis 150g.\" \/>\n<meta name=\"robots\" content=\"index, follow, max-snippet:-1, max-image-preview:large, max-video-preview:-1\" \/>\n<link rel=\"canonical\" href=\"https:\/\/tallinndesignhouse.com\/toode\/home-spa-lohnakuunal-ounaglogi-kinkekarbis-150g\/\" \/>\n<meta property=\"og:locale\" content=\"en_US\" \/>\n<meta property=\"og:type\" content=\"article\" \/>\n<meta property=\"og:title\" content=\"JOIK Scented candle Apple Gl\u00f6gg in gift box 150 g - Tallinn Design House\" \/>\n<meta property=\"og:description\" content=\"JOIK Home &amp; spa l\u00f5hnak\u00fc\u00fcnal \u00d5unagl\u00f6gi kinkekarbis 150g.\" \/>\n<meta property=\"og:url\" content=\"https:\/\/tallinndesignhouse.com\/toode\/home-spa-lohnakuunal-ounaglogi-kinkekarbis-150g\/\" \/>\n<meta property=\"og:site_name\" content=\"Tallinn Design House\" \/>\n<meta property=\"article:modified_time\" content=\"2026-05-12T21:57:00+00:00\" \/>\n<meta property=\"og:image\" content=\"https:\/\/tallinndesignhouse.com\/wp-content\/uploads\/2025\/11\/Home-spa-lohnakuunal-Ounaglogi-kinkekarbis-JOIK_.jpg\" \/>\n\t<meta property=\"og:image:width\" content=\"1080\" \/>\n\t<meta property=\"og:image:height\" content=\"1350\" \/>\n\t<meta property=\"og:image:type\" content=\"image\/jpeg\" \/>\n<meta name=\"twitter:card\" content=\"summary_large_image\" \/>\n<meta name=\"twitter:label1\" content=\"Est. reading time\" \/>\n\t<meta name=\"twitter:data1\" content=\"1 minute\" \/>\n<script type=\"application\/ld+json\" class=\"yoast-schema-graph\">{\"@context\":\"https:\/\/schema.org\",\"@graph\":[{\"@type\":\"WebPage\",\"@id\":\"https:\/\/tallinndesignhouse.com\/toode\/home-spa-lohnakuunal-ounaglogi-kinkekarbis-150g\/\",\"url\":\"https:\/\/tallinndesignhouse.com\/toode\/home-spa-lohnakuunal-ounaglogi-kinkekarbis-150g\/\",\"name\":\"JOIK Scented candle Apple Gl\u00f6gg in gift box 150 g - Tallinn Design House\",\"isPartOf\":{\"@id\":\"https:\/\/tallinndesignhouse.com\/#website\"},\"primaryImageOfPage\":{\"@id\":\"https:\/\/tallinndesignhouse.com\/toode\/home-spa-lohnakuunal-ounaglogi-kinkekarbis-150g\/#primaryimage\"},\"image\":{\"@id\":\"https:\/\/tallinndesignhouse.com\/toode\/home-spa-lohnakuunal-ounaglogi-kinkekarbis-150g\/#primaryimage\"},\"thumbnailUrl\":\"https:\/\/tallinndesignhouse.com\/wp-content\/uploads\/2025\/11\/Home-spa-lohnakuunal-Ounaglogi-kinkekarbis-JOIK_.jpg\",\"datePublished\":\"2025-11-14T09:35:07+00:00\",\"dateModified\":\"2026-05-12T21:57:00+00:00\",\"description\":\"JOIK Home & spa l\u00f5hnak\u00fc\u00fcnal \u00d5unagl\u00f6gi kinkekarbis 150g.\",\"breadcrumb\":{\"@id\":\"https:\/\/tallinndesignhouse.com\/toode\/home-spa-lohnakuunal-ounaglogi-kinkekarbis-150g\/#breadcrumb\"},\"inLanguage\":\"en-US\",\"potentialAction\":[{\"@type\":\"ReadAction\",\"target\":[\"https:\/\/tallinndesignhouse.com\/toode\/home-spa-lohnakuunal-ounaglogi-kinkekarbis-150g\/\"]}]},{\"@type\":\"ImageObject\",\"inLanguage\":\"en-US\",\"@id\":\"https:\/\/tallinndesignhouse.com\/toode\/home-spa-lohnakuunal-ounaglogi-kinkekarbis-150g\/#primaryimage\",\"url\":\"https:\/\/tallinndesignhouse.com\/wp-content\/uploads\/2025\/11\/Home-spa-lohnakuunal-Ounaglogi-kinkekarbis-JOIK_.jpg\",\"contentUrl\":\"https:\/\/tallinndesignhouse.com\/wp-content\/uploads\/2025\/11\/Home-spa-lohnakuunal-Ounaglogi-kinkekarbis-JOIK_.jpg\",\"width\":1080,\"height\":1350,\"caption\":\"Home & spa lo\u0303hnaku\u0308u\u0308nal O\u0303unaglo\u0308gi kinkekarbis - JOIK_\"},{\"@type\":\"BreadcrumbList\",\"@id\":\"https:\/\/tallinndesignhouse.com\/toode\/home-spa-lohnakuunal-ounaglogi-kinkekarbis-150g\/#breadcrumb\",\"itemListElement\":[{\"@type\":\"ListItem\",\"position\":1,\"name\":\"Home\",\"item\":\"https:\/\/tallinndesignhouse.com\/en\/\"},{\"@type\":\"ListItem\",\"position\":2,\"name\":\"Shop\",\"item\":\"https:\/\/tallinndesignhouse.com\/en\/shop\/\"},{\"@type\":\"ListItem\",\"position\":3,\"name\":\"Scented candle Apple Gl\u00f6gg in gift box 150 g\"}]},{\"@type\":\"WebSite\",\"@id\":\"https:\/\/tallinndesignhouse.com\/#website\",\"url\":\"https:\/\/tallinndesignhouse.com\/\",\"name\":\"Tallinn Design House\",\"description\":\"Eesti disain Rotermanni kvartalis\",\"potentialAction\":[{\"@type\":\"SearchAction\",\"target\":{\"@type\":\"EntryPoint\",\"urlTemplate\":\"https:\/\/tallinndesignhouse.com\/?s={search_term_string}\"},\"query-input\":{\"@type\":\"PropertyValueSpecification\",\"valueRequired\":true,\"valueName\":\"search_term_string\"}}],\"inLanguage\":\"en-US\"}]}<\/script>\n<!-- \/ Yoast SEO plugin. -->","yoast_head_json":{"title":"JOIK Scented candle Apple Gl\u00f6gg in gift box 150 g - Tallinn Design House","description":"JOIK Home & spa l\u00f5hnak\u00fc\u00fcnal \u00d5unagl\u00f6gi kinkekarbis 150g.","robots":{"index":"index","follow":"follow","max-snippet":"max-snippet:-1","max-image-preview":"max-image-preview:large","max-video-preview":"max-video-preview:-1"},"canonical":"https:\/\/tallinndesignhouse.com\/toode\/home-spa-lohnakuunal-ounaglogi-kinkekarbis-150g\/","og_locale":"en_US","og_type":"article","og_title":"JOIK Scented candle Apple Gl\u00f6gg in gift box 150 g - Tallinn Design House","og_description":"JOIK Home & spa l\u00f5hnak\u00fc\u00fcnal \u00d5unagl\u00f6gi kinkekarbis 150g.","og_url":"https:\/\/tallinndesignhouse.com\/toode\/home-spa-lohnakuunal-ounaglogi-kinkekarbis-150g\/","og_site_name":"Tallinn Design House","article_modified_time":"2026-05-12T21:57:00+00:00","og_image":[{"width":1080,"height":1350,"url":"https:\/\/tallinndesignhouse.com\/wp-content\/uploads\/2025\/11\/Home-spa-lohnakuunal-Ounaglogi-kinkekarbis-JOIK_.jpg","type":"image\/jpeg"}],"twitter_card":"summary_large_image","twitter_misc":{"Est. reading time":"1 minute"},"schema":{"@context":"https:\/\/schema.org","@graph":[{"@type":"WebPage","@id":"https:\/\/tallinndesignhouse.com\/toode\/home-spa-lohnakuunal-ounaglogi-kinkekarbis-150g\/","url":"https:\/\/tallinndesignhouse.com\/toode\/home-spa-lohnakuunal-ounaglogi-kinkekarbis-150g\/","name":"JOIK Scented candle Apple Gl\u00f6gg in gift box 150 g - Tallinn Design House","isPartOf":{"@id":"https:\/\/tallinndesignhouse.com\/#website"},"primaryImageOfPage":{"@id":"https:\/\/tallinndesignhouse.com\/toode\/home-spa-lohnakuunal-ounaglogi-kinkekarbis-150g\/#primaryimage"},"image":{"@id":"https:\/\/tallinndesignhouse.com\/toode\/home-spa-lohnakuunal-ounaglogi-kinkekarbis-150g\/#primaryimage"},"thumbnailUrl":"https:\/\/tallinndesignhouse.com\/wp-content\/uploads\/2025\/11\/Home-spa-lohnakuunal-Ounaglogi-kinkekarbis-JOIK_.jpg","datePublished":"2025-11-14T09:35:07+00:00","dateModified":"2026-05-12T21:57:00+00:00","description":"JOIK Home & spa l\u00f5hnak\u00fc\u00fcnal \u00d5unagl\u00f6gi kinkekarbis 150g.","breadcrumb":{"@id":"https:\/\/tallinndesignhouse.com\/toode\/home-spa-lohnakuunal-ounaglogi-kinkekarbis-150g\/#breadcrumb"},"inLanguage":"en-US","potentialAction":[{"@type":"ReadAction","target":["https:\/\/tallinndesignhouse.com\/toode\/home-spa-lohnakuunal-ounaglogi-kinkekarbis-150g\/"]}]},{"@type":"ImageObject","inLanguage":"en-US","@id":"https:\/\/tallinndesignhouse.com\/toode\/home-spa-lohnakuunal-ounaglogi-kinkekarbis-150g\/#primaryimage","url":"https:\/\/tallinndesignhouse.com\/wp-content\/uploads\/2025\/11\/Home-spa-lohnakuunal-Ounaglogi-kinkekarbis-JOIK_.jpg","contentUrl":"https:\/\/tallinndesignhouse.com\/wp-content\/uploads\/2025\/11\/Home-spa-lohnakuunal-Ounaglogi-kinkekarbis-JOIK_.jpg","width":1080,"height":1350,"caption":"Home & spa lo\u0303hnaku\u0308u\u0308nal O\u0303unaglo\u0308gi kinkekarbis - JOIK_"},{"@type":"BreadcrumbList","@id":"https:\/\/tallinndesignhouse.com\/toode\/home-spa-lohnakuunal-ounaglogi-kinkekarbis-150g\/#breadcrumb","itemListElement":[{"@type":"ListItem","position":1,"name":"Home","item":"https:\/\/tallinndesignhouse.com\/en\/"},{"@type":"ListItem","position":2,"name":"Shop","item":"https:\/\/tallinndesignhouse.com\/en\/shop\/"},{"@type":"ListItem","position":3,"name":"Scented candle Apple Gl\u00f6gg in gift box 150 g"}]},{"@type":"WebSite","@id":"https:\/\/tallinndesignhouse.com\/#website","url":"https:\/\/tallinndesignhouse.com\/","name":"Tallinn Design House","description":"Eesti disain Rotermanni kvartalis","potentialAction":[{"@type":"SearchAction","target":{"@type":"EntryPoint","urlTemplate":"https:\/\/tallinndesignhouse.com\/?s={search_term_string}"},"query-input":{"@type":"PropertyValueSpecification","valueRequired":true,"valueName":"search_term_string"}}],"inLanguage":"en-US"}]}},"_links":{"self":[{"href":"https:\/\/tallinndesignhouse.com\/en\/wp-json\/wp\/v2\/product\/3385172","targetHints":{"allow":["GET"]}}],"collection":[{"href":"https:\/\/tallinndesignhouse.com\/en\/wp-json\/wp\/v2\/product"}],"about":[{"href":"https:\/\/tallinndesignhouse.com\/en\/wp-json\/wp\/v2\/types\/product"}],"wp:featuredmedia":[{"embeddable":true,"href":"https:\/\/tallinndesignhouse.com\/en\/wp-json\/wp\/v2\/media\/3385202"}],"wp:attachment":[{"href":"https:\/\/tallinndesignhouse.com\/en\/wp-json\/wp\/v2\/media?parent=3385172"}],"wp:term":[{"taxonomy":"product_brand","embeddable":true,"href":"https:\/\/tallinndesignhouse.com\/en\/wp-json\/wp\/v2\/product_brand?post=3385172"},{"taxonomy":"product_cat","embeddable":true,"href":"https:\/\/tallinndesignhouse.com\/en\/wp-json\/wp\/v2\/product_cat?post=3385172"},{"taxonomy":"product_tag","embeddable":true,"href":"https:\/\/tallinndesignhouse.com\/en\/wp-json\/wp\/v2\/product_tag?post=3385172"}],"curies":[{"name":"wp","href":"https:\/\/api.w.org\/{rel}","templated":true}]}}