{"id":3385433,"date":"2025-11-17T12:50:06","date_gmt":"2025-11-17T10:50:06","guid":{"rendered":"https:\/\/tallinndesignhouse.com\/toode\/mohaar-bonnet\/"},"modified":"2026-05-03T01:01:16","modified_gmt":"2026-05-02T22:01:16","slug":"mohaar-bonnet","status":"publish","type":"product","link":"https:\/\/tallinndesignhouse.com\/en\/toode\/mohaar-bonnet\/","title":{"rendered":"Mohair Bonnet"},"content":{"rendered":"<p>The Bonnet by \u00c4rni Blum, knitted from luxurious Japanese silk mohair, is the perfect choice for those who love playfulness and want an alternative to classic headwear. Long ties give you the freedom to create different looks \u2013 tie the bonnet at the front, at the back, or make it into a charming bow. Let your imagination run free! The bonnet is made from soft and breathable mohair that provides warmth and comfort, even for the most sensitive skin. A timeless accessory that brings a touch of warmth and care to every day. Designed and handcrafted in Saaremaa, Estonia. Material: 65% mohair, 35% silk.<\/p>\n","protected":false},"excerpt":{"rendered":"<p>The Bonnet by \u00c4rni Blum, knitted from luxurious Japanese silk mohair, is the perfect choice for those who love playfulness and want an alternative to classic headwear. Long ties give you the freedom to create different looks \u2013 tie the bonnet at the front, at the back, or make it into a charming bow. Let [&hellip;]<\/p>\n","protected":false},"featured_media":3385441,"template":"","meta":{"_acf_changed":false},"product_brand":[],"product_cat":[883,113,3717],"product_tag":[2818],"class_list":{"0":"post-3385433","1":"product","2":"type-product","3":"status-publish","4":"has-post-thumbnail","6":"product_cat-peakatted_ja_sallid","7":"product_cat-aksessuaarid","8":"product_cat-kevadised-tooted","9":"product_tag-naised","10":"pa_brand-arni-blum","12":"pa_varv-must","13":"pa_varv-lilla","15":"pa_varv-roosa","19":"first","20":"instock","21":"taxable","22":"shipping-taxable","23":"purchasable","24":"product-type-variable"},"acf":[],"yoast_head":"<!-- This site is optimized with the Yoast SEO plugin v26.0 - https:\/\/yoast.com\/wordpress\/plugins\/seo\/ -->\n<title>\u00c4rni Blum Mohair Bonnet - Tallinn Design House<\/title>\n<meta name=\"description\" content=\"\u00c4rni Blum moh\u00e4\u00e4r Bonnet. Pikad paelad annavad sulle vabaduse luua erinevaid ilmeid \u2013 seo Bonnet eest, tagant v\u00f5i keera need kelmikaks lipsuks.\" \/>\n<meta name=\"robots\" content=\"index, follow, max-snippet:-1, max-image-preview:large, max-video-preview:-1\" \/>\n<link rel=\"canonical\" href=\"https:\/\/tallinndesignhouse.com\/toode\/mohaar-bonnet\/\" \/>\n<meta property=\"og:locale\" content=\"en_US\" \/>\n<meta property=\"og:type\" content=\"article\" \/>\n<meta property=\"og:title\" content=\"\u00c4rni Blum Mohair Bonnet - Tallinn Design House\" \/>\n<meta property=\"og:description\" content=\"\u00c4rni Blum moh\u00e4\u00e4r Bonnet. Pikad paelad annavad sulle vabaduse luua erinevaid ilmeid \u2013 seo Bonnet eest, tagant v\u00f5i keera need kelmikaks lipsuks.\" \/>\n<meta property=\"og:url\" content=\"https:\/\/tallinndesignhouse.com\/toode\/mohaar-bonnet\/\" \/>\n<meta property=\"og:site_name\" content=\"Tallinn Design House\" \/>\n<meta property=\"article:modified_time\" content=\"2026-05-02T22:01:16+00:00\" \/>\n<meta property=\"og:image\" content=\"https:\/\/tallinndesignhouse.com\/wp-content\/uploads\/2025\/11\/Mohaar-Bonnet-roosa-Arni-Blum_.jpg\" \/>\n\t<meta property=\"og:image:width\" content=\"1080\" \/>\n\t<meta property=\"og:image:height\" content=\"1350\" \/>\n\t<meta property=\"og:image:type\" content=\"image\/jpeg\" \/>\n<meta name=\"twitter:card\" content=\"summary_large_image\" \/>\n<meta name=\"twitter:label1\" content=\"Est. reading time\" \/>\n\t<meta name=\"twitter:data1\" content=\"1 minute\" \/>\n<script type=\"application\/ld+json\" class=\"yoast-schema-graph\">{\"@context\":\"https:\/\/schema.org\",\"@graph\":[{\"@type\":\"WebPage\",\"@id\":\"https:\/\/tallinndesignhouse.com\/toode\/mohaar-bonnet\/\",\"url\":\"https:\/\/tallinndesignhouse.com\/toode\/mohaar-bonnet\/\",\"name\":\"\u00c4rni Blum Mohair Bonnet - Tallinn Design House\",\"isPartOf\":{\"@id\":\"https:\/\/tallinndesignhouse.com\/#website\"},\"primaryImageOfPage\":{\"@id\":\"https:\/\/tallinndesignhouse.com\/toode\/mohaar-bonnet\/#primaryimage\"},\"image\":{\"@id\":\"https:\/\/tallinndesignhouse.com\/toode\/mohaar-bonnet\/#primaryimage\"},\"thumbnailUrl\":\"https:\/\/tallinndesignhouse.com\/wp-content\/uploads\/2025\/11\/Mohaar-Bonnet-roosa-Arni-Blum_.jpg\",\"datePublished\":\"2025-11-17T10:50:06+00:00\",\"dateModified\":\"2026-05-02T22:01:16+00:00\",\"description\":\"\u00c4rni Blum moh\u00e4\u00e4r Bonnet. Pikad paelad annavad sulle vabaduse luua erinevaid ilmeid \u2013 seo Bonnet eest, tagant v\u00f5i keera need kelmikaks lipsuks.\",\"breadcrumb\":{\"@id\":\"https:\/\/tallinndesignhouse.com\/toode\/mohaar-bonnet\/#breadcrumb\"},\"inLanguage\":\"en-US\",\"potentialAction\":[{\"@type\":\"ReadAction\",\"target\":[\"https:\/\/tallinndesignhouse.com\/toode\/mohaar-bonnet\/\"]}]},{\"@type\":\"ImageObject\",\"inLanguage\":\"en-US\",\"@id\":\"https:\/\/tallinndesignhouse.com\/toode\/mohaar-bonnet\/#primaryimage\",\"url\":\"https:\/\/tallinndesignhouse.com\/wp-content\/uploads\/2025\/11\/Mohaar-Bonnet-roosa-Arni-Blum_.jpg\",\"contentUrl\":\"https:\/\/tallinndesignhouse.com\/wp-content\/uploads\/2025\/11\/Mohaar-Bonnet-roosa-Arni-Blum_.jpg\",\"width\":1080,\"height\":1350,\"caption\":\"Moha\u0308a\u0308r Bonnet roosa - A\u0308rni Blum_\"},{\"@type\":\"BreadcrumbList\",\"@id\":\"https:\/\/tallinndesignhouse.com\/toode\/mohaar-bonnet\/#breadcrumb\",\"itemListElement\":[{\"@type\":\"ListItem\",\"position\":1,\"name\":\"Home\",\"item\":\"https:\/\/tallinndesignhouse.com\/en\/\"},{\"@type\":\"ListItem\",\"position\":2,\"name\":\"Shop\",\"item\":\"https:\/\/tallinndesignhouse.com\/en\/shop\/\"},{\"@type\":\"ListItem\",\"position\":3,\"name\":\"Mohair Bonnet\"}]},{\"@type\":\"WebSite\",\"@id\":\"https:\/\/tallinndesignhouse.com\/#website\",\"url\":\"https:\/\/tallinndesignhouse.com\/\",\"name\":\"Tallinn Design House\",\"description\":\"Eesti disain Rotermanni kvartalis\",\"potentialAction\":[{\"@type\":\"SearchAction\",\"target\":{\"@type\":\"EntryPoint\",\"urlTemplate\":\"https:\/\/tallinndesignhouse.com\/?s={search_term_string}\"},\"query-input\":{\"@type\":\"PropertyValueSpecification\",\"valueRequired\":true,\"valueName\":\"search_term_string\"}}],\"inLanguage\":\"en-US\"}]}<\/script>\n<!-- \/ Yoast SEO plugin. -->","yoast_head_json":{"title":"\u00c4rni Blum Mohair Bonnet - Tallinn Design House","description":"\u00c4rni Blum moh\u00e4\u00e4r Bonnet. Pikad paelad annavad sulle vabaduse luua erinevaid ilmeid \u2013 seo Bonnet eest, tagant v\u00f5i keera need kelmikaks lipsuks.","robots":{"index":"index","follow":"follow","max-snippet":"max-snippet:-1","max-image-preview":"max-image-preview:large","max-video-preview":"max-video-preview:-1"},"canonical":"https:\/\/tallinndesignhouse.com\/toode\/mohaar-bonnet\/","og_locale":"en_US","og_type":"article","og_title":"\u00c4rni Blum Mohair Bonnet - Tallinn Design House","og_description":"\u00c4rni Blum moh\u00e4\u00e4r Bonnet. Pikad paelad annavad sulle vabaduse luua erinevaid ilmeid \u2013 seo Bonnet eest, tagant v\u00f5i keera need kelmikaks lipsuks.","og_url":"https:\/\/tallinndesignhouse.com\/toode\/mohaar-bonnet\/","og_site_name":"Tallinn Design House","article_modified_time":"2026-05-02T22:01:16+00:00","og_image":[{"width":1080,"height":1350,"url":"https:\/\/tallinndesignhouse.com\/wp-content\/uploads\/2025\/11\/Mohaar-Bonnet-roosa-Arni-Blum_.jpg","type":"image\/jpeg"}],"twitter_card":"summary_large_image","twitter_misc":{"Est. reading time":"1 minute"},"schema":{"@context":"https:\/\/schema.org","@graph":[{"@type":"WebPage","@id":"https:\/\/tallinndesignhouse.com\/toode\/mohaar-bonnet\/","url":"https:\/\/tallinndesignhouse.com\/toode\/mohaar-bonnet\/","name":"\u00c4rni Blum Mohair Bonnet - Tallinn Design House","isPartOf":{"@id":"https:\/\/tallinndesignhouse.com\/#website"},"primaryImageOfPage":{"@id":"https:\/\/tallinndesignhouse.com\/toode\/mohaar-bonnet\/#primaryimage"},"image":{"@id":"https:\/\/tallinndesignhouse.com\/toode\/mohaar-bonnet\/#primaryimage"},"thumbnailUrl":"https:\/\/tallinndesignhouse.com\/wp-content\/uploads\/2025\/11\/Mohaar-Bonnet-roosa-Arni-Blum_.jpg","datePublished":"2025-11-17T10:50:06+00:00","dateModified":"2026-05-02T22:01:16+00:00","description":"\u00c4rni Blum moh\u00e4\u00e4r Bonnet. Pikad paelad annavad sulle vabaduse luua erinevaid ilmeid \u2013 seo Bonnet eest, tagant v\u00f5i keera need kelmikaks lipsuks.","breadcrumb":{"@id":"https:\/\/tallinndesignhouse.com\/toode\/mohaar-bonnet\/#breadcrumb"},"inLanguage":"en-US","potentialAction":[{"@type":"ReadAction","target":["https:\/\/tallinndesignhouse.com\/toode\/mohaar-bonnet\/"]}]},{"@type":"ImageObject","inLanguage":"en-US","@id":"https:\/\/tallinndesignhouse.com\/toode\/mohaar-bonnet\/#primaryimage","url":"https:\/\/tallinndesignhouse.com\/wp-content\/uploads\/2025\/11\/Mohaar-Bonnet-roosa-Arni-Blum_.jpg","contentUrl":"https:\/\/tallinndesignhouse.com\/wp-content\/uploads\/2025\/11\/Mohaar-Bonnet-roosa-Arni-Blum_.jpg","width":1080,"height":1350,"caption":"Moha\u0308a\u0308r Bonnet roosa - A\u0308rni Blum_"},{"@type":"BreadcrumbList","@id":"https:\/\/tallinndesignhouse.com\/toode\/mohaar-bonnet\/#breadcrumb","itemListElement":[{"@type":"ListItem","position":1,"name":"Home","item":"https:\/\/tallinndesignhouse.com\/en\/"},{"@type":"ListItem","position":2,"name":"Shop","item":"https:\/\/tallinndesignhouse.com\/en\/shop\/"},{"@type":"ListItem","position":3,"name":"Mohair Bonnet"}]},{"@type":"WebSite","@id":"https:\/\/tallinndesignhouse.com\/#website","url":"https:\/\/tallinndesignhouse.com\/","name":"Tallinn Design House","description":"Eesti disain Rotermanni kvartalis","potentialAction":[{"@type":"SearchAction","target":{"@type":"EntryPoint","urlTemplate":"https:\/\/tallinndesignhouse.com\/?s={search_term_string}"},"query-input":{"@type":"PropertyValueSpecification","valueRequired":true,"valueName":"search_term_string"}}],"inLanguage":"en-US"}]}},"_links":{"self":[{"href":"https:\/\/tallinndesignhouse.com\/en\/wp-json\/wp\/v2\/product\/3385433","targetHints":{"allow":["GET"]}}],"collection":[{"href":"https:\/\/tallinndesignhouse.com\/en\/wp-json\/wp\/v2\/product"}],"about":[{"href":"https:\/\/tallinndesignhouse.com\/en\/wp-json\/wp\/v2\/types\/product"}],"wp:featuredmedia":[{"embeddable":true,"href":"https:\/\/tallinndesignhouse.com\/en\/wp-json\/wp\/v2\/media\/3385441"}],"wp:attachment":[{"href":"https:\/\/tallinndesignhouse.com\/en\/wp-json\/wp\/v2\/media?parent=3385433"}],"wp:term":[{"taxonomy":"product_brand","embeddable":true,"href":"https:\/\/tallinndesignhouse.com\/en\/wp-json\/wp\/v2\/product_brand?post=3385433"},{"taxonomy":"product_cat","embeddable":true,"href":"https:\/\/tallinndesignhouse.com\/en\/wp-json\/wp\/v2\/product_cat?post=3385433"},{"taxonomy":"product_tag","embeddable":true,"href":"https:\/\/tallinndesignhouse.com\/en\/wp-json\/wp\/v2\/product_tag?post=3385433"}],"curies":[{"name":"wp","href":"https:\/\/api.w.org\/{rel}","templated":true}]}}