{"id":3385460,"date":"2025-11-17T13:05:06","date_gmt":"2025-11-17T11:05:06","guid":{"rendered":"https:\/\/tallinndesignhouse.com\/toode\/molly-mohaarist-kardigan\/"},"modified":"2026-04-17T01:00:31","modified_gmt":"2026-04-16T22:00:31","slug":"molly-mohaarist-kardigan","status":"publish","type":"product","link":"https:\/\/tallinndesignhouse.com\/en\/toode\/molly-mohaarist-kardigan\/","title":{"rendered":"Molly Mohair Cardigan"},"content":{"rendered":"<p>Knitted from exclusive Japanese silk mohair, the ultra-soft and lightweight Molly cardigan by \u00c4rni Blum is an ideal choice even for the most sensitive skin. With its feminine and classic silhouette, this cardigan is perfect for any occasion. Thoughtful details add character \u2013 a hand-embroidered \u00c4rni symbol on the chest, exposed seams, and voluminous half-moon-shaped sleeves with small slits at the cuffs. Designed and knitted in Saaremaa, Estonia. Material: 65% mohair, 35% silk.<\/p>\n","protected":false},"excerpt":{"rendered":"<p>Knitted from exclusive Japanese silk mohair, the ultra-soft and lightweight Molly cardigan by \u00c4rni Blum is an ideal choice even for the most sensitive skin. With its feminine and classic silhouette, this cardigan is perfect for any occasion. Thoughtful details add character \u2013 a hand-embroidered \u00c4rni symbol on the chest, exposed seams, and voluminous half-moon-shaped [&hellip;]<\/p>\n","protected":false},"featured_media":3385465,"template":"","meta":{"_acf_changed":false},"product_brand":[],"product_cat":[2837,3718,1957],"product_tag":[2819],"class_list":{"0":"post-3385460","1":"product","2":"type-product","3":"status-publish","4":"has-post-thumbnail","6":"product_cat-clothes","7":"product_cat-winter-style","8":"product_cat-shirts-and-blouses","9":"product_tag-women","10":"pa_brand-arni-blum-en","12":"pa_suurus-s-m-en","14":"pa_varv-black-en","15":"pa_varv-brown-en","19":"first","20":"instock","21":"taxable","22":"shipping-taxable","23":"purchasable","24":"product-type-variable"},"acf":[],"yoast_head":"<!-- This site is optimized with the Yoast SEO plugin v26.0 - https:\/\/yoast.com\/wordpress\/plugins\/seo\/ -->\n<title>\u00c4rni Blum Molly Mohair Cardigan - Tallinn Design House<\/title>\n<meta name=\"description\" content=\"\u00c4rni Blum Molly moh\u00e4\u00e4rist kardigan. Disainitud ja kootud Eestis, Saaremaal. Materjal: 65% moh\u00e4\u00e4r, 35% siid.\" \/>\n<meta name=\"robots\" content=\"index, follow, max-snippet:-1, max-image-preview:large, max-video-preview:-1\" \/>\n<link rel=\"canonical\" href=\"https:\/\/tallinndesignhouse.com\/toode\/molly-mohaarist-kardigan\/\" \/>\n<meta property=\"og:locale\" content=\"en_US\" \/>\n<meta property=\"og:type\" content=\"article\" \/>\n<meta property=\"og:title\" content=\"\u00c4rni Blum Molly Mohair Cardigan - Tallinn Design House\" \/>\n<meta property=\"og:description\" content=\"\u00c4rni Blum Molly moh\u00e4\u00e4rist kardigan. Disainitud ja kootud Eestis, Saaremaal. Materjal: 65% moh\u00e4\u00e4r, 35% siid.\" \/>\n<meta property=\"og:url\" content=\"https:\/\/tallinndesignhouse.com\/toode\/molly-mohaarist-kardigan\/\" \/>\n<meta property=\"og:site_name\" content=\"Tallinn Design House\" \/>\n<meta property=\"article:modified_time\" content=\"2026-04-16T22:00:31+00:00\" \/>\n<meta property=\"og:image\" content=\"https:\/\/tallinndesignhouse.com\/wp-content\/uploads\/2025\/11\/Molly-mohaarist-kardigan-pruun-Arni-Blum_3.jpg\" \/>\n\t<meta property=\"og:image:width\" content=\"1080\" \/>\n\t<meta property=\"og:image:height\" content=\"1350\" \/>\n\t<meta property=\"og:image:type\" content=\"image\/jpeg\" \/>\n<meta name=\"twitter:card\" content=\"summary_large_image\" \/>\n<script type=\"application\/ld+json\" class=\"yoast-schema-graph\">{\"@context\":\"https:\/\/schema.org\",\"@graph\":[{\"@type\":\"WebPage\",\"@id\":\"https:\/\/tallinndesignhouse.com\/toode\/molly-mohaarist-kardigan\/\",\"url\":\"https:\/\/tallinndesignhouse.com\/toode\/molly-mohaarist-kardigan\/\",\"name\":\"\u00c4rni Blum Molly Mohair Cardigan - Tallinn Design House\",\"isPartOf\":{\"@id\":\"https:\/\/tallinndesignhouse.com\/#website\"},\"primaryImageOfPage\":{\"@id\":\"https:\/\/tallinndesignhouse.com\/toode\/molly-mohaarist-kardigan\/#primaryimage\"},\"image\":{\"@id\":\"https:\/\/tallinndesignhouse.com\/toode\/molly-mohaarist-kardigan\/#primaryimage\"},\"thumbnailUrl\":\"https:\/\/tallinndesignhouse.com\/wp-content\/uploads\/2025\/11\/Molly-mohaarist-kardigan-pruun-Arni-Blum_3.jpg\",\"datePublished\":\"2025-11-17T11:05:06+00:00\",\"dateModified\":\"2026-04-16T22:00:31+00:00\",\"description\":\"\u00c4rni Blum Molly moh\u00e4\u00e4rist kardigan. Disainitud ja kootud Eestis, Saaremaal. Materjal: 65% moh\u00e4\u00e4r, 35% siid.\",\"breadcrumb\":{\"@id\":\"https:\/\/tallinndesignhouse.com\/toode\/molly-mohaarist-kardigan\/#breadcrumb\"},\"inLanguage\":\"en-US\",\"potentialAction\":[{\"@type\":\"ReadAction\",\"target\":[\"https:\/\/tallinndesignhouse.com\/toode\/molly-mohaarist-kardigan\/\"]}]},{\"@type\":\"ImageObject\",\"inLanguage\":\"en-US\",\"@id\":\"https:\/\/tallinndesignhouse.com\/toode\/molly-mohaarist-kardigan\/#primaryimage\",\"url\":\"https:\/\/tallinndesignhouse.com\/wp-content\/uploads\/2025\/11\/Molly-mohaarist-kardigan-pruun-Arni-Blum_3.jpg\",\"contentUrl\":\"https:\/\/tallinndesignhouse.com\/wp-content\/uploads\/2025\/11\/Molly-mohaarist-kardigan-pruun-Arni-Blum_3.jpg\",\"width\":1080,\"height\":1350,\"caption\":\"Molly moha\u0308a\u0308rist kardigan pruun - A\u0308rni Blum_3\"},{\"@type\":\"BreadcrumbList\",\"@id\":\"https:\/\/tallinndesignhouse.com\/toode\/molly-mohaarist-kardigan\/#breadcrumb\",\"itemListElement\":[{\"@type\":\"ListItem\",\"position\":1,\"name\":\"Home\",\"item\":\"https:\/\/tallinndesignhouse.com\/en\/\"},{\"@type\":\"ListItem\",\"position\":2,\"name\":\"Shop\",\"item\":\"https:\/\/tallinndesignhouse.com\/en\/shop\/\"},{\"@type\":\"ListItem\",\"position\":3,\"name\":\"Molly Mohair Cardigan\"}]},{\"@type\":\"WebSite\",\"@id\":\"https:\/\/tallinndesignhouse.com\/#website\",\"url\":\"https:\/\/tallinndesignhouse.com\/\",\"name\":\"Tallinn Design House\",\"description\":\"Eesti disain Rotermanni kvartalis\",\"potentialAction\":[{\"@type\":\"SearchAction\",\"target\":{\"@type\":\"EntryPoint\",\"urlTemplate\":\"https:\/\/tallinndesignhouse.com\/?s={search_term_string}\"},\"query-input\":{\"@type\":\"PropertyValueSpecification\",\"valueRequired\":true,\"valueName\":\"search_term_string\"}}],\"inLanguage\":\"en-US\"}]}<\/script>\n<!-- \/ Yoast SEO plugin. -->","yoast_head_json":{"title":"\u00c4rni Blum Molly Mohair Cardigan - Tallinn Design House","description":"\u00c4rni Blum Molly moh\u00e4\u00e4rist kardigan. Disainitud ja kootud Eestis, Saaremaal. Materjal: 65% moh\u00e4\u00e4r, 35% siid.","robots":{"index":"index","follow":"follow","max-snippet":"max-snippet:-1","max-image-preview":"max-image-preview:large","max-video-preview":"max-video-preview:-1"},"canonical":"https:\/\/tallinndesignhouse.com\/toode\/molly-mohaarist-kardigan\/","og_locale":"en_US","og_type":"article","og_title":"\u00c4rni Blum Molly Mohair Cardigan - Tallinn Design House","og_description":"\u00c4rni Blum Molly moh\u00e4\u00e4rist kardigan. Disainitud ja kootud Eestis, Saaremaal. Materjal: 65% moh\u00e4\u00e4r, 35% siid.","og_url":"https:\/\/tallinndesignhouse.com\/toode\/molly-mohaarist-kardigan\/","og_site_name":"Tallinn Design House","article_modified_time":"2026-04-16T22:00:31+00:00","og_image":[{"width":1080,"height":1350,"url":"https:\/\/tallinndesignhouse.com\/wp-content\/uploads\/2025\/11\/Molly-mohaarist-kardigan-pruun-Arni-Blum_3.jpg","type":"image\/jpeg"}],"twitter_card":"summary_large_image","schema":{"@context":"https:\/\/schema.org","@graph":[{"@type":"WebPage","@id":"https:\/\/tallinndesignhouse.com\/toode\/molly-mohaarist-kardigan\/","url":"https:\/\/tallinndesignhouse.com\/toode\/molly-mohaarist-kardigan\/","name":"\u00c4rni Blum Molly Mohair Cardigan - Tallinn Design House","isPartOf":{"@id":"https:\/\/tallinndesignhouse.com\/#website"},"primaryImageOfPage":{"@id":"https:\/\/tallinndesignhouse.com\/toode\/molly-mohaarist-kardigan\/#primaryimage"},"image":{"@id":"https:\/\/tallinndesignhouse.com\/toode\/molly-mohaarist-kardigan\/#primaryimage"},"thumbnailUrl":"https:\/\/tallinndesignhouse.com\/wp-content\/uploads\/2025\/11\/Molly-mohaarist-kardigan-pruun-Arni-Blum_3.jpg","datePublished":"2025-11-17T11:05:06+00:00","dateModified":"2026-04-16T22:00:31+00:00","description":"\u00c4rni Blum Molly moh\u00e4\u00e4rist kardigan. Disainitud ja kootud Eestis, Saaremaal. Materjal: 65% moh\u00e4\u00e4r, 35% siid.","breadcrumb":{"@id":"https:\/\/tallinndesignhouse.com\/toode\/molly-mohaarist-kardigan\/#breadcrumb"},"inLanguage":"en-US","potentialAction":[{"@type":"ReadAction","target":["https:\/\/tallinndesignhouse.com\/toode\/molly-mohaarist-kardigan\/"]}]},{"@type":"ImageObject","inLanguage":"en-US","@id":"https:\/\/tallinndesignhouse.com\/toode\/molly-mohaarist-kardigan\/#primaryimage","url":"https:\/\/tallinndesignhouse.com\/wp-content\/uploads\/2025\/11\/Molly-mohaarist-kardigan-pruun-Arni-Blum_3.jpg","contentUrl":"https:\/\/tallinndesignhouse.com\/wp-content\/uploads\/2025\/11\/Molly-mohaarist-kardigan-pruun-Arni-Blum_3.jpg","width":1080,"height":1350,"caption":"Molly moha\u0308a\u0308rist kardigan pruun - A\u0308rni Blum_3"},{"@type":"BreadcrumbList","@id":"https:\/\/tallinndesignhouse.com\/toode\/molly-mohaarist-kardigan\/#breadcrumb","itemListElement":[{"@type":"ListItem","position":1,"name":"Home","item":"https:\/\/tallinndesignhouse.com\/en\/"},{"@type":"ListItem","position":2,"name":"Shop","item":"https:\/\/tallinndesignhouse.com\/en\/shop\/"},{"@type":"ListItem","position":3,"name":"Molly Mohair Cardigan"}]},{"@type":"WebSite","@id":"https:\/\/tallinndesignhouse.com\/#website","url":"https:\/\/tallinndesignhouse.com\/","name":"Tallinn Design House","description":"Eesti disain Rotermanni kvartalis","potentialAction":[{"@type":"SearchAction","target":{"@type":"EntryPoint","urlTemplate":"https:\/\/tallinndesignhouse.com\/?s={search_term_string}"},"query-input":{"@type":"PropertyValueSpecification","valueRequired":true,"valueName":"search_term_string"}}],"inLanguage":"en-US"}]}},"_links":{"self":[{"href":"https:\/\/tallinndesignhouse.com\/en\/wp-json\/wp\/v2\/product\/3385460","targetHints":{"allow":["GET"]}}],"collection":[{"href":"https:\/\/tallinndesignhouse.com\/en\/wp-json\/wp\/v2\/product"}],"about":[{"href":"https:\/\/tallinndesignhouse.com\/en\/wp-json\/wp\/v2\/types\/product"}],"wp:featuredmedia":[{"embeddable":true,"href":"https:\/\/tallinndesignhouse.com\/en\/wp-json\/wp\/v2\/media\/3385465"}],"wp:attachment":[{"href":"https:\/\/tallinndesignhouse.com\/en\/wp-json\/wp\/v2\/media?parent=3385460"}],"wp:term":[{"taxonomy":"product_brand","embeddable":true,"href":"https:\/\/tallinndesignhouse.com\/en\/wp-json\/wp\/v2\/product_brand?post=3385460"},{"taxonomy":"product_cat","embeddable":true,"href":"https:\/\/tallinndesignhouse.com\/en\/wp-json\/wp\/v2\/product_cat?post=3385460"},{"taxonomy":"product_tag","embeddable":true,"href":"https:\/\/tallinndesignhouse.com\/en\/wp-json\/wp\/v2\/product_tag?post=3385460"}],"curies":[{"name":"wp","href":"https:\/\/api.w.org\/{rel}","templated":true}]}}