{"id":3385656,"date":"2025-11-24T11:35:03","date_gmt":"2025-11-24T09:35:03","guid":{"rendered":"https:\/\/tallinndesignhouse.com\/toode\/luhike-viskoos-kimono-yoko\/"},"modified":"2026-05-02T01:03:12","modified_gmt":"2026-05-01T22:03:12","slug":"luhike-viskoos-kimono-yoko","status":"publish","type":"product","link":"https:\/\/tallinndesignhouse.com\/en\/toode\/luhike-viskoos-kimono-yoko\/","title":{"rendered":"Short Viscose Kimono Yoko"},"content":{"rendered":"<p>YOKO kimono by Ellen Richard is a short jacket made of soft viscose fabric, with wide, effective sleeves and a long belt, meaning you can wear the jacket with or without a belt. You can wear the kimono perfectly with heels at special events or when welcoming guests in a homely setting. The kimono goes equally well with trousers and a skirt. The viscose YOKO kimono is handmade in Estonia. The model is wearing a size 36. Material: 100% viscose. Care: 30 \u00b0C machine wash or dry clean.<\/p>\n","protected":false},"excerpt":{"rendered":"<p>YOKO kimono by Ellen Richard is a short jacket made of soft viscose fabric, with wide, effective sleeves and a long belt, meaning you can wear the jacket with or without a belt. You can wear the kimono perfectly with heels at special events or when welcoming guests in a homely setting. The kimono goes [&hellip;]<\/p>\n","protected":false},"featured_media":3385671,"template":"","meta":{"_acf_changed":false},"product_brand":[],"product_cat":[893,887],"product_tag":[2819],"class_list":{"0":"post-3385656","1":"product","2":"type-product","3":"status-publish","4":"has-post-thumbnail","6":"product_cat-uleroivad","7":"product_cat-roivad","8":"product_tag-women","9":"pa_brand-ellen-richard","11":"pa_suurus-1082","13":"pa_suurus-1083","15":"pa_suurus-1086","17":"pa_varv-black-en","18":"pa_varv-brown-en","19":"pa_varv-green-en","20":"pa_varv-must","21":"pa_varv-pruun","22":"pa_varv-roheline","23":"pa_varv-terra","25":"pa_varv-valge","26":"pa_varv-white-en-en","28":"first","29":"instock","30":"taxable","31":"shipping-taxable","32":"purchasable","33":"product-type-variable"},"acf":[],"yoast_head":"<!-- This site is optimized with the Yoast SEO plugin v26.0 - https:\/\/yoast.com\/wordpress\/plugins\/seo\/ -->\n<title>Ellen Richard Short Viscose Kimono Yoko - Tallinn Design House<\/title>\n<meta name=\"description\" content=\"Ellen Richard l\u00fchike viskoos kimono Yoko. Kimono sobib \u00fchtmoodi h\u00e4sti nii p\u00fckste kui seelikuga. Valminud k\u00e4sit\u00f6\u00f6na Eestis.\" \/>\n<meta name=\"robots\" content=\"index, follow, max-snippet:-1, max-image-preview:large, max-video-preview:-1\" \/>\n<link rel=\"canonical\" href=\"https:\/\/tallinndesignhouse.com\/toode\/luhike-viskoos-kimono-yoko\/\" \/>\n<meta property=\"og:locale\" content=\"en_US\" \/>\n<meta property=\"og:type\" content=\"article\" \/>\n<meta property=\"og:title\" content=\"Ellen Richard Short Viscose Kimono Yoko - Tallinn Design House\" \/>\n<meta property=\"og:description\" content=\"Ellen Richard l\u00fchike viskoos kimono Yoko. Kimono sobib \u00fchtmoodi h\u00e4sti nii p\u00fckste kui seelikuga. Valminud k\u00e4sit\u00f6\u00f6na Eestis.\" \/>\n<meta property=\"og:url\" content=\"https:\/\/tallinndesignhouse.com\/toode\/luhike-viskoos-kimono-yoko\/\" \/>\n<meta property=\"og:site_name\" content=\"Tallinn Design House\" \/>\n<meta property=\"article:modified_time\" content=\"2026-05-01T22:03:12+00:00\" \/>\n<meta property=\"og:image\" content=\"https:\/\/tallinndesignhouse.com\/wp-content\/uploads\/2025\/11\/Luhike-viskoos-kimono-Yoko-roheline-Ellen-Richard.jpg\" \/>\n\t<meta property=\"og:image:width\" content=\"1080\" \/>\n\t<meta property=\"og:image:height\" content=\"1350\" \/>\n\t<meta property=\"og:image:type\" content=\"image\/jpeg\" \/>\n<meta name=\"twitter:card\" content=\"summary_large_image\" \/>\n<script type=\"application\/ld+json\" class=\"yoast-schema-graph\">{\"@context\":\"https:\/\/schema.org\",\"@graph\":[{\"@type\":\"WebPage\",\"@id\":\"https:\/\/tallinndesignhouse.com\/toode\/luhike-viskoos-kimono-yoko\/\",\"url\":\"https:\/\/tallinndesignhouse.com\/toode\/luhike-viskoos-kimono-yoko\/\",\"name\":\"Ellen Richard Short Viscose Kimono Yoko - Tallinn Design House\",\"isPartOf\":{\"@id\":\"https:\/\/tallinndesignhouse.com\/#website\"},\"primaryImageOfPage\":{\"@id\":\"https:\/\/tallinndesignhouse.com\/toode\/luhike-viskoos-kimono-yoko\/#primaryimage\"},\"image\":{\"@id\":\"https:\/\/tallinndesignhouse.com\/toode\/luhike-viskoos-kimono-yoko\/#primaryimage\"},\"thumbnailUrl\":\"https:\/\/tallinndesignhouse.com\/wp-content\/uploads\/2025\/11\/Luhike-viskoos-kimono-Yoko-roheline-Ellen-Richard.jpg\",\"datePublished\":\"2025-11-24T09:35:03+00:00\",\"dateModified\":\"2026-05-01T22:03:12+00:00\",\"description\":\"Ellen Richard l\u00fchike viskoos kimono Yoko. Kimono sobib \u00fchtmoodi h\u00e4sti nii p\u00fckste kui seelikuga. Valminud k\u00e4sit\u00f6\u00f6na Eestis.\",\"breadcrumb\":{\"@id\":\"https:\/\/tallinndesignhouse.com\/toode\/luhike-viskoos-kimono-yoko\/#breadcrumb\"},\"inLanguage\":\"en-US\",\"potentialAction\":[{\"@type\":\"ReadAction\",\"target\":[\"https:\/\/tallinndesignhouse.com\/toode\/luhike-viskoos-kimono-yoko\/\"]}]},{\"@type\":\"ImageObject\",\"inLanguage\":\"en-US\",\"@id\":\"https:\/\/tallinndesignhouse.com\/toode\/luhike-viskoos-kimono-yoko\/#primaryimage\",\"url\":\"https:\/\/tallinndesignhouse.com\/wp-content\/uploads\/2025\/11\/Luhike-viskoos-kimono-Yoko-roheline-Ellen-Richard.jpg\",\"contentUrl\":\"https:\/\/tallinndesignhouse.com\/wp-content\/uploads\/2025\/11\/Luhike-viskoos-kimono-Yoko-roheline-Ellen-Richard.jpg\",\"width\":1080,\"height\":1350,\"caption\":\"Lu\u0308hike viskoos kimono Yoko roheline Ellen Richard\"},{\"@type\":\"BreadcrumbList\",\"@id\":\"https:\/\/tallinndesignhouse.com\/toode\/luhike-viskoos-kimono-yoko\/#breadcrumb\",\"itemListElement\":[{\"@type\":\"ListItem\",\"position\":1,\"name\":\"Home\",\"item\":\"https:\/\/tallinndesignhouse.com\/en\/\"},{\"@type\":\"ListItem\",\"position\":2,\"name\":\"Shop\",\"item\":\"https:\/\/tallinndesignhouse.com\/en\/shop\/\"},{\"@type\":\"ListItem\",\"position\":3,\"name\":\"Short Viscose Kimono Yoko\"}]},{\"@type\":\"WebSite\",\"@id\":\"https:\/\/tallinndesignhouse.com\/#website\",\"url\":\"https:\/\/tallinndesignhouse.com\/\",\"name\":\"Tallinn Design House\",\"description\":\"Eesti disain Rotermanni kvartalis\",\"potentialAction\":[{\"@type\":\"SearchAction\",\"target\":{\"@type\":\"EntryPoint\",\"urlTemplate\":\"https:\/\/tallinndesignhouse.com\/?s={search_term_string}\"},\"query-input\":{\"@type\":\"PropertyValueSpecification\",\"valueRequired\":true,\"valueName\":\"search_term_string\"}}],\"inLanguage\":\"en-US\"}]}<\/script>\n<!-- \/ Yoast SEO plugin. -->","yoast_head_json":{"title":"Ellen Richard Short Viscose Kimono Yoko - Tallinn Design House","description":"Ellen Richard l\u00fchike viskoos kimono Yoko. Kimono sobib \u00fchtmoodi h\u00e4sti nii p\u00fckste kui seelikuga. Valminud k\u00e4sit\u00f6\u00f6na Eestis.","robots":{"index":"index","follow":"follow","max-snippet":"max-snippet:-1","max-image-preview":"max-image-preview:large","max-video-preview":"max-video-preview:-1"},"canonical":"https:\/\/tallinndesignhouse.com\/toode\/luhike-viskoos-kimono-yoko\/","og_locale":"en_US","og_type":"article","og_title":"Ellen Richard Short Viscose Kimono Yoko - Tallinn Design House","og_description":"Ellen Richard l\u00fchike viskoos kimono Yoko. Kimono sobib \u00fchtmoodi h\u00e4sti nii p\u00fckste kui seelikuga. Valminud k\u00e4sit\u00f6\u00f6na Eestis.","og_url":"https:\/\/tallinndesignhouse.com\/toode\/luhike-viskoos-kimono-yoko\/","og_site_name":"Tallinn Design House","article_modified_time":"2026-05-01T22:03:12+00:00","og_image":[{"width":1080,"height":1350,"url":"https:\/\/tallinndesignhouse.com\/wp-content\/uploads\/2025\/11\/Luhike-viskoos-kimono-Yoko-roheline-Ellen-Richard.jpg","type":"image\/jpeg"}],"twitter_card":"summary_large_image","schema":{"@context":"https:\/\/schema.org","@graph":[{"@type":"WebPage","@id":"https:\/\/tallinndesignhouse.com\/toode\/luhike-viskoos-kimono-yoko\/","url":"https:\/\/tallinndesignhouse.com\/toode\/luhike-viskoos-kimono-yoko\/","name":"Ellen Richard Short Viscose Kimono Yoko - Tallinn Design House","isPartOf":{"@id":"https:\/\/tallinndesignhouse.com\/#website"},"primaryImageOfPage":{"@id":"https:\/\/tallinndesignhouse.com\/toode\/luhike-viskoos-kimono-yoko\/#primaryimage"},"image":{"@id":"https:\/\/tallinndesignhouse.com\/toode\/luhike-viskoos-kimono-yoko\/#primaryimage"},"thumbnailUrl":"https:\/\/tallinndesignhouse.com\/wp-content\/uploads\/2025\/11\/Luhike-viskoos-kimono-Yoko-roheline-Ellen-Richard.jpg","datePublished":"2025-11-24T09:35:03+00:00","dateModified":"2026-05-01T22:03:12+00:00","description":"Ellen Richard l\u00fchike viskoos kimono Yoko. Kimono sobib \u00fchtmoodi h\u00e4sti nii p\u00fckste kui seelikuga. Valminud k\u00e4sit\u00f6\u00f6na Eestis.","breadcrumb":{"@id":"https:\/\/tallinndesignhouse.com\/toode\/luhike-viskoos-kimono-yoko\/#breadcrumb"},"inLanguage":"en-US","potentialAction":[{"@type":"ReadAction","target":["https:\/\/tallinndesignhouse.com\/toode\/luhike-viskoos-kimono-yoko\/"]}]},{"@type":"ImageObject","inLanguage":"en-US","@id":"https:\/\/tallinndesignhouse.com\/toode\/luhike-viskoos-kimono-yoko\/#primaryimage","url":"https:\/\/tallinndesignhouse.com\/wp-content\/uploads\/2025\/11\/Luhike-viskoos-kimono-Yoko-roheline-Ellen-Richard.jpg","contentUrl":"https:\/\/tallinndesignhouse.com\/wp-content\/uploads\/2025\/11\/Luhike-viskoos-kimono-Yoko-roheline-Ellen-Richard.jpg","width":1080,"height":1350,"caption":"Lu\u0308hike viskoos kimono Yoko roheline Ellen Richard"},{"@type":"BreadcrumbList","@id":"https:\/\/tallinndesignhouse.com\/toode\/luhike-viskoos-kimono-yoko\/#breadcrumb","itemListElement":[{"@type":"ListItem","position":1,"name":"Home","item":"https:\/\/tallinndesignhouse.com\/en\/"},{"@type":"ListItem","position":2,"name":"Shop","item":"https:\/\/tallinndesignhouse.com\/en\/shop\/"},{"@type":"ListItem","position":3,"name":"Short Viscose Kimono Yoko"}]},{"@type":"WebSite","@id":"https:\/\/tallinndesignhouse.com\/#website","url":"https:\/\/tallinndesignhouse.com\/","name":"Tallinn Design House","description":"Eesti disain Rotermanni kvartalis","potentialAction":[{"@type":"SearchAction","target":{"@type":"EntryPoint","urlTemplate":"https:\/\/tallinndesignhouse.com\/?s={search_term_string}"},"query-input":{"@type":"PropertyValueSpecification","valueRequired":true,"valueName":"search_term_string"}}],"inLanguage":"en-US"}]}},"_links":{"self":[{"href":"https:\/\/tallinndesignhouse.com\/en\/wp-json\/wp\/v2\/product\/3385656","targetHints":{"allow":["GET"]}}],"collection":[{"href":"https:\/\/tallinndesignhouse.com\/en\/wp-json\/wp\/v2\/product"}],"about":[{"href":"https:\/\/tallinndesignhouse.com\/en\/wp-json\/wp\/v2\/types\/product"}],"wp:featuredmedia":[{"embeddable":true,"href":"https:\/\/tallinndesignhouse.com\/en\/wp-json\/wp\/v2\/media\/3385671"}],"wp:attachment":[{"href":"https:\/\/tallinndesignhouse.com\/en\/wp-json\/wp\/v2\/media?parent=3385656"}],"wp:term":[{"taxonomy":"product_brand","embeddable":true,"href":"https:\/\/tallinndesignhouse.com\/en\/wp-json\/wp\/v2\/product_brand?post=3385656"},{"taxonomy":"product_cat","embeddable":true,"href":"https:\/\/tallinndesignhouse.com\/en\/wp-json\/wp\/v2\/product_cat?post=3385656"},{"taxonomy":"product_tag","embeddable":true,"href":"https:\/\/tallinndesignhouse.com\/en\/wp-json\/wp\/v2\/product_tag?post=3385656"}],"curies":[{"name":"wp","href":"https:\/\/api.w.org\/{rel}","templated":true}]}}