{"id":3385707,"date":"2025-11-25T22:50:02","date_gmt":"2025-11-25T20:50:02","guid":{"rendered":"https:\/\/tallinndesignhouse.com\/toode\/kuunal-betoontopsis-silva-vaike\/"},"modified":"2026-04-12T00:56:22","modified_gmt":"2026-04-11T21:56:22","slug":"kuunal-betoontopsis-silva-vaike","status":"publish","type":"product","link":"https:\/\/tallinndesignhouse.com\/en\/toode\/kuunal-betoontopsis-silva-vaike\/","title":{"rendered":"Silva small candle in a concrete holder"},"content":{"rendered":"<p>Natural candles and concrete candle cups by Fluum are unique pieces of Estonian craftsmanship. Each cup has its own distinctive look, with individual shades and tones \u2013 therefore the cup you receive may differ slightly from the ones shown in the photos. Our candle cups are designed for reuse with Fluumi refill candles, allowing you to protect nature, consume consciously, and give a beautifully crafted object a long and meaningful life. The natural candles are poured using 100% rapeseed wax and scented only with natural essential oils, ensuring a cleaner and safer burn along with wonderfully pure, natural fragrances. The wicks are hand-twisted from cotton. Each candle contains 200 g of wax with a burn time of approximately 25 hours. Silva \u2013 a forest-scented blend of fir, spruce and frankincense essential oils. Silva is the perfect choice if you\u2019re looking for a resinous, fresh aroma that grounds, purifies and soothes. Fir brings a beautifully resinous and woody scent. It is known for its cleansing, immune-supporting and calming properties. Spruce smells clean and woody, offering similar benefits \u2013 strengthening the body, supporting the respiratory system, and easing stress. Frankincense, the \u201cking of oils\u201d, adds serenity and purity with its rich, soft and gently woody aroma.<\/p>\n","protected":false},"excerpt":{"rendered":"<p>Natural candles and concrete candle cups by Fluum are unique pieces of Estonian craftsmanship. Each cup has its own distinctive look, with individual shades and tones \u2013 therefore the cup you receive may differ slightly from the ones shown in the photos. Our candle cups are designed for reuse with Fluumi refill candles, allowing you [&hellip;]<\/p>\n","protected":false},"featured_media":3385711,"template":"","meta":{"_acf_changed":false},"product_brand":[],"product_cat":[2002,2552,3718],"product_tag":[2003],"class_list":{"0":"post-3385707","1":"product","2":"type-product","3":"status-publish","4":"has-post-thumbnail","6":"product_cat-furnishings","7":"product_cat-home","8":"product_cat-winter-style","9":"product_tag-home","10":"pa_brand-fluum","11":"pa_brand-fluum-en","13":"first","14":"instock","15":"taxable","16":"shipping-taxable","17":"purchasable","18":"product-type-simple"},"acf":[],"yoast_head":"<!-- This site is optimized with the Yoast SEO plugin v26.0 - https:\/\/yoast.com\/wordpress\/plugins\/seo\/ -->\n<title>Fluum Silva small candle in a concrete holder - Tallinn Design House<\/title>\n<meta name=\"description\" content=\"Fluum k\u00fc\u00fcnal betoontopsis Silva v\u00e4ike. K\u00fc\u00fcnlas on 200 gr vaha, p\u00f5lemisaeg ~25 tundi. Silva \u2013 metsal\u00f5hnaline segu nulu, kuuse ja viiruki eeterlikest \u00f5lidest.\" \/>\n<meta name=\"robots\" content=\"index, follow, max-snippet:-1, max-image-preview:large, max-video-preview:-1\" \/>\n<link rel=\"canonical\" href=\"https:\/\/tallinndesignhouse.com\/toode\/kuunal-betoontopsis-silva-vaike\/\" \/>\n<meta property=\"og:locale\" content=\"en_US\" \/>\n<meta property=\"og:type\" content=\"article\" \/>\n<meta property=\"og:title\" content=\"Fluum Silva small candle in a concrete holder - Tallinn Design House\" \/>\n<meta property=\"og:description\" content=\"Fluum k\u00fc\u00fcnal betoontopsis Silva v\u00e4ike. K\u00fc\u00fcnlas on 200 gr vaha, p\u00f5lemisaeg ~25 tundi. Silva \u2013 metsal\u00f5hnaline segu nulu, kuuse ja viiruki eeterlikest \u00f5lidest.\" \/>\n<meta property=\"og:url\" content=\"https:\/\/tallinndesignhouse.com\/toode\/kuunal-betoontopsis-silva-vaike\/\" \/>\n<meta property=\"og:site_name\" content=\"Tallinn Design House\" \/>\n<meta property=\"article:modified_time\" content=\"2026-04-11T21:56:22+00:00\" \/>\n<meta property=\"og:image\" content=\"https:\/\/tallinndesignhouse.com\/wp-content\/uploads\/2025\/11\/Kuunal-betoontopsis-Silva-vaike-Fluum_1.jpg\" \/>\n\t<meta property=\"og:image:width\" content=\"763\" \/>\n\t<meta property=\"og:image:height\" content=\"953\" \/>\n\t<meta property=\"og:image:type\" content=\"image\/jpeg\" \/>\n<meta name=\"twitter:card\" content=\"summary_large_image\" \/>\n<meta name=\"twitter:label1\" content=\"Est. reading time\" \/>\n\t<meta name=\"twitter:data1\" content=\"2 minutes\" \/>\n<script type=\"application\/ld+json\" class=\"yoast-schema-graph\">{\"@context\":\"https:\/\/schema.org\",\"@graph\":[{\"@type\":\"WebPage\",\"@id\":\"https:\/\/tallinndesignhouse.com\/toode\/kuunal-betoontopsis-silva-vaike\/\",\"url\":\"https:\/\/tallinndesignhouse.com\/toode\/kuunal-betoontopsis-silva-vaike\/\",\"name\":\"Fluum Silva small candle in a concrete holder - Tallinn Design House\",\"isPartOf\":{\"@id\":\"https:\/\/tallinndesignhouse.com\/#website\"},\"primaryImageOfPage\":{\"@id\":\"https:\/\/tallinndesignhouse.com\/toode\/kuunal-betoontopsis-silva-vaike\/#primaryimage\"},\"image\":{\"@id\":\"https:\/\/tallinndesignhouse.com\/toode\/kuunal-betoontopsis-silva-vaike\/#primaryimage\"},\"thumbnailUrl\":\"https:\/\/tallinndesignhouse.com\/wp-content\/uploads\/2025\/11\/Kuunal-betoontopsis-Silva-vaike-Fluum_1.jpg\",\"datePublished\":\"2025-11-25T20:50:02+00:00\",\"dateModified\":\"2026-04-11T21:56:22+00:00\",\"description\":\"Fluum k\u00fc\u00fcnal betoontopsis Silva v\u00e4ike. K\u00fc\u00fcnlas on 200 gr vaha, p\u00f5lemisaeg ~25 tundi. Silva \u2013 metsal\u00f5hnaline segu nulu, kuuse ja viiruki eeterlikest \u00f5lidest.\",\"breadcrumb\":{\"@id\":\"https:\/\/tallinndesignhouse.com\/toode\/kuunal-betoontopsis-silva-vaike\/#breadcrumb\"},\"inLanguage\":\"en-US\",\"potentialAction\":[{\"@type\":\"ReadAction\",\"target\":[\"https:\/\/tallinndesignhouse.com\/toode\/kuunal-betoontopsis-silva-vaike\/\"]}]},{\"@type\":\"ImageObject\",\"inLanguage\":\"en-US\",\"@id\":\"https:\/\/tallinndesignhouse.com\/toode\/kuunal-betoontopsis-silva-vaike\/#primaryimage\",\"url\":\"https:\/\/tallinndesignhouse.com\/wp-content\/uploads\/2025\/11\/Kuunal-betoontopsis-Silva-vaike-Fluum_1.jpg\",\"contentUrl\":\"https:\/\/tallinndesignhouse.com\/wp-content\/uploads\/2025\/11\/Kuunal-betoontopsis-Silva-vaike-Fluum_1.jpg\",\"width\":763,\"height\":953,\"caption\":\"Ku\u0308u\u0308nal betoontopsis Silva va\u0308ike Fluum_1\"},{\"@type\":\"BreadcrumbList\",\"@id\":\"https:\/\/tallinndesignhouse.com\/toode\/kuunal-betoontopsis-silva-vaike\/#breadcrumb\",\"itemListElement\":[{\"@type\":\"ListItem\",\"position\":1,\"name\":\"Home\",\"item\":\"https:\/\/tallinndesignhouse.com\/en\/\"},{\"@type\":\"ListItem\",\"position\":2,\"name\":\"Shop\",\"item\":\"https:\/\/tallinndesignhouse.com\/en\/shop\/\"},{\"@type\":\"ListItem\",\"position\":3,\"name\":\"Silva small candle in a concrete holder\"}]},{\"@type\":\"WebSite\",\"@id\":\"https:\/\/tallinndesignhouse.com\/#website\",\"url\":\"https:\/\/tallinndesignhouse.com\/\",\"name\":\"Tallinn Design House\",\"description\":\"Eesti disain Rotermanni kvartalis\",\"potentialAction\":[{\"@type\":\"SearchAction\",\"target\":{\"@type\":\"EntryPoint\",\"urlTemplate\":\"https:\/\/tallinndesignhouse.com\/?s={search_term_string}\"},\"query-input\":{\"@type\":\"PropertyValueSpecification\",\"valueRequired\":true,\"valueName\":\"search_term_string\"}}],\"inLanguage\":\"en-US\"}]}<\/script>\n<!-- \/ Yoast SEO plugin. -->","yoast_head_json":{"title":"Fluum Silva small candle in a concrete holder - Tallinn Design House","description":"Fluum k\u00fc\u00fcnal betoontopsis Silva v\u00e4ike. K\u00fc\u00fcnlas on 200 gr vaha, p\u00f5lemisaeg ~25 tundi. Silva \u2013 metsal\u00f5hnaline segu nulu, kuuse ja viiruki eeterlikest \u00f5lidest.","robots":{"index":"index","follow":"follow","max-snippet":"max-snippet:-1","max-image-preview":"max-image-preview:large","max-video-preview":"max-video-preview:-1"},"canonical":"https:\/\/tallinndesignhouse.com\/toode\/kuunal-betoontopsis-silva-vaike\/","og_locale":"en_US","og_type":"article","og_title":"Fluum Silva small candle in a concrete holder - Tallinn Design House","og_description":"Fluum k\u00fc\u00fcnal betoontopsis Silva v\u00e4ike. K\u00fc\u00fcnlas on 200 gr vaha, p\u00f5lemisaeg ~25 tundi. Silva \u2013 metsal\u00f5hnaline segu nulu, kuuse ja viiruki eeterlikest \u00f5lidest.","og_url":"https:\/\/tallinndesignhouse.com\/toode\/kuunal-betoontopsis-silva-vaike\/","og_site_name":"Tallinn Design House","article_modified_time":"2026-04-11T21:56:22+00:00","og_image":[{"width":763,"height":953,"url":"https:\/\/tallinndesignhouse.com\/wp-content\/uploads\/2025\/11\/Kuunal-betoontopsis-Silva-vaike-Fluum_1.jpg","type":"image\/jpeg"}],"twitter_card":"summary_large_image","twitter_misc":{"Est. reading time":"2 minutes"},"schema":{"@context":"https:\/\/schema.org","@graph":[{"@type":"WebPage","@id":"https:\/\/tallinndesignhouse.com\/toode\/kuunal-betoontopsis-silva-vaike\/","url":"https:\/\/tallinndesignhouse.com\/toode\/kuunal-betoontopsis-silva-vaike\/","name":"Fluum Silva small candle in a concrete holder - Tallinn Design House","isPartOf":{"@id":"https:\/\/tallinndesignhouse.com\/#website"},"primaryImageOfPage":{"@id":"https:\/\/tallinndesignhouse.com\/toode\/kuunal-betoontopsis-silva-vaike\/#primaryimage"},"image":{"@id":"https:\/\/tallinndesignhouse.com\/toode\/kuunal-betoontopsis-silva-vaike\/#primaryimage"},"thumbnailUrl":"https:\/\/tallinndesignhouse.com\/wp-content\/uploads\/2025\/11\/Kuunal-betoontopsis-Silva-vaike-Fluum_1.jpg","datePublished":"2025-11-25T20:50:02+00:00","dateModified":"2026-04-11T21:56:22+00:00","description":"Fluum k\u00fc\u00fcnal betoontopsis Silva v\u00e4ike. K\u00fc\u00fcnlas on 200 gr vaha, p\u00f5lemisaeg ~25 tundi. Silva \u2013 metsal\u00f5hnaline segu nulu, kuuse ja viiruki eeterlikest \u00f5lidest.","breadcrumb":{"@id":"https:\/\/tallinndesignhouse.com\/toode\/kuunal-betoontopsis-silva-vaike\/#breadcrumb"},"inLanguage":"en-US","potentialAction":[{"@type":"ReadAction","target":["https:\/\/tallinndesignhouse.com\/toode\/kuunal-betoontopsis-silva-vaike\/"]}]},{"@type":"ImageObject","inLanguage":"en-US","@id":"https:\/\/tallinndesignhouse.com\/toode\/kuunal-betoontopsis-silva-vaike\/#primaryimage","url":"https:\/\/tallinndesignhouse.com\/wp-content\/uploads\/2025\/11\/Kuunal-betoontopsis-Silva-vaike-Fluum_1.jpg","contentUrl":"https:\/\/tallinndesignhouse.com\/wp-content\/uploads\/2025\/11\/Kuunal-betoontopsis-Silva-vaike-Fluum_1.jpg","width":763,"height":953,"caption":"Ku\u0308u\u0308nal betoontopsis Silva va\u0308ike Fluum_1"},{"@type":"BreadcrumbList","@id":"https:\/\/tallinndesignhouse.com\/toode\/kuunal-betoontopsis-silva-vaike\/#breadcrumb","itemListElement":[{"@type":"ListItem","position":1,"name":"Home","item":"https:\/\/tallinndesignhouse.com\/en\/"},{"@type":"ListItem","position":2,"name":"Shop","item":"https:\/\/tallinndesignhouse.com\/en\/shop\/"},{"@type":"ListItem","position":3,"name":"Silva small candle in a concrete holder"}]},{"@type":"WebSite","@id":"https:\/\/tallinndesignhouse.com\/#website","url":"https:\/\/tallinndesignhouse.com\/","name":"Tallinn Design House","description":"Eesti disain Rotermanni kvartalis","potentialAction":[{"@type":"SearchAction","target":{"@type":"EntryPoint","urlTemplate":"https:\/\/tallinndesignhouse.com\/?s={search_term_string}"},"query-input":{"@type":"PropertyValueSpecification","valueRequired":true,"valueName":"search_term_string"}}],"inLanguage":"en-US"}]}},"_links":{"self":[{"href":"https:\/\/tallinndesignhouse.com\/en\/wp-json\/wp\/v2\/product\/3385707","targetHints":{"allow":["GET"]}}],"collection":[{"href":"https:\/\/tallinndesignhouse.com\/en\/wp-json\/wp\/v2\/product"}],"about":[{"href":"https:\/\/tallinndesignhouse.com\/en\/wp-json\/wp\/v2\/types\/product"}],"wp:featuredmedia":[{"embeddable":true,"href":"https:\/\/tallinndesignhouse.com\/en\/wp-json\/wp\/v2\/media\/3385711"}],"wp:attachment":[{"href":"https:\/\/tallinndesignhouse.com\/en\/wp-json\/wp\/v2\/media?parent=3385707"}],"wp:term":[{"taxonomy":"product_brand","embeddable":true,"href":"https:\/\/tallinndesignhouse.com\/en\/wp-json\/wp\/v2\/product_brand?post=3385707"},{"taxonomy":"product_cat","embeddable":true,"href":"https:\/\/tallinndesignhouse.com\/en\/wp-json\/wp\/v2\/product_cat?post=3385707"},{"taxonomy":"product_tag","embeddable":true,"href":"https:\/\/tallinndesignhouse.com\/en\/wp-json\/wp\/v2\/product_tag?post=3385707"}],"curies":[{"name":"wp","href":"https:\/\/api.w.org\/{rel}","templated":true}]}}