{"id":3385723,"date":"2025-11-25T23:05:03","date_gmt":"2025-11-25T21:05:03","guid":{"rendered":"https:\/\/tallinndesignhouse.com\/toode\/korvarongad-illumi-star\/"},"modified":"2026-04-29T01:01:12","modified_gmt":"2026-04-28T22:01:12","slug":"korvarongad-illumi-star","status":"publish","type":"product","link":"https:\/\/tallinndesignhouse.com\/en\/toode\/korvarongad-illumi-star\/","title":{"rendered":"Earrings Illumi Star"},"content":{"rendered":"<p>An almost invisible yet sparkling little 5 mm star with zirconia from MyaMoon! The through-ear back is a 4 mm screw-on ball. Perfect as an additional earring or for piercings. Material: rose gold-plated silver or rhodium-plated silver, white cubic zirconia. Packaging: the jewellery comes in a beautiful gift box.<\/p>\n","protected":false},"excerpt":{"rendered":"<p>An almost invisible yet sparkling little 5 mm star with zirconia from MyaMoon! The through-ear back is a 4 mm screw-on ball. Perfect as an additional earring or for piercings. Material: rose gold-plated silver or rhodium-plated silver, white cubic zirconia. Packaging: the jewellery comes in a beautiful gift box.<\/p>\n","protected":false},"featured_media":3385727,"template":"","meta":{"_acf_changed":false},"product_brand":[],"product_cat":[116,3717,876],"product_tag":[2818],"class_list":{"0":"post-3385723","1":"product","2":"type-product","3":"status-publish","4":"has-post-thumbnail","6":"product_cat-ehted","7":"product_cat-kevadised-tooted","8":"product_cat-korvarongad","9":"product_tag-naised","10":"pa_brand-myamoon","12":"pa_varv-kuldne","13":"pa_varv-hobedane","17":"first","18":"instock","19":"taxable","20":"shipping-taxable","21":"purchasable","22":"product-type-variable"},"acf":[],"yoast_head":"<!-- This site is optimized with the Yoast SEO plugin v26.0 - https:\/\/yoast.com\/wordpress\/plugins\/seo\/ -->\n<title>Myamoon Earrings Illumi Star - Tallinn Design House<\/title>\n<meta name=\"description\" content=\"Myamoon k\u00f5rvar\u00f5ngad Illumi Star. L\u00e4bi-k\u00f5rva ehte tagus on 4 mm kruvikinnisega pallike. Sobib h\u00e4sti lisak\u00f5rvaehteks ja piercinguks.\" \/>\n<meta name=\"robots\" content=\"index, follow, max-snippet:-1, max-image-preview:large, max-video-preview:-1\" \/>\n<link rel=\"canonical\" href=\"https:\/\/tallinndesignhouse.com\/toode\/korvarongad-illumi-star\/\" \/>\n<meta property=\"og:locale\" content=\"en_US\" \/>\n<meta property=\"og:type\" content=\"article\" \/>\n<meta property=\"og:title\" content=\"Myamoon Earrings Illumi Star - Tallinn Design House\" \/>\n<meta property=\"og:description\" content=\"Myamoon k\u00f5rvar\u00f5ngad Illumi Star. L\u00e4bi-k\u00f5rva ehte tagus on 4 mm kruvikinnisega pallike. Sobib h\u00e4sti lisak\u00f5rvaehteks ja piercinguks.\" \/>\n<meta property=\"og:url\" content=\"https:\/\/tallinndesignhouse.com\/toode\/korvarongad-illumi-star\/\" \/>\n<meta property=\"og:site_name\" content=\"Tallinn Design House\" \/>\n<meta property=\"article:modified_time\" content=\"2026-04-28T22:01:12+00:00\" \/>\n<meta property=\"og:image\" content=\"https:\/\/tallinndesignhouse.com\/wp-content\/uploads\/2025\/11\/Korvarongad-Illumi-Star-kuldsed-Myamoon.jpg\" \/>\n\t<meta property=\"og:image:width\" content=\"767\" \/>\n\t<meta property=\"og:image:height\" content=\"958\" \/>\n\t<meta property=\"og:image:type\" content=\"image\/jpeg\" \/>\n<meta name=\"twitter:card\" content=\"summary_large_image\" \/>\n<meta name=\"twitter:label1\" content=\"Est. reading time\" \/>\n\t<meta name=\"twitter:data1\" content=\"1 minute\" \/>\n<script type=\"application\/ld+json\" class=\"yoast-schema-graph\">{\"@context\":\"https:\/\/schema.org\",\"@graph\":[{\"@type\":\"WebPage\",\"@id\":\"https:\/\/tallinndesignhouse.com\/toode\/korvarongad-illumi-star\/\",\"url\":\"https:\/\/tallinndesignhouse.com\/toode\/korvarongad-illumi-star\/\",\"name\":\"Myamoon Earrings Illumi Star - Tallinn Design House\",\"isPartOf\":{\"@id\":\"https:\/\/tallinndesignhouse.com\/#website\"},\"primaryImageOfPage\":{\"@id\":\"https:\/\/tallinndesignhouse.com\/toode\/korvarongad-illumi-star\/#primaryimage\"},\"image\":{\"@id\":\"https:\/\/tallinndesignhouse.com\/toode\/korvarongad-illumi-star\/#primaryimage\"},\"thumbnailUrl\":\"https:\/\/tallinndesignhouse.com\/wp-content\/uploads\/2025\/11\/Korvarongad-Illumi-Star-kuldsed-Myamoon.jpg\",\"datePublished\":\"2025-11-25T21:05:03+00:00\",\"dateModified\":\"2026-04-28T22:01:12+00:00\",\"description\":\"Myamoon k\u00f5rvar\u00f5ngad Illumi Star. L\u00e4bi-k\u00f5rva ehte tagus on 4 mm kruvikinnisega pallike. Sobib h\u00e4sti lisak\u00f5rvaehteks ja piercinguks.\",\"breadcrumb\":{\"@id\":\"https:\/\/tallinndesignhouse.com\/toode\/korvarongad-illumi-star\/#breadcrumb\"},\"inLanguage\":\"en-US\",\"potentialAction\":[{\"@type\":\"ReadAction\",\"target\":[\"https:\/\/tallinndesignhouse.com\/toode\/korvarongad-illumi-star\/\"]}]},{\"@type\":\"ImageObject\",\"inLanguage\":\"en-US\",\"@id\":\"https:\/\/tallinndesignhouse.com\/toode\/korvarongad-illumi-star\/#primaryimage\",\"url\":\"https:\/\/tallinndesignhouse.com\/wp-content\/uploads\/2025\/11\/Korvarongad-Illumi-Star-kuldsed-Myamoon.jpg\",\"contentUrl\":\"https:\/\/tallinndesignhouse.com\/wp-content\/uploads\/2025\/11\/Korvarongad-Illumi-Star-kuldsed-Myamoon.jpg\",\"width\":767,\"height\":958,\"caption\":\"Ko\u0303rvaro\u0303ngad Illumi Star kuldsed Myamoon\"},{\"@type\":\"BreadcrumbList\",\"@id\":\"https:\/\/tallinndesignhouse.com\/toode\/korvarongad-illumi-star\/#breadcrumb\",\"itemListElement\":[{\"@type\":\"ListItem\",\"position\":1,\"name\":\"Home\",\"item\":\"https:\/\/tallinndesignhouse.com\/en\/\"},{\"@type\":\"ListItem\",\"position\":2,\"name\":\"Shop\",\"item\":\"https:\/\/tallinndesignhouse.com\/en\/shop\/\"},{\"@type\":\"ListItem\",\"position\":3,\"name\":\"Earrings Illumi Star\"}]},{\"@type\":\"WebSite\",\"@id\":\"https:\/\/tallinndesignhouse.com\/#website\",\"url\":\"https:\/\/tallinndesignhouse.com\/\",\"name\":\"Tallinn Design House\",\"description\":\"Eesti disain Rotermanni kvartalis\",\"potentialAction\":[{\"@type\":\"SearchAction\",\"target\":{\"@type\":\"EntryPoint\",\"urlTemplate\":\"https:\/\/tallinndesignhouse.com\/?s={search_term_string}\"},\"query-input\":{\"@type\":\"PropertyValueSpecification\",\"valueRequired\":true,\"valueName\":\"search_term_string\"}}],\"inLanguage\":\"en-US\"}]}<\/script>\n<!-- \/ Yoast SEO plugin. -->","yoast_head_json":{"title":"Myamoon Earrings Illumi Star - Tallinn Design House","description":"Myamoon k\u00f5rvar\u00f5ngad Illumi Star. L\u00e4bi-k\u00f5rva ehte tagus on 4 mm kruvikinnisega pallike. Sobib h\u00e4sti lisak\u00f5rvaehteks ja piercinguks.","robots":{"index":"index","follow":"follow","max-snippet":"max-snippet:-1","max-image-preview":"max-image-preview:large","max-video-preview":"max-video-preview:-1"},"canonical":"https:\/\/tallinndesignhouse.com\/toode\/korvarongad-illumi-star\/","og_locale":"en_US","og_type":"article","og_title":"Myamoon Earrings Illumi Star - Tallinn Design House","og_description":"Myamoon k\u00f5rvar\u00f5ngad Illumi Star. L\u00e4bi-k\u00f5rva ehte tagus on 4 mm kruvikinnisega pallike. Sobib h\u00e4sti lisak\u00f5rvaehteks ja piercinguks.","og_url":"https:\/\/tallinndesignhouse.com\/toode\/korvarongad-illumi-star\/","og_site_name":"Tallinn Design House","article_modified_time":"2026-04-28T22:01:12+00:00","og_image":[{"width":767,"height":958,"url":"https:\/\/tallinndesignhouse.com\/wp-content\/uploads\/2025\/11\/Korvarongad-Illumi-Star-kuldsed-Myamoon.jpg","type":"image\/jpeg"}],"twitter_card":"summary_large_image","twitter_misc":{"Est. reading time":"1 minute"},"schema":{"@context":"https:\/\/schema.org","@graph":[{"@type":"WebPage","@id":"https:\/\/tallinndesignhouse.com\/toode\/korvarongad-illumi-star\/","url":"https:\/\/tallinndesignhouse.com\/toode\/korvarongad-illumi-star\/","name":"Myamoon Earrings Illumi Star - Tallinn Design House","isPartOf":{"@id":"https:\/\/tallinndesignhouse.com\/#website"},"primaryImageOfPage":{"@id":"https:\/\/tallinndesignhouse.com\/toode\/korvarongad-illumi-star\/#primaryimage"},"image":{"@id":"https:\/\/tallinndesignhouse.com\/toode\/korvarongad-illumi-star\/#primaryimage"},"thumbnailUrl":"https:\/\/tallinndesignhouse.com\/wp-content\/uploads\/2025\/11\/Korvarongad-Illumi-Star-kuldsed-Myamoon.jpg","datePublished":"2025-11-25T21:05:03+00:00","dateModified":"2026-04-28T22:01:12+00:00","description":"Myamoon k\u00f5rvar\u00f5ngad Illumi Star. L\u00e4bi-k\u00f5rva ehte tagus on 4 mm kruvikinnisega pallike. Sobib h\u00e4sti lisak\u00f5rvaehteks ja piercinguks.","breadcrumb":{"@id":"https:\/\/tallinndesignhouse.com\/toode\/korvarongad-illumi-star\/#breadcrumb"},"inLanguage":"en-US","potentialAction":[{"@type":"ReadAction","target":["https:\/\/tallinndesignhouse.com\/toode\/korvarongad-illumi-star\/"]}]},{"@type":"ImageObject","inLanguage":"en-US","@id":"https:\/\/tallinndesignhouse.com\/toode\/korvarongad-illumi-star\/#primaryimage","url":"https:\/\/tallinndesignhouse.com\/wp-content\/uploads\/2025\/11\/Korvarongad-Illumi-Star-kuldsed-Myamoon.jpg","contentUrl":"https:\/\/tallinndesignhouse.com\/wp-content\/uploads\/2025\/11\/Korvarongad-Illumi-Star-kuldsed-Myamoon.jpg","width":767,"height":958,"caption":"Ko\u0303rvaro\u0303ngad Illumi Star kuldsed Myamoon"},{"@type":"BreadcrumbList","@id":"https:\/\/tallinndesignhouse.com\/toode\/korvarongad-illumi-star\/#breadcrumb","itemListElement":[{"@type":"ListItem","position":1,"name":"Home","item":"https:\/\/tallinndesignhouse.com\/en\/"},{"@type":"ListItem","position":2,"name":"Shop","item":"https:\/\/tallinndesignhouse.com\/en\/shop\/"},{"@type":"ListItem","position":3,"name":"Earrings Illumi Star"}]},{"@type":"WebSite","@id":"https:\/\/tallinndesignhouse.com\/#website","url":"https:\/\/tallinndesignhouse.com\/","name":"Tallinn Design House","description":"Eesti disain Rotermanni kvartalis","potentialAction":[{"@type":"SearchAction","target":{"@type":"EntryPoint","urlTemplate":"https:\/\/tallinndesignhouse.com\/?s={search_term_string}"},"query-input":{"@type":"PropertyValueSpecification","valueRequired":true,"valueName":"search_term_string"}}],"inLanguage":"en-US"}]}},"_links":{"self":[{"href":"https:\/\/tallinndesignhouse.com\/en\/wp-json\/wp\/v2\/product\/3385723","targetHints":{"allow":["GET"]}}],"collection":[{"href":"https:\/\/tallinndesignhouse.com\/en\/wp-json\/wp\/v2\/product"}],"about":[{"href":"https:\/\/tallinndesignhouse.com\/en\/wp-json\/wp\/v2\/types\/product"}],"wp:featuredmedia":[{"embeddable":true,"href":"https:\/\/tallinndesignhouse.com\/en\/wp-json\/wp\/v2\/media\/3385727"}],"wp:attachment":[{"href":"https:\/\/tallinndesignhouse.com\/en\/wp-json\/wp\/v2\/media?parent=3385723"}],"wp:term":[{"taxonomy":"product_brand","embeddable":true,"href":"https:\/\/tallinndesignhouse.com\/en\/wp-json\/wp\/v2\/product_brand?post=3385723"},{"taxonomy":"product_cat","embeddable":true,"href":"https:\/\/tallinndesignhouse.com\/en\/wp-json\/wp\/v2\/product_cat?post=3385723"},{"taxonomy":"product_tag","embeddable":true,"href":"https:\/\/tallinndesignhouse.com\/en\/wp-json\/wp\/v2\/product_tag?post=3385723"}],"curies":[{"name":"wp","href":"https:\/\/api.w.org\/{rel}","templated":true}]}}