{"id":3385800,"date":"2025-11-26T19:20:04","date_gmt":"2025-11-26T17:20:04","guid":{"rendered":"https:\/\/tallinndesignhouse.com\/toode\/kommikauss\/"},"modified":"2026-05-13T01:02:42","modified_gmt":"2026-05-12T22:02:42","slug":"kommikauss","status":"publish","type":"product","link":"https:\/\/tallinndesignhouse.com\/en\/toode\/kommikauss\/","title":{"rendered":"Candy Bowl"},"content":{"rendered":"<p>A natural wooden bowl from the brand uBent. The name \u201cCandy Bowl\u201d is more of a suggestion \u2013 what you choose to place in the bowl is entirely up to you. Wash by hand; not suitable for dishwasher use. Dimensions: width 8 cm, length 35 cm. Height 6 cm, rim height 4 cm. Material: oak or merbau wood. Weight: 150 g. Finish: food-safe oil wax.<\/p>\n","protected":false},"excerpt":{"rendered":"<p>A natural wooden bowl from the brand uBent. The name \u201cCandy Bowl\u201d is more of a suggestion \u2013 what you choose to place in the bowl is entirely up to you. Wash by hand; not suitable for dishwasher use. Dimensions: width 8 cm, length 35 cm. Height 6 cm, rim height 4 cm. Material: oak [&hellip;]<\/p>\n","protected":false},"featured_media":3385805,"template":"","meta":{"_acf_changed":false},"product_brand":[],"product_cat":[890,875,3717],"product_tag":[1828],"class_list":{"0":"post-3385800","1":"product","2":"type-product","3":"status-publish","4":"has-post-thumbnail","6":"product_cat-sisustustooted","7":"product_cat-kodu","8":"product_cat-kevadised-tooted","9":"product_tag-kodu","10":"pa_brand-ubent","12":"pa_varv-merbau","14":"pa_varv-tamm","17":"first","18":"instock","19":"taxable","20":"shipping-taxable","21":"purchasable","22":"product-type-variable"},"acf":[],"yoast_head":"<!-- This site is optimized with the Yoast SEO plugin v26.0 - https:\/\/yoast.com\/wordpress\/plugins\/seo\/ -->\n<title>uBent Candy Bowl - Tallinn Design House<\/title>\n<meta name=\"description\" content=\"uBent kommikauss. M\u00f5\u00f5tmed: laius 8, pikkus 35 cm. K\u00f5rgus 6 cm, \u00e4\u00e4re k\u00f5rgus 4 cm. Materjal: tamme v\u00f5i merbau puit.\" \/>\n<meta name=\"robots\" content=\"index, follow, max-snippet:-1, max-image-preview:large, max-video-preview:-1\" \/>\n<link rel=\"canonical\" href=\"https:\/\/tallinndesignhouse.com\/toode\/kommikauss\/\" \/>\n<meta property=\"og:locale\" content=\"en_US\" \/>\n<meta property=\"og:type\" content=\"article\" \/>\n<meta property=\"og:title\" content=\"uBent Candy Bowl - Tallinn Design House\" \/>\n<meta property=\"og:description\" content=\"uBent kommikauss. M\u00f5\u00f5tmed: laius 8, pikkus 35 cm. K\u00f5rgus 6 cm, \u00e4\u00e4re k\u00f5rgus 4 cm. Materjal: tamme v\u00f5i merbau puit.\" \/>\n<meta property=\"og:url\" content=\"https:\/\/tallinndesignhouse.com\/toode\/kommikauss\/\" \/>\n<meta property=\"og:site_name\" content=\"Tallinn Design House\" \/>\n<meta property=\"article:modified_time\" content=\"2026-05-12T22:02:42+00:00\" \/>\n<meta property=\"og:image\" content=\"https:\/\/tallinndesignhouse.com\/wp-content\/uploads\/2025\/11\/Kommikauss-tamm-uBent.jpg\" \/>\n\t<meta property=\"og:image:width\" content=\"1280\" \/>\n\t<meta property=\"og:image:height\" content=\"1600\" \/>\n\t<meta property=\"og:image:type\" content=\"image\/jpeg\" \/>\n<meta name=\"twitter:card\" content=\"summary_large_image\" \/>\n<script type=\"application\/ld+json\" class=\"yoast-schema-graph\">{\"@context\":\"https:\/\/schema.org\",\"@graph\":[{\"@type\":\"WebPage\",\"@id\":\"https:\/\/tallinndesignhouse.com\/toode\/kommikauss\/\",\"url\":\"https:\/\/tallinndesignhouse.com\/toode\/kommikauss\/\",\"name\":\"uBent Candy Bowl - Tallinn Design House\",\"isPartOf\":{\"@id\":\"https:\/\/tallinndesignhouse.com\/#website\"},\"primaryImageOfPage\":{\"@id\":\"https:\/\/tallinndesignhouse.com\/toode\/kommikauss\/#primaryimage\"},\"image\":{\"@id\":\"https:\/\/tallinndesignhouse.com\/toode\/kommikauss\/#primaryimage\"},\"thumbnailUrl\":\"https:\/\/tallinndesignhouse.com\/wp-content\/uploads\/2025\/11\/Kommikauss-tamm-uBent.jpg\",\"datePublished\":\"2025-11-26T17:20:04+00:00\",\"dateModified\":\"2026-05-12T22:02:42+00:00\",\"description\":\"uBent kommikauss. M\u00f5\u00f5tmed: laius 8, pikkus 35 cm. K\u00f5rgus 6 cm, \u00e4\u00e4re k\u00f5rgus 4 cm. Materjal: tamme v\u00f5i merbau puit.\",\"breadcrumb\":{\"@id\":\"https:\/\/tallinndesignhouse.com\/toode\/kommikauss\/#breadcrumb\"},\"inLanguage\":\"en-US\",\"potentialAction\":[{\"@type\":\"ReadAction\",\"target\":[\"https:\/\/tallinndesignhouse.com\/toode\/kommikauss\/\"]}]},{\"@type\":\"ImageObject\",\"inLanguage\":\"en-US\",\"@id\":\"https:\/\/tallinndesignhouse.com\/toode\/kommikauss\/#primaryimage\",\"url\":\"https:\/\/tallinndesignhouse.com\/wp-content\/uploads\/2025\/11\/Kommikauss-tamm-uBent.jpg\",\"contentUrl\":\"https:\/\/tallinndesignhouse.com\/wp-content\/uploads\/2025\/11\/Kommikauss-tamm-uBent.jpg\",\"width\":1280,\"height\":1600,\"caption\":\"Kommikauss-tamm-uBent\"},{\"@type\":\"BreadcrumbList\",\"@id\":\"https:\/\/tallinndesignhouse.com\/toode\/kommikauss\/#breadcrumb\",\"itemListElement\":[{\"@type\":\"ListItem\",\"position\":1,\"name\":\"Home\",\"item\":\"https:\/\/tallinndesignhouse.com\/en\/\"},{\"@type\":\"ListItem\",\"position\":2,\"name\":\"Shop\",\"item\":\"https:\/\/tallinndesignhouse.com\/en\/shop\/\"},{\"@type\":\"ListItem\",\"position\":3,\"name\":\"Candy Bowl\"}]},{\"@type\":\"WebSite\",\"@id\":\"https:\/\/tallinndesignhouse.com\/#website\",\"url\":\"https:\/\/tallinndesignhouse.com\/\",\"name\":\"Tallinn Design House\",\"description\":\"Eesti disain Rotermanni kvartalis\",\"potentialAction\":[{\"@type\":\"SearchAction\",\"target\":{\"@type\":\"EntryPoint\",\"urlTemplate\":\"https:\/\/tallinndesignhouse.com\/?s={search_term_string}\"},\"query-input\":{\"@type\":\"PropertyValueSpecification\",\"valueRequired\":true,\"valueName\":\"search_term_string\"}}],\"inLanguage\":\"en-US\"}]}<\/script>\n<!-- \/ Yoast SEO plugin. -->","yoast_head_json":{"title":"uBent Candy Bowl - Tallinn Design House","description":"uBent kommikauss. M\u00f5\u00f5tmed: laius 8, pikkus 35 cm. K\u00f5rgus 6 cm, \u00e4\u00e4re k\u00f5rgus 4 cm. Materjal: tamme v\u00f5i merbau puit.","robots":{"index":"index","follow":"follow","max-snippet":"max-snippet:-1","max-image-preview":"max-image-preview:large","max-video-preview":"max-video-preview:-1"},"canonical":"https:\/\/tallinndesignhouse.com\/toode\/kommikauss\/","og_locale":"en_US","og_type":"article","og_title":"uBent Candy Bowl - Tallinn Design House","og_description":"uBent kommikauss. M\u00f5\u00f5tmed: laius 8, pikkus 35 cm. K\u00f5rgus 6 cm, \u00e4\u00e4re k\u00f5rgus 4 cm. Materjal: tamme v\u00f5i merbau puit.","og_url":"https:\/\/tallinndesignhouse.com\/toode\/kommikauss\/","og_site_name":"Tallinn Design House","article_modified_time":"2026-05-12T22:02:42+00:00","og_image":[{"width":1280,"height":1600,"url":"https:\/\/tallinndesignhouse.com\/wp-content\/uploads\/2025\/11\/Kommikauss-tamm-uBent.jpg","type":"image\/jpeg"}],"twitter_card":"summary_large_image","schema":{"@context":"https:\/\/schema.org","@graph":[{"@type":"WebPage","@id":"https:\/\/tallinndesignhouse.com\/toode\/kommikauss\/","url":"https:\/\/tallinndesignhouse.com\/toode\/kommikauss\/","name":"uBent Candy Bowl - Tallinn Design House","isPartOf":{"@id":"https:\/\/tallinndesignhouse.com\/#website"},"primaryImageOfPage":{"@id":"https:\/\/tallinndesignhouse.com\/toode\/kommikauss\/#primaryimage"},"image":{"@id":"https:\/\/tallinndesignhouse.com\/toode\/kommikauss\/#primaryimage"},"thumbnailUrl":"https:\/\/tallinndesignhouse.com\/wp-content\/uploads\/2025\/11\/Kommikauss-tamm-uBent.jpg","datePublished":"2025-11-26T17:20:04+00:00","dateModified":"2026-05-12T22:02:42+00:00","description":"uBent kommikauss. M\u00f5\u00f5tmed: laius 8, pikkus 35 cm. K\u00f5rgus 6 cm, \u00e4\u00e4re k\u00f5rgus 4 cm. Materjal: tamme v\u00f5i merbau puit.","breadcrumb":{"@id":"https:\/\/tallinndesignhouse.com\/toode\/kommikauss\/#breadcrumb"},"inLanguage":"en-US","potentialAction":[{"@type":"ReadAction","target":["https:\/\/tallinndesignhouse.com\/toode\/kommikauss\/"]}]},{"@type":"ImageObject","inLanguage":"en-US","@id":"https:\/\/tallinndesignhouse.com\/toode\/kommikauss\/#primaryimage","url":"https:\/\/tallinndesignhouse.com\/wp-content\/uploads\/2025\/11\/Kommikauss-tamm-uBent.jpg","contentUrl":"https:\/\/tallinndesignhouse.com\/wp-content\/uploads\/2025\/11\/Kommikauss-tamm-uBent.jpg","width":1280,"height":1600,"caption":"Kommikauss-tamm-uBent"},{"@type":"BreadcrumbList","@id":"https:\/\/tallinndesignhouse.com\/toode\/kommikauss\/#breadcrumb","itemListElement":[{"@type":"ListItem","position":1,"name":"Home","item":"https:\/\/tallinndesignhouse.com\/en\/"},{"@type":"ListItem","position":2,"name":"Shop","item":"https:\/\/tallinndesignhouse.com\/en\/shop\/"},{"@type":"ListItem","position":3,"name":"Candy Bowl"}]},{"@type":"WebSite","@id":"https:\/\/tallinndesignhouse.com\/#website","url":"https:\/\/tallinndesignhouse.com\/","name":"Tallinn Design House","description":"Eesti disain Rotermanni kvartalis","potentialAction":[{"@type":"SearchAction","target":{"@type":"EntryPoint","urlTemplate":"https:\/\/tallinndesignhouse.com\/?s={search_term_string}"},"query-input":{"@type":"PropertyValueSpecification","valueRequired":true,"valueName":"search_term_string"}}],"inLanguage":"en-US"}]}},"_links":{"self":[{"href":"https:\/\/tallinndesignhouse.com\/en\/wp-json\/wp\/v2\/product\/3385800","targetHints":{"allow":["GET"]}}],"collection":[{"href":"https:\/\/tallinndesignhouse.com\/en\/wp-json\/wp\/v2\/product"}],"about":[{"href":"https:\/\/tallinndesignhouse.com\/en\/wp-json\/wp\/v2\/types\/product"}],"wp:featuredmedia":[{"embeddable":true,"href":"https:\/\/tallinndesignhouse.com\/en\/wp-json\/wp\/v2\/media\/3385805"}],"wp:attachment":[{"href":"https:\/\/tallinndesignhouse.com\/en\/wp-json\/wp\/v2\/media?parent=3385800"}],"wp:term":[{"taxonomy":"product_brand","embeddable":true,"href":"https:\/\/tallinndesignhouse.com\/en\/wp-json\/wp\/v2\/product_brand?post=3385800"},{"taxonomy":"product_cat","embeddable":true,"href":"https:\/\/tallinndesignhouse.com\/en\/wp-json\/wp\/v2\/product_cat?post=3385800"},{"taxonomy":"product_tag","embeddable":true,"href":"https:\/\/tallinndesignhouse.com\/en\/wp-json\/wp\/v2\/product_tag?post=3385800"}],"curies":[{"name":"wp","href":"https:\/\/api.w.org\/{rel}","templated":true}]}}