{"id":3385851,"date":"2025-11-26T20:50:02","date_gmt":"2025-11-26T18:50:02","guid":{"rendered":"https:\/\/tallinndesignhouse.com\/toode\/siidiratik-citizen-of-the-world-i-90-x-90-cm\/"},"modified":"2026-04-12T00:56:00","modified_gmt":"2026-04-11T21:56:00","slug":"siidiratik-citizen-of-the-world-i-90-x-90-cm","status":"publish","type":"product","link":"https:\/\/tallinndesignhouse.com\/en\/toode\/siidiratik-citizen-of-the-world-i-90-x-90-cm\/","title":{"rendered":"Silk Scarf Citizen of the World I 90 x 90 cm"},"content":{"rendered":"<p>Black-and-white silk neck scarf with world map designs from the brand Bsurd. Material: 100% silk twill. Dimensions: 90 x 90 cm. Digitally printed. Hand wash at no more than 30\u00b0C. Iron the fabric on the reverse side at low temperature or gently through another cloth. Move the iron quickly across the fabric and do not use steam. If possible, avoid ironing silk and let it dry hanging instead. Do not dry in direct sunlight. The BSURD brand was born at the beginning of 2013 out of a love for patterns. Many patterns had actually already been created by then, but there was no idea yet where to apply them. Since Estonia\u2019s weather requires wearing something around your neck most of the time, it might as well be something personal and cool. The concrete product ideas usually come from a need \u2013 either my own or that of friends \u2013 for something specific. The idea for the scarves likely arose while tying an uninspiring, plain-colored scarf in front of the mirror. \u2013 Heidi M\u00e4nd<\/p>\n","protected":false},"excerpt":{"rendered":"<p>Black-and-white silk neck scarf with world map designs from the brand Bsurd. Material: 100% silk twill. Dimensions: 90 x 90 cm. Digitally printed. Hand wash at no more than 30\u00b0C. Iron the fabric on the reverse side at low temperature or gently through another cloth. Move the iron quickly across the fabric and do not [&hellip;]<\/p>\n","protected":false},"featured_media":3385869,"template":"","meta":{"_acf_changed":false},"product_brand":[],"product_cat":[1972,3296],"product_tag":[2819],"class_list":{"0":"post-3385851","1":"product","2":"type-product","3":"status-publish","4":"has-post-thumbnail","6":"product_cat-headwear-and-scarves","7":"product_cat-accessories-en","8":"product_tag-women","9":"pa_brand-bsurd","10":"pa_brand-bsurd-en","12":"first","13":"instock","14":"taxable","15":"shipping-taxable","16":"purchasable","17":"product-type-simple"},"acf":[],"yoast_head":"<!-- This site is optimized with the Yoast SEO plugin v26.0 - https:\/\/yoast.com\/wordpress\/plugins\/seo\/ -->\n<title>Bsurd Silk Scarf Citizen of the World I 90 x 90 cm - Tallinn Design House<\/title>\n<meta name=\"description\" content=\"Bsurd siidir\u00e4tik Citizen of the world I 90 x 90 cm. Materjal: 100% siid tvill. M\u00f5\u00f5dud: 90 x 90 cm. Digitaalselt prinditud.\" \/>\n<meta name=\"robots\" content=\"index, follow, max-snippet:-1, max-image-preview:large, max-video-preview:-1\" \/>\n<link rel=\"canonical\" href=\"https:\/\/tallinndesignhouse.com\/toode\/siidiratik-citizen-of-the-world-i-90-x-90-cm\/\" \/>\n<meta property=\"og:locale\" content=\"en_US\" \/>\n<meta property=\"og:type\" content=\"article\" \/>\n<meta property=\"og:title\" content=\"Bsurd Silk Scarf Citizen of the World I 90 x 90 cm - Tallinn Design House\" \/>\n<meta property=\"og:description\" content=\"Bsurd siidir\u00e4tik Citizen of the world I 90 x 90 cm. Materjal: 100% siid tvill. M\u00f5\u00f5dud: 90 x 90 cm. Digitaalselt prinditud.\" \/>\n<meta property=\"og:url\" content=\"https:\/\/tallinndesignhouse.com\/toode\/siidiratik-citizen-of-the-world-i-90-x-90-cm\/\" \/>\n<meta property=\"og:site_name\" content=\"Tallinn Design House\" \/>\n<meta property=\"article:modified_time\" content=\"2026-04-11T21:56:00+00:00\" \/>\n<meta property=\"og:image\" content=\"https:\/\/tallinndesignhouse.com\/wp-content\/uploads\/2025\/11\/Siidiratik-Citizen-of-the-world-I-Bsurd_.jpg\" \/>\n\t<meta property=\"og:image:width\" content=\"1080\" \/>\n\t<meta property=\"og:image:height\" content=\"1350\" \/>\n\t<meta property=\"og:image:type\" content=\"image\/jpeg\" \/>\n<meta name=\"twitter:card\" content=\"summary_large_image\" \/>\n<meta name=\"twitter:label1\" content=\"Est. reading time\" \/>\n\t<meta name=\"twitter:data1\" content=\"1 minute\" \/>\n<script type=\"application\/ld+json\" class=\"yoast-schema-graph\">{\"@context\":\"https:\/\/schema.org\",\"@graph\":[{\"@type\":\"WebPage\",\"@id\":\"https:\/\/tallinndesignhouse.com\/toode\/siidiratik-citizen-of-the-world-i-90-x-90-cm\/\",\"url\":\"https:\/\/tallinndesignhouse.com\/toode\/siidiratik-citizen-of-the-world-i-90-x-90-cm\/\",\"name\":\"Bsurd Silk Scarf Citizen of the World I 90 x 90 cm - Tallinn Design House\",\"isPartOf\":{\"@id\":\"https:\/\/tallinndesignhouse.com\/#website\"},\"primaryImageOfPage\":{\"@id\":\"https:\/\/tallinndesignhouse.com\/toode\/siidiratik-citizen-of-the-world-i-90-x-90-cm\/#primaryimage\"},\"image\":{\"@id\":\"https:\/\/tallinndesignhouse.com\/toode\/siidiratik-citizen-of-the-world-i-90-x-90-cm\/#primaryimage\"},\"thumbnailUrl\":\"https:\/\/tallinndesignhouse.com\/wp-content\/uploads\/2025\/11\/Siidiratik-Citizen-of-the-world-I-Bsurd_.jpg\",\"datePublished\":\"2025-11-26T18:50:02+00:00\",\"dateModified\":\"2026-04-11T21:56:00+00:00\",\"description\":\"Bsurd siidir\u00e4tik Citizen of the world I 90 x 90 cm. Materjal: 100% siid tvill. M\u00f5\u00f5dud: 90 x 90 cm. Digitaalselt prinditud.\",\"breadcrumb\":{\"@id\":\"https:\/\/tallinndesignhouse.com\/toode\/siidiratik-citizen-of-the-world-i-90-x-90-cm\/#breadcrumb\"},\"inLanguage\":\"en-US\",\"potentialAction\":[{\"@type\":\"ReadAction\",\"target\":[\"https:\/\/tallinndesignhouse.com\/toode\/siidiratik-citizen-of-the-world-i-90-x-90-cm\/\"]}]},{\"@type\":\"ImageObject\",\"inLanguage\":\"en-US\",\"@id\":\"https:\/\/tallinndesignhouse.com\/toode\/siidiratik-citizen-of-the-world-i-90-x-90-cm\/#primaryimage\",\"url\":\"https:\/\/tallinndesignhouse.com\/wp-content\/uploads\/2025\/11\/Siidiratik-Citizen-of-the-world-I-Bsurd_.jpg\",\"contentUrl\":\"https:\/\/tallinndesignhouse.com\/wp-content\/uploads\/2025\/11\/Siidiratik-Citizen-of-the-world-I-Bsurd_.jpg\",\"width\":1080,\"height\":1350,\"caption\":\"Siidira\u0308tik Citizen of the world I Bsurd_\"},{\"@type\":\"BreadcrumbList\",\"@id\":\"https:\/\/tallinndesignhouse.com\/toode\/siidiratik-citizen-of-the-world-i-90-x-90-cm\/#breadcrumb\",\"itemListElement\":[{\"@type\":\"ListItem\",\"position\":1,\"name\":\"Home\",\"item\":\"https:\/\/tallinndesignhouse.com\/en\/\"},{\"@type\":\"ListItem\",\"position\":2,\"name\":\"Shop\",\"item\":\"https:\/\/tallinndesignhouse.com\/en\/shop\/\"},{\"@type\":\"ListItem\",\"position\":3,\"name\":\"Silk Scarf Citizen of the World I 90 x 90 cm\"}]},{\"@type\":\"WebSite\",\"@id\":\"https:\/\/tallinndesignhouse.com\/#website\",\"url\":\"https:\/\/tallinndesignhouse.com\/\",\"name\":\"Tallinn Design House\",\"description\":\"Eesti disain Rotermanni kvartalis\",\"potentialAction\":[{\"@type\":\"SearchAction\",\"target\":{\"@type\":\"EntryPoint\",\"urlTemplate\":\"https:\/\/tallinndesignhouse.com\/?s={search_term_string}\"},\"query-input\":{\"@type\":\"PropertyValueSpecification\",\"valueRequired\":true,\"valueName\":\"search_term_string\"}}],\"inLanguage\":\"en-US\"}]}<\/script>\n<!-- \/ Yoast SEO plugin. -->","yoast_head_json":{"title":"Bsurd Silk Scarf Citizen of the World I 90 x 90 cm - Tallinn Design House","description":"Bsurd siidir\u00e4tik Citizen of the world I 90 x 90 cm. Materjal: 100% siid tvill. M\u00f5\u00f5dud: 90 x 90 cm. Digitaalselt prinditud.","robots":{"index":"index","follow":"follow","max-snippet":"max-snippet:-1","max-image-preview":"max-image-preview:large","max-video-preview":"max-video-preview:-1"},"canonical":"https:\/\/tallinndesignhouse.com\/toode\/siidiratik-citizen-of-the-world-i-90-x-90-cm\/","og_locale":"en_US","og_type":"article","og_title":"Bsurd Silk Scarf Citizen of the World I 90 x 90 cm - Tallinn Design House","og_description":"Bsurd siidir\u00e4tik Citizen of the world I 90 x 90 cm. Materjal: 100% siid tvill. M\u00f5\u00f5dud: 90 x 90 cm. Digitaalselt prinditud.","og_url":"https:\/\/tallinndesignhouse.com\/toode\/siidiratik-citizen-of-the-world-i-90-x-90-cm\/","og_site_name":"Tallinn Design House","article_modified_time":"2026-04-11T21:56:00+00:00","og_image":[{"width":1080,"height":1350,"url":"https:\/\/tallinndesignhouse.com\/wp-content\/uploads\/2025\/11\/Siidiratik-Citizen-of-the-world-I-Bsurd_.jpg","type":"image\/jpeg"}],"twitter_card":"summary_large_image","twitter_misc":{"Est. reading time":"1 minute"},"schema":{"@context":"https:\/\/schema.org","@graph":[{"@type":"WebPage","@id":"https:\/\/tallinndesignhouse.com\/toode\/siidiratik-citizen-of-the-world-i-90-x-90-cm\/","url":"https:\/\/tallinndesignhouse.com\/toode\/siidiratik-citizen-of-the-world-i-90-x-90-cm\/","name":"Bsurd Silk Scarf Citizen of the World I 90 x 90 cm - Tallinn Design House","isPartOf":{"@id":"https:\/\/tallinndesignhouse.com\/#website"},"primaryImageOfPage":{"@id":"https:\/\/tallinndesignhouse.com\/toode\/siidiratik-citizen-of-the-world-i-90-x-90-cm\/#primaryimage"},"image":{"@id":"https:\/\/tallinndesignhouse.com\/toode\/siidiratik-citizen-of-the-world-i-90-x-90-cm\/#primaryimage"},"thumbnailUrl":"https:\/\/tallinndesignhouse.com\/wp-content\/uploads\/2025\/11\/Siidiratik-Citizen-of-the-world-I-Bsurd_.jpg","datePublished":"2025-11-26T18:50:02+00:00","dateModified":"2026-04-11T21:56:00+00:00","description":"Bsurd siidir\u00e4tik Citizen of the world I 90 x 90 cm. Materjal: 100% siid tvill. M\u00f5\u00f5dud: 90 x 90 cm. Digitaalselt prinditud.","breadcrumb":{"@id":"https:\/\/tallinndesignhouse.com\/toode\/siidiratik-citizen-of-the-world-i-90-x-90-cm\/#breadcrumb"},"inLanguage":"en-US","potentialAction":[{"@type":"ReadAction","target":["https:\/\/tallinndesignhouse.com\/toode\/siidiratik-citizen-of-the-world-i-90-x-90-cm\/"]}]},{"@type":"ImageObject","inLanguage":"en-US","@id":"https:\/\/tallinndesignhouse.com\/toode\/siidiratik-citizen-of-the-world-i-90-x-90-cm\/#primaryimage","url":"https:\/\/tallinndesignhouse.com\/wp-content\/uploads\/2025\/11\/Siidiratik-Citizen-of-the-world-I-Bsurd_.jpg","contentUrl":"https:\/\/tallinndesignhouse.com\/wp-content\/uploads\/2025\/11\/Siidiratik-Citizen-of-the-world-I-Bsurd_.jpg","width":1080,"height":1350,"caption":"Siidira\u0308tik Citizen of the world I Bsurd_"},{"@type":"BreadcrumbList","@id":"https:\/\/tallinndesignhouse.com\/toode\/siidiratik-citizen-of-the-world-i-90-x-90-cm\/#breadcrumb","itemListElement":[{"@type":"ListItem","position":1,"name":"Home","item":"https:\/\/tallinndesignhouse.com\/en\/"},{"@type":"ListItem","position":2,"name":"Shop","item":"https:\/\/tallinndesignhouse.com\/en\/shop\/"},{"@type":"ListItem","position":3,"name":"Silk Scarf Citizen of the World I 90 x 90 cm"}]},{"@type":"WebSite","@id":"https:\/\/tallinndesignhouse.com\/#website","url":"https:\/\/tallinndesignhouse.com\/","name":"Tallinn Design House","description":"Eesti disain Rotermanni kvartalis","potentialAction":[{"@type":"SearchAction","target":{"@type":"EntryPoint","urlTemplate":"https:\/\/tallinndesignhouse.com\/?s={search_term_string}"},"query-input":{"@type":"PropertyValueSpecification","valueRequired":true,"valueName":"search_term_string"}}],"inLanguage":"en-US"}]}},"_links":{"self":[{"href":"https:\/\/tallinndesignhouse.com\/en\/wp-json\/wp\/v2\/product\/3385851","targetHints":{"allow":["GET"]}}],"collection":[{"href":"https:\/\/tallinndesignhouse.com\/en\/wp-json\/wp\/v2\/product"}],"about":[{"href":"https:\/\/tallinndesignhouse.com\/en\/wp-json\/wp\/v2\/types\/product"}],"wp:featuredmedia":[{"embeddable":true,"href":"https:\/\/tallinndesignhouse.com\/en\/wp-json\/wp\/v2\/media\/3385869"}],"wp:attachment":[{"href":"https:\/\/tallinndesignhouse.com\/en\/wp-json\/wp\/v2\/media?parent=3385851"}],"wp:term":[{"taxonomy":"product_brand","embeddable":true,"href":"https:\/\/tallinndesignhouse.com\/en\/wp-json\/wp\/v2\/product_brand?post=3385851"},{"taxonomy":"product_cat","embeddable":true,"href":"https:\/\/tallinndesignhouse.com\/en\/wp-json\/wp\/v2\/product_cat?post=3385851"},{"taxonomy":"product_tag","embeddable":true,"href":"https:\/\/tallinndesignhouse.com\/en\/wp-json\/wp\/v2\/product_tag?post=3385851"}],"curies":[{"name":"wp","href":"https:\/\/api.w.org\/{rel}","templated":true}]}}