{"id":3386033,"date":"2025-11-27T13:20:06","date_gmt":"2025-11-27T11:20:06","guid":{"rendered":"https:\/\/tallinndesignhouse.com\/toode\/kleit-rada\/"},"modified":"2026-04-12T01:00:58","modified_gmt":"2026-04-11T22:00:58","slug":"kleit-rada","status":"publish","type":"product","link":"https:\/\/tallinndesignhouse.com\/en\/toode\/kleit-rada\/","title":{"rendered":"Rada Dress"},"content":{"rendered":"<p>Woven from organic cotton, the Rada dress by \u00c4rni Blum is a symbiosis of femininity on the outside and childishness on the inside. The dress is designed for the self-loving, courageous and life-giving woman. The cotton knit dress is soft, comfortable and stretchy, making it perfect for the XS-L size. Designed and handmade in Saaremaa, Estonia. Material: yarn 1: 100% organic cotton; yarn 2: spandex.<\/p>\n","protected":false},"excerpt":{"rendered":"<p>Woven from organic cotton, the Rada dress by \u00c4rni Blum is a symbiosis of femininity on the outside and childishness on the inside. The dress is designed for the self-loving, courageous and life-giving woman. The cotton knit dress is soft, comfortable and stretchy, making it perfect for the XS-L size. Designed and handmade in Saaremaa, [&hellip;]<\/p>\n","protected":false},"featured_media":3386036,"template":"","meta":{"_acf_changed":false},"product_brand":[],"product_cat":[1964,2837,3718],"product_tag":[2819],"class_list":{"0":"post-3386033","1":"product","2":"type-product","3":"status-publish","4":"has-post-thumbnail","6":"product_cat-dresses","7":"product_cat-clothes","8":"product_cat-winter-style","9":"product_tag-women","10":"pa_brand-arni-blum","11":"pa_brand-arni-blum-en","12":"pa_suurus-one-size","13":"pa_suurus-one-size-en","14":"pa_varv-brown-en","15":"pa_varv-pruun","17":"first","18":"instock","19":"taxable","20":"shipping-taxable","21":"purchasable","22":"product-type-variable"},"acf":[],"yoast_head":"<!-- This site is optimized with the Yoast SEO plugin v26.0 - https:\/\/yoast.com\/wordpress\/plugins\/seo\/ -->\n<title>\u00c4rni Blum Rada Dress - Tallinn Design House<\/title>\n<meta name=\"description\" content=\"\u00c4rni Blum kleit Rada. Puuvilllane kootud kleit on pehme, mugav ja veniv, t\u00e4nu millele sobib ta h\u00e4sti nii XS-L kandjale.\" \/>\n<meta name=\"robots\" content=\"index, follow, max-snippet:-1, max-image-preview:large, max-video-preview:-1\" \/>\n<link rel=\"canonical\" href=\"https:\/\/tallinndesignhouse.com\/toode\/kleit-rada\/\" \/>\n<meta property=\"og:locale\" content=\"en_US\" \/>\n<meta property=\"og:type\" content=\"article\" \/>\n<meta property=\"og:title\" content=\"\u00c4rni Blum Rada Dress - Tallinn Design House\" \/>\n<meta property=\"og:description\" content=\"\u00c4rni Blum kleit Rada. Puuvilllane kootud kleit on pehme, mugav ja veniv, t\u00e4nu millele sobib ta h\u00e4sti nii XS-L kandjale.\" \/>\n<meta property=\"og:url\" content=\"https:\/\/tallinndesignhouse.com\/toode\/kleit-rada\/\" \/>\n<meta property=\"og:site_name\" content=\"Tallinn Design House\" \/>\n<meta property=\"article:modified_time\" content=\"2026-04-11T22:00:58+00:00\" \/>\n<meta property=\"og:image\" content=\"https:\/\/tallinndesignhouse.com\/wp-content\/uploads\/2025\/11\/Kootud-kleit-Rada-pruun-Arni-Blum_1.jpg\" \/>\n\t<meta property=\"og:image:width\" content=\"1080\" \/>\n\t<meta property=\"og:image:height\" content=\"1350\" \/>\n\t<meta property=\"og:image:type\" content=\"image\/jpeg\" \/>\n<meta name=\"twitter:card\" content=\"summary_large_image\" \/>\n<script type=\"application\/ld+json\" class=\"yoast-schema-graph\">{\"@context\":\"https:\/\/schema.org\",\"@graph\":[{\"@type\":\"WebPage\",\"@id\":\"https:\/\/tallinndesignhouse.com\/toode\/kleit-rada\/\",\"url\":\"https:\/\/tallinndesignhouse.com\/toode\/kleit-rada\/\",\"name\":\"\u00c4rni Blum Rada Dress - Tallinn Design House\",\"isPartOf\":{\"@id\":\"https:\/\/tallinndesignhouse.com\/#website\"},\"primaryImageOfPage\":{\"@id\":\"https:\/\/tallinndesignhouse.com\/toode\/kleit-rada\/#primaryimage\"},\"image\":{\"@id\":\"https:\/\/tallinndesignhouse.com\/toode\/kleit-rada\/#primaryimage\"},\"thumbnailUrl\":\"https:\/\/tallinndesignhouse.com\/wp-content\/uploads\/2025\/11\/Kootud-kleit-Rada-pruun-Arni-Blum_1.jpg\",\"datePublished\":\"2025-11-27T11:20:06+00:00\",\"dateModified\":\"2026-04-11T22:00:58+00:00\",\"description\":\"\u00c4rni Blum kleit Rada. Puuvilllane kootud kleit on pehme, mugav ja veniv, t\u00e4nu millele sobib ta h\u00e4sti nii XS-L kandjale.\",\"breadcrumb\":{\"@id\":\"https:\/\/tallinndesignhouse.com\/toode\/kleit-rada\/#breadcrumb\"},\"inLanguage\":\"en-US\",\"potentialAction\":[{\"@type\":\"ReadAction\",\"target\":[\"https:\/\/tallinndesignhouse.com\/toode\/kleit-rada\/\"]}]},{\"@type\":\"ImageObject\",\"inLanguage\":\"en-US\",\"@id\":\"https:\/\/tallinndesignhouse.com\/toode\/kleit-rada\/#primaryimage\",\"url\":\"https:\/\/tallinndesignhouse.com\/wp-content\/uploads\/2025\/11\/Kootud-kleit-Rada-pruun-Arni-Blum_1.jpg\",\"contentUrl\":\"https:\/\/tallinndesignhouse.com\/wp-content\/uploads\/2025\/11\/Kootud-kleit-Rada-pruun-Arni-Blum_1.jpg\",\"width\":1080,\"height\":1350,\"caption\":\"Kootud kleit Rada pruun A\u0308rni Blum_1\"},{\"@type\":\"BreadcrumbList\",\"@id\":\"https:\/\/tallinndesignhouse.com\/toode\/kleit-rada\/#breadcrumb\",\"itemListElement\":[{\"@type\":\"ListItem\",\"position\":1,\"name\":\"Home\",\"item\":\"https:\/\/tallinndesignhouse.com\/en\/\"},{\"@type\":\"ListItem\",\"position\":2,\"name\":\"Shop\",\"item\":\"https:\/\/tallinndesignhouse.com\/en\/shop\/\"},{\"@type\":\"ListItem\",\"position\":3,\"name\":\"Rada Dress\"}]},{\"@type\":\"WebSite\",\"@id\":\"https:\/\/tallinndesignhouse.com\/#website\",\"url\":\"https:\/\/tallinndesignhouse.com\/\",\"name\":\"Tallinn Design House\",\"description\":\"Eesti disain Rotermanni kvartalis\",\"potentialAction\":[{\"@type\":\"SearchAction\",\"target\":{\"@type\":\"EntryPoint\",\"urlTemplate\":\"https:\/\/tallinndesignhouse.com\/?s={search_term_string}\"},\"query-input\":{\"@type\":\"PropertyValueSpecification\",\"valueRequired\":true,\"valueName\":\"search_term_string\"}}],\"inLanguage\":\"en-US\"}]}<\/script>\n<!-- \/ Yoast SEO plugin. -->","yoast_head_json":{"title":"\u00c4rni Blum Rada Dress - Tallinn Design House","description":"\u00c4rni Blum kleit Rada. Puuvilllane kootud kleit on pehme, mugav ja veniv, t\u00e4nu millele sobib ta h\u00e4sti nii XS-L kandjale.","robots":{"index":"index","follow":"follow","max-snippet":"max-snippet:-1","max-image-preview":"max-image-preview:large","max-video-preview":"max-video-preview:-1"},"canonical":"https:\/\/tallinndesignhouse.com\/toode\/kleit-rada\/","og_locale":"en_US","og_type":"article","og_title":"\u00c4rni Blum Rada Dress - Tallinn Design House","og_description":"\u00c4rni Blum kleit Rada. Puuvilllane kootud kleit on pehme, mugav ja veniv, t\u00e4nu millele sobib ta h\u00e4sti nii XS-L kandjale.","og_url":"https:\/\/tallinndesignhouse.com\/toode\/kleit-rada\/","og_site_name":"Tallinn Design House","article_modified_time":"2026-04-11T22:00:58+00:00","og_image":[{"width":1080,"height":1350,"url":"https:\/\/tallinndesignhouse.com\/wp-content\/uploads\/2025\/11\/Kootud-kleit-Rada-pruun-Arni-Blum_1.jpg","type":"image\/jpeg"}],"twitter_card":"summary_large_image","schema":{"@context":"https:\/\/schema.org","@graph":[{"@type":"WebPage","@id":"https:\/\/tallinndesignhouse.com\/toode\/kleit-rada\/","url":"https:\/\/tallinndesignhouse.com\/toode\/kleit-rada\/","name":"\u00c4rni Blum Rada Dress - Tallinn Design House","isPartOf":{"@id":"https:\/\/tallinndesignhouse.com\/#website"},"primaryImageOfPage":{"@id":"https:\/\/tallinndesignhouse.com\/toode\/kleit-rada\/#primaryimage"},"image":{"@id":"https:\/\/tallinndesignhouse.com\/toode\/kleit-rada\/#primaryimage"},"thumbnailUrl":"https:\/\/tallinndesignhouse.com\/wp-content\/uploads\/2025\/11\/Kootud-kleit-Rada-pruun-Arni-Blum_1.jpg","datePublished":"2025-11-27T11:20:06+00:00","dateModified":"2026-04-11T22:00:58+00:00","description":"\u00c4rni Blum kleit Rada. Puuvilllane kootud kleit on pehme, mugav ja veniv, t\u00e4nu millele sobib ta h\u00e4sti nii XS-L kandjale.","breadcrumb":{"@id":"https:\/\/tallinndesignhouse.com\/toode\/kleit-rada\/#breadcrumb"},"inLanguage":"en-US","potentialAction":[{"@type":"ReadAction","target":["https:\/\/tallinndesignhouse.com\/toode\/kleit-rada\/"]}]},{"@type":"ImageObject","inLanguage":"en-US","@id":"https:\/\/tallinndesignhouse.com\/toode\/kleit-rada\/#primaryimage","url":"https:\/\/tallinndesignhouse.com\/wp-content\/uploads\/2025\/11\/Kootud-kleit-Rada-pruun-Arni-Blum_1.jpg","contentUrl":"https:\/\/tallinndesignhouse.com\/wp-content\/uploads\/2025\/11\/Kootud-kleit-Rada-pruun-Arni-Blum_1.jpg","width":1080,"height":1350,"caption":"Kootud kleit Rada pruun A\u0308rni Blum_1"},{"@type":"BreadcrumbList","@id":"https:\/\/tallinndesignhouse.com\/toode\/kleit-rada\/#breadcrumb","itemListElement":[{"@type":"ListItem","position":1,"name":"Home","item":"https:\/\/tallinndesignhouse.com\/en\/"},{"@type":"ListItem","position":2,"name":"Shop","item":"https:\/\/tallinndesignhouse.com\/en\/shop\/"},{"@type":"ListItem","position":3,"name":"Rada Dress"}]},{"@type":"WebSite","@id":"https:\/\/tallinndesignhouse.com\/#website","url":"https:\/\/tallinndesignhouse.com\/","name":"Tallinn Design House","description":"Eesti disain Rotermanni kvartalis","potentialAction":[{"@type":"SearchAction","target":{"@type":"EntryPoint","urlTemplate":"https:\/\/tallinndesignhouse.com\/?s={search_term_string}"},"query-input":{"@type":"PropertyValueSpecification","valueRequired":true,"valueName":"search_term_string"}}],"inLanguage":"en-US"}]}},"_links":{"self":[{"href":"https:\/\/tallinndesignhouse.com\/en\/wp-json\/wp\/v2\/product\/3386033","targetHints":{"allow":["GET"]}}],"collection":[{"href":"https:\/\/tallinndesignhouse.com\/en\/wp-json\/wp\/v2\/product"}],"about":[{"href":"https:\/\/tallinndesignhouse.com\/en\/wp-json\/wp\/v2\/types\/product"}],"wp:featuredmedia":[{"embeddable":true,"href":"https:\/\/tallinndesignhouse.com\/en\/wp-json\/wp\/v2\/media\/3386036"}],"wp:attachment":[{"href":"https:\/\/tallinndesignhouse.com\/en\/wp-json\/wp\/v2\/media?parent=3386033"}],"wp:term":[{"taxonomy":"product_brand","embeddable":true,"href":"https:\/\/tallinndesignhouse.com\/en\/wp-json\/wp\/v2\/product_brand?post=3386033"},{"taxonomy":"product_cat","embeddable":true,"href":"https:\/\/tallinndesignhouse.com\/en\/wp-json\/wp\/v2\/product_cat?post=3386033"},{"taxonomy":"product_tag","embeddable":true,"href":"https:\/\/tallinndesignhouse.com\/en\/wp-json\/wp\/v2\/product_tag?post=3386033"}],"curies":[{"name":"wp","href":"https:\/\/api.w.org\/{rel}","templated":true}]}}