{"id":3386088,"date":"2025-11-27T14:05:06","date_gmt":"2025-11-27T12:05:06","guid":{"rendered":"https:\/\/tallinndesignhouse.com\/toode\/vaike-karvasest-uuskasutusvildist-barettkubar\/"},"modified":"2026-04-12T01:01:32","modified_gmt":"2026-04-11T22:01:32","slug":"vaike-karvasest-uuskasutusvildist-barettkubar","status":"publish","type":"product","link":"https:\/\/tallinndesignhouse.com\/en\/toode\/vaike-karvasest-uuskasutusvildist-barettkubar\/","title":{"rendered":"Small Round Beret Made from Furry Recycled Felt"},"content":{"rendered":"<p>This small and charming round beret by QLR Disain is made from furry recycled felt, giving it a unique texture and character. You can style it in different ways \u2013 wear it smooth and sleek for a refined look, or fluff up the surface slightly with your hand for a playful, casual touch.The beret is lined with a beautiful red viscose fabric, adding comfort and a hint of elegance. It stays securely in place with an elastic band that sits comfortably at the back of the head. Hat height: 6 cm. Diameter: 15 cm.<\/p>\n","protected":false},"excerpt":{"rendered":"<p>This small and charming round beret by QLR Disain is made from furry recycled felt, giving it a unique texture and character. You can style it in different ways \u2013 wear it smooth and sleek for a refined look, or fluff up the surface slightly with your hand for a playful, casual touch.The beret is [&hellip;]<\/p>\n","protected":false},"featured_media":3386116,"template":"","meta":{"_acf_changed":false},"product_brand":[],"product_cat":[1972,3296],"product_tag":[2819],"class_list":{"0":"post-3386088","1":"product","2":"type-product","3":"status-publish","4":"has-post-thumbnail","6":"product_cat-headwear-and-scarves","7":"product_cat-accessories-en","8":"product_tag-women","9":"pa_brand-qlr-disain","10":"pa_brand-qlr-disain-en","12":"first","13":"instock","14":"taxable","15":"shipping-taxable","16":"purchasable","17":"product-type-simple"},"acf":[],"yoast_head":"<!-- This site is optimized with the Yoast SEO plugin v26.0 - https:\/\/yoast.com\/wordpress\/plugins\/seo\/ -->\n<title>QLR Disain Small Round Beret Made from Furry Recycled Felt - Tallinn Design House<\/title>\n<meta name=\"description\" content=\"QLR Disain v\u00e4ike karvasest uuskasutusvildist barettk\u00fcbar. M\u00f5\u00f5dud: K\u00fcbara k\u00f5rgus: 6 cm. L\u00e4bim\u00f5\u00f5t: 15 cm.\" \/>\n<meta name=\"robots\" content=\"index, follow, max-snippet:-1, max-image-preview:large, max-video-preview:-1\" \/>\n<link rel=\"canonical\" href=\"https:\/\/tallinndesignhouse.com\/toode\/vaike-karvasest-uuskasutusvildist-barettkubar\/\" \/>\n<meta property=\"og:locale\" content=\"en_US\" \/>\n<meta property=\"og:type\" content=\"article\" \/>\n<meta property=\"og:title\" content=\"QLR Disain Small Round Beret Made from Furry Recycled Felt - Tallinn Design House\" \/>\n<meta property=\"og:description\" content=\"QLR Disain v\u00e4ike karvasest uuskasutusvildist barettk\u00fcbar. M\u00f5\u00f5dud: K\u00fcbara k\u00f5rgus: 6 cm. L\u00e4bim\u00f5\u00f5t: 15 cm.\" \/>\n<meta property=\"og:url\" content=\"https:\/\/tallinndesignhouse.com\/toode\/vaike-karvasest-uuskasutusvildist-barettkubar\/\" \/>\n<meta property=\"og:site_name\" content=\"Tallinn Design House\" \/>\n<meta property=\"article:modified_time\" content=\"2026-04-11T22:01:32+00:00\" \/>\n<meta property=\"og:image\" content=\"https:\/\/tallinndesignhouse.com\/wp-content\/uploads\/2025\/11\/Vaike-karvasest-uuskasutusvildist-barettkubar-QLR-Disain.jpg\" \/>\n\t<meta property=\"og:image:width\" content=\"1080\" \/>\n\t<meta property=\"og:image:height\" content=\"1350\" \/>\n\t<meta property=\"og:image:type\" content=\"image\/jpeg\" \/>\n<meta name=\"twitter:card\" content=\"summary_large_image\" \/>\n<meta name=\"twitter:label1\" content=\"Est. reading time\" \/>\n\t<meta name=\"twitter:data1\" content=\"1 minute\" \/>\n<script type=\"application\/ld+json\" class=\"yoast-schema-graph\">{\"@context\":\"https:\/\/schema.org\",\"@graph\":[{\"@type\":\"WebPage\",\"@id\":\"https:\/\/tallinndesignhouse.com\/toode\/vaike-karvasest-uuskasutusvildist-barettkubar\/\",\"url\":\"https:\/\/tallinndesignhouse.com\/toode\/vaike-karvasest-uuskasutusvildist-barettkubar\/\",\"name\":\"QLR Disain Small Round Beret Made from Furry Recycled Felt - Tallinn Design House\",\"isPartOf\":{\"@id\":\"https:\/\/tallinndesignhouse.com\/#website\"},\"primaryImageOfPage\":{\"@id\":\"https:\/\/tallinndesignhouse.com\/toode\/vaike-karvasest-uuskasutusvildist-barettkubar\/#primaryimage\"},\"image\":{\"@id\":\"https:\/\/tallinndesignhouse.com\/toode\/vaike-karvasest-uuskasutusvildist-barettkubar\/#primaryimage\"},\"thumbnailUrl\":\"https:\/\/tallinndesignhouse.com\/wp-content\/uploads\/2025\/11\/Vaike-karvasest-uuskasutusvildist-barettkubar-QLR-Disain.jpg\",\"datePublished\":\"2025-11-27T12:05:06+00:00\",\"dateModified\":\"2026-04-11T22:01:32+00:00\",\"description\":\"QLR Disain v\u00e4ike karvasest uuskasutusvildist barettk\u00fcbar. M\u00f5\u00f5dud: K\u00fcbara k\u00f5rgus: 6 cm. L\u00e4bim\u00f5\u00f5t: 15 cm.\",\"breadcrumb\":{\"@id\":\"https:\/\/tallinndesignhouse.com\/toode\/vaike-karvasest-uuskasutusvildist-barettkubar\/#breadcrumb\"},\"inLanguage\":\"en-US\",\"potentialAction\":[{\"@type\":\"ReadAction\",\"target\":[\"https:\/\/tallinndesignhouse.com\/toode\/vaike-karvasest-uuskasutusvildist-barettkubar\/\"]}]},{\"@type\":\"ImageObject\",\"inLanguage\":\"en-US\",\"@id\":\"https:\/\/tallinndesignhouse.com\/toode\/vaike-karvasest-uuskasutusvildist-barettkubar\/#primaryimage\",\"url\":\"https:\/\/tallinndesignhouse.com\/wp-content\/uploads\/2025\/11\/Vaike-karvasest-uuskasutusvildist-barettkubar-QLR-Disain.jpg\",\"contentUrl\":\"https:\/\/tallinndesignhouse.com\/wp-content\/uploads\/2025\/11\/Vaike-karvasest-uuskasutusvildist-barettkubar-QLR-Disain.jpg\",\"width\":1080,\"height\":1350,\"caption\":\"Va\u0308ike karvasest uuskasutusvildist barettku\u0308bar QLR Disain\"},{\"@type\":\"BreadcrumbList\",\"@id\":\"https:\/\/tallinndesignhouse.com\/toode\/vaike-karvasest-uuskasutusvildist-barettkubar\/#breadcrumb\",\"itemListElement\":[{\"@type\":\"ListItem\",\"position\":1,\"name\":\"Home\",\"item\":\"https:\/\/tallinndesignhouse.com\/en\/\"},{\"@type\":\"ListItem\",\"position\":2,\"name\":\"Shop\",\"item\":\"https:\/\/tallinndesignhouse.com\/en\/shop\/\"},{\"@type\":\"ListItem\",\"position\":3,\"name\":\"Small Round Beret Made from Furry Recycled Felt\"}]},{\"@type\":\"WebSite\",\"@id\":\"https:\/\/tallinndesignhouse.com\/#website\",\"url\":\"https:\/\/tallinndesignhouse.com\/\",\"name\":\"Tallinn Design House\",\"description\":\"Eesti disain Rotermanni kvartalis\",\"potentialAction\":[{\"@type\":\"SearchAction\",\"target\":{\"@type\":\"EntryPoint\",\"urlTemplate\":\"https:\/\/tallinndesignhouse.com\/?s={search_term_string}\"},\"query-input\":{\"@type\":\"PropertyValueSpecification\",\"valueRequired\":true,\"valueName\":\"search_term_string\"}}],\"inLanguage\":\"en-US\"}]}<\/script>\n<!-- \/ Yoast SEO plugin. -->","yoast_head_json":{"title":"QLR Disain Small Round Beret Made from Furry Recycled Felt - Tallinn Design House","description":"QLR Disain v\u00e4ike karvasest uuskasutusvildist barettk\u00fcbar. M\u00f5\u00f5dud: K\u00fcbara k\u00f5rgus: 6 cm. L\u00e4bim\u00f5\u00f5t: 15 cm.","robots":{"index":"index","follow":"follow","max-snippet":"max-snippet:-1","max-image-preview":"max-image-preview:large","max-video-preview":"max-video-preview:-1"},"canonical":"https:\/\/tallinndesignhouse.com\/toode\/vaike-karvasest-uuskasutusvildist-barettkubar\/","og_locale":"en_US","og_type":"article","og_title":"QLR Disain Small Round Beret Made from Furry Recycled Felt - Tallinn Design House","og_description":"QLR Disain v\u00e4ike karvasest uuskasutusvildist barettk\u00fcbar. M\u00f5\u00f5dud: K\u00fcbara k\u00f5rgus: 6 cm. L\u00e4bim\u00f5\u00f5t: 15 cm.","og_url":"https:\/\/tallinndesignhouse.com\/toode\/vaike-karvasest-uuskasutusvildist-barettkubar\/","og_site_name":"Tallinn Design House","article_modified_time":"2026-04-11T22:01:32+00:00","og_image":[{"width":1080,"height":1350,"url":"https:\/\/tallinndesignhouse.com\/wp-content\/uploads\/2025\/11\/Vaike-karvasest-uuskasutusvildist-barettkubar-QLR-Disain.jpg","type":"image\/jpeg"}],"twitter_card":"summary_large_image","twitter_misc":{"Est. reading time":"1 minute"},"schema":{"@context":"https:\/\/schema.org","@graph":[{"@type":"WebPage","@id":"https:\/\/tallinndesignhouse.com\/toode\/vaike-karvasest-uuskasutusvildist-barettkubar\/","url":"https:\/\/tallinndesignhouse.com\/toode\/vaike-karvasest-uuskasutusvildist-barettkubar\/","name":"QLR Disain Small Round Beret Made from Furry Recycled Felt - Tallinn Design House","isPartOf":{"@id":"https:\/\/tallinndesignhouse.com\/#website"},"primaryImageOfPage":{"@id":"https:\/\/tallinndesignhouse.com\/toode\/vaike-karvasest-uuskasutusvildist-barettkubar\/#primaryimage"},"image":{"@id":"https:\/\/tallinndesignhouse.com\/toode\/vaike-karvasest-uuskasutusvildist-barettkubar\/#primaryimage"},"thumbnailUrl":"https:\/\/tallinndesignhouse.com\/wp-content\/uploads\/2025\/11\/Vaike-karvasest-uuskasutusvildist-barettkubar-QLR-Disain.jpg","datePublished":"2025-11-27T12:05:06+00:00","dateModified":"2026-04-11T22:01:32+00:00","description":"QLR Disain v\u00e4ike karvasest uuskasutusvildist barettk\u00fcbar. M\u00f5\u00f5dud: K\u00fcbara k\u00f5rgus: 6 cm. L\u00e4bim\u00f5\u00f5t: 15 cm.","breadcrumb":{"@id":"https:\/\/tallinndesignhouse.com\/toode\/vaike-karvasest-uuskasutusvildist-barettkubar\/#breadcrumb"},"inLanguage":"en-US","potentialAction":[{"@type":"ReadAction","target":["https:\/\/tallinndesignhouse.com\/toode\/vaike-karvasest-uuskasutusvildist-barettkubar\/"]}]},{"@type":"ImageObject","inLanguage":"en-US","@id":"https:\/\/tallinndesignhouse.com\/toode\/vaike-karvasest-uuskasutusvildist-barettkubar\/#primaryimage","url":"https:\/\/tallinndesignhouse.com\/wp-content\/uploads\/2025\/11\/Vaike-karvasest-uuskasutusvildist-barettkubar-QLR-Disain.jpg","contentUrl":"https:\/\/tallinndesignhouse.com\/wp-content\/uploads\/2025\/11\/Vaike-karvasest-uuskasutusvildist-barettkubar-QLR-Disain.jpg","width":1080,"height":1350,"caption":"Va\u0308ike karvasest uuskasutusvildist barettku\u0308bar QLR Disain"},{"@type":"BreadcrumbList","@id":"https:\/\/tallinndesignhouse.com\/toode\/vaike-karvasest-uuskasutusvildist-barettkubar\/#breadcrumb","itemListElement":[{"@type":"ListItem","position":1,"name":"Home","item":"https:\/\/tallinndesignhouse.com\/en\/"},{"@type":"ListItem","position":2,"name":"Shop","item":"https:\/\/tallinndesignhouse.com\/en\/shop\/"},{"@type":"ListItem","position":3,"name":"Small Round Beret Made from Furry Recycled Felt"}]},{"@type":"WebSite","@id":"https:\/\/tallinndesignhouse.com\/#website","url":"https:\/\/tallinndesignhouse.com\/","name":"Tallinn Design House","description":"Eesti disain Rotermanni kvartalis","potentialAction":[{"@type":"SearchAction","target":{"@type":"EntryPoint","urlTemplate":"https:\/\/tallinndesignhouse.com\/?s={search_term_string}"},"query-input":{"@type":"PropertyValueSpecification","valueRequired":true,"valueName":"search_term_string"}}],"inLanguage":"en-US"}]}},"_links":{"self":[{"href":"https:\/\/tallinndesignhouse.com\/en\/wp-json\/wp\/v2\/product\/3386088","targetHints":{"allow":["GET"]}}],"collection":[{"href":"https:\/\/tallinndesignhouse.com\/en\/wp-json\/wp\/v2\/product"}],"about":[{"href":"https:\/\/tallinndesignhouse.com\/en\/wp-json\/wp\/v2\/types\/product"}],"wp:featuredmedia":[{"embeddable":true,"href":"https:\/\/tallinndesignhouse.com\/en\/wp-json\/wp\/v2\/media\/3386116"}],"wp:attachment":[{"href":"https:\/\/tallinndesignhouse.com\/en\/wp-json\/wp\/v2\/media?parent=3386088"}],"wp:term":[{"taxonomy":"product_brand","embeddable":true,"href":"https:\/\/tallinndesignhouse.com\/en\/wp-json\/wp\/v2\/product_brand?post=3386088"},{"taxonomy":"product_cat","embeddable":true,"href":"https:\/\/tallinndesignhouse.com\/en\/wp-json\/wp\/v2\/product_cat?post=3386088"},{"taxonomy":"product_tag","embeddable":true,"href":"https:\/\/tallinndesignhouse.com\/en\/wp-json\/wp\/v2\/product_tag?post=3386088"}],"curies":[{"name":"wp","href":"https:\/\/api.w.org\/{rel}","templated":true}]}}