{"id":3386527,"date":"2025-12-05T12:20:03","date_gmt":"2025-12-05T10:20:03","guid":{"rendered":"https:\/\/tallinndesignhouse.com\/toode\/kaelakee-illumi-northem-star\/"},"modified":"2026-04-12T01:00:25","modified_gmt":"2026-04-11T22:00:25","slug":"kaelakee-illumi-northern-star","status":"publish","type":"product","link":"https:\/\/tallinndesignhouse.com\/en\/toode\/kaelakee-illumi-northern-star\/","title":{"rendered":"Necklace Illumi Northern Star"},"content":{"rendered":"<p>A North Star pendant set with 25 sparkling cubic zirconia stones. The necklace is adjustable to 50 + 2.5 + 2.5 cm and features a 1.5 mm rolo chain with a MyaMoon logo tag. The star measures approximately 1.7 cm in diameter. Available with either rose-gold plating or silver-toned rhodium plating.<\/p>\n","protected":false},"excerpt":{"rendered":"<p>A North Star pendant set with 25 sparkling cubic zirconia stones. The necklace is adjustable to 50 + 2.5 + 2.5 cm and features a 1.5 mm rolo chain with a MyaMoon logo tag. The star measures approximately 1.7 cm in diameter. Available with either rose-gold plating or silver-toned rhodium plating.<\/p>\n","protected":false},"featured_media":3386531,"template":"","meta":{"_acf_changed":false},"product_brand":[],"product_cat":[2127,3223,3718],"product_tag":[2819],"class_list":{"0":"post-3386527","1":"product","2":"type-product","3":"status-publish","4":"has-post-thumbnail","6":"product_cat-necklaces","7":"product_cat-jewellery-en","8":"product_cat-winter-style","9":"product_tag-women","10":"pa_brand-myamoon","11":"pa_brand-myamoon-en","12":"pa_kingiidee-jah","13":"pa_kingiidee-yes-en","14":"pa_varv-golden-en","15":"pa_varv-hobedane","16":"pa_varv-kuldne","17":"pa_varv-silver-en","19":"first","20":"instock","21":"taxable","22":"shipping-taxable","23":"purchasable","24":"product-type-variable"},"acf":[],"yoast_head":"<!-- This site is optimized with the Yoast SEO plugin v26.0 - https:\/\/yoast.com\/wordpress\/plugins\/seo\/ -->\n<title>Myamoon Necklace Illumi Northern Star - Tallinn Design House<\/title>\n<meta name=\"description\" content=\"Myamoon kaelakee Illumi Northern Star T\u00e4hekese l\u00e4bim\u00f5\u00f5t on ligikaudu 1,7 cm. Valikus roosa kulla v\u00f5i h\u00f5bedase roodiumiga kaetud ehe.\" \/>\n<meta name=\"robots\" content=\"index, follow, max-snippet:-1, max-image-preview:large, max-video-preview:-1\" \/>\n<link rel=\"canonical\" href=\"https:\/\/tallinndesignhouse.com\/toode\/kaelakee-illumi-northern-star\/\" \/>\n<meta property=\"og:locale\" content=\"en_US\" \/>\n<meta property=\"og:type\" content=\"article\" \/>\n<meta property=\"og:title\" content=\"Myamoon Necklace Illumi Northern Star - Tallinn Design House\" \/>\n<meta property=\"og:description\" content=\"Myamoon kaelakee Illumi Northern Star T\u00e4hekese l\u00e4bim\u00f5\u00f5t on ligikaudu 1,7 cm. Valikus roosa kulla v\u00f5i h\u00f5bedase roodiumiga kaetud ehe.\" \/>\n<meta property=\"og:url\" content=\"https:\/\/tallinndesignhouse.com\/toode\/kaelakee-illumi-northern-star\/\" \/>\n<meta property=\"og:site_name\" content=\"Tallinn Design House\" \/>\n<meta property=\"article:modified_time\" content=\"2026-04-11T22:00:25+00:00\" \/>\n<meta property=\"og:image\" content=\"https:\/\/tallinndesignhouse.com\/wp-content\/uploads\/2025\/12\/Kaelakee-Illumi-Northem-Star-Myamoon-.jpg\" \/>\n\t<meta property=\"og:image:width\" content=\"1080\" \/>\n\t<meta property=\"og:image:height\" content=\"1350\" \/>\n\t<meta property=\"og:image:type\" content=\"image\/jpeg\" \/>\n<meta name=\"twitter:card\" content=\"summary_large_image\" \/>\n<script type=\"application\/ld+json\" class=\"yoast-schema-graph\">{\"@context\":\"https:\/\/schema.org\",\"@graph\":[{\"@type\":\"WebPage\",\"@id\":\"https:\/\/tallinndesignhouse.com\/toode\/kaelakee-illumi-northern-star\/\",\"url\":\"https:\/\/tallinndesignhouse.com\/toode\/kaelakee-illumi-northern-star\/\",\"name\":\"Myamoon Necklace Illumi Northern Star - Tallinn Design House\",\"isPartOf\":{\"@id\":\"https:\/\/tallinndesignhouse.com\/#website\"},\"primaryImageOfPage\":{\"@id\":\"https:\/\/tallinndesignhouse.com\/toode\/kaelakee-illumi-northern-star\/#primaryimage\"},\"image\":{\"@id\":\"https:\/\/tallinndesignhouse.com\/toode\/kaelakee-illumi-northern-star\/#primaryimage\"},\"thumbnailUrl\":\"https:\/\/tallinndesignhouse.com\/wp-content\/uploads\/2025\/12\/Kaelakee-Illumi-Northem-Star-Myamoon-.jpg\",\"datePublished\":\"2025-12-05T10:20:03+00:00\",\"dateModified\":\"2026-04-11T22:00:25+00:00\",\"description\":\"Myamoon kaelakee Illumi Northern Star T\u00e4hekese l\u00e4bim\u00f5\u00f5t on ligikaudu 1,7 cm. Valikus roosa kulla v\u00f5i h\u00f5bedase roodiumiga kaetud ehe.\",\"breadcrumb\":{\"@id\":\"https:\/\/tallinndesignhouse.com\/toode\/kaelakee-illumi-northern-star\/#breadcrumb\"},\"inLanguage\":\"en-US\",\"potentialAction\":[{\"@type\":\"ReadAction\",\"target\":[\"https:\/\/tallinndesignhouse.com\/toode\/kaelakee-illumi-northern-star\/\"]}]},{\"@type\":\"ImageObject\",\"inLanguage\":\"en-US\",\"@id\":\"https:\/\/tallinndesignhouse.com\/toode\/kaelakee-illumi-northern-star\/#primaryimage\",\"url\":\"https:\/\/tallinndesignhouse.com\/wp-content\/uploads\/2025\/12\/Kaelakee-Illumi-Northem-Star-Myamoon-.jpg\",\"contentUrl\":\"https:\/\/tallinndesignhouse.com\/wp-content\/uploads\/2025\/12\/Kaelakee-Illumi-Northem-Star-Myamoon-.jpg\",\"width\":1080,\"height\":1350,\"caption\":\"Kaelakee Illumi Northem Star Myamoon\"},{\"@type\":\"BreadcrumbList\",\"@id\":\"https:\/\/tallinndesignhouse.com\/toode\/kaelakee-illumi-northern-star\/#breadcrumb\",\"itemListElement\":[{\"@type\":\"ListItem\",\"position\":1,\"name\":\"Home\",\"item\":\"https:\/\/tallinndesignhouse.com\/en\/\"},{\"@type\":\"ListItem\",\"position\":2,\"name\":\"Shop\",\"item\":\"https:\/\/tallinndesignhouse.com\/en\/shop\/\"},{\"@type\":\"ListItem\",\"position\":3,\"name\":\"Necklace Illumi Northern Star\"}]},{\"@type\":\"WebSite\",\"@id\":\"https:\/\/tallinndesignhouse.com\/#website\",\"url\":\"https:\/\/tallinndesignhouse.com\/\",\"name\":\"Tallinn Design House\",\"description\":\"Eesti disain Rotermanni kvartalis\",\"potentialAction\":[{\"@type\":\"SearchAction\",\"target\":{\"@type\":\"EntryPoint\",\"urlTemplate\":\"https:\/\/tallinndesignhouse.com\/?s={search_term_string}\"},\"query-input\":{\"@type\":\"PropertyValueSpecification\",\"valueRequired\":true,\"valueName\":\"search_term_string\"}}],\"inLanguage\":\"en-US\"}]}<\/script>\n<!-- \/ Yoast SEO plugin. -->","yoast_head_json":{"title":"Myamoon Necklace Illumi Northern Star - Tallinn Design House","description":"Myamoon kaelakee Illumi Northern Star T\u00e4hekese l\u00e4bim\u00f5\u00f5t on ligikaudu 1,7 cm. Valikus roosa kulla v\u00f5i h\u00f5bedase roodiumiga kaetud ehe.","robots":{"index":"index","follow":"follow","max-snippet":"max-snippet:-1","max-image-preview":"max-image-preview:large","max-video-preview":"max-video-preview:-1"},"canonical":"https:\/\/tallinndesignhouse.com\/toode\/kaelakee-illumi-northern-star\/","og_locale":"en_US","og_type":"article","og_title":"Myamoon Necklace Illumi Northern Star - Tallinn Design House","og_description":"Myamoon kaelakee Illumi Northern Star T\u00e4hekese l\u00e4bim\u00f5\u00f5t on ligikaudu 1,7 cm. Valikus roosa kulla v\u00f5i h\u00f5bedase roodiumiga kaetud ehe.","og_url":"https:\/\/tallinndesignhouse.com\/toode\/kaelakee-illumi-northern-star\/","og_site_name":"Tallinn Design House","article_modified_time":"2026-04-11T22:00:25+00:00","og_image":[{"width":1080,"height":1350,"url":"https:\/\/tallinndesignhouse.com\/wp-content\/uploads\/2025\/12\/Kaelakee-Illumi-Northem-Star-Myamoon-.jpg","type":"image\/jpeg"}],"twitter_card":"summary_large_image","schema":{"@context":"https:\/\/schema.org","@graph":[{"@type":"WebPage","@id":"https:\/\/tallinndesignhouse.com\/toode\/kaelakee-illumi-northern-star\/","url":"https:\/\/tallinndesignhouse.com\/toode\/kaelakee-illumi-northern-star\/","name":"Myamoon Necklace Illumi Northern Star - Tallinn Design House","isPartOf":{"@id":"https:\/\/tallinndesignhouse.com\/#website"},"primaryImageOfPage":{"@id":"https:\/\/tallinndesignhouse.com\/toode\/kaelakee-illumi-northern-star\/#primaryimage"},"image":{"@id":"https:\/\/tallinndesignhouse.com\/toode\/kaelakee-illumi-northern-star\/#primaryimage"},"thumbnailUrl":"https:\/\/tallinndesignhouse.com\/wp-content\/uploads\/2025\/12\/Kaelakee-Illumi-Northem-Star-Myamoon-.jpg","datePublished":"2025-12-05T10:20:03+00:00","dateModified":"2026-04-11T22:00:25+00:00","description":"Myamoon kaelakee Illumi Northern Star T\u00e4hekese l\u00e4bim\u00f5\u00f5t on ligikaudu 1,7 cm. Valikus roosa kulla v\u00f5i h\u00f5bedase roodiumiga kaetud ehe.","breadcrumb":{"@id":"https:\/\/tallinndesignhouse.com\/toode\/kaelakee-illumi-northern-star\/#breadcrumb"},"inLanguage":"en-US","potentialAction":[{"@type":"ReadAction","target":["https:\/\/tallinndesignhouse.com\/toode\/kaelakee-illumi-northern-star\/"]}]},{"@type":"ImageObject","inLanguage":"en-US","@id":"https:\/\/tallinndesignhouse.com\/toode\/kaelakee-illumi-northern-star\/#primaryimage","url":"https:\/\/tallinndesignhouse.com\/wp-content\/uploads\/2025\/12\/Kaelakee-Illumi-Northem-Star-Myamoon-.jpg","contentUrl":"https:\/\/tallinndesignhouse.com\/wp-content\/uploads\/2025\/12\/Kaelakee-Illumi-Northem-Star-Myamoon-.jpg","width":1080,"height":1350,"caption":"Kaelakee Illumi Northem Star Myamoon"},{"@type":"BreadcrumbList","@id":"https:\/\/tallinndesignhouse.com\/toode\/kaelakee-illumi-northern-star\/#breadcrumb","itemListElement":[{"@type":"ListItem","position":1,"name":"Home","item":"https:\/\/tallinndesignhouse.com\/en\/"},{"@type":"ListItem","position":2,"name":"Shop","item":"https:\/\/tallinndesignhouse.com\/en\/shop\/"},{"@type":"ListItem","position":3,"name":"Necklace Illumi Northern Star"}]},{"@type":"WebSite","@id":"https:\/\/tallinndesignhouse.com\/#website","url":"https:\/\/tallinndesignhouse.com\/","name":"Tallinn Design House","description":"Eesti disain Rotermanni kvartalis","potentialAction":[{"@type":"SearchAction","target":{"@type":"EntryPoint","urlTemplate":"https:\/\/tallinndesignhouse.com\/?s={search_term_string}"},"query-input":{"@type":"PropertyValueSpecification","valueRequired":true,"valueName":"search_term_string"}}],"inLanguage":"en-US"}]}},"_links":{"self":[{"href":"https:\/\/tallinndesignhouse.com\/en\/wp-json\/wp\/v2\/product\/3386527","targetHints":{"allow":["GET"]}}],"collection":[{"href":"https:\/\/tallinndesignhouse.com\/en\/wp-json\/wp\/v2\/product"}],"about":[{"href":"https:\/\/tallinndesignhouse.com\/en\/wp-json\/wp\/v2\/types\/product"}],"wp:featuredmedia":[{"embeddable":true,"href":"https:\/\/tallinndesignhouse.com\/en\/wp-json\/wp\/v2\/media\/3386531"}],"wp:attachment":[{"href":"https:\/\/tallinndesignhouse.com\/en\/wp-json\/wp\/v2\/media?parent=3386527"}],"wp:term":[{"taxonomy":"product_brand","embeddable":true,"href":"https:\/\/tallinndesignhouse.com\/en\/wp-json\/wp\/v2\/product_brand?post=3386527"},{"taxonomy":"product_cat","embeddable":true,"href":"https:\/\/tallinndesignhouse.com\/en\/wp-json\/wp\/v2\/product_cat?post=3386527"},{"taxonomy":"product_tag","embeddable":true,"href":"https:\/\/tallinndesignhouse.com\/en\/wp-json\/wp\/v2\/product_tag?post=3386527"}],"curies":[{"name":"wp","href":"https:\/\/api.w.org\/{rel}","templated":true}]}}