{"id":3386547,"date":"2025-12-05T12:50:04","date_gmt":"2025-12-05T10:50:04","guid":{"rendered":"https:\/\/tallinndesignhouse.com\/toode\/sojavahast-kuunal-spiced-wine\/"},"modified":"2026-04-12T00:58:21","modified_gmt":"2026-04-11T21:58:21","slug":"sojavahast-kuunal-spiced-wine","status":"publish","type":"product","link":"https:\/\/tallinndesignhouse.com\/en\/toode\/sojavahast-kuunal-spiced-wine\/","title":{"rendered":"Soy Wax Candle Spiced Wine"},"content":{"rendered":"<p>The Spiced Wine soy wax candle by Helge Kuu is made from 100% natural soy wax. Burn time is approximately 50 hours. Hand-poured in Estonia. All Helge Kuu candles in glass are made using Golden Wax S41 soy wax. Golden Wax S41 is a soft plant-based wax produced in Sweden by AAK under the Golden Wax brand. Originally developed for large candle manufacturers, S41 offers excellent scent retention, remarkable stability, and an exceptionally clean burn. It is made from 100% natural, responsibly sourced materials and contains no GMOs, toxic substances, or synthetic additives. AAK is deeply committed to sustainability, ensuring that the products you use meet strict ethical and environmental standards.<\/p>\n","protected":false},"excerpt":{"rendered":"<p>The Spiced Wine soy wax candle by Helge Kuu is made from 100% natural soy wax. Burn time is approximately 50 hours. Hand-poured in Estonia. All Helge Kuu candles in glass are made using Golden Wax S41 soy wax. Golden Wax S41 is a soft plant-based wax produced in Sweden by AAK under the Golden [&hellip;]<\/p>\n","protected":false},"featured_media":3386562,"template":"","meta":{"_acf_changed":false},"product_brand":[],"product_cat":[2552,2002],"product_tag":[2003],"class_list":{"0":"post-3386547","1":"product","2":"type-product","3":"status-publish","4":"has-post-thumbnail","6":"product_cat-home","7":"product_cat-furnishings","8":"product_tag-home","9":"pa_brand-helge-kuu","10":"pa_brand-helge-kuu-en","12":"first","13":"instock","14":"taxable","15":"shipping-taxable","16":"purchasable","17":"product-type-simple"},"acf":[],"yoast_head":"<!-- This site is optimized with the Yoast SEO plugin v26.0 - https:\/\/yoast.com\/wordpress\/plugins\/seo\/ -->\n<title>Helge Kuu Soy Wax Candle Spiced Wine - Tallinn Design House<\/title>\n<meta name=\"description\" content=\"Helge Kuu sojavahast k\u00fc\u00fcnal Spiced Wine. P\u00f5lemisaeg ~50h. K\u00e4sitsi valatud Eestis.\" \/>\n<meta name=\"robots\" content=\"index, follow, max-snippet:-1, max-image-preview:large, max-video-preview:-1\" \/>\n<link rel=\"canonical\" href=\"https:\/\/tallinndesignhouse.com\/toode\/sojavahast-kuunal-spiced-wine\/\" \/>\n<meta property=\"og:locale\" content=\"en_US\" \/>\n<meta property=\"og:type\" content=\"article\" \/>\n<meta property=\"og:title\" content=\"Helge Kuu Soy Wax Candle Spiced Wine - Tallinn Design House\" \/>\n<meta property=\"og:description\" content=\"Helge Kuu sojavahast k\u00fc\u00fcnal Spiced Wine. P\u00f5lemisaeg ~50h. K\u00e4sitsi valatud Eestis.\" \/>\n<meta property=\"og:url\" content=\"https:\/\/tallinndesignhouse.com\/toode\/sojavahast-kuunal-spiced-wine\/\" \/>\n<meta property=\"og:site_name\" content=\"Tallinn Design House\" \/>\n<meta property=\"article:modified_time\" content=\"2026-04-11T21:58:21+00:00\" \/>\n<meta property=\"og:image\" content=\"https:\/\/tallinndesignhouse.com\/wp-content\/uploads\/2025\/12\/Sojavahast-kuunal-Spiced-Wine-Helge-Kuu.jpg\" \/>\n\t<meta property=\"og:image:width\" content=\"1080\" \/>\n\t<meta property=\"og:image:height\" content=\"1350\" \/>\n\t<meta property=\"og:image:type\" content=\"image\/jpeg\" \/>\n<meta name=\"twitter:card\" content=\"summary_large_image\" \/>\n<meta name=\"twitter:label1\" content=\"Est. reading time\" \/>\n\t<meta name=\"twitter:data1\" content=\"1 minute\" \/>\n<script type=\"application\/ld+json\" class=\"yoast-schema-graph\">{\"@context\":\"https:\/\/schema.org\",\"@graph\":[{\"@type\":\"WebPage\",\"@id\":\"https:\/\/tallinndesignhouse.com\/toode\/sojavahast-kuunal-spiced-wine\/\",\"url\":\"https:\/\/tallinndesignhouse.com\/toode\/sojavahast-kuunal-spiced-wine\/\",\"name\":\"Helge Kuu Soy Wax Candle Spiced Wine - Tallinn Design House\",\"isPartOf\":{\"@id\":\"https:\/\/tallinndesignhouse.com\/#website\"},\"primaryImageOfPage\":{\"@id\":\"https:\/\/tallinndesignhouse.com\/toode\/sojavahast-kuunal-spiced-wine\/#primaryimage\"},\"image\":{\"@id\":\"https:\/\/tallinndesignhouse.com\/toode\/sojavahast-kuunal-spiced-wine\/#primaryimage\"},\"thumbnailUrl\":\"https:\/\/tallinndesignhouse.com\/wp-content\/uploads\/2025\/12\/Sojavahast-kuunal-Spiced-Wine-Helge-Kuu.jpg\",\"datePublished\":\"2025-12-05T10:50:04+00:00\",\"dateModified\":\"2026-04-11T21:58:21+00:00\",\"description\":\"Helge Kuu sojavahast k\u00fc\u00fcnal Spiced Wine. P\u00f5lemisaeg ~50h. K\u00e4sitsi valatud Eestis.\",\"breadcrumb\":{\"@id\":\"https:\/\/tallinndesignhouse.com\/toode\/sojavahast-kuunal-spiced-wine\/#breadcrumb\"},\"inLanguage\":\"en-US\",\"potentialAction\":[{\"@type\":\"ReadAction\",\"target\":[\"https:\/\/tallinndesignhouse.com\/toode\/sojavahast-kuunal-spiced-wine\/\"]}]},{\"@type\":\"ImageObject\",\"inLanguage\":\"en-US\",\"@id\":\"https:\/\/tallinndesignhouse.com\/toode\/sojavahast-kuunal-spiced-wine\/#primaryimage\",\"url\":\"https:\/\/tallinndesignhouse.com\/wp-content\/uploads\/2025\/12\/Sojavahast-kuunal-Spiced-Wine-Helge-Kuu.jpg\",\"contentUrl\":\"https:\/\/tallinndesignhouse.com\/wp-content\/uploads\/2025\/12\/Sojavahast-kuunal-Spiced-Wine-Helge-Kuu.jpg\",\"width\":1080,\"height\":1350,\"caption\":\"Sojavahast ku\u0308u\u0308nal Spiced Wine Helge Kuu\"},{\"@type\":\"BreadcrumbList\",\"@id\":\"https:\/\/tallinndesignhouse.com\/toode\/sojavahast-kuunal-spiced-wine\/#breadcrumb\",\"itemListElement\":[{\"@type\":\"ListItem\",\"position\":1,\"name\":\"Home\",\"item\":\"https:\/\/tallinndesignhouse.com\/en\/\"},{\"@type\":\"ListItem\",\"position\":2,\"name\":\"Shop\",\"item\":\"https:\/\/tallinndesignhouse.com\/en\/shop\/\"},{\"@type\":\"ListItem\",\"position\":3,\"name\":\"Soy Wax Candle Spiced Wine\"}]},{\"@type\":\"WebSite\",\"@id\":\"https:\/\/tallinndesignhouse.com\/#website\",\"url\":\"https:\/\/tallinndesignhouse.com\/\",\"name\":\"Tallinn Design House\",\"description\":\"Eesti disain Rotermanni kvartalis\",\"potentialAction\":[{\"@type\":\"SearchAction\",\"target\":{\"@type\":\"EntryPoint\",\"urlTemplate\":\"https:\/\/tallinndesignhouse.com\/?s={search_term_string}\"},\"query-input\":{\"@type\":\"PropertyValueSpecification\",\"valueRequired\":true,\"valueName\":\"search_term_string\"}}],\"inLanguage\":\"en-US\"}]}<\/script>\n<!-- \/ Yoast SEO plugin. -->","yoast_head_json":{"title":"Helge Kuu Soy Wax Candle Spiced Wine - Tallinn Design House","description":"Helge Kuu sojavahast k\u00fc\u00fcnal Spiced Wine. P\u00f5lemisaeg ~50h. K\u00e4sitsi valatud Eestis.","robots":{"index":"index","follow":"follow","max-snippet":"max-snippet:-1","max-image-preview":"max-image-preview:large","max-video-preview":"max-video-preview:-1"},"canonical":"https:\/\/tallinndesignhouse.com\/toode\/sojavahast-kuunal-spiced-wine\/","og_locale":"en_US","og_type":"article","og_title":"Helge Kuu Soy Wax Candle Spiced Wine - Tallinn Design House","og_description":"Helge Kuu sojavahast k\u00fc\u00fcnal Spiced Wine. P\u00f5lemisaeg ~50h. K\u00e4sitsi valatud Eestis.","og_url":"https:\/\/tallinndesignhouse.com\/toode\/sojavahast-kuunal-spiced-wine\/","og_site_name":"Tallinn Design House","article_modified_time":"2026-04-11T21:58:21+00:00","og_image":[{"width":1080,"height":1350,"url":"https:\/\/tallinndesignhouse.com\/wp-content\/uploads\/2025\/12\/Sojavahast-kuunal-Spiced-Wine-Helge-Kuu.jpg","type":"image\/jpeg"}],"twitter_card":"summary_large_image","twitter_misc":{"Est. reading time":"1 minute"},"schema":{"@context":"https:\/\/schema.org","@graph":[{"@type":"WebPage","@id":"https:\/\/tallinndesignhouse.com\/toode\/sojavahast-kuunal-spiced-wine\/","url":"https:\/\/tallinndesignhouse.com\/toode\/sojavahast-kuunal-spiced-wine\/","name":"Helge Kuu Soy Wax Candle Spiced Wine - Tallinn Design House","isPartOf":{"@id":"https:\/\/tallinndesignhouse.com\/#website"},"primaryImageOfPage":{"@id":"https:\/\/tallinndesignhouse.com\/toode\/sojavahast-kuunal-spiced-wine\/#primaryimage"},"image":{"@id":"https:\/\/tallinndesignhouse.com\/toode\/sojavahast-kuunal-spiced-wine\/#primaryimage"},"thumbnailUrl":"https:\/\/tallinndesignhouse.com\/wp-content\/uploads\/2025\/12\/Sojavahast-kuunal-Spiced-Wine-Helge-Kuu.jpg","datePublished":"2025-12-05T10:50:04+00:00","dateModified":"2026-04-11T21:58:21+00:00","description":"Helge Kuu sojavahast k\u00fc\u00fcnal Spiced Wine. P\u00f5lemisaeg ~50h. K\u00e4sitsi valatud Eestis.","breadcrumb":{"@id":"https:\/\/tallinndesignhouse.com\/toode\/sojavahast-kuunal-spiced-wine\/#breadcrumb"},"inLanguage":"en-US","potentialAction":[{"@type":"ReadAction","target":["https:\/\/tallinndesignhouse.com\/toode\/sojavahast-kuunal-spiced-wine\/"]}]},{"@type":"ImageObject","inLanguage":"en-US","@id":"https:\/\/tallinndesignhouse.com\/toode\/sojavahast-kuunal-spiced-wine\/#primaryimage","url":"https:\/\/tallinndesignhouse.com\/wp-content\/uploads\/2025\/12\/Sojavahast-kuunal-Spiced-Wine-Helge-Kuu.jpg","contentUrl":"https:\/\/tallinndesignhouse.com\/wp-content\/uploads\/2025\/12\/Sojavahast-kuunal-Spiced-Wine-Helge-Kuu.jpg","width":1080,"height":1350,"caption":"Sojavahast ku\u0308u\u0308nal Spiced Wine Helge Kuu"},{"@type":"BreadcrumbList","@id":"https:\/\/tallinndesignhouse.com\/toode\/sojavahast-kuunal-spiced-wine\/#breadcrumb","itemListElement":[{"@type":"ListItem","position":1,"name":"Home","item":"https:\/\/tallinndesignhouse.com\/en\/"},{"@type":"ListItem","position":2,"name":"Shop","item":"https:\/\/tallinndesignhouse.com\/en\/shop\/"},{"@type":"ListItem","position":3,"name":"Soy Wax Candle Spiced Wine"}]},{"@type":"WebSite","@id":"https:\/\/tallinndesignhouse.com\/#website","url":"https:\/\/tallinndesignhouse.com\/","name":"Tallinn Design House","description":"Eesti disain Rotermanni kvartalis","potentialAction":[{"@type":"SearchAction","target":{"@type":"EntryPoint","urlTemplate":"https:\/\/tallinndesignhouse.com\/?s={search_term_string}"},"query-input":{"@type":"PropertyValueSpecification","valueRequired":true,"valueName":"search_term_string"}}],"inLanguage":"en-US"}]}},"_links":{"self":[{"href":"https:\/\/tallinndesignhouse.com\/en\/wp-json\/wp\/v2\/product\/3386547","targetHints":{"allow":["GET"]}}],"collection":[{"href":"https:\/\/tallinndesignhouse.com\/en\/wp-json\/wp\/v2\/product"}],"about":[{"href":"https:\/\/tallinndesignhouse.com\/en\/wp-json\/wp\/v2\/types\/product"}],"wp:featuredmedia":[{"embeddable":true,"href":"https:\/\/tallinndesignhouse.com\/en\/wp-json\/wp\/v2\/media\/3386562"}],"wp:attachment":[{"href":"https:\/\/tallinndesignhouse.com\/en\/wp-json\/wp\/v2\/media?parent=3386547"}],"wp:term":[{"taxonomy":"product_brand","embeddable":true,"href":"https:\/\/tallinndesignhouse.com\/en\/wp-json\/wp\/v2\/product_brand?post=3386547"},{"taxonomy":"product_cat","embeddable":true,"href":"https:\/\/tallinndesignhouse.com\/en\/wp-json\/wp\/v2\/product_cat?post=3386547"},{"taxonomy":"product_tag","embeddable":true,"href":"https:\/\/tallinndesignhouse.com\/en\/wp-json\/wp\/v2\/product_tag?post=3386547"}],"curies":[{"name":"wp","href":"https:\/\/api.w.org\/{rel}","templated":true}]}}