{"id":3386566,"date":"2025-12-05T13:05:04","date_gmt":"2025-12-05T11:05:04","guid":{"rendered":"https:\/\/tallinndesignhouse.com\/toode\/kaelaehe-ulemheli-puhendusega-pardile\/"},"modified":"2026-04-29T00:57:26","modified_gmt":"2026-04-28T21:57:26","slug":"kaelaehe-ulemheli-puhendusega-pardile","status":"publish","type":"product","link":"https:\/\/tallinndesignhouse.com\/en\/toode\/kaelaehe-ulemheli-puhendusega-pardile\/","title":{"rendered":"Necklace Super Sound"},"content":{"rendered":"<p>Elegant silver necklace by Lummus. Sacred minimalism in the luxury of pure sounds. The necklace is sent in Lummus\u00b4 signature box. Material: silver 925. Weight 18 g.<\/p>\n","protected":false},"excerpt":{"rendered":"<p>Elegant silver necklace by Lummus. Sacred minimalism in the luxury of pure sounds. The necklace is sent in Lummus\u00b4 signature box. Material: silver 925. Weight 18 g.<\/p>\n","protected":false},"featured_media":3386578,"template":"","meta":{"_acf_changed":false},"product_brand":[],"product_cat":[869,116],"product_tag":[2818],"class_list":{"0":"post-3386566","1":"product","2":"type-product","3":"status-publish","4":"has-post-thumbnail","6":"product_cat-kaelaehted","7":"product_cat-ehted","8":"product_tag-naised","9":"pa_brand-lummus","12":"first","13":"instock","14":"taxable","15":"shipping-taxable","16":"purchasable","17":"product-type-simple"},"acf":[],"yoast_head":"<!-- This site is optimized with the Yoast SEO plugin v26.0 - https:\/\/yoast.com\/wordpress\/plugins\/seo\/ -->\n<title>Lummus Necklace Super Sound - Tallinn Design House<\/title>\n<meta name=\"description\" content=\"Lummus kaelaehe \u00dclemheli P\u00fchendusega P\u00e4rdile.\" \/>\n<meta name=\"robots\" content=\"index, follow, max-snippet:-1, max-image-preview:large, max-video-preview:-1\" \/>\n<link rel=\"canonical\" href=\"https:\/\/tallinndesignhouse.com\/toode\/kaelaehe-ulemheli-puhendusega-pardile\/\" \/>\n<meta property=\"og:locale\" content=\"en_US\" \/>\n<meta property=\"og:type\" content=\"article\" \/>\n<meta property=\"og:title\" content=\"Lummus Necklace Super Sound - Tallinn Design House\" \/>\n<meta property=\"og:description\" content=\"Lummus kaelaehe \u00dclemheli P\u00fchendusega P\u00e4rdile.\" \/>\n<meta property=\"og:url\" content=\"https:\/\/tallinndesignhouse.com\/toode\/kaelaehe-ulemheli-puhendusega-pardile\/\" \/>\n<meta property=\"og:site_name\" content=\"Tallinn Design House\" \/>\n<meta property=\"article:modified_time\" content=\"2026-04-28T21:57:26+00:00\" \/>\n<meta property=\"og:image\" content=\"https:\/\/tallinndesignhouse.com\/wp-content\/uploads\/2025\/12\/Kaelaehe-Ulemheli-Puhendusega-Pardile-2.jpg\" \/>\n\t<meta property=\"og:image:width\" content=\"1080\" \/>\n\t<meta property=\"og:image:height\" content=\"1350\" \/>\n\t<meta property=\"og:image:type\" content=\"image\/jpeg\" \/>\n<meta name=\"twitter:card\" content=\"summary_large_image\" \/>\n<script type=\"application\/ld+json\" class=\"yoast-schema-graph\">{\"@context\":\"https:\/\/schema.org\",\"@graph\":[{\"@type\":\"WebPage\",\"@id\":\"https:\/\/tallinndesignhouse.com\/toode\/kaelaehe-ulemheli-puhendusega-pardile\/\",\"url\":\"https:\/\/tallinndesignhouse.com\/toode\/kaelaehe-ulemheli-puhendusega-pardile\/\",\"name\":\"Lummus Necklace Super Sound - Tallinn Design House\",\"isPartOf\":{\"@id\":\"https:\/\/tallinndesignhouse.com\/#website\"},\"primaryImageOfPage\":{\"@id\":\"https:\/\/tallinndesignhouse.com\/toode\/kaelaehe-ulemheli-puhendusega-pardile\/#primaryimage\"},\"image\":{\"@id\":\"https:\/\/tallinndesignhouse.com\/toode\/kaelaehe-ulemheli-puhendusega-pardile\/#primaryimage\"},\"thumbnailUrl\":\"https:\/\/tallinndesignhouse.com\/wp-content\/uploads\/2025\/12\/Kaelaehe-Ulemheli-Puhendusega-Pardile-2.jpg\",\"datePublished\":\"2025-12-05T11:05:04+00:00\",\"dateModified\":\"2026-04-28T21:57:26+00:00\",\"description\":\"Lummus kaelaehe \u00dclemheli P\u00fchendusega P\u00e4rdile.\",\"breadcrumb\":{\"@id\":\"https:\/\/tallinndesignhouse.com\/toode\/kaelaehe-ulemheli-puhendusega-pardile\/#breadcrumb\"},\"inLanguage\":\"en-US\",\"potentialAction\":[{\"@type\":\"ReadAction\",\"target\":[\"https:\/\/tallinndesignhouse.com\/toode\/kaelaehe-ulemheli-puhendusega-pardile\/\"]}]},{\"@type\":\"ImageObject\",\"inLanguage\":\"en-US\",\"@id\":\"https:\/\/tallinndesignhouse.com\/toode\/kaelaehe-ulemheli-puhendusega-pardile\/#primaryimage\",\"url\":\"https:\/\/tallinndesignhouse.com\/wp-content\/uploads\/2025\/12\/Kaelaehe-Ulemheli-Puhendusega-Pardile-2.jpg\",\"contentUrl\":\"https:\/\/tallinndesignhouse.com\/wp-content\/uploads\/2025\/12\/Kaelaehe-Ulemheli-Puhendusega-Pardile-2.jpg\",\"width\":1080,\"height\":1350,\"caption\":\"Kaelaehe U\u0308lemheli Pu\u0308hendusega Pa\u0308rdile 2\"},{\"@type\":\"BreadcrumbList\",\"@id\":\"https:\/\/tallinndesignhouse.com\/toode\/kaelaehe-ulemheli-puhendusega-pardile\/#breadcrumb\",\"itemListElement\":[{\"@type\":\"ListItem\",\"position\":1,\"name\":\"Home\",\"item\":\"https:\/\/tallinndesignhouse.com\/en\/\"},{\"@type\":\"ListItem\",\"position\":2,\"name\":\"Shop\",\"item\":\"https:\/\/tallinndesignhouse.com\/en\/shop\/\"},{\"@type\":\"ListItem\",\"position\":3,\"name\":\"Necklace Super Sound\"}]},{\"@type\":\"WebSite\",\"@id\":\"https:\/\/tallinndesignhouse.com\/#website\",\"url\":\"https:\/\/tallinndesignhouse.com\/\",\"name\":\"Tallinn Design House\",\"description\":\"Eesti disain Rotermanni kvartalis\",\"potentialAction\":[{\"@type\":\"SearchAction\",\"target\":{\"@type\":\"EntryPoint\",\"urlTemplate\":\"https:\/\/tallinndesignhouse.com\/?s={search_term_string}\"},\"query-input\":{\"@type\":\"PropertyValueSpecification\",\"valueRequired\":true,\"valueName\":\"search_term_string\"}}],\"inLanguage\":\"en-US\"}]}<\/script>\n<!-- \/ Yoast SEO plugin. -->","yoast_head_json":{"title":"Lummus Necklace Super Sound - Tallinn Design House","description":"Lummus kaelaehe \u00dclemheli P\u00fchendusega P\u00e4rdile.","robots":{"index":"index","follow":"follow","max-snippet":"max-snippet:-1","max-image-preview":"max-image-preview:large","max-video-preview":"max-video-preview:-1"},"canonical":"https:\/\/tallinndesignhouse.com\/toode\/kaelaehe-ulemheli-puhendusega-pardile\/","og_locale":"en_US","og_type":"article","og_title":"Lummus Necklace Super Sound - Tallinn Design House","og_description":"Lummus kaelaehe \u00dclemheli P\u00fchendusega P\u00e4rdile.","og_url":"https:\/\/tallinndesignhouse.com\/toode\/kaelaehe-ulemheli-puhendusega-pardile\/","og_site_name":"Tallinn Design House","article_modified_time":"2026-04-28T21:57:26+00:00","og_image":[{"width":1080,"height":1350,"url":"https:\/\/tallinndesignhouse.com\/wp-content\/uploads\/2025\/12\/Kaelaehe-Ulemheli-Puhendusega-Pardile-2.jpg","type":"image\/jpeg"}],"twitter_card":"summary_large_image","schema":{"@context":"https:\/\/schema.org","@graph":[{"@type":"WebPage","@id":"https:\/\/tallinndesignhouse.com\/toode\/kaelaehe-ulemheli-puhendusega-pardile\/","url":"https:\/\/tallinndesignhouse.com\/toode\/kaelaehe-ulemheli-puhendusega-pardile\/","name":"Lummus Necklace Super Sound - Tallinn Design House","isPartOf":{"@id":"https:\/\/tallinndesignhouse.com\/#website"},"primaryImageOfPage":{"@id":"https:\/\/tallinndesignhouse.com\/toode\/kaelaehe-ulemheli-puhendusega-pardile\/#primaryimage"},"image":{"@id":"https:\/\/tallinndesignhouse.com\/toode\/kaelaehe-ulemheli-puhendusega-pardile\/#primaryimage"},"thumbnailUrl":"https:\/\/tallinndesignhouse.com\/wp-content\/uploads\/2025\/12\/Kaelaehe-Ulemheli-Puhendusega-Pardile-2.jpg","datePublished":"2025-12-05T11:05:04+00:00","dateModified":"2026-04-28T21:57:26+00:00","description":"Lummus kaelaehe \u00dclemheli P\u00fchendusega P\u00e4rdile.","breadcrumb":{"@id":"https:\/\/tallinndesignhouse.com\/toode\/kaelaehe-ulemheli-puhendusega-pardile\/#breadcrumb"},"inLanguage":"en-US","potentialAction":[{"@type":"ReadAction","target":["https:\/\/tallinndesignhouse.com\/toode\/kaelaehe-ulemheli-puhendusega-pardile\/"]}]},{"@type":"ImageObject","inLanguage":"en-US","@id":"https:\/\/tallinndesignhouse.com\/toode\/kaelaehe-ulemheli-puhendusega-pardile\/#primaryimage","url":"https:\/\/tallinndesignhouse.com\/wp-content\/uploads\/2025\/12\/Kaelaehe-Ulemheli-Puhendusega-Pardile-2.jpg","contentUrl":"https:\/\/tallinndesignhouse.com\/wp-content\/uploads\/2025\/12\/Kaelaehe-Ulemheli-Puhendusega-Pardile-2.jpg","width":1080,"height":1350,"caption":"Kaelaehe U\u0308lemheli Pu\u0308hendusega Pa\u0308rdile 2"},{"@type":"BreadcrumbList","@id":"https:\/\/tallinndesignhouse.com\/toode\/kaelaehe-ulemheli-puhendusega-pardile\/#breadcrumb","itemListElement":[{"@type":"ListItem","position":1,"name":"Home","item":"https:\/\/tallinndesignhouse.com\/en\/"},{"@type":"ListItem","position":2,"name":"Shop","item":"https:\/\/tallinndesignhouse.com\/en\/shop\/"},{"@type":"ListItem","position":3,"name":"Necklace Super Sound"}]},{"@type":"WebSite","@id":"https:\/\/tallinndesignhouse.com\/#website","url":"https:\/\/tallinndesignhouse.com\/","name":"Tallinn Design House","description":"Eesti disain Rotermanni kvartalis","potentialAction":[{"@type":"SearchAction","target":{"@type":"EntryPoint","urlTemplate":"https:\/\/tallinndesignhouse.com\/?s={search_term_string}"},"query-input":{"@type":"PropertyValueSpecification","valueRequired":true,"valueName":"search_term_string"}}],"inLanguage":"en-US"}]}},"_links":{"self":[{"href":"https:\/\/tallinndesignhouse.com\/en\/wp-json\/wp\/v2\/product\/3386566","targetHints":{"allow":["GET"]}}],"collection":[{"href":"https:\/\/tallinndesignhouse.com\/en\/wp-json\/wp\/v2\/product"}],"about":[{"href":"https:\/\/tallinndesignhouse.com\/en\/wp-json\/wp\/v2\/types\/product"}],"wp:featuredmedia":[{"embeddable":true,"href":"https:\/\/tallinndesignhouse.com\/en\/wp-json\/wp\/v2\/media\/3386578"}],"wp:attachment":[{"href":"https:\/\/tallinndesignhouse.com\/en\/wp-json\/wp\/v2\/media?parent=3386566"}],"wp:term":[{"taxonomy":"product_brand","embeddable":true,"href":"https:\/\/tallinndesignhouse.com\/en\/wp-json\/wp\/v2\/product_brand?post=3386566"},{"taxonomy":"product_cat","embeddable":true,"href":"https:\/\/tallinndesignhouse.com\/en\/wp-json\/wp\/v2\/product_cat?post=3386566"},{"taxonomy":"product_tag","embeddable":true,"href":"https:\/\/tallinndesignhouse.com\/en\/wp-json\/wp\/v2\/product_tag?post=3386566"}],"curies":[{"name":"wp","href":"https:\/\/api.w.org\/{rel}","templated":true}]}}