{"id":3386635,"date":"2025-12-08T13:05:04","date_gmt":"2025-12-08T11:05:04","guid":{"rendered":"https:\/\/tallinndesignhouse.com\/toode\/puksid-yoko\/"},"modified":"2026-04-12T01:01:55","modified_gmt":"2026-04-11T22:01:55","slug":"puksid-yoko","status":"publish","type":"product","link":"https:\/\/tallinndesignhouse.com\/en\/toode\/puksid-yoko\/","title":{"rendered":"Yoko Trousers"},"content":{"rendered":"<p>Yoko trousers by Ellen Richard are made of soft viscose fabric. The trousers have a wide rubber channel in the middle, which makes them especially comfortable to wear. The legs of the pants are slightly puffed at the bottom, which adds originality to the pants and gives them a festive look. YOKO pants can be worn with different tops and jackets; they are ideal for both formal events with heels, but you can also receive guests in YOKO pants in a home environment. The pants are handmade in Estonia. The model is wearing a size 36. Material: 100% viscose. Care: 30 \u00b0C machine wash or dry clean.<\/p>\n","protected":false},"excerpt":{"rendered":"<p>Yoko trousers by Ellen Richard are made of soft viscose fabric. The trousers have a wide rubber channel in the middle, which makes them especially comfortable to wear. The legs of the pants are slightly puffed at the bottom, which adds originality to the pants and gives them a festive look. YOKO pants can be [&hellip;]<\/p>\n","protected":false},"featured_media":3386642,"template":"","meta":{"_acf_changed":false},"product_brand":[],"product_cat":[2013,2837,3718],"product_tag":[2819],"class_list":{"0":"post-3386635","1":"product","2":"type-product","3":"status-publish","4":"has-post-thumbnail","6":"product_cat-pants","7":"product_cat-clothes","8":"product_cat-winter-style","9":"product_tag-women","10":"pa_brand-ellen-richard","11":"pa_brand-ellen-richard-en","12":"pa_suurus-1082","13":"pa_suurus-36-en","14":"pa_suurus-1083","15":"pa_suurus-38-en","16":"pa_varv-black-en","17":"pa_varv-brown-en","18":"pa_varv-must","19":"pa_varv-pruun","20":"pa_varv-valge","21":"pa_varv-white-en-en","23":"first","24":"instock","25":"taxable","26":"shipping-taxable","27":"purchasable","28":"product-type-variable"},"acf":[],"yoast_head":"<!-- This site is optimized with the Yoast SEO plugin v26.0 - https:\/\/yoast.com\/wordpress\/plugins\/seo\/ -->\n<title>Ellen Richard Yoko Trousers - Tallinn Design House<\/title>\n<meta name=\"description\" content=\"Ellen Richard p\u00fcksid Yoko. P\u00fcksid on valminud k\u00e4sit\u00f6\u00f6na Eestis. Modell kannab 36 suurust. Materjal: 100% viskoos.\" \/>\n<meta name=\"robots\" content=\"index, follow, max-snippet:-1, max-image-preview:large, max-video-preview:-1\" \/>\n<link rel=\"canonical\" href=\"https:\/\/tallinndesignhouse.com\/toode\/puksid-yoko\/\" \/>\n<meta property=\"og:locale\" content=\"en_US\" \/>\n<meta property=\"og:type\" content=\"article\" \/>\n<meta property=\"og:title\" content=\"Ellen Richard Yoko Trousers - Tallinn Design House\" \/>\n<meta property=\"og:description\" content=\"Ellen Richard p\u00fcksid Yoko. P\u00fcksid on valminud k\u00e4sit\u00f6\u00f6na Eestis. Modell kannab 36 suurust. Materjal: 100% viskoos.\" \/>\n<meta property=\"og:url\" content=\"https:\/\/tallinndesignhouse.com\/toode\/puksid-yoko\/\" \/>\n<meta property=\"og:site_name\" content=\"Tallinn Design House\" \/>\n<meta property=\"article:modified_time\" content=\"2026-04-11T22:01:55+00:00\" \/>\n<meta property=\"og:image\" content=\"https:\/\/tallinndesignhouse.com\/wp-content\/uploads\/2025\/12\/Yoko-puksid-must-Ellen-Richard_.jpg\" \/>\n\t<meta property=\"og:image:width\" content=\"1080\" \/>\n\t<meta property=\"og:image:height\" content=\"1350\" \/>\n\t<meta property=\"og:image:type\" content=\"image\/jpeg\" \/>\n<meta name=\"twitter:card\" content=\"summary_large_image\" \/>\n<meta name=\"twitter:label1\" content=\"Est. reading time\" \/>\n\t<meta name=\"twitter:data1\" content=\"1 minute\" \/>\n<script type=\"application\/ld+json\" class=\"yoast-schema-graph\">{\"@context\":\"https:\/\/schema.org\",\"@graph\":[{\"@type\":\"WebPage\",\"@id\":\"https:\/\/tallinndesignhouse.com\/toode\/puksid-yoko\/\",\"url\":\"https:\/\/tallinndesignhouse.com\/toode\/puksid-yoko\/\",\"name\":\"Ellen Richard Yoko Trousers - Tallinn Design House\",\"isPartOf\":{\"@id\":\"https:\/\/tallinndesignhouse.com\/#website\"},\"primaryImageOfPage\":{\"@id\":\"https:\/\/tallinndesignhouse.com\/toode\/puksid-yoko\/#primaryimage\"},\"image\":{\"@id\":\"https:\/\/tallinndesignhouse.com\/toode\/puksid-yoko\/#primaryimage\"},\"thumbnailUrl\":\"https:\/\/tallinndesignhouse.com\/wp-content\/uploads\/2025\/12\/Yoko-puksid-must-Ellen-Richard_.jpg\",\"datePublished\":\"2025-12-08T11:05:04+00:00\",\"dateModified\":\"2026-04-11T22:01:55+00:00\",\"description\":\"Ellen Richard p\u00fcksid Yoko. P\u00fcksid on valminud k\u00e4sit\u00f6\u00f6na Eestis. Modell kannab 36 suurust. Materjal: 100% viskoos.\",\"breadcrumb\":{\"@id\":\"https:\/\/tallinndesignhouse.com\/toode\/puksid-yoko\/#breadcrumb\"},\"inLanguage\":\"en-US\",\"potentialAction\":[{\"@type\":\"ReadAction\",\"target\":[\"https:\/\/tallinndesignhouse.com\/toode\/puksid-yoko\/\"]}]},{\"@type\":\"ImageObject\",\"inLanguage\":\"en-US\",\"@id\":\"https:\/\/tallinndesignhouse.com\/toode\/puksid-yoko\/#primaryimage\",\"url\":\"https:\/\/tallinndesignhouse.com\/wp-content\/uploads\/2025\/12\/Yoko-puksid-must-Ellen-Richard_.jpg\",\"contentUrl\":\"https:\/\/tallinndesignhouse.com\/wp-content\/uploads\/2025\/12\/Yoko-puksid-must-Ellen-Richard_.jpg\",\"width\":1080,\"height\":1350,\"caption\":\"Yoko pu\u0308ksid must Ellen Richard_\"},{\"@type\":\"BreadcrumbList\",\"@id\":\"https:\/\/tallinndesignhouse.com\/toode\/puksid-yoko\/#breadcrumb\",\"itemListElement\":[{\"@type\":\"ListItem\",\"position\":1,\"name\":\"Home\",\"item\":\"https:\/\/tallinndesignhouse.com\/en\/\"},{\"@type\":\"ListItem\",\"position\":2,\"name\":\"Shop\",\"item\":\"https:\/\/tallinndesignhouse.com\/en\/shop\/\"},{\"@type\":\"ListItem\",\"position\":3,\"name\":\"Yoko Trousers\"}]},{\"@type\":\"WebSite\",\"@id\":\"https:\/\/tallinndesignhouse.com\/#website\",\"url\":\"https:\/\/tallinndesignhouse.com\/\",\"name\":\"Tallinn Design House\",\"description\":\"Eesti disain Rotermanni kvartalis\",\"potentialAction\":[{\"@type\":\"SearchAction\",\"target\":{\"@type\":\"EntryPoint\",\"urlTemplate\":\"https:\/\/tallinndesignhouse.com\/?s={search_term_string}\"},\"query-input\":{\"@type\":\"PropertyValueSpecification\",\"valueRequired\":true,\"valueName\":\"search_term_string\"}}],\"inLanguage\":\"en-US\"}]}<\/script>\n<!-- \/ Yoast SEO plugin. -->","yoast_head_json":{"title":"Ellen Richard Yoko Trousers - Tallinn Design House","description":"Ellen Richard p\u00fcksid Yoko. P\u00fcksid on valminud k\u00e4sit\u00f6\u00f6na Eestis. Modell kannab 36 suurust. Materjal: 100% viskoos.","robots":{"index":"index","follow":"follow","max-snippet":"max-snippet:-1","max-image-preview":"max-image-preview:large","max-video-preview":"max-video-preview:-1"},"canonical":"https:\/\/tallinndesignhouse.com\/toode\/puksid-yoko\/","og_locale":"en_US","og_type":"article","og_title":"Ellen Richard Yoko Trousers - Tallinn Design House","og_description":"Ellen Richard p\u00fcksid Yoko. P\u00fcksid on valminud k\u00e4sit\u00f6\u00f6na Eestis. Modell kannab 36 suurust. Materjal: 100% viskoos.","og_url":"https:\/\/tallinndesignhouse.com\/toode\/puksid-yoko\/","og_site_name":"Tallinn Design House","article_modified_time":"2026-04-11T22:01:55+00:00","og_image":[{"width":1080,"height":1350,"url":"https:\/\/tallinndesignhouse.com\/wp-content\/uploads\/2025\/12\/Yoko-puksid-must-Ellen-Richard_.jpg","type":"image\/jpeg"}],"twitter_card":"summary_large_image","twitter_misc":{"Est. reading time":"1 minute"},"schema":{"@context":"https:\/\/schema.org","@graph":[{"@type":"WebPage","@id":"https:\/\/tallinndesignhouse.com\/toode\/puksid-yoko\/","url":"https:\/\/tallinndesignhouse.com\/toode\/puksid-yoko\/","name":"Ellen Richard Yoko Trousers - Tallinn Design House","isPartOf":{"@id":"https:\/\/tallinndesignhouse.com\/#website"},"primaryImageOfPage":{"@id":"https:\/\/tallinndesignhouse.com\/toode\/puksid-yoko\/#primaryimage"},"image":{"@id":"https:\/\/tallinndesignhouse.com\/toode\/puksid-yoko\/#primaryimage"},"thumbnailUrl":"https:\/\/tallinndesignhouse.com\/wp-content\/uploads\/2025\/12\/Yoko-puksid-must-Ellen-Richard_.jpg","datePublished":"2025-12-08T11:05:04+00:00","dateModified":"2026-04-11T22:01:55+00:00","description":"Ellen Richard p\u00fcksid Yoko. P\u00fcksid on valminud k\u00e4sit\u00f6\u00f6na Eestis. Modell kannab 36 suurust. Materjal: 100% viskoos.","breadcrumb":{"@id":"https:\/\/tallinndesignhouse.com\/toode\/puksid-yoko\/#breadcrumb"},"inLanguage":"en-US","potentialAction":[{"@type":"ReadAction","target":["https:\/\/tallinndesignhouse.com\/toode\/puksid-yoko\/"]}]},{"@type":"ImageObject","inLanguage":"en-US","@id":"https:\/\/tallinndesignhouse.com\/toode\/puksid-yoko\/#primaryimage","url":"https:\/\/tallinndesignhouse.com\/wp-content\/uploads\/2025\/12\/Yoko-puksid-must-Ellen-Richard_.jpg","contentUrl":"https:\/\/tallinndesignhouse.com\/wp-content\/uploads\/2025\/12\/Yoko-puksid-must-Ellen-Richard_.jpg","width":1080,"height":1350,"caption":"Yoko pu\u0308ksid must Ellen Richard_"},{"@type":"BreadcrumbList","@id":"https:\/\/tallinndesignhouse.com\/toode\/puksid-yoko\/#breadcrumb","itemListElement":[{"@type":"ListItem","position":1,"name":"Home","item":"https:\/\/tallinndesignhouse.com\/en\/"},{"@type":"ListItem","position":2,"name":"Shop","item":"https:\/\/tallinndesignhouse.com\/en\/shop\/"},{"@type":"ListItem","position":3,"name":"Yoko Trousers"}]},{"@type":"WebSite","@id":"https:\/\/tallinndesignhouse.com\/#website","url":"https:\/\/tallinndesignhouse.com\/","name":"Tallinn Design House","description":"Eesti disain Rotermanni kvartalis","potentialAction":[{"@type":"SearchAction","target":{"@type":"EntryPoint","urlTemplate":"https:\/\/tallinndesignhouse.com\/?s={search_term_string}"},"query-input":{"@type":"PropertyValueSpecification","valueRequired":true,"valueName":"search_term_string"}}],"inLanguage":"en-US"}]}},"_links":{"self":[{"href":"https:\/\/tallinndesignhouse.com\/en\/wp-json\/wp\/v2\/product\/3386635","targetHints":{"allow":["GET"]}}],"collection":[{"href":"https:\/\/tallinndesignhouse.com\/en\/wp-json\/wp\/v2\/product"}],"about":[{"href":"https:\/\/tallinndesignhouse.com\/en\/wp-json\/wp\/v2\/types\/product"}],"wp:featuredmedia":[{"embeddable":true,"href":"https:\/\/tallinndesignhouse.com\/en\/wp-json\/wp\/v2\/media\/3386642"}],"wp:attachment":[{"href":"https:\/\/tallinndesignhouse.com\/en\/wp-json\/wp\/v2\/media?parent=3386635"}],"wp:term":[{"taxonomy":"product_brand","embeddable":true,"href":"https:\/\/tallinndesignhouse.com\/en\/wp-json\/wp\/v2\/product_brand?post=3386635"},{"taxonomy":"product_cat","embeddable":true,"href":"https:\/\/tallinndesignhouse.com\/en\/wp-json\/wp\/v2\/product_cat?post=3386635"},{"taxonomy":"product_tag","embeddable":true,"href":"https:\/\/tallinndesignhouse.com\/en\/wp-json\/wp\/v2\/product_tag?post=3386635"}],"curies":[{"name":"wp","href":"https:\/\/api.w.org\/{rel}","templated":true}]}}