{"id":3386668,"date":"2025-12-08T13:50:03","date_gmt":"2025-12-08T11:50:03","guid":{"rendered":"https:\/\/tallinndesignhouse.com\/toode\/korvarongad-folia-mini-sunlit-kuldne\/"},"modified":"2026-04-29T00:59:00","modified_gmt":"2026-04-28T21:59:00","slug":"korvarongad-folia-mini-sunlit-kuldne","status":"publish","type":"product","link":"https:\/\/tallinndesignhouse.com\/en\/toode\/korvarongad-folia-mini-sunlit-kuldne\/","title":{"rendered":"Folia Mini Sunlit Gold Earrings"},"content":{"rendered":"<p>The Folia Mini Sunlit gold earrings by Lentsius are crafted from 1 mm stainless steel and finished with a TiCN (titanium carbonitride) PVD coating. Size: 12 \u00d7 20 mm. Weight: 0.9 g (per earring). They come with soft silicone backs for comfortable and secure wear.<\/p>\n","protected":false},"excerpt":{"rendered":"<p>The Folia Mini Sunlit gold earrings by Lentsius are crafted from 1 mm stainless steel and finished with a TiCN (titanium carbonitride) PVD coating. Size: 12 \u00d7 20 mm. Weight: 0.9 g (per earring). They come with soft silicone backs for comfortable and secure wear.<\/p>\n","protected":false},"featured_media":3386688,"template":"","meta":{"_acf_changed":false},"product_brand":[],"product_cat":[876,116],"product_tag":[2818],"class_list":{"0":"post-3386668","1":"product","2":"type-product","3":"status-publish","4":"has-post-thumbnail","6":"product_cat-korvarongad","7":"product_cat-ehted","8":"product_tag-naised","9":"pa_brand-lentsius-design","12":"first","13":"instock","14":"taxable","15":"shipping-taxable","16":"purchasable","17":"product-type-simple"},"acf":[],"yoast_head":"<!-- This site is optimized with the Yoast SEO plugin v26.0 - https:\/\/yoast.com\/wordpress\/plugins\/seo\/ -->\n<title>Lentsius Folia Mini Sunlit Gold Earrings - Tallinn Design House<\/title>\n<meta name=\"description\" content=\"Lentsius k\u00f5rvar\u00f5ngad Folia mini Sunlit kuldne. Materjal: 1 mm paksune roostevaba teras. T\u00f6\u00f6tlus: PVD kate TiCN (titaanium karbonitriid pindamine).\" \/>\n<meta name=\"robots\" content=\"index, follow, max-snippet:-1, max-image-preview:large, max-video-preview:-1\" \/>\n<link rel=\"canonical\" href=\"https:\/\/tallinndesignhouse.com\/toode\/korvarongad-folia-mini-sunlit-kuldne\/\" \/>\n<meta property=\"og:locale\" content=\"en_US\" \/>\n<meta property=\"og:type\" content=\"article\" \/>\n<meta property=\"og:title\" content=\"Lentsius Folia Mini Sunlit Gold Earrings - Tallinn Design House\" \/>\n<meta property=\"og:description\" content=\"Lentsius k\u00f5rvar\u00f5ngad Folia mini Sunlit kuldne. Materjal: 1 mm paksune roostevaba teras. T\u00f6\u00f6tlus: PVD kate TiCN (titaanium karbonitriid pindamine).\" \/>\n<meta property=\"og:url\" content=\"https:\/\/tallinndesignhouse.com\/toode\/korvarongad-folia-mini-sunlit-kuldne\/\" \/>\n<meta property=\"og:site_name\" content=\"Tallinn Design House\" \/>\n<meta property=\"article:modified_time\" content=\"2026-04-28T21:59:00+00:00\" \/>\n<meta property=\"og:image\" content=\"https:\/\/tallinndesignhouse.com\/wp-content\/uploads\/2025\/12\/Korvarongad-Folia-mini-Sunlit-kuldne-Lentsius_2.jpg\" \/>\n\t<meta property=\"og:image:width\" content=\"1080\" \/>\n\t<meta property=\"og:image:height\" content=\"1350\" \/>\n\t<meta property=\"og:image:type\" content=\"image\/jpeg\" \/>\n<meta name=\"twitter:card\" content=\"summary_large_image\" \/>\n<script type=\"application\/ld+json\" class=\"yoast-schema-graph\">{\"@context\":\"https:\/\/schema.org\",\"@graph\":[{\"@type\":\"WebPage\",\"@id\":\"https:\/\/tallinndesignhouse.com\/toode\/korvarongad-folia-mini-sunlit-kuldne\/\",\"url\":\"https:\/\/tallinndesignhouse.com\/toode\/korvarongad-folia-mini-sunlit-kuldne\/\",\"name\":\"Lentsius Folia Mini Sunlit Gold Earrings - Tallinn Design House\",\"isPartOf\":{\"@id\":\"https:\/\/tallinndesignhouse.com\/#website\"},\"primaryImageOfPage\":{\"@id\":\"https:\/\/tallinndesignhouse.com\/toode\/korvarongad-folia-mini-sunlit-kuldne\/#primaryimage\"},\"image\":{\"@id\":\"https:\/\/tallinndesignhouse.com\/toode\/korvarongad-folia-mini-sunlit-kuldne\/#primaryimage\"},\"thumbnailUrl\":\"https:\/\/tallinndesignhouse.com\/wp-content\/uploads\/2025\/12\/Korvarongad-Folia-mini-Sunlit-kuldne-Lentsius_2.jpg\",\"datePublished\":\"2025-12-08T11:50:03+00:00\",\"dateModified\":\"2026-04-28T21:59:00+00:00\",\"description\":\"Lentsius k\u00f5rvar\u00f5ngad Folia mini Sunlit kuldne. Materjal: 1 mm paksune roostevaba teras. T\u00f6\u00f6tlus: PVD kate TiCN (titaanium karbonitriid pindamine).\",\"breadcrumb\":{\"@id\":\"https:\/\/tallinndesignhouse.com\/toode\/korvarongad-folia-mini-sunlit-kuldne\/#breadcrumb\"},\"inLanguage\":\"en-US\",\"potentialAction\":[{\"@type\":\"ReadAction\",\"target\":[\"https:\/\/tallinndesignhouse.com\/toode\/korvarongad-folia-mini-sunlit-kuldne\/\"]}]},{\"@type\":\"ImageObject\",\"inLanguage\":\"en-US\",\"@id\":\"https:\/\/tallinndesignhouse.com\/toode\/korvarongad-folia-mini-sunlit-kuldne\/#primaryimage\",\"url\":\"https:\/\/tallinndesignhouse.com\/wp-content\/uploads\/2025\/12\/Korvarongad-Folia-mini-Sunlit-kuldne-Lentsius_2.jpg\",\"contentUrl\":\"https:\/\/tallinndesignhouse.com\/wp-content\/uploads\/2025\/12\/Korvarongad-Folia-mini-Sunlit-kuldne-Lentsius_2.jpg\",\"width\":1080,\"height\":1350,\"caption\":\"Ko\u0303rvaro\u0303ngad Folia mini Sunlit kuldne Lentsius_2\"},{\"@type\":\"BreadcrumbList\",\"@id\":\"https:\/\/tallinndesignhouse.com\/toode\/korvarongad-folia-mini-sunlit-kuldne\/#breadcrumb\",\"itemListElement\":[{\"@type\":\"ListItem\",\"position\":1,\"name\":\"Home\",\"item\":\"https:\/\/tallinndesignhouse.com\/en\/\"},{\"@type\":\"ListItem\",\"position\":2,\"name\":\"Shop\",\"item\":\"https:\/\/tallinndesignhouse.com\/en\/shop\/\"},{\"@type\":\"ListItem\",\"position\":3,\"name\":\"Folia Mini Sunlit Gold Earrings\"}]},{\"@type\":\"WebSite\",\"@id\":\"https:\/\/tallinndesignhouse.com\/#website\",\"url\":\"https:\/\/tallinndesignhouse.com\/\",\"name\":\"Tallinn Design House\",\"description\":\"Eesti disain Rotermanni kvartalis\",\"potentialAction\":[{\"@type\":\"SearchAction\",\"target\":{\"@type\":\"EntryPoint\",\"urlTemplate\":\"https:\/\/tallinndesignhouse.com\/?s={search_term_string}\"},\"query-input\":{\"@type\":\"PropertyValueSpecification\",\"valueRequired\":true,\"valueName\":\"search_term_string\"}}],\"inLanguage\":\"en-US\"}]}<\/script>\n<!-- \/ Yoast SEO plugin. -->","yoast_head_json":{"title":"Lentsius Folia Mini Sunlit Gold Earrings - Tallinn Design House","description":"Lentsius k\u00f5rvar\u00f5ngad Folia mini Sunlit kuldne. Materjal: 1 mm paksune roostevaba teras. T\u00f6\u00f6tlus: PVD kate TiCN (titaanium karbonitriid pindamine).","robots":{"index":"index","follow":"follow","max-snippet":"max-snippet:-1","max-image-preview":"max-image-preview:large","max-video-preview":"max-video-preview:-1"},"canonical":"https:\/\/tallinndesignhouse.com\/toode\/korvarongad-folia-mini-sunlit-kuldne\/","og_locale":"en_US","og_type":"article","og_title":"Lentsius Folia Mini Sunlit Gold Earrings - Tallinn Design House","og_description":"Lentsius k\u00f5rvar\u00f5ngad Folia mini Sunlit kuldne. Materjal: 1 mm paksune roostevaba teras. T\u00f6\u00f6tlus: PVD kate TiCN (titaanium karbonitriid pindamine).","og_url":"https:\/\/tallinndesignhouse.com\/toode\/korvarongad-folia-mini-sunlit-kuldne\/","og_site_name":"Tallinn Design House","article_modified_time":"2026-04-28T21:59:00+00:00","og_image":[{"width":1080,"height":1350,"url":"https:\/\/tallinndesignhouse.com\/wp-content\/uploads\/2025\/12\/Korvarongad-Folia-mini-Sunlit-kuldne-Lentsius_2.jpg","type":"image\/jpeg"}],"twitter_card":"summary_large_image","schema":{"@context":"https:\/\/schema.org","@graph":[{"@type":"WebPage","@id":"https:\/\/tallinndesignhouse.com\/toode\/korvarongad-folia-mini-sunlit-kuldne\/","url":"https:\/\/tallinndesignhouse.com\/toode\/korvarongad-folia-mini-sunlit-kuldne\/","name":"Lentsius Folia Mini Sunlit Gold Earrings - Tallinn Design House","isPartOf":{"@id":"https:\/\/tallinndesignhouse.com\/#website"},"primaryImageOfPage":{"@id":"https:\/\/tallinndesignhouse.com\/toode\/korvarongad-folia-mini-sunlit-kuldne\/#primaryimage"},"image":{"@id":"https:\/\/tallinndesignhouse.com\/toode\/korvarongad-folia-mini-sunlit-kuldne\/#primaryimage"},"thumbnailUrl":"https:\/\/tallinndesignhouse.com\/wp-content\/uploads\/2025\/12\/Korvarongad-Folia-mini-Sunlit-kuldne-Lentsius_2.jpg","datePublished":"2025-12-08T11:50:03+00:00","dateModified":"2026-04-28T21:59:00+00:00","description":"Lentsius k\u00f5rvar\u00f5ngad Folia mini Sunlit kuldne. Materjal: 1 mm paksune roostevaba teras. T\u00f6\u00f6tlus: PVD kate TiCN (titaanium karbonitriid pindamine).","breadcrumb":{"@id":"https:\/\/tallinndesignhouse.com\/toode\/korvarongad-folia-mini-sunlit-kuldne\/#breadcrumb"},"inLanguage":"en-US","potentialAction":[{"@type":"ReadAction","target":["https:\/\/tallinndesignhouse.com\/toode\/korvarongad-folia-mini-sunlit-kuldne\/"]}]},{"@type":"ImageObject","inLanguage":"en-US","@id":"https:\/\/tallinndesignhouse.com\/toode\/korvarongad-folia-mini-sunlit-kuldne\/#primaryimage","url":"https:\/\/tallinndesignhouse.com\/wp-content\/uploads\/2025\/12\/Korvarongad-Folia-mini-Sunlit-kuldne-Lentsius_2.jpg","contentUrl":"https:\/\/tallinndesignhouse.com\/wp-content\/uploads\/2025\/12\/Korvarongad-Folia-mini-Sunlit-kuldne-Lentsius_2.jpg","width":1080,"height":1350,"caption":"Ko\u0303rvaro\u0303ngad Folia mini Sunlit kuldne Lentsius_2"},{"@type":"BreadcrumbList","@id":"https:\/\/tallinndesignhouse.com\/toode\/korvarongad-folia-mini-sunlit-kuldne\/#breadcrumb","itemListElement":[{"@type":"ListItem","position":1,"name":"Home","item":"https:\/\/tallinndesignhouse.com\/en\/"},{"@type":"ListItem","position":2,"name":"Shop","item":"https:\/\/tallinndesignhouse.com\/en\/shop\/"},{"@type":"ListItem","position":3,"name":"Folia Mini Sunlit Gold Earrings"}]},{"@type":"WebSite","@id":"https:\/\/tallinndesignhouse.com\/#website","url":"https:\/\/tallinndesignhouse.com\/","name":"Tallinn Design House","description":"Eesti disain Rotermanni kvartalis","potentialAction":[{"@type":"SearchAction","target":{"@type":"EntryPoint","urlTemplate":"https:\/\/tallinndesignhouse.com\/?s={search_term_string}"},"query-input":{"@type":"PropertyValueSpecification","valueRequired":true,"valueName":"search_term_string"}}],"inLanguage":"en-US"}]}},"_links":{"self":[{"href":"https:\/\/tallinndesignhouse.com\/en\/wp-json\/wp\/v2\/product\/3386668","targetHints":{"allow":["GET"]}}],"collection":[{"href":"https:\/\/tallinndesignhouse.com\/en\/wp-json\/wp\/v2\/product"}],"about":[{"href":"https:\/\/tallinndesignhouse.com\/en\/wp-json\/wp\/v2\/types\/product"}],"wp:featuredmedia":[{"embeddable":true,"href":"https:\/\/tallinndesignhouse.com\/en\/wp-json\/wp\/v2\/media\/3386688"}],"wp:attachment":[{"href":"https:\/\/tallinndesignhouse.com\/en\/wp-json\/wp\/v2\/media?parent=3386668"}],"wp:term":[{"taxonomy":"product_brand","embeddable":true,"href":"https:\/\/tallinndesignhouse.com\/en\/wp-json\/wp\/v2\/product_brand?post=3386668"},{"taxonomy":"product_cat","embeddable":true,"href":"https:\/\/tallinndesignhouse.com\/en\/wp-json\/wp\/v2\/product_cat?post=3386668"},{"taxonomy":"product_tag","embeddable":true,"href":"https:\/\/tallinndesignhouse.com\/en\/wp-json\/wp\/v2\/product_tag?post=3386668"}],"curies":[{"name":"wp","href":"https:\/\/api.w.org\/{rel}","templated":true}]}}