{"id":3386713,"date":"2025-12-08T16:20:05","date_gmt":"2025-12-08T14:20:05","guid":{"rendered":"https:\/\/tallinndesignhouse.com\/toode\/piparkoogivorm-oiu\/"},"modified":"2026-04-13T01:02:51","modified_gmt":"2026-04-12T22:02:51","slug":"piparkoogivorm-oiu","status":"publish","type":"product","link":"https:\/\/tallinndesignhouse.com\/en\/toode\/piparkoogivorm-oiu\/","title":{"rendered":"Gingerbread Cookie Cutter OIU"},"content":{"rendered":"<p>Gingerbread Cookie Cutter OIU by designer Hanner R\u00fc\u00fctel. This playful roe deer gingerbread cookie cutter \u2013 inspired by a cherished childhood toy from the designer\u2019s visits to his grandparents\u2019 home in Oiu \u2013 brings nostalgia and warmth to your holiday season. Material: 430 stainless steel. Food-safe. Height 12 cm. Beautifully packaged in a gift box. Made in China.<\/p>\n","protected":false},"excerpt":{"rendered":"<p>Gingerbread Cookie Cutter OIU by designer Hanner R\u00fc\u00fctel. This playful roe deer gingerbread cookie cutter \u2013 inspired by a cherished childhood toy from the designer\u2019s visits to his grandparents\u2019 home in Oiu \u2013 brings nostalgia and warmth to your holiday season. Material: 430 stainless steel. Food-safe. Height 12 cm. Beautifully packaged in a gift box. [&hellip;]<\/p>\n","protected":false},"featured_media":3386722,"template":"","meta":{"_acf_changed":false},"product_brand":[],"product_cat":[3718,2258,2552],"product_tag":[2003],"class_list":{"0":"post-3386713","1":"product","2":"type-product","3":"status-publish","4":"has-post-thumbnail","6":"product_cat-winter-style","7":"product_cat-gourmet","8":"product_cat-home","9":"product_tag-home","10":"pa_brand-hannes-ruutel-en","13":"first","14":"instock","15":"taxable","16":"shipping-taxable","17":"purchasable","18":"product-type-simple"},"acf":[],"yoast_head":"<!-- This site is optimized with the Yoast SEO plugin v26.0 - https:\/\/yoast.com\/wordpress\/plugins\/seo\/ -->\n<title>Hannes R\u00fc\u00fctel Gingerbread Cookie Cutter OIU - Tallinn Design House<\/title>\n<meta name=\"description\" content=\"Hannes R\u00fc\u00fctel piparkoogivorm OIU. Materjal: 430 roostevaba teras. Ohutu toiduvalmistemisel. K\u00f5rgus 12 cm. Pakendatud kinkekarpi.\" \/>\n<meta name=\"robots\" content=\"index, follow, max-snippet:-1, max-image-preview:large, max-video-preview:-1\" \/>\n<link rel=\"canonical\" href=\"https:\/\/tallinndesignhouse.com\/toode\/piparkoogivorm-oiu\/\" \/>\n<meta property=\"og:locale\" content=\"en_US\" \/>\n<meta property=\"og:type\" content=\"article\" \/>\n<meta property=\"og:title\" content=\"Hannes R\u00fc\u00fctel Gingerbread Cookie Cutter OIU - Tallinn Design House\" \/>\n<meta property=\"og:description\" content=\"Hannes R\u00fc\u00fctel piparkoogivorm OIU. Materjal: 430 roostevaba teras. Ohutu toiduvalmistemisel. K\u00f5rgus 12 cm. Pakendatud kinkekarpi.\" \/>\n<meta property=\"og:url\" content=\"https:\/\/tallinndesignhouse.com\/toode\/piparkoogivorm-oiu\/\" \/>\n<meta property=\"og:site_name\" content=\"Tallinn Design House\" \/>\n<meta property=\"article:modified_time\" content=\"2026-04-12T22:02:51+00:00\" \/>\n<meta property=\"og:image\" content=\"https:\/\/tallinndesignhouse.com\/wp-content\/uploads\/2025\/12\/Piparkoogivorm-OIU-Hannes-Ruutel_2.jpg\" \/>\n\t<meta property=\"og:image:width\" content=\"1080\" \/>\n\t<meta property=\"og:image:height\" content=\"1350\" \/>\n\t<meta property=\"og:image:type\" content=\"image\/jpeg\" \/>\n<meta name=\"twitter:card\" content=\"summary_large_image\" \/>\n<script type=\"application\/ld+json\" class=\"yoast-schema-graph\">{\"@context\":\"https:\/\/schema.org\",\"@graph\":[{\"@type\":\"WebPage\",\"@id\":\"https:\/\/tallinndesignhouse.com\/toode\/piparkoogivorm-oiu\/\",\"url\":\"https:\/\/tallinndesignhouse.com\/toode\/piparkoogivorm-oiu\/\",\"name\":\"Hannes R\u00fc\u00fctel Gingerbread Cookie Cutter OIU - Tallinn Design House\",\"isPartOf\":{\"@id\":\"https:\/\/tallinndesignhouse.com\/#website\"},\"primaryImageOfPage\":{\"@id\":\"https:\/\/tallinndesignhouse.com\/toode\/piparkoogivorm-oiu\/#primaryimage\"},\"image\":{\"@id\":\"https:\/\/tallinndesignhouse.com\/toode\/piparkoogivorm-oiu\/#primaryimage\"},\"thumbnailUrl\":\"https:\/\/tallinndesignhouse.com\/wp-content\/uploads\/2025\/12\/Piparkoogivorm-OIU-Hannes-Ruutel_2.jpg\",\"datePublished\":\"2025-12-08T14:20:05+00:00\",\"dateModified\":\"2026-04-12T22:02:51+00:00\",\"description\":\"Hannes R\u00fc\u00fctel piparkoogivorm OIU. Materjal: 430 roostevaba teras. Ohutu toiduvalmistemisel. K\u00f5rgus 12 cm. Pakendatud kinkekarpi.\",\"breadcrumb\":{\"@id\":\"https:\/\/tallinndesignhouse.com\/toode\/piparkoogivorm-oiu\/#breadcrumb\"},\"inLanguage\":\"en-US\",\"potentialAction\":[{\"@type\":\"ReadAction\",\"target\":[\"https:\/\/tallinndesignhouse.com\/toode\/piparkoogivorm-oiu\/\"]}]},{\"@type\":\"ImageObject\",\"inLanguage\":\"en-US\",\"@id\":\"https:\/\/tallinndesignhouse.com\/toode\/piparkoogivorm-oiu\/#primaryimage\",\"url\":\"https:\/\/tallinndesignhouse.com\/wp-content\/uploads\/2025\/12\/Piparkoogivorm-OIU-Hannes-Ruutel_2.jpg\",\"contentUrl\":\"https:\/\/tallinndesignhouse.com\/wp-content\/uploads\/2025\/12\/Piparkoogivorm-OIU-Hannes-Ruutel_2.jpg\",\"width\":1080,\"height\":1350,\"caption\":\"Piparkoogivorm OIU Hannes Ru\u0308u\u0308tel_2\"},{\"@type\":\"BreadcrumbList\",\"@id\":\"https:\/\/tallinndesignhouse.com\/toode\/piparkoogivorm-oiu\/#breadcrumb\",\"itemListElement\":[{\"@type\":\"ListItem\",\"position\":1,\"name\":\"Home\",\"item\":\"https:\/\/tallinndesignhouse.com\/en\/\"},{\"@type\":\"ListItem\",\"position\":2,\"name\":\"Shop\",\"item\":\"https:\/\/tallinndesignhouse.com\/en\/shop\/\"},{\"@type\":\"ListItem\",\"position\":3,\"name\":\"Gingerbread Cookie Cutter OIU\"}]},{\"@type\":\"WebSite\",\"@id\":\"https:\/\/tallinndesignhouse.com\/#website\",\"url\":\"https:\/\/tallinndesignhouse.com\/\",\"name\":\"Tallinn Design House\",\"description\":\"Eesti disain Rotermanni kvartalis\",\"potentialAction\":[{\"@type\":\"SearchAction\",\"target\":{\"@type\":\"EntryPoint\",\"urlTemplate\":\"https:\/\/tallinndesignhouse.com\/?s={search_term_string}\"},\"query-input\":{\"@type\":\"PropertyValueSpecification\",\"valueRequired\":true,\"valueName\":\"search_term_string\"}}],\"inLanguage\":\"en-US\"}]}<\/script>\n<!-- \/ Yoast SEO plugin. -->","yoast_head_json":{"title":"Hannes R\u00fc\u00fctel Gingerbread Cookie Cutter OIU - Tallinn Design House","description":"Hannes R\u00fc\u00fctel piparkoogivorm OIU. Materjal: 430 roostevaba teras. Ohutu toiduvalmistemisel. K\u00f5rgus 12 cm. Pakendatud kinkekarpi.","robots":{"index":"index","follow":"follow","max-snippet":"max-snippet:-1","max-image-preview":"max-image-preview:large","max-video-preview":"max-video-preview:-1"},"canonical":"https:\/\/tallinndesignhouse.com\/toode\/piparkoogivorm-oiu\/","og_locale":"en_US","og_type":"article","og_title":"Hannes R\u00fc\u00fctel Gingerbread Cookie Cutter OIU - Tallinn Design House","og_description":"Hannes R\u00fc\u00fctel piparkoogivorm OIU. Materjal: 430 roostevaba teras. Ohutu toiduvalmistemisel. K\u00f5rgus 12 cm. Pakendatud kinkekarpi.","og_url":"https:\/\/tallinndesignhouse.com\/toode\/piparkoogivorm-oiu\/","og_site_name":"Tallinn Design House","article_modified_time":"2026-04-12T22:02:51+00:00","og_image":[{"width":1080,"height":1350,"url":"https:\/\/tallinndesignhouse.com\/wp-content\/uploads\/2025\/12\/Piparkoogivorm-OIU-Hannes-Ruutel_2.jpg","type":"image\/jpeg"}],"twitter_card":"summary_large_image","schema":{"@context":"https:\/\/schema.org","@graph":[{"@type":"WebPage","@id":"https:\/\/tallinndesignhouse.com\/toode\/piparkoogivorm-oiu\/","url":"https:\/\/tallinndesignhouse.com\/toode\/piparkoogivorm-oiu\/","name":"Hannes R\u00fc\u00fctel Gingerbread Cookie Cutter OIU - Tallinn Design House","isPartOf":{"@id":"https:\/\/tallinndesignhouse.com\/#website"},"primaryImageOfPage":{"@id":"https:\/\/tallinndesignhouse.com\/toode\/piparkoogivorm-oiu\/#primaryimage"},"image":{"@id":"https:\/\/tallinndesignhouse.com\/toode\/piparkoogivorm-oiu\/#primaryimage"},"thumbnailUrl":"https:\/\/tallinndesignhouse.com\/wp-content\/uploads\/2025\/12\/Piparkoogivorm-OIU-Hannes-Ruutel_2.jpg","datePublished":"2025-12-08T14:20:05+00:00","dateModified":"2026-04-12T22:02:51+00:00","description":"Hannes R\u00fc\u00fctel piparkoogivorm OIU. Materjal: 430 roostevaba teras. Ohutu toiduvalmistemisel. K\u00f5rgus 12 cm. Pakendatud kinkekarpi.","breadcrumb":{"@id":"https:\/\/tallinndesignhouse.com\/toode\/piparkoogivorm-oiu\/#breadcrumb"},"inLanguage":"en-US","potentialAction":[{"@type":"ReadAction","target":["https:\/\/tallinndesignhouse.com\/toode\/piparkoogivorm-oiu\/"]}]},{"@type":"ImageObject","inLanguage":"en-US","@id":"https:\/\/tallinndesignhouse.com\/toode\/piparkoogivorm-oiu\/#primaryimage","url":"https:\/\/tallinndesignhouse.com\/wp-content\/uploads\/2025\/12\/Piparkoogivorm-OIU-Hannes-Ruutel_2.jpg","contentUrl":"https:\/\/tallinndesignhouse.com\/wp-content\/uploads\/2025\/12\/Piparkoogivorm-OIU-Hannes-Ruutel_2.jpg","width":1080,"height":1350,"caption":"Piparkoogivorm OIU Hannes Ru\u0308u\u0308tel_2"},{"@type":"BreadcrumbList","@id":"https:\/\/tallinndesignhouse.com\/toode\/piparkoogivorm-oiu\/#breadcrumb","itemListElement":[{"@type":"ListItem","position":1,"name":"Home","item":"https:\/\/tallinndesignhouse.com\/en\/"},{"@type":"ListItem","position":2,"name":"Shop","item":"https:\/\/tallinndesignhouse.com\/en\/shop\/"},{"@type":"ListItem","position":3,"name":"Gingerbread Cookie Cutter OIU"}]},{"@type":"WebSite","@id":"https:\/\/tallinndesignhouse.com\/#website","url":"https:\/\/tallinndesignhouse.com\/","name":"Tallinn Design House","description":"Eesti disain Rotermanni kvartalis","potentialAction":[{"@type":"SearchAction","target":{"@type":"EntryPoint","urlTemplate":"https:\/\/tallinndesignhouse.com\/?s={search_term_string}"},"query-input":{"@type":"PropertyValueSpecification","valueRequired":true,"valueName":"search_term_string"}}],"inLanguage":"en-US"}]}},"_links":{"self":[{"href":"https:\/\/tallinndesignhouse.com\/en\/wp-json\/wp\/v2\/product\/3386713","targetHints":{"allow":["GET"]}}],"collection":[{"href":"https:\/\/tallinndesignhouse.com\/en\/wp-json\/wp\/v2\/product"}],"about":[{"href":"https:\/\/tallinndesignhouse.com\/en\/wp-json\/wp\/v2\/types\/product"}],"wp:featuredmedia":[{"embeddable":true,"href":"https:\/\/tallinndesignhouse.com\/en\/wp-json\/wp\/v2\/media\/3386722"}],"wp:attachment":[{"href":"https:\/\/tallinndesignhouse.com\/en\/wp-json\/wp\/v2\/media?parent=3386713"}],"wp:term":[{"taxonomy":"product_brand","embeddable":true,"href":"https:\/\/tallinndesignhouse.com\/en\/wp-json\/wp\/v2\/product_brand?post=3386713"},{"taxonomy":"product_cat","embeddable":true,"href":"https:\/\/tallinndesignhouse.com\/en\/wp-json\/wp\/v2\/product_cat?post=3386713"},{"taxonomy":"product_tag","embeddable":true,"href":"https:\/\/tallinndesignhouse.com\/en\/wp-json\/wp\/v2\/product_tag?post=3386713"}],"curies":[{"name":"wp","href":"https:\/\/api.w.org\/{rel}","templated":true}]}}