{"id":3386910,"date":"2025-12-17T11:35:02","date_gmt":"2025-12-17T09:35:02","guid":{"rendered":"https:\/\/tallinndesignhouse.com\/toode\/korvarongad-folded-lai-sparkling\/"},"modified":"2026-04-12T00:58:44","modified_gmt":"2026-04-11T21:58:44","slug":"korvarongad-folded-lai-sparkling","status":"publish","type":"product","link":"https:\/\/tallinndesignhouse.com\/en\/toode\/korvarongad-folded-lai-sparkling\/","title":{"rendered":"Earrings Folded wide Sparkling"},"content":{"rendered":"<p>Lisa Kroeber Jewellery earrings Folded. Materials: powder coated brass, sterling silver. Size: 2,9 x 2,3 cm. Weight per piece: 4,5 g.<\/p>\n","protected":false},"excerpt":{"rendered":"<p>Lisa Kroeber Jewellery earrings Folded. Materials: powder coated brass, sterling silver. Size: 2,9 x 2,3 cm. Weight per piece: 4,5 g.<\/p>\n","protected":false},"featured_media":3386923,"template":"","meta":{"_acf_changed":false},"product_brand":[],"product_cat":[1955,3223,3718],"product_tag":[2819],"class_list":{"0":"post-3386910","1":"product","2":"type-product","3":"status-publish","4":"has-post-thumbnail","6":"product_cat-earrings","7":"product_cat-jewellery-en","8":"product_cat-winter-style","9":"product_tag-women","10":"pa_brand-lisa-kroeber-jewellery-en","11":"pa_brand-lisa-kroeber-jewellery","12":"pa_varv-black-en","13":"pa_varv-brown-en","14":"pa_varv-dark-green-en","15":"pa_varv-green-en","16":"pa_varv-must","17":"pa_varv-pruun","18":"pa_varv-punane","19":"pa_varv-red-en","20":"pa_varv-roheline","21":"pa_varv-tumeroheline","23":"first","24":"instock","25":"taxable","26":"shipping-taxable","27":"purchasable","28":"product-type-variable"},"acf":[],"yoast_head":"<!-- This site is optimized with the Yoast SEO plugin v26.0 - https:\/\/yoast.com\/wordpress\/plugins\/seo\/ -->\n<title>Lisa Kroeber Earrings Folded wide Sparkling - Tallinn Design House<\/title>\n<meta name=\"description\" content=\"Lisa Kroeber k\u00f5rvar\u00f5ngad Folded lai Sparkling. Materjal: h\u00f5be 925, pulberv\u00e4rvitud messing.\" \/>\n<meta name=\"robots\" content=\"index, follow, max-snippet:-1, max-image-preview:large, max-video-preview:-1\" \/>\n<link rel=\"canonical\" href=\"https:\/\/tallinndesignhouse.com\/toode\/korvarongad-folded-lai-sparkling\/\" \/>\n<meta property=\"og:locale\" content=\"en_US\" \/>\n<meta property=\"og:type\" content=\"article\" \/>\n<meta property=\"og:title\" content=\"Lisa Kroeber Earrings Folded wide Sparkling - Tallinn Design House\" \/>\n<meta property=\"og:description\" content=\"Lisa Kroeber k\u00f5rvar\u00f5ngad Folded lai Sparkling. Materjal: h\u00f5be 925, pulberv\u00e4rvitud messing.\" \/>\n<meta property=\"og:url\" content=\"https:\/\/tallinndesignhouse.com\/toode\/korvarongad-folded-lai-sparkling\/\" \/>\n<meta property=\"og:site_name\" content=\"Tallinn Design House\" \/>\n<meta property=\"article:modified_time\" content=\"2026-04-11T21:58:44+00:00\" \/>\n<meta property=\"og:image\" content=\"https:\/\/tallinndesignhouse.com\/wp-content\/uploads\/2025\/12\/Korvarongad-Folded-lai-Sparkling-must-Lisa-Kroeber.jpg\" \/>\n\t<meta property=\"og:image:width\" content=\"1080\" \/>\n\t<meta property=\"og:image:height\" content=\"1350\" \/>\n\t<meta property=\"og:image:type\" content=\"image\/jpeg\" \/>\n<meta name=\"twitter:card\" content=\"summary_large_image\" \/>\n<script type=\"application\/ld+json\" class=\"yoast-schema-graph\">{\"@context\":\"https:\/\/schema.org\",\"@graph\":[{\"@type\":\"WebPage\",\"@id\":\"https:\/\/tallinndesignhouse.com\/toode\/korvarongad-folded-lai-sparkling\/\",\"url\":\"https:\/\/tallinndesignhouse.com\/toode\/korvarongad-folded-lai-sparkling\/\",\"name\":\"Lisa Kroeber Earrings Folded wide Sparkling - Tallinn Design House\",\"isPartOf\":{\"@id\":\"https:\/\/tallinndesignhouse.com\/#website\"},\"primaryImageOfPage\":{\"@id\":\"https:\/\/tallinndesignhouse.com\/toode\/korvarongad-folded-lai-sparkling\/#primaryimage\"},\"image\":{\"@id\":\"https:\/\/tallinndesignhouse.com\/toode\/korvarongad-folded-lai-sparkling\/#primaryimage\"},\"thumbnailUrl\":\"https:\/\/tallinndesignhouse.com\/wp-content\/uploads\/2025\/12\/Korvarongad-Folded-lai-Sparkling-must-Lisa-Kroeber.jpg\",\"datePublished\":\"2025-12-17T09:35:02+00:00\",\"dateModified\":\"2026-04-11T21:58:44+00:00\",\"description\":\"Lisa Kroeber k\u00f5rvar\u00f5ngad Folded lai Sparkling. Materjal: h\u00f5be 925, pulberv\u00e4rvitud messing.\",\"breadcrumb\":{\"@id\":\"https:\/\/tallinndesignhouse.com\/toode\/korvarongad-folded-lai-sparkling\/#breadcrumb\"},\"inLanguage\":\"en-US\",\"potentialAction\":[{\"@type\":\"ReadAction\",\"target\":[\"https:\/\/tallinndesignhouse.com\/toode\/korvarongad-folded-lai-sparkling\/\"]}]},{\"@type\":\"ImageObject\",\"inLanguage\":\"en-US\",\"@id\":\"https:\/\/tallinndesignhouse.com\/toode\/korvarongad-folded-lai-sparkling\/#primaryimage\",\"url\":\"https:\/\/tallinndesignhouse.com\/wp-content\/uploads\/2025\/12\/Korvarongad-Folded-lai-Sparkling-must-Lisa-Kroeber.jpg\",\"contentUrl\":\"https:\/\/tallinndesignhouse.com\/wp-content\/uploads\/2025\/12\/Korvarongad-Folded-lai-Sparkling-must-Lisa-Kroeber.jpg\",\"width\":1080,\"height\":1350,\"caption\":\"Ko\u0303rvaro\u0303ngad Folded lai Sparkling must Lisa Kroeber\"},{\"@type\":\"BreadcrumbList\",\"@id\":\"https:\/\/tallinndesignhouse.com\/toode\/korvarongad-folded-lai-sparkling\/#breadcrumb\",\"itemListElement\":[{\"@type\":\"ListItem\",\"position\":1,\"name\":\"Home\",\"item\":\"https:\/\/tallinndesignhouse.com\/en\/\"},{\"@type\":\"ListItem\",\"position\":2,\"name\":\"Shop\",\"item\":\"https:\/\/tallinndesignhouse.com\/en\/shop\/\"},{\"@type\":\"ListItem\",\"position\":3,\"name\":\"Earrings Folded wide Sparkling\"}]},{\"@type\":\"WebSite\",\"@id\":\"https:\/\/tallinndesignhouse.com\/#website\",\"url\":\"https:\/\/tallinndesignhouse.com\/\",\"name\":\"Tallinn Design House\",\"description\":\"Eesti disain Rotermanni kvartalis\",\"potentialAction\":[{\"@type\":\"SearchAction\",\"target\":{\"@type\":\"EntryPoint\",\"urlTemplate\":\"https:\/\/tallinndesignhouse.com\/?s={search_term_string}\"},\"query-input\":{\"@type\":\"PropertyValueSpecification\",\"valueRequired\":true,\"valueName\":\"search_term_string\"}}],\"inLanguage\":\"en-US\"}]}<\/script>\n<!-- \/ Yoast SEO plugin. -->","yoast_head_json":{"title":"Lisa Kroeber Earrings Folded wide Sparkling - Tallinn Design House","description":"Lisa Kroeber k\u00f5rvar\u00f5ngad Folded lai Sparkling. Materjal: h\u00f5be 925, pulberv\u00e4rvitud messing.","robots":{"index":"index","follow":"follow","max-snippet":"max-snippet:-1","max-image-preview":"max-image-preview:large","max-video-preview":"max-video-preview:-1"},"canonical":"https:\/\/tallinndesignhouse.com\/toode\/korvarongad-folded-lai-sparkling\/","og_locale":"en_US","og_type":"article","og_title":"Lisa Kroeber Earrings Folded wide Sparkling - Tallinn Design House","og_description":"Lisa Kroeber k\u00f5rvar\u00f5ngad Folded lai Sparkling. Materjal: h\u00f5be 925, pulberv\u00e4rvitud messing.","og_url":"https:\/\/tallinndesignhouse.com\/toode\/korvarongad-folded-lai-sparkling\/","og_site_name":"Tallinn Design House","article_modified_time":"2026-04-11T21:58:44+00:00","og_image":[{"width":1080,"height":1350,"url":"https:\/\/tallinndesignhouse.com\/wp-content\/uploads\/2025\/12\/Korvarongad-Folded-lai-Sparkling-must-Lisa-Kroeber.jpg","type":"image\/jpeg"}],"twitter_card":"summary_large_image","schema":{"@context":"https:\/\/schema.org","@graph":[{"@type":"WebPage","@id":"https:\/\/tallinndesignhouse.com\/toode\/korvarongad-folded-lai-sparkling\/","url":"https:\/\/tallinndesignhouse.com\/toode\/korvarongad-folded-lai-sparkling\/","name":"Lisa Kroeber Earrings Folded wide Sparkling - Tallinn Design House","isPartOf":{"@id":"https:\/\/tallinndesignhouse.com\/#website"},"primaryImageOfPage":{"@id":"https:\/\/tallinndesignhouse.com\/toode\/korvarongad-folded-lai-sparkling\/#primaryimage"},"image":{"@id":"https:\/\/tallinndesignhouse.com\/toode\/korvarongad-folded-lai-sparkling\/#primaryimage"},"thumbnailUrl":"https:\/\/tallinndesignhouse.com\/wp-content\/uploads\/2025\/12\/Korvarongad-Folded-lai-Sparkling-must-Lisa-Kroeber.jpg","datePublished":"2025-12-17T09:35:02+00:00","dateModified":"2026-04-11T21:58:44+00:00","description":"Lisa Kroeber k\u00f5rvar\u00f5ngad Folded lai Sparkling. Materjal: h\u00f5be 925, pulberv\u00e4rvitud messing.","breadcrumb":{"@id":"https:\/\/tallinndesignhouse.com\/toode\/korvarongad-folded-lai-sparkling\/#breadcrumb"},"inLanguage":"en-US","potentialAction":[{"@type":"ReadAction","target":["https:\/\/tallinndesignhouse.com\/toode\/korvarongad-folded-lai-sparkling\/"]}]},{"@type":"ImageObject","inLanguage":"en-US","@id":"https:\/\/tallinndesignhouse.com\/toode\/korvarongad-folded-lai-sparkling\/#primaryimage","url":"https:\/\/tallinndesignhouse.com\/wp-content\/uploads\/2025\/12\/Korvarongad-Folded-lai-Sparkling-must-Lisa-Kroeber.jpg","contentUrl":"https:\/\/tallinndesignhouse.com\/wp-content\/uploads\/2025\/12\/Korvarongad-Folded-lai-Sparkling-must-Lisa-Kroeber.jpg","width":1080,"height":1350,"caption":"Ko\u0303rvaro\u0303ngad Folded lai Sparkling must Lisa Kroeber"},{"@type":"BreadcrumbList","@id":"https:\/\/tallinndesignhouse.com\/toode\/korvarongad-folded-lai-sparkling\/#breadcrumb","itemListElement":[{"@type":"ListItem","position":1,"name":"Home","item":"https:\/\/tallinndesignhouse.com\/en\/"},{"@type":"ListItem","position":2,"name":"Shop","item":"https:\/\/tallinndesignhouse.com\/en\/shop\/"},{"@type":"ListItem","position":3,"name":"Earrings Folded wide Sparkling"}]},{"@type":"WebSite","@id":"https:\/\/tallinndesignhouse.com\/#website","url":"https:\/\/tallinndesignhouse.com\/","name":"Tallinn Design House","description":"Eesti disain Rotermanni kvartalis","potentialAction":[{"@type":"SearchAction","target":{"@type":"EntryPoint","urlTemplate":"https:\/\/tallinndesignhouse.com\/?s={search_term_string}"},"query-input":{"@type":"PropertyValueSpecification","valueRequired":true,"valueName":"search_term_string"}}],"inLanguage":"en-US"}]}},"_links":{"self":[{"href":"https:\/\/tallinndesignhouse.com\/en\/wp-json\/wp\/v2\/product\/3386910","targetHints":{"allow":["GET"]}}],"collection":[{"href":"https:\/\/tallinndesignhouse.com\/en\/wp-json\/wp\/v2\/product"}],"about":[{"href":"https:\/\/tallinndesignhouse.com\/en\/wp-json\/wp\/v2\/types\/product"}],"wp:featuredmedia":[{"embeddable":true,"href":"https:\/\/tallinndesignhouse.com\/en\/wp-json\/wp\/v2\/media\/3386923"}],"wp:attachment":[{"href":"https:\/\/tallinndesignhouse.com\/en\/wp-json\/wp\/v2\/media?parent=3386910"}],"wp:term":[{"taxonomy":"product_brand","embeddable":true,"href":"https:\/\/tallinndesignhouse.com\/en\/wp-json\/wp\/v2\/product_brand?post=3386910"},{"taxonomy":"product_cat","embeddable":true,"href":"https:\/\/tallinndesignhouse.com\/en\/wp-json\/wp\/v2\/product_cat?post=3386910"},{"taxonomy":"product_tag","embeddable":true,"href":"https:\/\/tallinndesignhouse.com\/en\/wp-json\/wp\/v2\/product_tag?post=3386910"}],"curies":[{"name":"wp","href":"https:\/\/api.w.org\/{rel}","templated":true}]}}