{"id":3387057,"date":"2025-12-22T07:35:01","date_gmt":"2025-12-22T05:35:01","guid":{"rendered":"https:\/\/tallinndesignhouse.com\/toode\/mustad-cupro-puksid\/"},"modified":"2026-04-12T00:56:37","modified_gmt":"2026-04-11T21:56:37","slug":"mustad-cupro-puksid","status":"publish","type":"product","link":"https:\/\/tallinndesignhouse.com\/en\/toode\/mustad-cupro-puksid\/","title":{"rendered":"Black flowing cupro trousers"},"content":{"rendered":"<p>Effortless elegance for any occasion, these wide-leg black trousers by Eve Hanson are crafted from a soft cupro-viscose blend that drapes beautifully and feels silky and cool against the skin. The fabric\u2019s subtle sheen and fluid texture add a refined touch while maintaining a relaxed, versatile look suit\u0430ble for both everyday wear and festive moments. An elasticated waistband with an adjust\u0430ble drawstring ensures a comfort\u0430ble and flexible fit, while discreet side welt pockets provide practicality without disrupting the clean silhouette. The wide, flowing cut creates graceful movement and a timeless shape that pairs perfectly with the matching cupro blouse or dress from the same collection. Made in Estonia, the trousers are machine washable when care instructions are followed. The inside leg seam length for size S is 79 cm. The model is 170 cm tall and wears size S.<\/p>\n","protected":false},"excerpt":{"rendered":"<p>Effortless elegance for any occasion, these wide-leg black trousers by Eve Hanson are crafted from a soft cupro-viscose blend that drapes beautifully and feels silky and cool against the skin. The fabric\u2019s subtle sheen and fluid texture add a refined touch while maintaining a relaxed, versatile look suit\u0430ble for both everyday wear and festive moments. [&hellip;]<\/p>\n","protected":false},"featured_media":3387083,"template":"","meta":{"_acf_changed":false},"product_brand":[],"product_cat":[3718,2013,2837],"product_tag":[2819],"class_list":{"0":"post-3387057","1":"product","2":"type-product","3":"status-publish","4":"has-post-thumbnail","6":"product_cat-winter-style","7":"product_cat-pants","8":"product_cat-clothes","9":"product_tag-women","10":"pa_brand-eve-hanson","11":"pa_brand-eve-hanson-en","12":"pa_suurus-m","13":"pa_suurus-m-en","14":"pa_suurus-s-en","15":"pa_suurus-s","17":"first","18":"instock","19":"taxable","20":"shipping-taxable","21":"purchasable","22":"product-type-variable"},"acf":[],"yoast_head":"<!-- This site is optimized with the Yoast SEO plugin v26.0 - https:\/\/yoast.com\/wordpress\/plugins\/seo\/ -->\n<title>Eve Hanson Black flowing cupro trousers - Tallinn Design House<\/title>\n<meta name=\"description\" content=\"Eve Hanson mustad cupro p\u00fcksid. Kanga \u00f5rn l\u00e4ige ja voolav tekstuur lisavad viimistletud ilmet, s\u00e4ilitades samas avara ja mitmek\u00fclgse stiili.\" \/>\n<meta name=\"robots\" content=\"index, follow, max-snippet:-1, max-image-preview:large, max-video-preview:-1\" \/>\n<link rel=\"canonical\" href=\"https:\/\/tallinndesignhouse.com\/toode\/mustad-cupro-puksid\/\" \/>\n<meta property=\"og:locale\" content=\"en_US\" \/>\n<meta property=\"og:type\" content=\"article\" \/>\n<meta property=\"og:title\" content=\"Eve Hanson Black flowing cupro trousers - Tallinn Design House\" \/>\n<meta property=\"og:description\" content=\"Eve Hanson mustad cupro p\u00fcksid. Kanga \u00f5rn l\u00e4ige ja voolav tekstuur lisavad viimistletud ilmet, s\u00e4ilitades samas avara ja mitmek\u00fclgse stiili.\" \/>\n<meta property=\"og:url\" content=\"https:\/\/tallinndesignhouse.com\/toode\/mustad-cupro-puksid\/\" \/>\n<meta property=\"og:site_name\" content=\"Tallinn Design House\" \/>\n<meta property=\"article:modified_time\" content=\"2026-04-11T21:56:37+00:00\" \/>\n<meta property=\"og:image\" content=\"https:\/\/tallinndesignhouse.com\/wp-content\/uploads\/2025\/12\/Mustad-cupro-puksid-Eve-Hanson_2.jpg\" \/>\n\t<meta property=\"og:image:width\" content=\"1080\" \/>\n\t<meta property=\"og:image:height\" content=\"1350\" \/>\n\t<meta property=\"og:image:type\" content=\"image\/jpeg\" \/>\n<meta name=\"twitter:card\" content=\"summary_large_image\" \/>\n<meta name=\"twitter:label1\" content=\"Est. reading time\" \/>\n\t<meta name=\"twitter:data1\" content=\"1 minute\" \/>\n<script type=\"application\/ld+json\" class=\"yoast-schema-graph\">{\"@context\":\"https:\/\/schema.org\",\"@graph\":[{\"@type\":\"WebPage\",\"@id\":\"https:\/\/tallinndesignhouse.com\/toode\/mustad-cupro-puksid\/\",\"url\":\"https:\/\/tallinndesignhouse.com\/toode\/mustad-cupro-puksid\/\",\"name\":\"Eve Hanson Black flowing cupro trousers - Tallinn Design House\",\"isPartOf\":{\"@id\":\"https:\/\/tallinndesignhouse.com\/#website\"},\"primaryImageOfPage\":{\"@id\":\"https:\/\/tallinndesignhouse.com\/toode\/mustad-cupro-puksid\/#primaryimage\"},\"image\":{\"@id\":\"https:\/\/tallinndesignhouse.com\/toode\/mustad-cupro-puksid\/#primaryimage\"},\"thumbnailUrl\":\"https:\/\/tallinndesignhouse.com\/wp-content\/uploads\/2025\/12\/Mustad-cupro-puksid-Eve-Hanson_2.jpg\",\"datePublished\":\"2025-12-22T05:35:01+00:00\",\"dateModified\":\"2026-04-11T21:56:37+00:00\",\"description\":\"Eve Hanson mustad cupro p\u00fcksid. Kanga \u00f5rn l\u00e4ige ja voolav tekstuur lisavad viimistletud ilmet, s\u00e4ilitades samas avara ja mitmek\u00fclgse stiili.\",\"breadcrumb\":{\"@id\":\"https:\/\/tallinndesignhouse.com\/toode\/mustad-cupro-puksid\/#breadcrumb\"},\"inLanguage\":\"en-US\",\"potentialAction\":[{\"@type\":\"ReadAction\",\"target\":[\"https:\/\/tallinndesignhouse.com\/toode\/mustad-cupro-puksid\/\"]}]},{\"@type\":\"ImageObject\",\"inLanguage\":\"en-US\",\"@id\":\"https:\/\/tallinndesignhouse.com\/toode\/mustad-cupro-puksid\/#primaryimage\",\"url\":\"https:\/\/tallinndesignhouse.com\/wp-content\/uploads\/2025\/12\/Mustad-cupro-puksid-Eve-Hanson_2.jpg\",\"contentUrl\":\"https:\/\/tallinndesignhouse.com\/wp-content\/uploads\/2025\/12\/Mustad-cupro-puksid-Eve-Hanson_2.jpg\",\"width\":1080,\"height\":1350,\"caption\":\"Mustad cupro pu\u0308ksid Eve Hanson_2\"},{\"@type\":\"BreadcrumbList\",\"@id\":\"https:\/\/tallinndesignhouse.com\/toode\/mustad-cupro-puksid\/#breadcrumb\",\"itemListElement\":[{\"@type\":\"ListItem\",\"position\":1,\"name\":\"Home\",\"item\":\"https:\/\/tallinndesignhouse.com\/en\/\"},{\"@type\":\"ListItem\",\"position\":2,\"name\":\"Shop\",\"item\":\"https:\/\/tallinndesignhouse.com\/en\/shop\/\"},{\"@type\":\"ListItem\",\"position\":3,\"name\":\"Black flowing cupro trousers\"}]},{\"@type\":\"WebSite\",\"@id\":\"https:\/\/tallinndesignhouse.com\/#website\",\"url\":\"https:\/\/tallinndesignhouse.com\/\",\"name\":\"Tallinn Design House\",\"description\":\"Eesti disain Rotermanni kvartalis\",\"potentialAction\":[{\"@type\":\"SearchAction\",\"target\":{\"@type\":\"EntryPoint\",\"urlTemplate\":\"https:\/\/tallinndesignhouse.com\/?s={search_term_string}\"},\"query-input\":{\"@type\":\"PropertyValueSpecification\",\"valueRequired\":true,\"valueName\":\"search_term_string\"}}],\"inLanguage\":\"en-US\"}]}<\/script>\n<!-- \/ Yoast SEO plugin. -->","yoast_head_json":{"title":"Eve Hanson Black flowing cupro trousers - Tallinn Design House","description":"Eve Hanson mustad cupro p\u00fcksid. Kanga \u00f5rn l\u00e4ige ja voolav tekstuur lisavad viimistletud ilmet, s\u00e4ilitades samas avara ja mitmek\u00fclgse stiili.","robots":{"index":"index","follow":"follow","max-snippet":"max-snippet:-1","max-image-preview":"max-image-preview:large","max-video-preview":"max-video-preview:-1"},"canonical":"https:\/\/tallinndesignhouse.com\/toode\/mustad-cupro-puksid\/","og_locale":"en_US","og_type":"article","og_title":"Eve Hanson Black flowing cupro trousers - Tallinn Design House","og_description":"Eve Hanson mustad cupro p\u00fcksid. Kanga \u00f5rn l\u00e4ige ja voolav tekstuur lisavad viimistletud ilmet, s\u00e4ilitades samas avara ja mitmek\u00fclgse stiili.","og_url":"https:\/\/tallinndesignhouse.com\/toode\/mustad-cupro-puksid\/","og_site_name":"Tallinn Design House","article_modified_time":"2026-04-11T21:56:37+00:00","og_image":[{"width":1080,"height":1350,"url":"https:\/\/tallinndesignhouse.com\/wp-content\/uploads\/2025\/12\/Mustad-cupro-puksid-Eve-Hanson_2.jpg","type":"image\/jpeg"}],"twitter_card":"summary_large_image","twitter_misc":{"Est. reading time":"1 minute"},"schema":{"@context":"https:\/\/schema.org","@graph":[{"@type":"WebPage","@id":"https:\/\/tallinndesignhouse.com\/toode\/mustad-cupro-puksid\/","url":"https:\/\/tallinndesignhouse.com\/toode\/mustad-cupro-puksid\/","name":"Eve Hanson Black flowing cupro trousers - Tallinn Design House","isPartOf":{"@id":"https:\/\/tallinndesignhouse.com\/#website"},"primaryImageOfPage":{"@id":"https:\/\/tallinndesignhouse.com\/toode\/mustad-cupro-puksid\/#primaryimage"},"image":{"@id":"https:\/\/tallinndesignhouse.com\/toode\/mustad-cupro-puksid\/#primaryimage"},"thumbnailUrl":"https:\/\/tallinndesignhouse.com\/wp-content\/uploads\/2025\/12\/Mustad-cupro-puksid-Eve-Hanson_2.jpg","datePublished":"2025-12-22T05:35:01+00:00","dateModified":"2026-04-11T21:56:37+00:00","description":"Eve Hanson mustad cupro p\u00fcksid. Kanga \u00f5rn l\u00e4ige ja voolav tekstuur lisavad viimistletud ilmet, s\u00e4ilitades samas avara ja mitmek\u00fclgse stiili.","breadcrumb":{"@id":"https:\/\/tallinndesignhouse.com\/toode\/mustad-cupro-puksid\/#breadcrumb"},"inLanguage":"en-US","potentialAction":[{"@type":"ReadAction","target":["https:\/\/tallinndesignhouse.com\/toode\/mustad-cupro-puksid\/"]}]},{"@type":"ImageObject","inLanguage":"en-US","@id":"https:\/\/tallinndesignhouse.com\/toode\/mustad-cupro-puksid\/#primaryimage","url":"https:\/\/tallinndesignhouse.com\/wp-content\/uploads\/2025\/12\/Mustad-cupro-puksid-Eve-Hanson_2.jpg","contentUrl":"https:\/\/tallinndesignhouse.com\/wp-content\/uploads\/2025\/12\/Mustad-cupro-puksid-Eve-Hanson_2.jpg","width":1080,"height":1350,"caption":"Mustad cupro pu\u0308ksid Eve Hanson_2"},{"@type":"BreadcrumbList","@id":"https:\/\/tallinndesignhouse.com\/toode\/mustad-cupro-puksid\/#breadcrumb","itemListElement":[{"@type":"ListItem","position":1,"name":"Home","item":"https:\/\/tallinndesignhouse.com\/en\/"},{"@type":"ListItem","position":2,"name":"Shop","item":"https:\/\/tallinndesignhouse.com\/en\/shop\/"},{"@type":"ListItem","position":3,"name":"Black flowing cupro trousers"}]},{"@type":"WebSite","@id":"https:\/\/tallinndesignhouse.com\/#website","url":"https:\/\/tallinndesignhouse.com\/","name":"Tallinn Design House","description":"Eesti disain Rotermanni kvartalis","potentialAction":[{"@type":"SearchAction","target":{"@type":"EntryPoint","urlTemplate":"https:\/\/tallinndesignhouse.com\/?s={search_term_string}"},"query-input":{"@type":"PropertyValueSpecification","valueRequired":true,"valueName":"search_term_string"}}],"inLanguage":"en-US"}]}},"_links":{"self":[{"href":"https:\/\/tallinndesignhouse.com\/en\/wp-json\/wp\/v2\/product\/3387057","targetHints":{"allow":["GET"]}}],"collection":[{"href":"https:\/\/tallinndesignhouse.com\/en\/wp-json\/wp\/v2\/product"}],"about":[{"href":"https:\/\/tallinndesignhouse.com\/en\/wp-json\/wp\/v2\/types\/product"}],"wp:featuredmedia":[{"embeddable":true,"href":"https:\/\/tallinndesignhouse.com\/en\/wp-json\/wp\/v2\/media\/3387083"}],"wp:attachment":[{"href":"https:\/\/tallinndesignhouse.com\/en\/wp-json\/wp\/v2\/media?parent=3387057"}],"wp:term":[{"taxonomy":"product_brand","embeddable":true,"href":"https:\/\/tallinndesignhouse.com\/en\/wp-json\/wp\/v2\/product_brand?post=3387057"},{"taxonomy":"product_cat","embeddable":true,"href":"https:\/\/tallinndesignhouse.com\/en\/wp-json\/wp\/v2\/product_cat?post=3387057"},{"taxonomy":"product_tag","embeddable":true,"href":"https:\/\/tallinndesignhouse.com\/en\/wp-json\/wp\/v2\/product_tag?post=3387057"}],"curies":[{"name":"wp","href":"https:\/\/api.w.org\/{rel}","templated":true}]}}